{"id":23315,"date":"2012-06-07T02:00:00","date_gmt":"2012-06-07T00:00:00","guid":{"rendered":"https:\/\/pax.forenteforlag.no\/produkt\/nonnen-2\/"},"modified":"2026-03-03T22:25:09","modified_gmt":"2026-03-03T21:25:09","slug":"nonnen-2","status":"publish","type":"product","link":"https:\/\/staging.forenteforlag.no\/pax\/produkt\/nonnen-2\/","title":{"rendered":"Nonnen"},"content":{"rendered":"<p>Medrivende historisk roman fra forfatteren av Mandelplukkersken og Arvetanten. Agata vokser opp i Messina p\u00e5 Sicilia p\u00e5 midten av 1800-tallet, som nest yngste datter i en fin, men ikke lenger velst\u00e5ende familie. N\u00e5r faren d\u00f8r og moren ikke finner en passende ektemann til henne, snus livet p\u00e5 hodet. Agata sendes i kloster, hos sin tante abbedissen. Der er livet hardt og fullt av pr\u00f8velser. Utenfor klosteret st\u00e5r Italia i brann, og de voldsomme oppt\u00f8yene griper direkte inn i Agatas liv. Og hun er p\u00e5 ingen m\u00e5te klar for \u00e5 oppgi kj\u00e6rligheten og leve et helt liv bak murene. Nonnen er en engasjerende og levende fortelling om en sterk kvinnes kamp for \u00e5 leve sitt eget liv, i en tid preget av intriger, pasjoner og store politiske omveltninger.<\/p>\n","protected":false},"excerpt":{"rendered":"<p>Medrivende historisk roman fra forfatteren av Mandelplukkersken og Arvetanten. Agata vokser opp i Messina p\u00e5 Sicilia p\u00e5 midten av 1800-tallet, som nest yngste datter i en fin, men ikke lenger velst\u00e5ende familie. N\u00e5r faren d\u00f8r og moren ikke finner en passende ektemann til henne, snus livet p\u00e5 hodet. Agata sendes i kloster, hos sin tante [&hellip;]<\/p>\n","protected":false},"featured_media":28211,"template":"","meta":{"_acf_changed":false,"inline_featured_image":false},"product_brand":[],"product_cat":[1782],"product_tag":[394,568,1095,400,650,510,1300,370],"class_list":{"0":"post-23315","1":"product","2":"type-product","3":"status-publish","4":"has-post-thumbnail","6":"product_cat-fripris","7":"product_tag-1800-tallet","8":"product_tag-bonusfamilie","9":"product_tag-grafiske-romaner","10":"product_tag-historisk-litteratur","11":"product_tag-italia","12":"product_tag-kjaerlighet","13":"product_tag-klostervesen","14":"product_tag-skjonnlitteratur","16":"first","17":"outofstock","18":"shipping-taxable","19":"purchasable","20":"product-type-simple"},"acf":{"anmeldelse":null},"yoast_head":"<!-- This site is optimized with the Yoast SEO plugin v26.6 - https:\/\/yoast.com\/wordpress\/plugins\/seo\/ -->\n<title>Nonnen - Pax<\/title>\n<meta name=\"robots\" content=\"noindex, follow, max-snippet:-1, max-image-preview:large, max-video-preview:-1\" \/>\n<meta property=\"og:locale\" content=\"nb_NO\" \/>\n<meta property=\"og:type\" content=\"article\" \/>\n<meta property=\"og:title\" content=\"Nonnen - Pax\" \/>\n<meta property=\"og:description\" content=\"Medrivende historisk roman fra forfatteren av Mandelplukkersken og Arvetanten. Agata vokser opp i Messina p\u00e5 Sicilia p\u00e5 midten av 1800-tallet, som nest yngste datter i en fin, men ikke lenger velst\u00e5ende familie. N\u00e5r faren d\u00f8r og moren ikke finner en passende ektemann til henne, snus livet p\u00e5 hodet. Agata sendes i kloster, hos sin tante [&hellip;]\" \/>\n<meta property=\"og:url\" content=\"https:\/\/staging.forenteforlag.no\/pax\/produkt\/nonnen-2\/\" \/>\n<meta property=\"og:site_name\" content=\"Pax\" \/>\n<meta property=\"article:modified_time\" content=\"2026-03-03T21:25:09+00:00\" \/>\n<meta property=\"og:image\" content=\"https:\/\/staging.forenteforlag.no\/pax\/wp-content\/uploads\/sites\/5\/2025\/08\/jpg-6294.jpg\" \/>\n\t<meta property=\"og:image:width\" content=\"283\" \/>\n\t<meta property=\"og:image:height\" content=\"449\" \/>\n\t<meta property=\"og:image:type\" content=\"image\/jpeg\" \/>\n<meta name=\"twitter:card\" content=\"summary_large_image\" \/>\n<meta name=\"twitter:label1\" content=\"Ansl. lesetid\" \/>\n\t<meta name=\"twitter:data1\" content=\"1 minutt\" \/>\n<script type=\"application\/ld+json\" class=\"yoast-schema-graph\">{\"@context\":\"https:\/\/schema.org\",\"@graph\":[{\"@type\":\"WebPage\",\"@id\":\"https:\/\/staging.forenteforlag.no\/pax\/produkt\/nonnen-2\/\",\"url\":\"https:\/\/staging.forenteforlag.no\/pax\/produkt\/nonnen-2\/\",\"name\":\"Nonnen - Pax\",\"isPartOf\":{\"@id\":\"https:\/\/staging.forenteforlag.no\/pax\/#website\"},\"primaryImageOfPage\":{\"@id\":\"https:\/\/staging.forenteforlag.no\/pax\/produkt\/nonnen-2\/#primaryimage\"},\"image\":{\"@id\":\"https:\/\/staging.forenteforlag.no\/pax\/produkt\/nonnen-2\/#primaryimage\"},\"thumbnailUrl\":\"https:\/\/staging.forenteforlag.no\/pax\/wp-content\/uploads\/sites\/5\/2025\/08\/jpg-6294.jpg\",\"datePublished\":\"2012-06-07T00:00:00+00:00\",\"dateModified\":\"2026-03-03T21:25:09+00:00\",\"breadcrumb\":{\"@id\":\"https:\/\/staging.forenteforlag.no\/pax\/produkt\/nonnen-2\/#breadcrumb\"},\"inLanguage\":\"nb-NO\",\"potentialAction\":[{\"@type\":\"ReadAction\",\"target\":[\"https:\/\/staging.forenteforlag.no\/pax\/produkt\/nonnen-2\/\"]}]},{\"@type\":\"ImageObject\",\"inLanguage\":\"nb-NO\",\"@id\":\"https:\/\/staging.forenteforlag.no\/pax\/produkt\/nonnen-2\/#primaryimage\",\"url\":\"https:\/\/staging.forenteforlag.no\/pax\/wp-content\/uploads\/sites\/5\/2025\/08\/jpg-6294.jpg\",\"contentUrl\":\"https:\/\/staging.forenteforlag.no\/pax\/wp-content\/uploads\/sites\/5\/2025\/08\/jpg-6294.jpg\",\"width\":283,\"height\":449},{\"@type\":\"BreadcrumbList\",\"@id\":\"https:\/\/staging.forenteforlag.no\/pax\/produkt\/nonnen-2\/#breadcrumb\",\"itemListElement\":[{\"@type\":\"ListItem\",\"position\":1,\"name\":\"Hjem\",\"item\":\"https:\/\/staging.forenteforlag.no\/pax\/\"},{\"@type\":\"ListItem\",\"position\":2,\"name\":\"Alle b\u00f8ker\",\"item\":\"https:\/\/staging.forenteforlag.no\/pax\/butikk\/\"},{\"@type\":\"ListItem\",\"position\":3,\"name\":\"Nonnen\"}]},{\"@type\":\"WebSite\",\"@id\":\"https:\/\/staging.forenteforlag.no\/pax\/#website\",\"url\":\"https:\/\/staging.forenteforlag.no\/pax\/\",\"name\":\"Pax\",\"description\":\"\",\"potentialAction\":[{\"@type\":\"SearchAction\",\"target\":{\"@type\":\"EntryPoint\",\"urlTemplate\":\"https:\/\/staging.forenteforlag.no\/pax\/?s={search_term_string}\"},\"query-input\":{\"@type\":\"PropertyValueSpecification\",\"valueRequired\":true,\"valueName\":\"search_term_string\"}}],\"inLanguage\":\"nb-NO\"}]}<\/script>\n<!-- \/ Yoast SEO plugin. -->","yoast_head_json":{"title":"Nonnen - Pax","robots":{"index":"noindex","follow":"follow","max-snippet":"max-snippet:-1","max-image-preview":"max-image-preview:large","max-video-preview":"max-video-preview:-1"},"og_locale":"nb_NO","og_type":"article","og_title":"Nonnen - Pax","og_description":"Medrivende historisk roman fra forfatteren av Mandelplukkersken og Arvetanten. Agata vokser opp i Messina p\u00e5 Sicilia p\u00e5 midten av 1800-tallet, som nest yngste datter i en fin, men ikke lenger velst\u00e5ende familie. N\u00e5r faren d\u00f8r og moren ikke finner en passende ektemann til henne, snus livet p\u00e5 hodet. Agata sendes i kloster, hos sin tante [&hellip;]","og_url":"https:\/\/staging.forenteforlag.no\/pax\/produkt\/nonnen-2\/","og_site_name":"Pax","article_modified_time":"2026-03-03T21:25:09+00:00","og_image":[{"width":283,"height":449,"url":"https:\/\/staging.forenteforlag.no\/pax\/wp-content\/uploads\/sites\/5\/2025\/08\/jpg-6294.jpg","type":"image\/jpeg"}],"twitter_card":"summary_large_image","twitter_misc":{"Ansl. lesetid":"1 minutt"},"schema":{"@context":"https:\/\/schema.org","@graph":[{"@type":"WebPage","@id":"https:\/\/staging.forenteforlag.no\/pax\/produkt\/nonnen-2\/","url":"https:\/\/staging.forenteforlag.no\/pax\/produkt\/nonnen-2\/","name":"Nonnen - Pax","isPartOf":{"@id":"https:\/\/staging.forenteforlag.no\/pax\/#website"},"primaryImageOfPage":{"@id":"https:\/\/staging.forenteforlag.no\/pax\/produkt\/nonnen-2\/#primaryimage"},"image":{"@id":"https:\/\/staging.forenteforlag.no\/pax\/produkt\/nonnen-2\/#primaryimage"},"thumbnailUrl":"https:\/\/staging.forenteforlag.no\/pax\/wp-content\/uploads\/sites\/5\/2025\/08\/jpg-6294.jpg","datePublished":"2012-06-07T00:00:00+00:00","dateModified":"2026-03-03T21:25:09+00:00","breadcrumb":{"@id":"https:\/\/staging.forenteforlag.no\/pax\/produkt\/nonnen-2\/#breadcrumb"},"inLanguage":"nb-NO","potentialAction":[{"@type":"ReadAction","target":["https:\/\/staging.forenteforlag.no\/pax\/produkt\/nonnen-2\/"]}]},{"@type":"ImageObject","inLanguage":"nb-NO","@id":"https:\/\/staging.forenteforlag.no\/pax\/produkt\/nonnen-2\/#primaryimage","url":"https:\/\/staging.forenteforlag.no\/pax\/wp-content\/uploads\/sites\/5\/2025\/08\/jpg-6294.jpg","contentUrl":"https:\/\/staging.forenteforlag.no\/pax\/wp-content\/uploads\/sites\/5\/2025\/08\/jpg-6294.jpg","width":283,"height":449},{"@type":"BreadcrumbList","@id":"https:\/\/staging.forenteforlag.no\/pax\/produkt\/nonnen-2\/#breadcrumb","itemListElement":[{"@type":"ListItem","position":1,"name":"Hjem","item":"https:\/\/staging.forenteforlag.no\/pax\/"},{"@type":"ListItem","position":2,"name":"Alle b\u00f8ker","item":"https:\/\/staging.forenteforlag.no\/pax\/butikk\/"},{"@type":"ListItem","position":3,"name":"Nonnen"}]},{"@type":"WebSite","@id":"https:\/\/staging.forenteforlag.no\/pax\/#website","url":"https:\/\/staging.forenteforlag.no\/pax\/","name":"Pax","description":"","potentialAction":[{"@type":"SearchAction","target":{"@type":"EntryPoint","urlTemplate":"https:\/\/staging.forenteforlag.no\/pax\/?s={search_term_string}"},"query-input":{"@type":"PropertyValueSpecification","valueRequired":true,"valueName":"search_term_string"}}],"inLanguage":"nb-NO"}]}},"_links":{"self":[{"href":"https:\/\/staging.forenteforlag.no\/pax\/wp-json\/wp\/v2\/product\/23315","targetHints":{"allow":["GET"]}}],"collection":[{"href":"https:\/\/staging.forenteforlag.no\/pax\/wp-json\/wp\/v2\/product"}],"about":[{"href":"https:\/\/staging.forenteforlag.no\/pax\/wp-json\/wp\/v2\/types\/product"}],"wp:featuredmedia":[{"embeddable":true,"href":"https:\/\/staging.forenteforlag.no\/pax\/wp-json\/wp\/v2\/media\/28211"}],"wp:attachment":[{"href":"https:\/\/staging.forenteforlag.no\/pax\/wp-json\/wp\/v2\/media?parent=23315"}],"wp:term":[{"taxonomy":"product_brand","embeddable":true,"href":"https:\/\/staging.forenteforlag.no\/pax\/wp-json\/wp\/v2\/product_brand?post=23315"},{"taxonomy":"product_cat","embeddable":true,"href":"https:\/\/staging.forenteforlag.no\/pax\/wp-json\/wp\/v2\/product_cat?post=23315"},{"taxonomy":"product_tag","embeddable":true,"href":"https:\/\/staging.forenteforlag.no\/pax\/wp-json\/wp\/v2\/product_tag?post=23315"}],"curies":[{"name":"wp","href":"https:\/\/api.w.org\/{rel}","templated":true}]}}