{"id":23313,"date":"2011-03-28T02:00:00","date_gmt":"2011-03-28T00:00:00","guid":{"rendered":"https:\/\/pax.forenteforlag.no\/produkt\/boys\/"},"modified":"2025-08-27T11:17:56","modified_gmt":"2025-08-27T09:17:56","slug":"boys","status":"publish","type":"product","link":"https:\/\/staging.forenteforlag.no\/pax\/produkt\/boys\/","title":{"rendered":"Boys"},"content":{"rendered":"<p>&laquo;Neimen, kom inn, for faen.&raquo; Den avdankede periodedrankeren Lasse fyller 65 og inviterer til fest. For f\u00f8rste gang p\u00e5 tjue \u00e5r kommer s\u00f8nnen Matti hjem, og Lasse har bestilt dyre sm\u00f8rbr\u00f8d, l\u00e5nt fint servise, ryddet og vasket &#8211; for n\u00e5 skal gutten f\u00e5 se at hans gamle far har f\u00e5tt orden p\u00e5 livet sitt. Men s\u00e5 skjer det som ikke skal skje: Boys, Lasses hund og trofaste bestevenn, forsvinner. Lasse roper og roper, men Boys er og blir borte. Gjestene str\u00f8mmer til, \u00f8lkorkene flyter rundt og de vanlige grovisene fyller stua. Og endelig kommer s\u00f8nnen Matti hjem. Med et hundebitt som han pr\u00f8ver \u00e5 gjemme for faren sin, og barndomsminner som gaper som \u00e5pne s\u00e5r. For det er ikke bare Boys som bl\u00f8r.   Svenske Anna Ringberg har jobbet som forlagsredakt\u00f8r, skribent og l\u00e6rer. Boys er hennes skj\u00f8nnlitter\u00e6re debut.<\/p>\n","protected":false},"excerpt":{"rendered":"<p>&laquo;Neimen, kom inn, for faen.&raquo; Den avdankede periodedrankeren Lasse fyller 65 og inviterer til fest. For f\u00f8rste gang p\u00e5 tjue \u00e5r kommer s\u00f8nnen Matti hjem, og Lasse har bestilt dyre sm\u00f8rbr\u00f8d, l\u00e5nt fint servise, ryddet og vasket &#8211; for n\u00e5 skal gutten f\u00e5 se at hans gamle far har f\u00e5tt orden p\u00e5 livet sitt. Men [&hellip;]<\/p>\n","protected":false},"featured_media":28875,"template":"","meta":{"_acf_changed":false,"inline_featured_image":false},"product_brand":[],"product_cat":[40],"product_tag":[1703,1095,510,505,370,547],"class_list":{"0":"post-23313","1":"product","2":"type-product","3":"status-publish","4":"has-post-thumbnail","6":"product_cat-romaner","7":"product_tag-aleneforeldre","8":"product_tag-grafiske-romaner","9":"product_tag-kjaerlighet","10":"product_tag-outsidere","11":"product_tag-skjonnlitteratur","12":"product_tag-sverige","13":"pa_format-innbundet","15":"first","16":"outofstock","17":"shipping-taxable","18":"purchasable","19":"product-type-simple"},"acf":{"anmeldelse":null},"yoast_head":"<!-- This site is optimized with the Yoast SEO plugin v26.6 - https:\/\/yoast.com\/wordpress\/plugins\/seo\/ -->\n<title>Boys - Pax<\/title>\n<meta name=\"robots\" content=\"noindex, follow, max-snippet:-1, max-image-preview:large, max-video-preview:-1\" \/>\n<meta property=\"og:locale\" content=\"nb_NO\" \/>\n<meta property=\"og:type\" content=\"article\" \/>\n<meta property=\"og:title\" content=\"Boys - Pax\" \/>\n<meta property=\"og:description\" content=\"&laquo;Neimen, kom inn, for faen.&raquo; Den avdankede periodedrankeren Lasse fyller 65 og inviterer til fest. For f\u00f8rste gang p\u00e5 tjue \u00e5r kommer s\u00f8nnen Matti hjem, og Lasse har bestilt dyre sm\u00f8rbr\u00f8d, l\u00e5nt fint servise, ryddet og vasket &#8211; for n\u00e5 skal gutten f\u00e5 se at hans gamle far har f\u00e5tt orden p\u00e5 livet sitt. Men [&hellip;]\" \/>\n<meta property=\"og:url\" content=\"https:\/\/staging.forenteforlag.no\/pax\/produkt\/boys\/\" \/>\n<meta property=\"og:site_name\" content=\"Pax\" \/>\n<meta property=\"article:modified_time\" content=\"2025-08-27T09:17:56+00:00\" \/>\n<meta property=\"og:image\" content=\"https:\/\/staging.forenteforlag.no\/pax\/wp-content\/uploads\/sites\/5\/2025\/08\/jpg-8233.jpg\" \/>\n\t<meta property=\"og:image:width\" content=\"278\" \/>\n\t<meta property=\"og:image:height\" content=\"450\" \/>\n\t<meta property=\"og:image:type\" content=\"image\/jpeg\" \/>\n<meta name=\"twitter:card\" content=\"summary_large_image\" \/>\n<meta name=\"twitter:label1\" content=\"Ansl. lesetid\" \/>\n\t<meta name=\"twitter:data1\" content=\"1 minutt\" \/>\n<script type=\"application\/ld+json\" class=\"yoast-schema-graph\">{\"@context\":\"https:\/\/schema.org\",\"@graph\":[{\"@type\":\"WebPage\",\"@id\":\"https:\/\/staging.forenteforlag.no\/pax\/produkt\/boys\/\",\"url\":\"https:\/\/staging.forenteforlag.no\/pax\/produkt\/boys\/\",\"name\":\"Boys - Pax\",\"isPartOf\":{\"@id\":\"https:\/\/staging.forenteforlag.no\/pax\/#website\"},\"primaryImageOfPage\":{\"@id\":\"https:\/\/staging.forenteforlag.no\/pax\/produkt\/boys\/#primaryimage\"},\"image\":{\"@id\":\"https:\/\/staging.forenteforlag.no\/pax\/produkt\/boys\/#primaryimage\"},\"thumbnailUrl\":\"https:\/\/staging.forenteforlag.no\/pax\/wp-content\/uploads\/sites\/5\/2025\/08\/jpg-8233.jpg\",\"datePublished\":\"2011-03-28T00:00:00+00:00\",\"dateModified\":\"2025-08-27T09:17:56+00:00\",\"breadcrumb\":{\"@id\":\"https:\/\/staging.forenteforlag.no\/pax\/produkt\/boys\/#breadcrumb\"},\"inLanguage\":\"nb-NO\",\"potentialAction\":[{\"@type\":\"ReadAction\",\"target\":[\"https:\/\/staging.forenteforlag.no\/pax\/produkt\/boys\/\"]}]},{\"@type\":\"ImageObject\",\"inLanguage\":\"nb-NO\",\"@id\":\"https:\/\/staging.forenteforlag.no\/pax\/produkt\/boys\/#primaryimage\",\"url\":\"https:\/\/staging.forenteforlag.no\/pax\/wp-content\/uploads\/sites\/5\/2025\/08\/jpg-8233.jpg\",\"contentUrl\":\"https:\/\/staging.forenteforlag.no\/pax\/wp-content\/uploads\/sites\/5\/2025\/08\/jpg-8233.jpg\",\"width\":278,\"height\":450},{\"@type\":\"BreadcrumbList\",\"@id\":\"https:\/\/staging.forenteforlag.no\/pax\/produkt\/boys\/#breadcrumb\",\"itemListElement\":[{\"@type\":\"ListItem\",\"position\":1,\"name\":\"Hjem\",\"item\":\"https:\/\/staging.forenteforlag.no\/pax\/\"},{\"@type\":\"ListItem\",\"position\":2,\"name\":\"Alle b\u00f8ker\",\"item\":\"https:\/\/staging.forenteforlag.no\/pax\/butikk\/\"},{\"@type\":\"ListItem\",\"position\":3,\"name\":\"Boys\"}]},{\"@type\":\"WebSite\",\"@id\":\"https:\/\/staging.forenteforlag.no\/pax\/#website\",\"url\":\"https:\/\/staging.forenteforlag.no\/pax\/\",\"name\":\"Pax\",\"description\":\"\",\"potentialAction\":[{\"@type\":\"SearchAction\",\"target\":{\"@type\":\"EntryPoint\",\"urlTemplate\":\"https:\/\/staging.forenteforlag.no\/pax\/?s={search_term_string}\"},\"query-input\":{\"@type\":\"PropertyValueSpecification\",\"valueRequired\":true,\"valueName\":\"search_term_string\"}}],\"inLanguage\":\"nb-NO\"}]}<\/script>\n<!-- \/ Yoast SEO plugin. -->","yoast_head_json":{"title":"Boys - Pax","robots":{"index":"noindex","follow":"follow","max-snippet":"max-snippet:-1","max-image-preview":"max-image-preview:large","max-video-preview":"max-video-preview:-1"},"og_locale":"nb_NO","og_type":"article","og_title":"Boys - Pax","og_description":"&laquo;Neimen, kom inn, for faen.&raquo; Den avdankede periodedrankeren Lasse fyller 65 og inviterer til fest. For f\u00f8rste gang p\u00e5 tjue \u00e5r kommer s\u00f8nnen Matti hjem, og Lasse har bestilt dyre sm\u00f8rbr\u00f8d, l\u00e5nt fint servise, ryddet og vasket &#8211; for n\u00e5 skal gutten f\u00e5 se at hans gamle far har f\u00e5tt orden p\u00e5 livet sitt. Men [&hellip;]","og_url":"https:\/\/staging.forenteforlag.no\/pax\/produkt\/boys\/","og_site_name":"Pax","article_modified_time":"2025-08-27T09:17:56+00:00","og_image":[{"width":278,"height":450,"url":"https:\/\/staging.forenteforlag.no\/pax\/wp-content\/uploads\/sites\/5\/2025\/08\/jpg-8233.jpg","type":"image\/jpeg"}],"twitter_card":"summary_large_image","twitter_misc":{"Ansl. lesetid":"1 minutt"},"schema":{"@context":"https:\/\/schema.org","@graph":[{"@type":"WebPage","@id":"https:\/\/staging.forenteforlag.no\/pax\/produkt\/boys\/","url":"https:\/\/staging.forenteforlag.no\/pax\/produkt\/boys\/","name":"Boys - Pax","isPartOf":{"@id":"https:\/\/staging.forenteforlag.no\/pax\/#website"},"primaryImageOfPage":{"@id":"https:\/\/staging.forenteforlag.no\/pax\/produkt\/boys\/#primaryimage"},"image":{"@id":"https:\/\/staging.forenteforlag.no\/pax\/produkt\/boys\/#primaryimage"},"thumbnailUrl":"https:\/\/staging.forenteforlag.no\/pax\/wp-content\/uploads\/sites\/5\/2025\/08\/jpg-8233.jpg","datePublished":"2011-03-28T00:00:00+00:00","dateModified":"2025-08-27T09:17:56+00:00","breadcrumb":{"@id":"https:\/\/staging.forenteforlag.no\/pax\/produkt\/boys\/#breadcrumb"},"inLanguage":"nb-NO","potentialAction":[{"@type":"ReadAction","target":["https:\/\/staging.forenteforlag.no\/pax\/produkt\/boys\/"]}]},{"@type":"ImageObject","inLanguage":"nb-NO","@id":"https:\/\/staging.forenteforlag.no\/pax\/produkt\/boys\/#primaryimage","url":"https:\/\/staging.forenteforlag.no\/pax\/wp-content\/uploads\/sites\/5\/2025\/08\/jpg-8233.jpg","contentUrl":"https:\/\/staging.forenteforlag.no\/pax\/wp-content\/uploads\/sites\/5\/2025\/08\/jpg-8233.jpg","width":278,"height":450},{"@type":"BreadcrumbList","@id":"https:\/\/staging.forenteforlag.no\/pax\/produkt\/boys\/#breadcrumb","itemListElement":[{"@type":"ListItem","position":1,"name":"Hjem","item":"https:\/\/staging.forenteforlag.no\/pax\/"},{"@type":"ListItem","position":2,"name":"Alle b\u00f8ker","item":"https:\/\/staging.forenteforlag.no\/pax\/butikk\/"},{"@type":"ListItem","position":3,"name":"Boys"}]},{"@type":"WebSite","@id":"https:\/\/staging.forenteforlag.no\/pax\/#website","url":"https:\/\/staging.forenteforlag.no\/pax\/","name":"Pax","description":"","potentialAction":[{"@type":"SearchAction","target":{"@type":"EntryPoint","urlTemplate":"https:\/\/staging.forenteforlag.no\/pax\/?s={search_term_string}"},"query-input":{"@type":"PropertyValueSpecification","valueRequired":true,"valueName":"search_term_string"}}],"inLanguage":"nb-NO"}]}},"_links":{"self":[{"href":"https:\/\/staging.forenteforlag.no\/pax\/wp-json\/wp\/v2\/product\/23313","targetHints":{"allow":["GET"]}}],"collection":[{"href":"https:\/\/staging.forenteforlag.no\/pax\/wp-json\/wp\/v2\/product"}],"about":[{"href":"https:\/\/staging.forenteforlag.no\/pax\/wp-json\/wp\/v2\/types\/product"}],"wp:featuredmedia":[{"embeddable":true,"href":"https:\/\/staging.forenteforlag.no\/pax\/wp-json\/wp\/v2\/media\/28875"}],"wp:attachment":[{"href":"https:\/\/staging.forenteforlag.no\/pax\/wp-json\/wp\/v2\/media?parent=23313"}],"wp:term":[{"taxonomy":"product_brand","embeddable":true,"href":"https:\/\/staging.forenteforlag.no\/pax\/wp-json\/wp\/v2\/product_brand?post=23313"},{"taxonomy":"product_cat","embeddable":true,"href":"https:\/\/staging.forenteforlag.no\/pax\/wp-json\/wp\/v2\/product_cat?post=23313"},{"taxonomy":"product_tag","embeddable":true,"href":"https:\/\/staging.forenteforlag.no\/pax\/wp-json\/wp\/v2\/product_tag?post=23313"}],"curies":[{"name":"wp","href":"https:\/\/api.w.org\/{rel}","templated":true}]}}