{"id":23289,"date":"2012-11-02T01:00:00","date_gmt":"2012-11-02T00:00:00","guid":{"rendered":"https:\/\/pax.forenteforlag.no\/produkt\/nattens-skygge\/"},"modified":"2025-08-27T08:51:36","modified_gmt":"2025-08-27T06:51:36","slug":"nattens-skygge","status":"publish","type":"product","link":"https:\/\/staging.forenteforlag.no\/pax\/produkt\/nattens-skygge\/","title":{"rendered":"Nattens skygge"},"content":{"rendered":"<p>Den etterlengtede andreboken i Alle sjeler-trilogien  Oxford, 1590: Heksen Diana og vampyren Matthew har reist tilbake i tiden for \u00e5 gjemme seg for fiendene sine. De trenger ogs\u00e5 \u00e5 finne en l\u00e6rer til Diana, s\u00e5 hun kan forst\u00e5 og mestre de mektige kreftene sine. Mens Diana pr\u00f8ver \u00e5 finne ut av livet i hekseprosessenes Europa, m\u00e5 Matthew konfrontere en fortid han trodde han hadde lagt bak seg for godt. Sammen fortsetter de jakten p\u00e5 det mystiske manuskriptet Ashmole 782, og p\u00e5 hemmelighetene det skjuler &#8211; hemmeligheter som kan ha avgj\u00f8rende betydning, ikke bare for hekser, vampyrer og demoner, men ogs\u00e5 for menneskene.   Nattens skygge er andre bind i en storsl\u00e5tt trilogi som tar deg med til engelske herskapshus, franske slott og sp\u00f8kelseshus p\u00e5 den amerikanske \u00f8stkysten. Dette er spenning, underholdning og magi fra \u00f8verste hylle &#8211; en internasjonal suksess som er under utgivelse i over 30 land.<\/p>\n","protected":false},"excerpt":{"rendered":"<p>Den etterlengtede andreboken i Alle sjeler-trilogien Oxford, 1590: Heksen Diana og vampyren Matthew har reist tilbake i tiden for \u00e5 gjemme seg for fiendene sine. De trenger ogs\u00e5 \u00e5 finne en l\u00e6rer til Diana, s\u00e5 hun kan forst\u00e5 og mestre de mektige kreftene sine. Mens Diana pr\u00f8ver \u00e5 finne ut av livet i hekseprosessenes Europa, [&hellip;]<\/p>\n","protected":false},"featured_media":28306,"template":"","meta":{"_acf_changed":false,"inline_featured_image":false},"product_brand":[],"product_cat":[40],"product_tag":[1245,1095,940,773,370,1369],"class_list":{"0":"post-23289","1":"product","2":"type-product","3":"status-publish","4":"has-post-thumbnail","6":"product_cat-romaner","7":"product_tag-fantasy","8":"product_tag-grafiske-romaner","9":"product_tag-hekser","10":"product_tag-london","11":"product_tag-skjonnlitteratur","12":"product_tag-vampyrer","13":"pa_format-innbundet","15":"first","16":"outofstock","17":"shipping-taxable","18":"purchasable","19":"product-type-simple"},"acf":{"anmeldelse":null},"yoast_head":"<!-- This site is optimized with the Yoast SEO plugin v26.6 - https:\/\/yoast.com\/wordpress\/plugins\/seo\/ -->\n<title>Nattens skygge - Pax<\/title>\n<meta name=\"robots\" content=\"noindex, follow, max-snippet:-1, max-image-preview:large, max-video-preview:-1\" \/>\n<meta property=\"og:locale\" content=\"nb_NO\" \/>\n<meta property=\"og:type\" content=\"article\" \/>\n<meta property=\"og:title\" content=\"Nattens skygge - Pax\" \/>\n<meta property=\"og:description\" content=\"Den etterlengtede andreboken i Alle sjeler-trilogien Oxford, 1590: Heksen Diana og vampyren Matthew har reist tilbake i tiden for \u00e5 gjemme seg for fiendene sine. De trenger ogs\u00e5 \u00e5 finne en l\u00e6rer til Diana, s\u00e5 hun kan forst\u00e5 og mestre de mektige kreftene sine. Mens Diana pr\u00f8ver \u00e5 finne ut av livet i hekseprosessenes Europa, [&hellip;]\" \/>\n<meta property=\"og:url\" content=\"https:\/\/staging.forenteforlag.no\/pax\/produkt\/nattens-skygge\/\" \/>\n<meta property=\"og:site_name\" content=\"Pax\" \/>\n<meta property=\"article:modified_time\" content=\"2025-08-27T06:51:36+00:00\" \/>\n<meta property=\"og:image\" content=\"https:\/\/staging.forenteforlag.no\/pax\/wp-content\/uploads\/sites\/5\/2025\/08\/jpg-6542.jpg\" \/>\n\t<meta property=\"og:image:width\" content=\"289\" \/>\n\t<meta property=\"og:image:height\" content=\"450\" \/>\n\t<meta property=\"og:image:type\" content=\"image\/jpeg\" \/>\n<meta name=\"twitter:card\" content=\"summary_large_image\" \/>\n<meta name=\"twitter:label1\" content=\"Ansl. lesetid\" \/>\n\t<meta name=\"twitter:data1\" content=\"1 minutt\" \/>\n<script type=\"application\/ld+json\" class=\"yoast-schema-graph\">{\"@context\":\"https:\/\/schema.org\",\"@graph\":[{\"@type\":\"WebPage\",\"@id\":\"https:\/\/staging.forenteforlag.no\/pax\/produkt\/nattens-skygge\/\",\"url\":\"https:\/\/staging.forenteforlag.no\/pax\/produkt\/nattens-skygge\/\",\"name\":\"Nattens skygge - Pax\",\"isPartOf\":{\"@id\":\"https:\/\/staging.forenteforlag.no\/pax\/#website\"},\"primaryImageOfPage\":{\"@id\":\"https:\/\/staging.forenteforlag.no\/pax\/produkt\/nattens-skygge\/#primaryimage\"},\"image\":{\"@id\":\"https:\/\/staging.forenteforlag.no\/pax\/produkt\/nattens-skygge\/#primaryimage\"},\"thumbnailUrl\":\"https:\/\/staging.forenteforlag.no\/pax\/wp-content\/uploads\/sites\/5\/2025\/08\/jpg-6542.jpg\",\"datePublished\":\"2012-11-02T00:00:00+00:00\",\"dateModified\":\"2025-08-27T06:51:36+00:00\",\"breadcrumb\":{\"@id\":\"https:\/\/staging.forenteforlag.no\/pax\/produkt\/nattens-skygge\/#breadcrumb\"},\"inLanguage\":\"nb-NO\",\"potentialAction\":[{\"@type\":\"ReadAction\",\"target\":[\"https:\/\/staging.forenteforlag.no\/pax\/produkt\/nattens-skygge\/\"]}]},{\"@type\":\"ImageObject\",\"inLanguage\":\"nb-NO\",\"@id\":\"https:\/\/staging.forenteforlag.no\/pax\/produkt\/nattens-skygge\/#primaryimage\",\"url\":\"https:\/\/staging.forenteforlag.no\/pax\/wp-content\/uploads\/sites\/5\/2025\/08\/jpg-6542.jpg\",\"contentUrl\":\"https:\/\/staging.forenteforlag.no\/pax\/wp-content\/uploads\/sites\/5\/2025\/08\/jpg-6542.jpg\",\"width\":289,\"height\":450},{\"@type\":\"BreadcrumbList\",\"@id\":\"https:\/\/staging.forenteforlag.no\/pax\/produkt\/nattens-skygge\/#breadcrumb\",\"itemListElement\":[{\"@type\":\"ListItem\",\"position\":1,\"name\":\"Hjem\",\"item\":\"https:\/\/staging.forenteforlag.no\/pax\/\"},{\"@type\":\"ListItem\",\"position\":2,\"name\":\"Alle b\u00f8ker\",\"item\":\"https:\/\/staging.forenteforlag.no\/pax\/butikk\/\"},{\"@type\":\"ListItem\",\"position\":3,\"name\":\"Nattens skygge\"}]},{\"@type\":\"WebSite\",\"@id\":\"https:\/\/staging.forenteforlag.no\/pax\/#website\",\"url\":\"https:\/\/staging.forenteforlag.no\/pax\/\",\"name\":\"Pax\",\"description\":\"\",\"potentialAction\":[{\"@type\":\"SearchAction\",\"target\":{\"@type\":\"EntryPoint\",\"urlTemplate\":\"https:\/\/staging.forenteforlag.no\/pax\/?s={search_term_string}\"},\"query-input\":{\"@type\":\"PropertyValueSpecification\",\"valueRequired\":true,\"valueName\":\"search_term_string\"}}],\"inLanguage\":\"nb-NO\"}]}<\/script>\n<!-- \/ Yoast SEO plugin. -->","yoast_head_json":{"title":"Nattens skygge - Pax","robots":{"index":"noindex","follow":"follow","max-snippet":"max-snippet:-1","max-image-preview":"max-image-preview:large","max-video-preview":"max-video-preview:-1"},"og_locale":"nb_NO","og_type":"article","og_title":"Nattens skygge - Pax","og_description":"Den etterlengtede andreboken i Alle sjeler-trilogien Oxford, 1590: Heksen Diana og vampyren Matthew har reist tilbake i tiden for \u00e5 gjemme seg for fiendene sine. De trenger ogs\u00e5 \u00e5 finne en l\u00e6rer til Diana, s\u00e5 hun kan forst\u00e5 og mestre de mektige kreftene sine. Mens Diana pr\u00f8ver \u00e5 finne ut av livet i hekseprosessenes Europa, [&hellip;]","og_url":"https:\/\/staging.forenteforlag.no\/pax\/produkt\/nattens-skygge\/","og_site_name":"Pax","article_modified_time":"2025-08-27T06:51:36+00:00","og_image":[{"width":289,"height":450,"url":"https:\/\/staging.forenteforlag.no\/pax\/wp-content\/uploads\/sites\/5\/2025\/08\/jpg-6542.jpg","type":"image\/jpeg"}],"twitter_card":"summary_large_image","twitter_misc":{"Ansl. lesetid":"1 minutt"},"schema":{"@context":"https:\/\/schema.org","@graph":[{"@type":"WebPage","@id":"https:\/\/staging.forenteforlag.no\/pax\/produkt\/nattens-skygge\/","url":"https:\/\/staging.forenteforlag.no\/pax\/produkt\/nattens-skygge\/","name":"Nattens skygge - Pax","isPartOf":{"@id":"https:\/\/staging.forenteforlag.no\/pax\/#website"},"primaryImageOfPage":{"@id":"https:\/\/staging.forenteforlag.no\/pax\/produkt\/nattens-skygge\/#primaryimage"},"image":{"@id":"https:\/\/staging.forenteforlag.no\/pax\/produkt\/nattens-skygge\/#primaryimage"},"thumbnailUrl":"https:\/\/staging.forenteforlag.no\/pax\/wp-content\/uploads\/sites\/5\/2025\/08\/jpg-6542.jpg","datePublished":"2012-11-02T00:00:00+00:00","dateModified":"2025-08-27T06:51:36+00:00","breadcrumb":{"@id":"https:\/\/staging.forenteforlag.no\/pax\/produkt\/nattens-skygge\/#breadcrumb"},"inLanguage":"nb-NO","potentialAction":[{"@type":"ReadAction","target":["https:\/\/staging.forenteforlag.no\/pax\/produkt\/nattens-skygge\/"]}]},{"@type":"ImageObject","inLanguage":"nb-NO","@id":"https:\/\/staging.forenteforlag.no\/pax\/produkt\/nattens-skygge\/#primaryimage","url":"https:\/\/staging.forenteforlag.no\/pax\/wp-content\/uploads\/sites\/5\/2025\/08\/jpg-6542.jpg","contentUrl":"https:\/\/staging.forenteforlag.no\/pax\/wp-content\/uploads\/sites\/5\/2025\/08\/jpg-6542.jpg","width":289,"height":450},{"@type":"BreadcrumbList","@id":"https:\/\/staging.forenteforlag.no\/pax\/produkt\/nattens-skygge\/#breadcrumb","itemListElement":[{"@type":"ListItem","position":1,"name":"Hjem","item":"https:\/\/staging.forenteforlag.no\/pax\/"},{"@type":"ListItem","position":2,"name":"Alle b\u00f8ker","item":"https:\/\/staging.forenteforlag.no\/pax\/butikk\/"},{"@type":"ListItem","position":3,"name":"Nattens skygge"}]},{"@type":"WebSite","@id":"https:\/\/staging.forenteforlag.no\/pax\/#website","url":"https:\/\/staging.forenteforlag.no\/pax\/","name":"Pax","description":"","potentialAction":[{"@type":"SearchAction","target":{"@type":"EntryPoint","urlTemplate":"https:\/\/staging.forenteforlag.no\/pax\/?s={search_term_string}"},"query-input":{"@type":"PropertyValueSpecification","valueRequired":true,"valueName":"search_term_string"}}],"inLanguage":"nb-NO"}]}},"_links":{"self":[{"href":"https:\/\/staging.forenteforlag.no\/pax\/wp-json\/wp\/v2\/product\/23289","targetHints":{"allow":["GET"]}}],"collection":[{"href":"https:\/\/staging.forenteforlag.no\/pax\/wp-json\/wp\/v2\/product"}],"about":[{"href":"https:\/\/staging.forenteforlag.no\/pax\/wp-json\/wp\/v2\/types\/product"}],"wp:featuredmedia":[{"embeddable":true,"href":"https:\/\/staging.forenteforlag.no\/pax\/wp-json\/wp\/v2\/media\/28306"}],"wp:attachment":[{"href":"https:\/\/staging.forenteforlag.no\/pax\/wp-json\/wp\/v2\/media?parent=23289"}],"wp:term":[{"taxonomy":"product_brand","embeddable":true,"href":"https:\/\/staging.forenteforlag.no\/pax\/wp-json\/wp\/v2\/product_brand?post=23289"},{"taxonomy":"product_cat","embeddable":true,"href":"https:\/\/staging.forenteforlag.no\/pax\/wp-json\/wp\/v2\/product_cat?post=23289"},{"taxonomy":"product_tag","embeddable":true,"href":"https:\/\/staging.forenteforlag.no\/pax\/wp-json\/wp\/v2\/product_tag?post=23289"}],"curies":[{"name":"wp","href":"https:\/\/api.w.org\/{rel}","templated":true}]}}