{"id":23226,"date":"2024-12-10T22:39:16","date_gmt":"2024-12-10T21:39:16","guid":{"rendered":"https:\/\/pax.forenteforlag.no\/produkt\/kanskje-manen\/"},"modified":"2026-03-04T18:16:40","modified_gmt":"2026-03-04T17:16:40","slug":"kanskje-manen","status":"publish","type":"product","link":"https:\/\/staging.forenteforlag.no\/pax\/produkt\/kanskje-manen\/","title":{"rendered":"Kanskje m\u00e5nen"},"content":{"rendered":"<p>Romanens hovedperson, Cadence Roth, er en 80 cm h\u00f8y kvinne som gj\u00f8r suksess som en gummidraktkledt fantasifigur i en popul\u00e6r familiefilm, men etter det stagnerer hennes karriere som sanger og skuespiller. Hun livn\u00e6rer seg med tilfeldige jobber men hun venter p\u00e5 oppgaver som er hennes talent verdig. I en teatergruppe hun spiller sammen med m\u00f8ter hun Neil, en stor, flott, svart og sexy pianist, og en kj\u00e6rlighetshistorie utvikler seg. Dette er en roman om filmens og kj\u00e6rlighetens myter, om det \u00e5 v\u00e6re annerledes enn gjennomsnittet og om \u00e5 sl\u00e5ss for et anstendig liv.<\/p>\n","protected":false},"excerpt":{"rendered":"<p>Romanens hovedperson, Cadence Roth, er en 80 cm h\u00f8y kvinne som gj\u00f8r suksess som en gummidraktkledt fantasifigur i en popul\u00e6r familiefilm, men etter det stagnerer hennes karriere som sanger og skuespiller. Hun livn\u00e6rer seg med tilfeldige jobber men hun venter p\u00e5 oppgaver som er hennes talent verdig. I en teatergruppe hun spiller sammen med m\u00f8ter [&hellip;]<\/p>\n","protected":false},"featured_media":0,"template":"","meta":{"_acf_changed":false,"inline_featured_image":false},"product_brand":[],"product_cat":[1782],"product_tag":[1095,528,370],"class_list":{"0":"post-23226","1":"product","2":"type-product","3":"status-publish","5":"product_cat-fripris","6":"product_tag-grafiske-romaner","7":"product_tag-kunstnermiljoer","8":"product_tag-skjonnlitteratur","10":"first","11":"outofstock","12":"taxable","13":"shipping-taxable","14":"purchasable","15":"product-type-simple"},"acf":{"anmeldelse":null},"yoast_head":"<!-- This site is optimized with the Yoast SEO plugin v26.6 - https:\/\/yoast.com\/wordpress\/plugins\/seo\/ -->\n<title>Kanskje m\u00e5nen - Pax<\/title>\n<meta name=\"robots\" content=\"noindex, follow, max-snippet:-1, max-image-preview:large, max-video-preview:-1\" \/>\n<meta property=\"og:locale\" content=\"nb_NO\" \/>\n<meta property=\"og:type\" content=\"article\" \/>\n<meta property=\"og:title\" content=\"Kanskje m\u00e5nen - Pax\" \/>\n<meta property=\"og:description\" content=\"Romanens hovedperson, Cadence Roth, er en 80 cm h\u00f8y kvinne som gj\u00f8r suksess som en gummidraktkledt fantasifigur i en popul\u00e6r familiefilm, men etter det stagnerer hennes karriere som sanger og skuespiller. Hun livn\u00e6rer seg med tilfeldige jobber men hun venter p\u00e5 oppgaver som er hennes talent verdig. I en teatergruppe hun spiller sammen med m\u00f8ter [&hellip;]\" \/>\n<meta property=\"og:url\" content=\"https:\/\/staging.forenteforlag.no\/pax\/produkt\/kanskje-manen\/\" \/>\n<meta property=\"og:site_name\" content=\"Pax\" \/>\n<meta property=\"article:modified_time\" content=\"2026-03-04T17:16:40+00:00\" \/>\n<meta property=\"og:image\" content=\"https:\/\/staging.forenteforlag.no\/pax\/wp-content\/uploads\/sites\/5\/2025\/02\/pax-hvit.jpg\" \/>\n\t<meta property=\"og:image:width\" content=\"1200\" \/>\n\t<meta property=\"og:image:height\" content=\"800\" \/>\n\t<meta property=\"og:image:type\" content=\"image\/jpeg\" \/>\n<meta name=\"twitter:card\" content=\"summary_large_image\" \/>\n<script type=\"application\/ld+json\" class=\"yoast-schema-graph\">{\"@context\":\"https:\/\/schema.org\",\"@graph\":[{\"@type\":\"WebPage\",\"@id\":\"https:\/\/staging.forenteforlag.no\/pax\/produkt\/kanskje-manen\/\",\"url\":\"https:\/\/staging.forenteforlag.no\/pax\/produkt\/kanskje-manen\/\",\"name\":\"Kanskje m\u00e5nen - Pax\",\"isPartOf\":{\"@id\":\"https:\/\/staging.forenteforlag.no\/pax\/#website\"},\"datePublished\":\"2024-12-10T21:39:16+00:00\",\"dateModified\":\"2026-03-04T17:16:40+00:00\",\"breadcrumb\":{\"@id\":\"https:\/\/staging.forenteforlag.no\/pax\/produkt\/kanskje-manen\/#breadcrumb\"},\"inLanguage\":\"nb-NO\",\"potentialAction\":[{\"@type\":\"ReadAction\",\"target\":[\"https:\/\/staging.forenteforlag.no\/pax\/produkt\/kanskje-manen\/\"]}]},{\"@type\":\"BreadcrumbList\",\"@id\":\"https:\/\/staging.forenteforlag.no\/pax\/produkt\/kanskje-manen\/#breadcrumb\",\"itemListElement\":[{\"@type\":\"ListItem\",\"position\":1,\"name\":\"Hjem\",\"item\":\"https:\/\/staging.forenteforlag.no\/pax\/\"},{\"@type\":\"ListItem\",\"position\":2,\"name\":\"Alle b\u00f8ker\",\"item\":\"https:\/\/staging.forenteforlag.no\/pax\/butikk\/\"},{\"@type\":\"ListItem\",\"position\":3,\"name\":\"Kanskje m\u00e5nen\"}]},{\"@type\":\"WebSite\",\"@id\":\"https:\/\/staging.forenteforlag.no\/pax\/#website\",\"url\":\"https:\/\/staging.forenteforlag.no\/pax\/\",\"name\":\"Pax\",\"description\":\"\",\"potentialAction\":[{\"@type\":\"SearchAction\",\"target\":{\"@type\":\"EntryPoint\",\"urlTemplate\":\"https:\/\/staging.forenteforlag.no\/pax\/?s={search_term_string}\"},\"query-input\":{\"@type\":\"PropertyValueSpecification\",\"valueRequired\":true,\"valueName\":\"search_term_string\"}}],\"inLanguage\":\"nb-NO\"}]}<\/script>\n<!-- \/ Yoast SEO plugin. -->","yoast_head_json":{"title":"Kanskje m\u00e5nen - Pax","robots":{"index":"noindex","follow":"follow","max-snippet":"max-snippet:-1","max-image-preview":"max-image-preview:large","max-video-preview":"max-video-preview:-1"},"og_locale":"nb_NO","og_type":"article","og_title":"Kanskje m\u00e5nen - Pax","og_description":"Romanens hovedperson, Cadence Roth, er en 80 cm h\u00f8y kvinne som gj\u00f8r suksess som en gummidraktkledt fantasifigur i en popul\u00e6r familiefilm, men etter det stagnerer hennes karriere som sanger og skuespiller. Hun livn\u00e6rer seg med tilfeldige jobber men hun venter p\u00e5 oppgaver som er hennes talent verdig. I en teatergruppe hun spiller sammen med m\u00f8ter [&hellip;]","og_url":"https:\/\/staging.forenteforlag.no\/pax\/produkt\/kanskje-manen\/","og_site_name":"Pax","article_modified_time":"2026-03-04T17:16:40+00:00","og_image":[{"width":1200,"height":800,"url":"https:\/\/staging.forenteforlag.no\/pax\/wp-content\/uploads\/sites\/5\/2025\/02\/pax-hvit.jpg","type":"image\/jpeg"}],"twitter_card":"summary_large_image","schema":{"@context":"https:\/\/schema.org","@graph":[{"@type":"WebPage","@id":"https:\/\/staging.forenteforlag.no\/pax\/produkt\/kanskje-manen\/","url":"https:\/\/staging.forenteforlag.no\/pax\/produkt\/kanskje-manen\/","name":"Kanskje m\u00e5nen - Pax","isPartOf":{"@id":"https:\/\/staging.forenteforlag.no\/pax\/#website"},"datePublished":"2024-12-10T21:39:16+00:00","dateModified":"2026-03-04T17:16:40+00:00","breadcrumb":{"@id":"https:\/\/staging.forenteforlag.no\/pax\/produkt\/kanskje-manen\/#breadcrumb"},"inLanguage":"nb-NO","potentialAction":[{"@type":"ReadAction","target":["https:\/\/staging.forenteforlag.no\/pax\/produkt\/kanskje-manen\/"]}]},{"@type":"BreadcrumbList","@id":"https:\/\/staging.forenteforlag.no\/pax\/produkt\/kanskje-manen\/#breadcrumb","itemListElement":[{"@type":"ListItem","position":1,"name":"Hjem","item":"https:\/\/staging.forenteforlag.no\/pax\/"},{"@type":"ListItem","position":2,"name":"Alle b\u00f8ker","item":"https:\/\/staging.forenteforlag.no\/pax\/butikk\/"},{"@type":"ListItem","position":3,"name":"Kanskje m\u00e5nen"}]},{"@type":"WebSite","@id":"https:\/\/staging.forenteforlag.no\/pax\/#website","url":"https:\/\/staging.forenteforlag.no\/pax\/","name":"Pax","description":"","potentialAction":[{"@type":"SearchAction","target":{"@type":"EntryPoint","urlTemplate":"https:\/\/staging.forenteforlag.no\/pax\/?s={search_term_string}"},"query-input":{"@type":"PropertyValueSpecification","valueRequired":true,"valueName":"search_term_string"}}],"inLanguage":"nb-NO"}]}},"_links":{"self":[{"href":"https:\/\/staging.forenteforlag.no\/pax\/wp-json\/wp\/v2\/product\/23226","targetHints":{"allow":["GET"]}}],"collection":[{"href":"https:\/\/staging.forenteforlag.no\/pax\/wp-json\/wp\/v2\/product"}],"about":[{"href":"https:\/\/staging.forenteforlag.no\/pax\/wp-json\/wp\/v2\/types\/product"}],"wp:attachment":[{"href":"https:\/\/staging.forenteforlag.no\/pax\/wp-json\/wp\/v2\/media?parent=23226"}],"wp:term":[{"taxonomy":"product_brand","embeddable":true,"href":"https:\/\/staging.forenteforlag.no\/pax\/wp-json\/wp\/v2\/product_brand?post=23226"},{"taxonomy":"product_cat","embeddable":true,"href":"https:\/\/staging.forenteforlag.no\/pax\/wp-json\/wp\/v2\/product_cat?post=23226"},{"taxonomy":"product_tag","embeddable":true,"href":"https:\/\/staging.forenteforlag.no\/pax\/wp-json\/wp\/v2\/product_tag?post=23226"}],"curies":[{"name":"wp","href":"https:\/\/api.w.org\/{rel}","templated":true}]}}