{"id":23216,"date":"2008-05-22T02:00:00","date_gmt":"2008-05-22T00:00:00","guid":{"rendered":"https:\/\/pax.forenteforlag.no\/produkt\/kulturanalyse\/"},"modified":"2026-03-03T21:47:31","modified_gmt":"2026-03-03T20:47:31","slug":"kulturanalyse","status":"publish","type":"product","link":"https:\/\/staging.forenteforlag.no\/pax\/produkt\/kulturanalyse\/","title":{"rendered":"Kulturanalyse"},"content":{"rendered":"<p>Kulturanalyse er et pion\u00e9rverk om kulturanalysens historie i Norge og et viktig bidrag til norsk vitenskapshistorie. Boken viser hvordan ulike kunnskapsprosjekter har formet forst\u00e5elsen av menneskets ulike levem\u00e5ter &#8211; det vi i dag kaller kultur. Antologien inneholder litter\u00e6re og vitenskapelige originaltekster om kultur og kulturforst\u00e5else fra perioden 1650-1950. De handler om forfedrene, folket og hedningene. Om de ville og de fremmede, om oss og de andre. Og om det moderne. Blant de historiske forfatterne er Gerhard Sch\u00f8ning, Rudolf Keyser, Dorthea Bass\u00f8e, Helge Ingstad. Hver av de historiske tekstene introduseres med et nytt fagessay. Introduksjonene er ved Anne Eriksen, Anders Johansen, Siv Ellen Kraft og Erling Sandmo. Boken er et tverrfaglig samarbeidsprosjekt.<\/p>\n","protected":false},"excerpt":{"rendered":"<p>Kulturanalyse er et pion\u00e9rverk om kulturanalysens historie i Norge og et viktig bidrag til norsk vitenskapshistorie. Boken viser hvordan ulike kunnskapsprosjekter har formet forst\u00e5elsen av menneskets ulike levem\u00e5ter &#8211; det vi i dag kaller kultur. Antologien inneholder litter\u00e6re og vitenskapelige originaltekster om kultur og kulturforst\u00e5else fra perioden 1650-1950. De handler om forfedrene, folket og hedningene. [&hellip;]<\/p>\n","protected":false},"featured_media":28139,"template":"","meta":{"_acf_changed":false,"inline_featured_image":false},"product_brand":[],"product_cat":[1782],"product_tag":[378,362,843,361,502,439],"class_list":{"0":"post-23216","1":"product","2":"type-product","3":"status-publish","4":"has-post-thumbnail","6":"product_cat-fripris","7":"product_tag-essay","8":"product_tag-faglitteratur","9":"product_tag-kulturforskning","10":"product_tag-kulturhistorie","11":"product_tag-laereboker-hoyere-utd","12":"product_tag-nord-norge","14":"first","15":"outofstock","16":"shipping-taxable","17":"purchasable","18":"product-type-simple"},"acf":{"anmeldelse":null},"yoast_head":"<!-- This site is optimized with the Yoast SEO plugin v26.6 - https:\/\/yoast.com\/wordpress\/plugins\/seo\/ -->\n<title>Kulturanalyse - Pax<\/title>\n<meta name=\"robots\" content=\"noindex, follow, max-snippet:-1, max-image-preview:large, max-video-preview:-1\" \/>\n<meta property=\"og:locale\" content=\"nb_NO\" \/>\n<meta property=\"og:type\" content=\"article\" \/>\n<meta property=\"og:title\" content=\"Kulturanalyse - Pax\" \/>\n<meta property=\"og:description\" content=\"Kulturanalyse er et pion\u00e9rverk om kulturanalysens historie i Norge og et viktig bidrag til norsk vitenskapshistorie. Boken viser hvordan ulike kunnskapsprosjekter har formet forst\u00e5elsen av menneskets ulike levem\u00e5ter &#8211; det vi i dag kaller kultur. Antologien inneholder litter\u00e6re og vitenskapelige originaltekster om kultur og kulturforst\u00e5else fra perioden 1650-1950. De handler om forfedrene, folket og hedningene. [&hellip;]\" \/>\n<meta property=\"og:url\" content=\"https:\/\/staging.forenteforlag.no\/pax\/produkt\/kulturanalyse\/\" \/>\n<meta property=\"og:site_name\" content=\"Pax\" \/>\n<meta property=\"article:modified_time\" content=\"2026-03-03T20:47:31+00:00\" \/>\n<meta property=\"og:image\" content=\"https:\/\/staging.forenteforlag.no\/pax\/wp-content\/uploads\/sites\/5\/2025\/08\/jpg-6100.jpg\" \/>\n\t<meta property=\"og:image:width\" content=\"329\" \/>\n\t<meta property=\"og:image:height\" content=\"450\" \/>\n\t<meta property=\"og:image:type\" content=\"image\/jpeg\" \/>\n<meta name=\"twitter:card\" content=\"summary_large_image\" \/>\n<meta name=\"twitter:label1\" content=\"Ansl. lesetid\" \/>\n\t<meta name=\"twitter:data1\" content=\"1 minutt\" \/>\n<script type=\"application\/ld+json\" class=\"yoast-schema-graph\">{\"@context\":\"https:\/\/schema.org\",\"@graph\":[{\"@type\":\"WebPage\",\"@id\":\"https:\/\/staging.forenteforlag.no\/pax\/produkt\/kulturanalyse\/\",\"url\":\"https:\/\/staging.forenteforlag.no\/pax\/produkt\/kulturanalyse\/\",\"name\":\"Kulturanalyse - Pax\",\"isPartOf\":{\"@id\":\"https:\/\/staging.forenteforlag.no\/pax\/#website\"},\"primaryImageOfPage\":{\"@id\":\"https:\/\/staging.forenteforlag.no\/pax\/produkt\/kulturanalyse\/#primaryimage\"},\"image\":{\"@id\":\"https:\/\/staging.forenteforlag.no\/pax\/produkt\/kulturanalyse\/#primaryimage\"},\"thumbnailUrl\":\"https:\/\/staging.forenteforlag.no\/pax\/wp-content\/uploads\/sites\/5\/2025\/08\/jpg-6100.jpg\",\"datePublished\":\"2008-05-22T00:00:00+00:00\",\"dateModified\":\"2026-03-03T20:47:31+00:00\",\"breadcrumb\":{\"@id\":\"https:\/\/staging.forenteforlag.no\/pax\/produkt\/kulturanalyse\/#breadcrumb\"},\"inLanguage\":\"nb-NO\",\"potentialAction\":[{\"@type\":\"ReadAction\",\"target\":[\"https:\/\/staging.forenteforlag.no\/pax\/produkt\/kulturanalyse\/\"]}]},{\"@type\":\"ImageObject\",\"inLanguage\":\"nb-NO\",\"@id\":\"https:\/\/staging.forenteforlag.no\/pax\/produkt\/kulturanalyse\/#primaryimage\",\"url\":\"https:\/\/staging.forenteforlag.no\/pax\/wp-content\/uploads\/sites\/5\/2025\/08\/jpg-6100.jpg\",\"contentUrl\":\"https:\/\/staging.forenteforlag.no\/pax\/wp-content\/uploads\/sites\/5\/2025\/08\/jpg-6100.jpg\",\"width\":329,\"height\":450},{\"@type\":\"BreadcrumbList\",\"@id\":\"https:\/\/staging.forenteforlag.no\/pax\/produkt\/kulturanalyse\/#breadcrumb\",\"itemListElement\":[{\"@type\":\"ListItem\",\"position\":1,\"name\":\"Hjem\",\"item\":\"https:\/\/staging.forenteforlag.no\/pax\/\"},{\"@type\":\"ListItem\",\"position\":2,\"name\":\"Alle b\u00f8ker\",\"item\":\"https:\/\/staging.forenteforlag.no\/pax\/butikk\/\"},{\"@type\":\"ListItem\",\"position\":3,\"name\":\"Kulturanalyse\"}]},{\"@type\":\"WebSite\",\"@id\":\"https:\/\/staging.forenteforlag.no\/pax\/#website\",\"url\":\"https:\/\/staging.forenteforlag.no\/pax\/\",\"name\":\"Pax\",\"description\":\"\",\"potentialAction\":[{\"@type\":\"SearchAction\",\"target\":{\"@type\":\"EntryPoint\",\"urlTemplate\":\"https:\/\/staging.forenteforlag.no\/pax\/?s={search_term_string}\"},\"query-input\":{\"@type\":\"PropertyValueSpecification\",\"valueRequired\":true,\"valueName\":\"search_term_string\"}}],\"inLanguage\":\"nb-NO\"}]}<\/script>\n<!-- \/ Yoast SEO plugin. -->","yoast_head_json":{"title":"Kulturanalyse - Pax","robots":{"index":"noindex","follow":"follow","max-snippet":"max-snippet:-1","max-image-preview":"max-image-preview:large","max-video-preview":"max-video-preview:-1"},"og_locale":"nb_NO","og_type":"article","og_title":"Kulturanalyse - Pax","og_description":"Kulturanalyse er et pion\u00e9rverk om kulturanalysens historie i Norge og et viktig bidrag til norsk vitenskapshistorie. Boken viser hvordan ulike kunnskapsprosjekter har formet forst\u00e5elsen av menneskets ulike levem\u00e5ter &#8211; det vi i dag kaller kultur. Antologien inneholder litter\u00e6re og vitenskapelige originaltekster om kultur og kulturforst\u00e5else fra perioden 1650-1950. De handler om forfedrene, folket og hedningene. [&hellip;]","og_url":"https:\/\/staging.forenteforlag.no\/pax\/produkt\/kulturanalyse\/","og_site_name":"Pax","article_modified_time":"2026-03-03T20:47:31+00:00","og_image":[{"width":329,"height":450,"url":"https:\/\/staging.forenteforlag.no\/pax\/wp-content\/uploads\/sites\/5\/2025\/08\/jpg-6100.jpg","type":"image\/jpeg"}],"twitter_card":"summary_large_image","twitter_misc":{"Ansl. lesetid":"1 minutt"},"schema":{"@context":"https:\/\/schema.org","@graph":[{"@type":"WebPage","@id":"https:\/\/staging.forenteforlag.no\/pax\/produkt\/kulturanalyse\/","url":"https:\/\/staging.forenteforlag.no\/pax\/produkt\/kulturanalyse\/","name":"Kulturanalyse - Pax","isPartOf":{"@id":"https:\/\/staging.forenteforlag.no\/pax\/#website"},"primaryImageOfPage":{"@id":"https:\/\/staging.forenteforlag.no\/pax\/produkt\/kulturanalyse\/#primaryimage"},"image":{"@id":"https:\/\/staging.forenteforlag.no\/pax\/produkt\/kulturanalyse\/#primaryimage"},"thumbnailUrl":"https:\/\/staging.forenteforlag.no\/pax\/wp-content\/uploads\/sites\/5\/2025\/08\/jpg-6100.jpg","datePublished":"2008-05-22T00:00:00+00:00","dateModified":"2026-03-03T20:47:31+00:00","breadcrumb":{"@id":"https:\/\/staging.forenteforlag.no\/pax\/produkt\/kulturanalyse\/#breadcrumb"},"inLanguage":"nb-NO","potentialAction":[{"@type":"ReadAction","target":["https:\/\/staging.forenteforlag.no\/pax\/produkt\/kulturanalyse\/"]}]},{"@type":"ImageObject","inLanguage":"nb-NO","@id":"https:\/\/staging.forenteforlag.no\/pax\/produkt\/kulturanalyse\/#primaryimage","url":"https:\/\/staging.forenteforlag.no\/pax\/wp-content\/uploads\/sites\/5\/2025\/08\/jpg-6100.jpg","contentUrl":"https:\/\/staging.forenteforlag.no\/pax\/wp-content\/uploads\/sites\/5\/2025\/08\/jpg-6100.jpg","width":329,"height":450},{"@type":"BreadcrumbList","@id":"https:\/\/staging.forenteforlag.no\/pax\/produkt\/kulturanalyse\/#breadcrumb","itemListElement":[{"@type":"ListItem","position":1,"name":"Hjem","item":"https:\/\/staging.forenteforlag.no\/pax\/"},{"@type":"ListItem","position":2,"name":"Alle b\u00f8ker","item":"https:\/\/staging.forenteforlag.no\/pax\/butikk\/"},{"@type":"ListItem","position":3,"name":"Kulturanalyse"}]},{"@type":"WebSite","@id":"https:\/\/staging.forenteforlag.no\/pax\/#website","url":"https:\/\/staging.forenteforlag.no\/pax\/","name":"Pax","description":"","potentialAction":[{"@type":"SearchAction","target":{"@type":"EntryPoint","urlTemplate":"https:\/\/staging.forenteforlag.no\/pax\/?s={search_term_string}"},"query-input":{"@type":"PropertyValueSpecification","valueRequired":true,"valueName":"search_term_string"}}],"inLanguage":"nb-NO"}]}},"_links":{"self":[{"href":"https:\/\/staging.forenteforlag.no\/pax\/wp-json\/wp\/v2\/product\/23216","targetHints":{"allow":["GET"]}}],"collection":[{"href":"https:\/\/staging.forenteforlag.no\/pax\/wp-json\/wp\/v2\/product"}],"about":[{"href":"https:\/\/staging.forenteforlag.no\/pax\/wp-json\/wp\/v2\/types\/product"}],"wp:featuredmedia":[{"embeddable":true,"href":"https:\/\/staging.forenteforlag.no\/pax\/wp-json\/wp\/v2\/media\/28139"}],"wp:attachment":[{"href":"https:\/\/staging.forenteforlag.no\/pax\/wp-json\/wp\/v2\/media?parent=23216"}],"wp:term":[{"taxonomy":"product_brand","embeddable":true,"href":"https:\/\/staging.forenteforlag.no\/pax\/wp-json\/wp\/v2\/product_brand?post=23216"},{"taxonomy":"product_cat","embeddable":true,"href":"https:\/\/staging.forenteforlag.no\/pax\/wp-json\/wp\/v2\/product_cat?post=23216"},{"taxonomy":"product_tag","embeddable":true,"href":"https:\/\/staging.forenteforlag.no\/pax\/wp-json\/wp\/v2\/product_tag?post=23216"}],"curies":[{"name":"wp","href":"https:\/\/api.w.org\/{rel}","templated":true}]}}