{"id":23196,"date":"2020-07-10T02:00:00","date_gmt":"2020-07-10T00:00:00","guid":{"rendered":"https:\/\/pax.forenteforlag.no\/produkt\/hatets-lovsang\/"},"modified":"2026-03-03T23:02:03","modified_gmt":"2026-03-03T22:02:03","slug":"hatets-lovsang","status":"publish","type":"product","link":"https:\/\/staging.forenteforlag.no\/pax\/produkt\/hatets-lovsang\/","title":{"rendered":"Hatets lovsang"},"content":{"rendered":"<p>I 1980-tallets Syria lever romanens navnl\u00f8se hovedperson et tilbaketrukket liv bak sl\u00f8r i det store og parfymerte huset til besteforeldrene i Aleppo. Der oppdras hun av de tre tantene sine, Maryam den fromme, Safa den liberale, og Marwa den frisinnede, og av husets oppofrende, blinde tjener Radwan. Regimets akselererende terror mot sine egne borgere fyller henne med hat, og hun dras stadig mer i retning av fundamentalistisk islam. Hun f\u00f8lger i onkelen Bakrs fotspor og tar det farefulle steget inn i kampen for religionen, landet, og til syvende og sist, sin egen fremtid. Hatet fyller henne med n\u00e6ring i en tid hvor det ikke finnes rom for kj\u00e6rlighet. Det syriske regimets brutale undertrykkelse av Det muslimske brorskap p\u00e5 1980-tallet utgj\u00f8r det historiske bakteppet for denne romanen. Dens elegante bruk av tradisjonell, lagdelt arabisk historiefortelling gir gjenklang til den moderne tragedien som utspiller seg i Midt\u00f8sten i dag. Romanen ble for f\u00f8rste gang utgitt i Syria i 2006 og ble umiddelbart forbudt p\u00e5 grunn av sitt kontroversielle tema: det blodige oppgj\u00f8ret mellom regjeringssoldater og militante medlemmer av Det muslimske brorskap.<\/p>\n","protected":false},"excerpt":{"rendered":"<p>I 1980-tallets Syria lever romanens navnl\u00f8se hovedperson et tilbaketrukket liv bak sl\u00f8r i det store og parfymerte huset til besteforeldrene i Aleppo. Der oppdras hun av de tre tantene sine, Maryam den fromme, Safa den liberale, og Marwa den frisinnede, og av husets oppofrende, blinde tjener Radwan. Regimets akselererende terror mot sine egne borgere fyller [&hellip;]<\/p>\n","protected":false},"featured_media":28579,"template":"","meta":{"_acf_changed":false,"inline_featured_image":false},"product_brand":[],"product_cat":[1782],"product_tag":[387,836,1095,1126,370,795],"class_list":{"0":"post-23196","1":"product","2":"type-product","3":"status-publish","4":"has-post-thumbnail","6":"product_cat-fripris","7":"product_tag-1980-1989","8":"product_tag-diktatur","9":"product_tag-grafiske-romaner","10":"product_tag-radikalisering","11":"product_tag-skjonnlitteratur","12":"product_tag-syria","14":"first","15":"instock","16":"shipping-taxable","17":"purchasable","18":"product-type-simple"},"acf":{"anmeldelse":[{"tekst_anmeldelser":"\u00abAlle som \u00f8nsker \u00e5 forst\u00e5 krisen i Midt\u00f8sten i dag b\u00f8r lese denne vakre, kraftfulle og rystende romanen.\u00bb Library Journal  \u00abAt Khalifa velger \u00e5 skrive om fanatisme fra et kvinneperspektiv, og ikke med den .mannlige martyr. som utgangspunkt, er denne bokas","av_anmeldelser":"","terningkast":false,"kilde":""}]},"yoast_head":"<!-- This site is optimized with the Yoast SEO plugin v26.6 - https:\/\/yoast.com\/wordpress\/plugins\/seo\/ -->\n<title>Hatets lovsang - Pax<\/title>\n<meta name=\"robots\" content=\"noindex, follow, max-snippet:-1, max-image-preview:large, max-video-preview:-1\" \/>\n<meta property=\"og:locale\" content=\"nb_NO\" \/>\n<meta property=\"og:type\" content=\"article\" \/>\n<meta property=\"og:title\" content=\"Hatets lovsang - Pax\" \/>\n<meta property=\"og:description\" content=\"I 1980-tallets Syria lever romanens navnl\u00f8se hovedperson et tilbaketrukket liv bak sl\u00f8r i det store og parfymerte huset til besteforeldrene i Aleppo. Der oppdras hun av de tre tantene sine, Maryam den fromme, Safa den liberale, og Marwa den frisinnede, og av husets oppofrende, blinde tjener Radwan. Regimets akselererende terror mot sine egne borgere fyller [&hellip;]\" \/>\n<meta property=\"og:url\" content=\"https:\/\/staging.forenteforlag.no\/pax\/produkt\/hatets-lovsang\/\" \/>\n<meta property=\"og:site_name\" content=\"Pax\" \/>\n<meta property=\"article:modified_time\" content=\"2026-03-03T22:02:03+00:00\" \/>\n<meta property=\"og:image\" content=\"https:\/\/staging.forenteforlag.no\/pax\/wp-content\/uploads\/sites\/5\/2025\/08\/jpg-7381-scaled.jpg\" \/>\n\t<meta property=\"og:image:width\" content=\"1200\" \/>\n\t<meta property=\"og:image:height\" content=\"1920\" \/>\n\t<meta property=\"og:image:type\" content=\"image\/jpeg\" \/>\n<meta name=\"twitter:card\" content=\"summary_large_image\" \/>\n<meta name=\"twitter:label1\" content=\"Ansl. lesetid\" \/>\n\t<meta name=\"twitter:data1\" content=\"1 minutt\" \/>\n<script type=\"application\/ld+json\" class=\"yoast-schema-graph\">{\"@context\":\"https:\/\/schema.org\",\"@graph\":[{\"@type\":\"WebPage\",\"@id\":\"https:\/\/staging.forenteforlag.no\/pax\/produkt\/hatets-lovsang\/\",\"url\":\"https:\/\/staging.forenteforlag.no\/pax\/produkt\/hatets-lovsang\/\",\"name\":\"Hatets lovsang - Pax\",\"isPartOf\":{\"@id\":\"https:\/\/staging.forenteforlag.no\/pax\/#website\"},\"primaryImageOfPage\":{\"@id\":\"https:\/\/staging.forenteforlag.no\/pax\/produkt\/hatets-lovsang\/#primaryimage\"},\"image\":{\"@id\":\"https:\/\/staging.forenteforlag.no\/pax\/produkt\/hatets-lovsang\/#primaryimage\"},\"thumbnailUrl\":\"https:\/\/staging.forenteforlag.no\/pax\/wp-content\/uploads\/sites\/5\/2025\/08\/jpg-7381-scaled.jpg\",\"datePublished\":\"2020-07-10T00:00:00+00:00\",\"dateModified\":\"2026-03-03T22:02:03+00:00\",\"breadcrumb\":{\"@id\":\"https:\/\/staging.forenteforlag.no\/pax\/produkt\/hatets-lovsang\/#breadcrumb\"},\"inLanguage\":\"nb-NO\",\"potentialAction\":[{\"@type\":\"ReadAction\",\"target\":[\"https:\/\/staging.forenteforlag.no\/pax\/produkt\/hatets-lovsang\/\"]}]},{\"@type\":\"ImageObject\",\"inLanguage\":\"nb-NO\",\"@id\":\"https:\/\/staging.forenteforlag.no\/pax\/produkt\/hatets-lovsang\/#primaryimage\",\"url\":\"https:\/\/staging.forenteforlag.no\/pax\/wp-content\/uploads\/sites\/5\/2025\/08\/jpg-7381-scaled.jpg\",\"contentUrl\":\"https:\/\/staging.forenteforlag.no\/pax\/wp-content\/uploads\/sites\/5\/2025\/08\/jpg-7381-scaled.jpg\",\"width\":1200,\"height\":1920},{\"@type\":\"BreadcrumbList\",\"@id\":\"https:\/\/staging.forenteforlag.no\/pax\/produkt\/hatets-lovsang\/#breadcrumb\",\"itemListElement\":[{\"@type\":\"ListItem\",\"position\":1,\"name\":\"Hjem\",\"item\":\"https:\/\/staging.forenteforlag.no\/pax\/\"},{\"@type\":\"ListItem\",\"position\":2,\"name\":\"Alle b\u00f8ker\",\"item\":\"https:\/\/staging.forenteforlag.no\/pax\/butikk\/\"},{\"@type\":\"ListItem\",\"position\":3,\"name\":\"Hatets lovsang\"}]},{\"@type\":\"WebSite\",\"@id\":\"https:\/\/staging.forenteforlag.no\/pax\/#website\",\"url\":\"https:\/\/staging.forenteforlag.no\/pax\/\",\"name\":\"Pax\",\"description\":\"\",\"potentialAction\":[{\"@type\":\"SearchAction\",\"target\":{\"@type\":\"EntryPoint\",\"urlTemplate\":\"https:\/\/staging.forenteforlag.no\/pax\/?s={search_term_string}\"},\"query-input\":{\"@type\":\"PropertyValueSpecification\",\"valueRequired\":true,\"valueName\":\"search_term_string\"}}],\"inLanguage\":\"nb-NO\"}]}<\/script>\n<!-- \/ Yoast SEO plugin. -->","yoast_head_json":{"title":"Hatets lovsang - Pax","robots":{"index":"noindex","follow":"follow","max-snippet":"max-snippet:-1","max-image-preview":"max-image-preview:large","max-video-preview":"max-video-preview:-1"},"og_locale":"nb_NO","og_type":"article","og_title":"Hatets lovsang - Pax","og_description":"I 1980-tallets Syria lever romanens navnl\u00f8se hovedperson et tilbaketrukket liv bak sl\u00f8r i det store og parfymerte huset til besteforeldrene i Aleppo. Der oppdras hun av de tre tantene sine, Maryam den fromme, Safa den liberale, og Marwa den frisinnede, og av husets oppofrende, blinde tjener Radwan. Regimets akselererende terror mot sine egne borgere fyller [&hellip;]","og_url":"https:\/\/staging.forenteforlag.no\/pax\/produkt\/hatets-lovsang\/","og_site_name":"Pax","article_modified_time":"2026-03-03T22:02:03+00:00","og_image":[{"width":1200,"height":1920,"url":"https:\/\/staging.forenteforlag.no\/pax\/wp-content\/uploads\/sites\/5\/2025\/08\/jpg-7381-scaled.jpg","type":"image\/jpeg"}],"twitter_card":"summary_large_image","twitter_misc":{"Ansl. lesetid":"1 minutt"},"schema":{"@context":"https:\/\/schema.org","@graph":[{"@type":"WebPage","@id":"https:\/\/staging.forenteforlag.no\/pax\/produkt\/hatets-lovsang\/","url":"https:\/\/staging.forenteforlag.no\/pax\/produkt\/hatets-lovsang\/","name":"Hatets lovsang - Pax","isPartOf":{"@id":"https:\/\/staging.forenteforlag.no\/pax\/#website"},"primaryImageOfPage":{"@id":"https:\/\/staging.forenteforlag.no\/pax\/produkt\/hatets-lovsang\/#primaryimage"},"image":{"@id":"https:\/\/staging.forenteforlag.no\/pax\/produkt\/hatets-lovsang\/#primaryimage"},"thumbnailUrl":"https:\/\/staging.forenteforlag.no\/pax\/wp-content\/uploads\/sites\/5\/2025\/08\/jpg-7381-scaled.jpg","datePublished":"2020-07-10T00:00:00+00:00","dateModified":"2026-03-03T22:02:03+00:00","breadcrumb":{"@id":"https:\/\/staging.forenteforlag.no\/pax\/produkt\/hatets-lovsang\/#breadcrumb"},"inLanguage":"nb-NO","potentialAction":[{"@type":"ReadAction","target":["https:\/\/staging.forenteforlag.no\/pax\/produkt\/hatets-lovsang\/"]}]},{"@type":"ImageObject","inLanguage":"nb-NO","@id":"https:\/\/staging.forenteforlag.no\/pax\/produkt\/hatets-lovsang\/#primaryimage","url":"https:\/\/staging.forenteforlag.no\/pax\/wp-content\/uploads\/sites\/5\/2025\/08\/jpg-7381-scaled.jpg","contentUrl":"https:\/\/staging.forenteforlag.no\/pax\/wp-content\/uploads\/sites\/5\/2025\/08\/jpg-7381-scaled.jpg","width":1200,"height":1920},{"@type":"BreadcrumbList","@id":"https:\/\/staging.forenteforlag.no\/pax\/produkt\/hatets-lovsang\/#breadcrumb","itemListElement":[{"@type":"ListItem","position":1,"name":"Hjem","item":"https:\/\/staging.forenteforlag.no\/pax\/"},{"@type":"ListItem","position":2,"name":"Alle b\u00f8ker","item":"https:\/\/staging.forenteforlag.no\/pax\/butikk\/"},{"@type":"ListItem","position":3,"name":"Hatets lovsang"}]},{"@type":"WebSite","@id":"https:\/\/staging.forenteforlag.no\/pax\/#website","url":"https:\/\/staging.forenteforlag.no\/pax\/","name":"Pax","description":"","potentialAction":[{"@type":"SearchAction","target":{"@type":"EntryPoint","urlTemplate":"https:\/\/staging.forenteforlag.no\/pax\/?s={search_term_string}"},"query-input":{"@type":"PropertyValueSpecification","valueRequired":true,"valueName":"search_term_string"}}],"inLanguage":"nb-NO"}]}},"_links":{"self":[{"href":"https:\/\/staging.forenteforlag.no\/pax\/wp-json\/wp\/v2\/product\/23196","targetHints":{"allow":["GET"]}}],"collection":[{"href":"https:\/\/staging.forenteforlag.no\/pax\/wp-json\/wp\/v2\/product"}],"about":[{"href":"https:\/\/staging.forenteforlag.no\/pax\/wp-json\/wp\/v2\/types\/product"}],"wp:featuredmedia":[{"embeddable":true,"href":"https:\/\/staging.forenteforlag.no\/pax\/wp-json\/wp\/v2\/media\/28579"}],"wp:attachment":[{"href":"https:\/\/staging.forenteforlag.no\/pax\/wp-json\/wp\/v2\/media?parent=23196"}],"wp:term":[{"taxonomy":"product_brand","embeddable":true,"href":"https:\/\/staging.forenteforlag.no\/pax\/wp-json\/wp\/v2\/product_brand?post=23196"},{"taxonomy":"product_cat","embeddable":true,"href":"https:\/\/staging.forenteforlag.no\/pax\/wp-json\/wp\/v2\/product_cat?post=23196"},{"taxonomy":"product_tag","embeddable":true,"href":"https:\/\/staging.forenteforlag.no\/pax\/wp-json\/wp\/v2\/product_tag?post=23196"}],"curies":[{"name":"wp","href":"https:\/\/api.w.org\/{rel}","templated":true}]}}