{"id":23186,"date":"2012-03-12T01:00:00","date_gmt":"2012-03-12T00:00:00","guid":{"rendered":"https:\/\/pax.forenteforlag.no\/produkt\/fodt-til-a-lope\/"},"modified":"2025-08-27T10:01:55","modified_gmt":"2025-08-27T08:01:55","slug":"fodt-til-a-lope","status":"publish","type":"product","link":"https:\/\/staging.forenteforlag.no\/pax\/produkt\/fodt-til-a-lope\/","title":{"rendered":"F\u00f8dt til \u00e5 l\u00f8pe"},"content":{"rendered":"<p>Hvorfor l\u00f8per vi? Det er utgangspunktet til den amerikanske journalisten Christopher McDougall. I jakten p\u00e5 svaret opps\u00f8ker han glohete canyoner, utilgjengelige fjelltopper, savanner og maratonl\u00f8yper. Han m\u00f8ter den myteomspunne l\u00f8peren Caballo Blanco og l\u00f8perstammen tarahumaraene i Mexico, han blir venner med noen av verdens beste langdistansel\u00f8pere, han snakker med skofabrikanter, trenere og leger &#8211; og han oppdager at n\u00f8kkelen til et bedre liv kan v\u00e6re n\u00e6rmere enn du tror.   &laquo;F\u00f8dt til \u00e5 l\u00f8pe&raquo;har allerede f\u00e5tt klassikerstatus i l\u00f8pemilj\u00f8er verden over, men den har i like stor grad fenget vanlige lesere. For dette er framfor alt en eventyrlig fortelling med et knippe helt uforglemmelige karakterer. Boka er solgt til over 20 land, har ligget p\u00e5 bestselgerlistene siden den kom, og filmrettighetene er solgt til Hollywood. Med smittende energi og entusiasme tar McDougall deg med p\u00e5 en reise du sent vil glemme.<\/p>\n","protected":false},"excerpt":{"rendered":"<p>Hvorfor l\u00f8per vi? Det er utgangspunktet til den amerikanske journalisten Christopher McDougall. I jakten p\u00e5 svaret opps\u00f8ker han glohete canyoner, utilgjengelige fjelltopper, savanner og maratonl\u00f8yper. Han m\u00f8ter den myteomspunne l\u00f8peren Caballo Blanco og l\u00f8perstammen tarahumaraene i Mexico, han blir venner med noen av verdens beste langdistansel\u00f8pere, han snakker med skofabrikanter, trenere og leger &#8211; og [&hellip;]<\/p>\n","protected":false},"featured_media":28617,"template":"","meta":{"_acf_changed":false,"inline_featured_image":false},"product_brand":[],"product_cat":[29,34],"product_tag":[362,1355],"class_list":{"0":"post-23186","1":"product","2":"type-product","3":"status-publish","4":"has-post-thumbnail","6":"product_cat-natur-friluftsliv-og-sport","7":"product_cat-teknikk-og-populaervitenskap","8":"product_tag-faglitteratur","9":"product_tag-loping","10":"pa_format-innbundet","12":"first","13":"outofstock","14":"shipping-taxable","15":"purchasable","16":"product-type-simple"},"acf":{"anmeldelse":null},"yoast_head":"<!-- This site is optimized with the Yoast SEO plugin v26.6 - https:\/\/yoast.com\/wordpress\/plugins\/seo\/ -->\n<title>F\u00f8dt til \u00e5 l\u00f8pe - Pax<\/title>\n<meta name=\"robots\" content=\"noindex, follow, max-snippet:-1, max-image-preview:large, max-video-preview:-1\" \/>\n<meta property=\"og:locale\" content=\"nb_NO\" \/>\n<meta property=\"og:type\" content=\"article\" \/>\n<meta property=\"og:title\" content=\"F\u00f8dt til \u00e5 l\u00f8pe - Pax\" \/>\n<meta property=\"og:description\" content=\"Hvorfor l\u00f8per vi? Det er utgangspunktet til den amerikanske journalisten Christopher McDougall. I jakten p\u00e5 svaret opps\u00f8ker han glohete canyoner, utilgjengelige fjelltopper, savanner og maratonl\u00f8yper. Han m\u00f8ter den myteomspunne l\u00f8peren Caballo Blanco og l\u00f8perstammen tarahumaraene i Mexico, han blir venner med noen av verdens beste langdistansel\u00f8pere, han snakker med skofabrikanter, trenere og leger &#8211; og [&hellip;]\" \/>\n<meta property=\"og:url\" content=\"https:\/\/staging.forenteforlag.no\/pax\/produkt\/fodt-til-a-lope\/\" \/>\n<meta property=\"og:site_name\" content=\"Pax\" \/>\n<meta property=\"article:modified_time\" content=\"2025-08-27T08:01:55+00:00\" \/>\n<meta property=\"og:image\" content=\"https:\/\/staging.forenteforlag.no\/pax\/wp-content\/uploads\/sites\/5\/2025\/08\/jpg-7469.jpg\" \/>\n\t<meta property=\"og:image:width\" content=\"317\" \/>\n\t<meta property=\"og:image:height\" content=\"449\" \/>\n\t<meta property=\"og:image:type\" content=\"image\/jpeg\" \/>\n<meta name=\"twitter:card\" content=\"summary_large_image\" \/>\n<meta name=\"twitter:label1\" content=\"Ansl. lesetid\" \/>\n\t<meta name=\"twitter:data1\" content=\"1 minutt\" \/>\n<script type=\"application\/ld+json\" class=\"yoast-schema-graph\">{\"@context\":\"https:\/\/schema.org\",\"@graph\":[{\"@type\":\"WebPage\",\"@id\":\"https:\/\/staging.forenteforlag.no\/pax\/produkt\/fodt-til-a-lope\/\",\"url\":\"https:\/\/staging.forenteforlag.no\/pax\/produkt\/fodt-til-a-lope\/\",\"name\":\"F\u00f8dt til \u00e5 l\u00f8pe - Pax\",\"isPartOf\":{\"@id\":\"https:\/\/staging.forenteforlag.no\/pax\/#website\"},\"primaryImageOfPage\":{\"@id\":\"https:\/\/staging.forenteforlag.no\/pax\/produkt\/fodt-til-a-lope\/#primaryimage\"},\"image\":{\"@id\":\"https:\/\/staging.forenteforlag.no\/pax\/produkt\/fodt-til-a-lope\/#primaryimage\"},\"thumbnailUrl\":\"https:\/\/staging.forenteforlag.no\/pax\/wp-content\/uploads\/sites\/5\/2025\/08\/jpg-7469.jpg\",\"datePublished\":\"2012-03-12T00:00:00+00:00\",\"dateModified\":\"2025-08-27T08:01:55+00:00\",\"breadcrumb\":{\"@id\":\"https:\/\/staging.forenteforlag.no\/pax\/produkt\/fodt-til-a-lope\/#breadcrumb\"},\"inLanguage\":\"nb-NO\",\"potentialAction\":[{\"@type\":\"ReadAction\",\"target\":[\"https:\/\/staging.forenteforlag.no\/pax\/produkt\/fodt-til-a-lope\/\"]}]},{\"@type\":\"ImageObject\",\"inLanguage\":\"nb-NO\",\"@id\":\"https:\/\/staging.forenteforlag.no\/pax\/produkt\/fodt-til-a-lope\/#primaryimage\",\"url\":\"https:\/\/staging.forenteforlag.no\/pax\/wp-content\/uploads\/sites\/5\/2025\/08\/jpg-7469.jpg\",\"contentUrl\":\"https:\/\/staging.forenteforlag.no\/pax\/wp-content\/uploads\/sites\/5\/2025\/08\/jpg-7469.jpg\",\"width\":317,\"height\":449},{\"@type\":\"BreadcrumbList\",\"@id\":\"https:\/\/staging.forenteforlag.no\/pax\/produkt\/fodt-til-a-lope\/#breadcrumb\",\"itemListElement\":[{\"@type\":\"ListItem\",\"position\":1,\"name\":\"Hjem\",\"item\":\"https:\/\/staging.forenteforlag.no\/pax\/\"},{\"@type\":\"ListItem\",\"position\":2,\"name\":\"Alle b\u00f8ker\",\"item\":\"https:\/\/staging.forenteforlag.no\/pax\/butikk\/\"},{\"@type\":\"ListItem\",\"position\":3,\"name\":\"F\u00f8dt til \u00e5 l\u00f8pe\"}]},{\"@type\":\"WebSite\",\"@id\":\"https:\/\/staging.forenteforlag.no\/pax\/#website\",\"url\":\"https:\/\/staging.forenteforlag.no\/pax\/\",\"name\":\"Pax\",\"description\":\"\",\"potentialAction\":[{\"@type\":\"SearchAction\",\"target\":{\"@type\":\"EntryPoint\",\"urlTemplate\":\"https:\/\/staging.forenteforlag.no\/pax\/?s={search_term_string}\"},\"query-input\":{\"@type\":\"PropertyValueSpecification\",\"valueRequired\":true,\"valueName\":\"search_term_string\"}}],\"inLanguage\":\"nb-NO\"}]}<\/script>\n<!-- \/ Yoast SEO plugin. -->","yoast_head_json":{"title":"F\u00f8dt til \u00e5 l\u00f8pe - Pax","robots":{"index":"noindex","follow":"follow","max-snippet":"max-snippet:-1","max-image-preview":"max-image-preview:large","max-video-preview":"max-video-preview:-1"},"og_locale":"nb_NO","og_type":"article","og_title":"F\u00f8dt til \u00e5 l\u00f8pe - Pax","og_description":"Hvorfor l\u00f8per vi? Det er utgangspunktet til den amerikanske journalisten Christopher McDougall. I jakten p\u00e5 svaret opps\u00f8ker han glohete canyoner, utilgjengelige fjelltopper, savanner og maratonl\u00f8yper. Han m\u00f8ter den myteomspunne l\u00f8peren Caballo Blanco og l\u00f8perstammen tarahumaraene i Mexico, han blir venner med noen av verdens beste langdistansel\u00f8pere, han snakker med skofabrikanter, trenere og leger &#8211; og [&hellip;]","og_url":"https:\/\/staging.forenteforlag.no\/pax\/produkt\/fodt-til-a-lope\/","og_site_name":"Pax","article_modified_time":"2025-08-27T08:01:55+00:00","og_image":[{"width":317,"height":449,"url":"https:\/\/staging.forenteforlag.no\/pax\/wp-content\/uploads\/sites\/5\/2025\/08\/jpg-7469.jpg","type":"image\/jpeg"}],"twitter_card":"summary_large_image","twitter_misc":{"Ansl. lesetid":"1 minutt"},"schema":{"@context":"https:\/\/schema.org","@graph":[{"@type":"WebPage","@id":"https:\/\/staging.forenteforlag.no\/pax\/produkt\/fodt-til-a-lope\/","url":"https:\/\/staging.forenteforlag.no\/pax\/produkt\/fodt-til-a-lope\/","name":"F\u00f8dt til \u00e5 l\u00f8pe - Pax","isPartOf":{"@id":"https:\/\/staging.forenteforlag.no\/pax\/#website"},"primaryImageOfPage":{"@id":"https:\/\/staging.forenteforlag.no\/pax\/produkt\/fodt-til-a-lope\/#primaryimage"},"image":{"@id":"https:\/\/staging.forenteforlag.no\/pax\/produkt\/fodt-til-a-lope\/#primaryimage"},"thumbnailUrl":"https:\/\/staging.forenteforlag.no\/pax\/wp-content\/uploads\/sites\/5\/2025\/08\/jpg-7469.jpg","datePublished":"2012-03-12T00:00:00+00:00","dateModified":"2025-08-27T08:01:55+00:00","breadcrumb":{"@id":"https:\/\/staging.forenteforlag.no\/pax\/produkt\/fodt-til-a-lope\/#breadcrumb"},"inLanguage":"nb-NO","potentialAction":[{"@type":"ReadAction","target":["https:\/\/staging.forenteforlag.no\/pax\/produkt\/fodt-til-a-lope\/"]}]},{"@type":"ImageObject","inLanguage":"nb-NO","@id":"https:\/\/staging.forenteforlag.no\/pax\/produkt\/fodt-til-a-lope\/#primaryimage","url":"https:\/\/staging.forenteforlag.no\/pax\/wp-content\/uploads\/sites\/5\/2025\/08\/jpg-7469.jpg","contentUrl":"https:\/\/staging.forenteforlag.no\/pax\/wp-content\/uploads\/sites\/5\/2025\/08\/jpg-7469.jpg","width":317,"height":449},{"@type":"BreadcrumbList","@id":"https:\/\/staging.forenteforlag.no\/pax\/produkt\/fodt-til-a-lope\/#breadcrumb","itemListElement":[{"@type":"ListItem","position":1,"name":"Hjem","item":"https:\/\/staging.forenteforlag.no\/pax\/"},{"@type":"ListItem","position":2,"name":"Alle b\u00f8ker","item":"https:\/\/staging.forenteforlag.no\/pax\/butikk\/"},{"@type":"ListItem","position":3,"name":"F\u00f8dt til \u00e5 l\u00f8pe"}]},{"@type":"WebSite","@id":"https:\/\/staging.forenteforlag.no\/pax\/#website","url":"https:\/\/staging.forenteforlag.no\/pax\/","name":"Pax","description":"","potentialAction":[{"@type":"SearchAction","target":{"@type":"EntryPoint","urlTemplate":"https:\/\/staging.forenteforlag.no\/pax\/?s={search_term_string}"},"query-input":{"@type":"PropertyValueSpecification","valueRequired":true,"valueName":"search_term_string"}}],"inLanguage":"nb-NO"}]}},"_links":{"self":[{"href":"https:\/\/staging.forenteforlag.no\/pax\/wp-json\/wp\/v2\/product\/23186","targetHints":{"allow":["GET"]}}],"collection":[{"href":"https:\/\/staging.forenteforlag.no\/pax\/wp-json\/wp\/v2\/product"}],"about":[{"href":"https:\/\/staging.forenteforlag.no\/pax\/wp-json\/wp\/v2\/types\/product"}],"wp:featuredmedia":[{"embeddable":true,"href":"https:\/\/staging.forenteforlag.no\/pax\/wp-json\/wp\/v2\/media\/28617"}],"wp:attachment":[{"href":"https:\/\/staging.forenteforlag.no\/pax\/wp-json\/wp\/v2\/media?parent=23186"}],"wp:term":[{"taxonomy":"product_brand","embeddable":true,"href":"https:\/\/staging.forenteforlag.no\/pax\/wp-json\/wp\/v2\/product_brand?post=23186"},{"taxonomy":"product_cat","embeddable":true,"href":"https:\/\/staging.forenteforlag.no\/pax\/wp-json\/wp\/v2\/product_cat?post=23186"},{"taxonomy":"product_tag","embeddable":true,"href":"https:\/\/staging.forenteforlag.no\/pax\/wp-json\/wp\/v2\/product_tag?post=23186"}],"curies":[{"name":"wp","href":"https:\/\/api.w.org\/{rel}","templated":true}]}}