{"id":23153,"date":"2024-12-10T22:35:49","date_gmt":"2024-12-10T21:35:49","guid":{"rendered":"https:\/\/pax.forenteforlag.no\/produkt\/honninglabb-og-andre-forteljingar\/"},"modified":"2026-03-04T21:18:08","modified_gmt":"2026-03-04T20:18:08","slug":"honninglabb-og-andre-forteljingar","status":"publish","type":"product","link":"https:\/\/staging.forenteforlag.no\/pax\/produkt\/honninglabb-og-andre-forteljingar\/","title":{"rendered":"Honninglabb og andre forteljingar"},"content":{"rendered":"<p>Boka inneheld forteljingane Honninglabb, Musti og \u00c5boren og gullfiskane. Honninglabb fortel om den unge bj\u00f8rnen som vert fanga og temma, f\u00f8r han vert seld til eit sirkus. Musti er forteljinga om ein hund, som \u00f2g har levd eit omflakkande liv. I \u00c5boren og gullfisken, m\u00f8ter vi prinsessa som heller vil g\u00e5 etter fisken i havet enn gullfisken i dammen.<\/p>\n","protected":false},"excerpt":{"rendered":"<p>Boka inneheld forteljingane Honninglabb, Musti og \u00c5boren og gullfiskane. Honninglabb fortel om den unge bj\u00f8rnen som vert fanga og temma, f\u00f8r han vert seld til eit sirkus. Musti er forteljinga om ein hund, som \u00f2g har levd eit omflakkande liv. I \u00c5boren og gullfisken, m\u00f8ter vi prinsessa som heller vil g\u00e5 etter fisken i havet [&hellip;]<\/p>\n","protected":false},"featured_media":29470,"template":"","meta":{"_acf_changed":false,"inline_featured_image":false},"product_brand":[],"product_cat":[1782],"product_tag":[538,779,370],"class_list":{"0":"post-23153","1":"product","2":"type-product","3":"status-publish","4":"has-post-thumbnail","6":"product_cat-fripris","7":"product_tag-dyrevern","8":"product_tag-noveller","9":"product_tag-skjonnlitteratur","11":"first","12":"outofstock","13":"taxable","14":"shipping-taxable","15":"purchasable","16":"product-type-simple"},"acf":{"anmeldelse":null},"yoast_head":"<!-- This site is optimized with the Yoast SEO plugin v26.6 - https:\/\/yoast.com\/wordpress\/plugins\/seo\/ -->\n<title>Honninglabb og andre forteljingar - Pax<\/title>\n<meta name=\"robots\" content=\"noindex, follow, max-snippet:-1, max-image-preview:large, max-video-preview:-1\" \/>\n<meta property=\"og:locale\" content=\"nb_NO\" \/>\n<meta property=\"og:type\" content=\"article\" \/>\n<meta property=\"og:title\" content=\"Honninglabb og andre forteljingar - Pax\" \/>\n<meta property=\"og:description\" content=\"Boka inneheld forteljingane Honninglabb, Musti og \u00c5boren og gullfiskane. Honninglabb fortel om den unge bj\u00f8rnen som vert fanga og temma, f\u00f8r han vert seld til eit sirkus. Musti er forteljinga om ein hund, som \u00f2g har levd eit omflakkande liv. I \u00c5boren og gullfisken, m\u00f8ter vi prinsessa som heller vil g\u00e5 etter fisken i havet [&hellip;]\" \/>\n<meta property=\"og:url\" content=\"https:\/\/staging.forenteforlag.no\/pax\/produkt\/honninglabb-og-andre-forteljingar\/\" \/>\n<meta property=\"og:site_name\" content=\"Pax\" \/>\n<meta property=\"article:modified_time\" content=\"2026-03-04T20:18:08+00:00\" \/>\n<meta property=\"og:image\" content=\"https:\/\/staging.forenteforlag.no\/pax\/wp-content\/uploads\/sites\/5\/2025\/08\/jpg-10074.jpg\" \/>\n\t<meta property=\"og:image:width\" content=\"281\" \/>\n\t<meta property=\"og:image:height\" content=\"449\" \/>\n\t<meta property=\"og:image:type\" content=\"image\/jpeg\" \/>\n<meta name=\"twitter:card\" content=\"summary_large_image\" \/>\n<script type=\"application\/ld+json\" class=\"yoast-schema-graph\">{\"@context\":\"https:\/\/schema.org\",\"@graph\":[{\"@type\":\"WebPage\",\"@id\":\"https:\/\/staging.forenteforlag.no\/pax\/produkt\/honninglabb-og-andre-forteljingar\/\",\"url\":\"https:\/\/staging.forenteforlag.no\/pax\/produkt\/honninglabb-og-andre-forteljingar\/\",\"name\":\"Honninglabb og andre forteljingar - Pax\",\"isPartOf\":{\"@id\":\"https:\/\/staging.forenteforlag.no\/pax\/#website\"},\"primaryImageOfPage\":{\"@id\":\"https:\/\/staging.forenteforlag.no\/pax\/produkt\/honninglabb-og-andre-forteljingar\/#primaryimage\"},\"image\":{\"@id\":\"https:\/\/staging.forenteforlag.no\/pax\/produkt\/honninglabb-og-andre-forteljingar\/#primaryimage\"},\"thumbnailUrl\":\"https:\/\/staging.forenteforlag.no\/pax\/wp-content\/uploads\/sites\/5\/2025\/08\/jpg-10074.jpg\",\"datePublished\":\"2024-12-10T21:35:49+00:00\",\"dateModified\":\"2026-03-04T20:18:08+00:00\",\"breadcrumb\":{\"@id\":\"https:\/\/staging.forenteforlag.no\/pax\/produkt\/honninglabb-og-andre-forteljingar\/#breadcrumb\"},\"inLanguage\":\"nb-NO\",\"potentialAction\":[{\"@type\":\"ReadAction\",\"target\":[\"https:\/\/staging.forenteforlag.no\/pax\/produkt\/honninglabb-og-andre-forteljingar\/\"]}]},{\"@type\":\"ImageObject\",\"inLanguage\":\"nb-NO\",\"@id\":\"https:\/\/staging.forenteforlag.no\/pax\/produkt\/honninglabb-og-andre-forteljingar\/#primaryimage\",\"url\":\"https:\/\/staging.forenteforlag.no\/pax\/wp-content\/uploads\/sites\/5\/2025\/08\/jpg-10074.jpg\",\"contentUrl\":\"https:\/\/staging.forenteforlag.no\/pax\/wp-content\/uploads\/sites\/5\/2025\/08\/jpg-10074.jpg\",\"width\":281,\"height\":449},{\"@type\":\"BreadcrumbList\",\"@id\":\"https:\/\/staging.forenteforlag.no\/pax\/produkt\/honninglabb-og-andre-forteljingar\/#breadcrumb\",\"itemListElement\":[{\"@type\":\"ListItem\",\"position\":1,\"name\":\"Hjem\",\"item\":\"https:\/\/staging.forenteforlag.no\/pax\/\"},{\"@type\":\"ListItem\",\"position\":2,\"name\":\"Alle b\u00f8ker\",\"item\":\"https:\/\/staging.forenteforlag.no\/pax\/butikk\/\"},{\"@type\":\"ListItem\",\"position\":3,\"name\":\"Honninglabb og andre forteljingar\"}]},{\"@type\":\"WebSite\",\"@id\":\"https:\/\/staging.forenteforlag.no\/pax\/#website\",\"url\":\"https:\/\/staging.forenteforlag.no\/pax\/\",\"name\":\"Pax\",\"description\":\"\",\"potentialAction\":[{\"@type\":\"SearchAction\",\"target\":{\"@type\":\"EntryPoint\",\"urlTemplate\":\"https:\/\/staging.forenteforlag.no\/pax\/?s={search_term_string}\"},\"query-input\":{\"@type\":\"PropertyValueSpecification\",\"valueRequired\":true,\"valueName\":\"search_term_string\"}}],\"inLanguage\":\"nb-NO\"}]}<\/script>\n<!-- \/ Yoast SEO plugin. -->","yoast_head_json":{"title":"Honninglabb og andre forteljingar - Pax","robots":{"index":"noindex","follow":"follow","max-snippet":"max-snippet:-1","max-image-preview":"max-image-preview:large","max-video-preview":"max-video-preview:-1"},"og_locale":"nb_NO","og_type":"article","og_title":"Honninglabb og andre forteljingar - Pax","og_description":"Boka inneheld forteljingane Honninglabb, Musti og \u00c5boren og gullfiskane. Honninglabb fortel om den unge bj\u00f8rnen som vert fanga og temma, f\u00f8r han vert seld til eit sirkus. Musti er forteljinga om ein hund, som \u00f2g har levd eit omflakkande liv. I \u00c5boren og gullfisken, m\u00f8ter vi prinsessa som heller vil g\u00e5 etter fisken i havet [&hellip;]","og_url":"https:\/\/staging.forenteforlag.no\/pax\/produkt\/honninglabb-og-andre-forteljingar\/","og_site_name":"Pax","article_modified_time":"2026-03-04T20:18:08+00:00","og_image":[{"width":281,"height":449,"url":"https:\/\/staging.forenteforlag.no\/pax\/wp-content\/uploads\/sites\/5\/2025\/08\/jpg-10074.jpg","type":"image\/jpeg"}],"twitter_card":"summary_large_image","schema":{"@context":"https:\/\/schema.org","@graph":[{"@type":"WebPage","@id":"https:\/\/staging.forenteforlag.no\/pax\/produkt\/honninglabb-og-andre-forteljingar\/","url":"https:\/\/staging.forenteforlag.no\/pax\/produkt\/honninglabb-og-andre-forteljingar\/","name":"Honninglabb og andre forteljingar - Pax","isPartOf":{"@id":"https:\/\/staging.forenteforlag.no\/pax\/#website"},"primaryImageOfPage":{"@id":"https:\/\/staging.forenteforlag.no\/pax\/produkt\/honninglabb-og-andre-forteljingar\/#primaryimage"},"image":{"@id":"https:\/\/staging.forenteforlag.no\/pax\/produkt\/honninglabb-og-andre-forteljingar\/#primaryimage"},"thumbnailUrl":"https:\/\/staging.forenteforlag.no\/pax\/wp-content\/uploads\/sites\/5\/2025\/08\/jpg-10074.jpg","datePublished":"2024-12-10T21:35:49+00:00","dateModified":"2026-03-04T20:18:08+00:00","breadcrumb":{"@id":"https:\/\/staging.forenteforlag.no\/pax\/produkt\/honninglabb-og-andre-forteljingar\/#breadcrumb"},"inLanguage":"nb-NO","potentialAction":[{"@type":"ReadAction","target":["https:\/\/staging.forenteforlag.no\/pax\/produkt\/honninglabb-og-andre-forteljingar\/"]}]},{"@type":"ImageObject","inLanguage":"nb-NO","@id":"https:\/\/staging.forenteforlag.no\/pax\/produkt\/honninglabb-og-andre-forteljingar\/#primaryimage","url":"https:\/\/staging.forenteforlag.no\/pax\/wp-content\/uploads\/sites\/5\/2025\/08\/jpg-10074.jpg","contentUrl":"https:\/\/staging.forenteforlag.no\/pax\/wp-content\/uploads\/sites\/5\/2025\/08\/jpg-10074.jpg","width":281,"height":449},{"@type":"BreadcrumbList","@id":"https:\/\/staging.forenteforlag.no\/pax\/produkt\/honninglabb-og-andre-forteljingar\/#breadcrumb","itemListElement":[{"@type":"ListItem","position":1,"name":"Hjem","item":"https:\/\/staging.forenteforlag.no\/pax\/"},{"@type":"ListItem","position":2,"name":"Alle b\u00f8ker","item":"https:\/\/staging.forenteforlag.no\/pax\/butikk\/"},{"@type":"ListItem","position":3,"name":"Honninglabb og andre forteljingar"}]},{"@type":"WebSite","@id":"https:\/\/staging.forenteforlag.no\/pax\/#website","url":"https:\/\/staging.forenteforlag.no\/pax\/","name":"Pax","description":"","potentialAction":[{"@type":"SearchAction","target":{"@type":"EntryPoint","urlTemplate":"https:\/\/staging.forenteforlag.no\/pax\/?s={search_term_string}"},"query-input":{"@type":"PropertyValueSpecification","valueRequired":true,"valueName":"search_term_string"}}],"inLanguage":"nb-NO"}]}},"_links":{"self":[{"href":"https:\/\/staging.forenteforlag.no\/pax\/wp-json\/wp\/v2\/product\/23153","targetHints":{"allow":["GET"]}}],"collection":[{"href":"https:\/\/staging.forenteforlag.no\/pax\/wp-json\/wp\/v2\/product"}],"about":[{"href":"https:\/\/staging.forenteforlag.no\/pax\/wp-json\/wp\/v2\/types\/product"}],"wp:featuredmedia":[{"embeddable":true,"href":"https:\/\/staging.forenteforlag.no\/pax\/wp-json\/wp\/v2\/media\/29470"}],"wp:attachment":[{"href":"https:\/\/staging.forenteforlag.no\/pax\/wp-json\/wp\/v2\/media?parent=23153"}],"wp:term":[{"taxonomy":"product_brand","embeddable":true,"href":"https:\/\/staging.forenteforlag.no\/pax\/wp-json\/wp\/v2\/product_brand?post=23153"},{"taxonomy":"product_cat","embeddable":true,"href":"https:\/\/staging.forenteforlag.no\/pax\/wp-json\/wp\/v2\/product_cat?post=23153"},{"taxonomy":"product_tag","embeddable":true,"href":"https:\/\/staging.forenteforlag.no\/pax\/wp-json\/wp\/v2\/product_tag?post=23153"}],"curies":[{"name":"wp","href":"https:\/\/api.w.org\/{rel}","templated":true}]}}