{"id":23108,"date":"2024-12-10T22:33:43","date_gmt":"2024-12-10T21:33:43","guid":{"rendered":"https:\/\/pax.forenteforlag.no\/produkt\/kleopatra-2\/"},"modified":"2026-03-04T20:02:39","modified_gmt":"2026-03-04T19:02:39","slug":"kleopatra-2","status":"publish","type":"product","link":"https:\/\/staging.forenteforlag.no\/pax\/produkt\/kleopatra-2\/","title":{"rendered":"Kleopatra"},"content":{"rendered":"<p>Historien om Kleopatra, det gamle Egypts siste store dronning, har fascinert mennesker i over to tusen \u00e5r. I denne store romanen er den fortalt som Kleopatras selvbiografiske beretning. Vi kommer n\u00e6r en sterk kvinneskikkelse, samtidig som vi f\u00e5r del i en fargerik fortelling, med feste i omfattende kunnskap om tiden, milj\u00f8et og historiske forhold.I Alexandria gir Kleopatra Antonius en str\u00e5lende velkomst. Han har hevnet C\u00e6sars d\u00f8d og har n\u00e5 vunnet Kleopatras hjerte. Egypt blomstrer igjen, det er tid for glede og kj\u00e6rlighet.I Roma er det m\u00f8rkere skyer. Den unge Octavian, C\u00e6sars arving, blir stadig mektigere og vil undergrave Antonius&#8217; stilling i hjemlandet. Kleopatra oppfatter dette ogs\u00e5 som en trussel mot Egypt og innser at en milit\u00e6r konfrontasjon ikke er til \u00e5 unng\u00e5. Antonius samler sine styrker i Hellas og Kleopatra bidrar med flere hundre skip.Det blir Octavian som seirer i store sj\u00f8slaget. Og selv om b\u00e5de Kleopatra og Antonius overlever og lykkes i \u00e5 ta seg tilbake til Egypt, er storhetstiden over. Antonius kan ikke b\u00e6re nederlaget. Kleopatra venter stolt og ukuelig mens de romerske troppene rykker n\u00e6rmere Alexandria.<br \/>\nDronningen av solens rike er andre bind av romanen KLEOPATRA. Bind 1 har tittelen Nilens datter.<\/p>\n","protected":false},"excerpt":{"rendered":"<p>Historien om Kleopatra, det gamle Egypts siste store dronning, har fascinert mennesker i over to tusen \u00e5r. I denne store romanen er den fortalt som Kleopatras selvbiografiske beretning. Vi kommer n\u00e6r en sterk kvinneskikkelse, samtidig som vi f\u00e5r del i en fargerik fortelling, med feste i omfattende kunnskap om tiden, milj\u00f8et og historiske forhold.I Alexandria [&hellip;]<\/p>\n","protected":false},"featured_media":30050,"template":"","meta":{"_acf_changed":false,"inline_featured_image":false},"product_brand":[],"product_cat":[1782],"product_tag":[897,1169,1095,400,626,366,370],"class_list":{"0":"post-23108","1":"product","2":"type-product","3":"status-publish","4":"has-post-thumbnail","6":"product_cat-fripris","7":"product_tag-antikken","8":"product_tag-egypt","9":"product_tag-grafiske-romaner","10":"product_tag-historisk-litteratur","11":"product_tag-historiske-personer","12":"product_tag-kongelige","13":"product_tag-skjonnlitteratur","15":"first","16":"outofstock","17":"taxable","18":"shipping-taxable","19":"purchasable","20":"product-type-simple"},"acf":{"anmeldelse":null},"yoast_head":"<!-- This site is optimized with the Yoast SEO plugin v26.6 - https:\/\/yoast.com\/wordpress\/plugins\/seo\/ -->\n<title>Kleopatra - Pax<\/title>\n<meta name=\"robots\" content=\"noindex, follow, max-snippet:-1, max-image-preview:large, max-video-preview:-1\" \/>\n<meta property=\"og:locale\" content=\"nb_NO\" \/>\n<meta property=\"og:type\" content=\"article\" \/>\n<meta property=\"og:title\" content=\"Kleopatra - Pax\" \/>\n<meta property=\"og:description\" content=\"Historien om Kleopatra, det gamle Egypts siste store dronning, har fascinert mennesker i over to tusen \u00e5r. I denne store romanen er den fortalt som Kleopatras selvbiografiske beretning. Vi kommer n\u00e6r en sterk kvinneskikkelse, samtidig som vi f\u00e5r del i en fargerik fortelling, med feste i omfattende kunnskap om tiden, milj\u00f8et og historiske forhold.I Alexandria [&hellip;]\" \/>\n<meta property=\"og:url\" content=\"https:\/\/staging.forenteforlag.no\/pax\/produkt\/kleopatra-2\/\" \/>\n<meta property=\"og:site_name\" content=\"Pax\" \/>\n<meta property=\"article:modified_time\" content=\"2026-03-04T19:02:39+00:00\" \/>\n<meta property=\"og:image\" content=\"https:\/\/staging.forenteforlag.no\/pax\/wp-content\/uploads\/sites\/5\/2026\/03\/9788253021553.jpg\" \/>\n\t<meta property=\"og:image:width\" content=\"720\" \/>\n\t<meta property=\"og:image:height\" content=\"1145\" \/>\n\t<meta property=\"og:image:type\" content=\"image\/jpeg\" \/>\n<meta name=\"twitter:card\" content=\"summary_large_image\" \/>\n<meta name=\"twitter:label1\" content=\"Ansl. lesetid\" \/>\n\t<meta name=\"twitter:data1\" content=\"1 minutt\" \/>\n<script type=\"application\/ld+json\" class=\"yoast-schema-graph\">{\"@context\":\"https:\/\/schema.org\",\"@graph\":[{\"@type\":\"WebPage\",\"@id\":\"https:\/\/staging.forenteforlag.no\/pax\/produkt\/kleopatra-2\/\",\"url\":\"https:\/\/staging.forenteforlag.no\/pax\/produkt\/kleopatra-2\/\",\"name\":\"Kleopatra - Pax\",\"isPartOf\":{\"@id\":\"https:\/\/staging.forenteforlag.no\/pax\/#website\"},\"primaryImageOfPage\":{\"@id\":\"https:\/\/staging.forenteforlag.no\/pax\/produkt\/kleopatra-2\/#primaryimage\"},\"image\":{\"@id\":\"https:\/\/staging.forenteforlag.no\/pax\/produkt\/kleopatra-2\/#primaryimage\"},\"thumbnailUrl\":\"https:\/\/staging.forenteforlag.no\/pax\/wp-content\/uploads\/sites\/5\/2026\/03\/9788253021553.jpg\",\"datePublished\":\"2024-12-10T21:33:43+00:00\",\"dateModified\":\"2026-03-04T19:02:39+00:00\",\"breadcrumb\":{\"@id\":\"https:\/\/staging.forenteforlag.no\/pax\/produkt\/kleopatra-2\/#breadcrumb\"},\"inLanguage\":\"nb-NO\",\"potentialAction\":[{\"@type\":\"ReadAction\",\"target\":[\"https:\/\/staging.forenteforlag.no\/pax\/produkt\/kleopatra-2\/\"]}]},{\"@type\":\"ImageObject\",\"inLanguage\":\"nb-NO\",\"@id\":\"https:\/\/staging.forenteforlag.no\/pax\/produkt\/kleopatra-2\/#primaryimage\",\"url\":\"https:\/\/staging.forenteforlag.no\/pax\/wp-content\/uploads\/sites\/5\/2026\/03\/9788253021553.jpg\",\"contentUrl\":\"https:\/\/staging.forenteforlag.no\/pax\/wp-content\/uploads\/sites\/5\/2026\/03\/9788253021553.jpg\",\"width\":720,\"height\":1145},{\"@type\":\"BreadcrumbList\",\"@id\":\"https:\/\/staging.forenteforlag.no\/pax\/produkt\/kleopatra-2\/#breadcrumb\",\"itemListElement\":[{\"@type\":\"ListItem\",\"position\":1,\"name\":\"Hjem\",\"item\":\"https:\/\/staging.forenteforlag.no\/pax\/\"},{\"@type\":\"ListItem\",\"position\":2,\"name\":\"Alle b\u00f8ker\",\"item\":\"https:\/\/staging.forenteforlag.no\/pax\/butikk\/\"},{\"@type\":\"ListItem\",\"position\":3,\"name\":\"Kleopatra\"}]},{\"@type\":\"WebSite\",\"@id\":\"https:\/\/staging.forenteforlag.no\/pax\/#website\",\"url\":\"https:\/\/staging.forenteforlag.no\/pax\/\",\"name\":\"Pax\",\"description\":\"\",\"potentialAction\":[{\"@type\":\"SearchAction\",\"target\":{\"@type\":\"EntryPoint\",\"urlTemplate\":\"https:\/\/staging.forenteforlag.no\/pax\/?s={search_term_string}\"},\"query-input\":{\"@type\":\"PropertyValueSpecification\",\"valueRequired\":true,\"valueName\":\"search_term_string\"}}],\"inLanguage\":\"nb-NO\"}]}<\/script>\n<!-- \/ Yoast SEO plugin. -->","yoast_head_json":{"title":"Kleopatra - Pax","robots":{"index":"noindex","follow":"follow","max-snippet":"max-snippet:-1","max-image-preview":"max-image-preview:large","max-video-preview":"max-video-preview:-1"},"og_locale":"nb_NO","og_type":"article","og_title":"Kleopatra - Pax","og_description":"Historien om Kleopatra, det gamle Egypts siste store dronning, har fascinert mennesker i over to tusen \u00e5r. I denne store romanen er den fortalt som Kleopatras selvbiografiske beretning. Vi kommer n\u00e6r en sterk kvinneskikkelse, samtidig som vi f\u00e5r del i en fargerik fortelling, med feste i omfattende kunnskap om tiden, milj\u00f8et og historiske forhold.I Alexandria [&hellip;]","og_url":"https:\/\/staging.forenteforlag.no\/pax\/produkt\/kleopatra-2\/","og_site_name":"Pax","article_modified_time":"2026-03-04T19:02:39+00:00","og_image":[{"width":720,"height":1145,"url":"https:\/\/staging.forenteforlag.no\/pax\/wp-content\/uploads\/sites\/5\/2026\/03\/9788253021553.jpg","type":"image\/jpeg"}],"twitter_card":"summary_large_image","twitter_misc":{"Ansl. lesetid":"1 minutt"},"schema":{"@context":"https:\/\/schema.org","@graph":[{"@type":"WebPage","@id":"https:\/\/staging.forenteforlag.no\/pax\/produkt\/kleopatra-2\/","url":"https:\/\/staging.forenteforlag.no\/pax\/produkt\/kleopatra-2\/","name":"Kleopatra - Pax","isPartOf":{"@id":"https:\/\/staging.forenteforlag.no\/pax\/#website"},"primaryImageOfPage":{"@id":"https:\/\/staging.forenteforlag.no\/pax\/produkt\/kleopatra-2\/#primaryimage"},"image":{"@id":"https:\/\/staging.forenteforlag.no\/pax\/produkt\/kleopatra-2\/#primaryimage"},"thumbnailUrl":"https:\/\/staging.forenteforlag.no\/pax\/wp-content\/uploads\/sites\/5\/2026\/03\/9788253021553.jpg","datePublished":"2024-12-10T21:33:43+00:00","dateModified":"2026-03-04T19:02:39+00:00","breadcrumb":{"@id":"https:\/\/staging.forenteforlag.no\/pax\/produkt\/kleopatra-2\/#breadcrumb"},"inLanguage":"nb-NO","potentialAction":[{"@type":"ReadAction","target":["https:\/\/staging.forenteforlag.no\/pax\/produkt\/kleopatra-2\/"]}]},{"@type":"ImageObject","inLanguage":"nb-NO","@id":"https:\/\/staging.forenteforlag.no\/pax\/produkt\/kleopatra-2\/#primaryimage","url":"https:\/\/staging.forenteforlag.no\/pax\/wp-content\/uploads\/sites\/5\/2026\/03\/9788253021553.jpg","contentUrl":"https:\/\/staging.forenteforlag.no\/pax\/wp-content\/uploads\/sites\/5\/2026\/03\/9788253021553.jpg","width":720,"height":1145},{"@type":"BreadcrumbList","@id":"https:\/\/staging.forenteforlag.no\/pax\/produkt\/kleopatra-2\/#breadcrumb","itemListElement":[{"@type":"ListItem","position":1,"name":"Hjem","item":"https:\/\/staging.forenteforlag.no\/pax\/"},{"@type":"ListItem","position":2,"name":"Alle b\u00f8ker","item":"https:\/\/staging.forenteforlag.no\/pax\/butikk\/"},{"@type":"ListItem","position":3,"name":"Kleopatra"}]},{"@type":"WebSite","@id":"https:\/\/staging.forenteforlag.no\/pax\/#website","url":"https:\/\/staging.forenteforlag.no\/pax\/","name":"Pax","description":"","potentialAction":[{"@type":"SearchAction","target":{"@type":"EntryPoint","urlTemplate":"https:\/\/staging.forenteforlag.no\/pax\/?s={search_term_string}"},"query-input":{"@type":"PropertyValueSpecification","valueRequired":true,"valueName":"search_term_string"}}],"inLanguage":"nb-NO"}]}},"_links":{"self":[{"href":"https:\/\/staging.forenteforlag.no\/pax\/wp-json\/wp\/v2\/product\/23108","targetHints":{"allow":["GET"]}}],"collection":[{"href":"https:\/\/staging.forenteforlag.no\/pax\/wp-json\/wp\/v2\/product"}],"about":[{"href":"https:\/\/staging.forenteforlag.no\/pax\/wp-json\/wp\/v2\/types\/product"}],"wp:featuredmedia":[{"embeddable":true,"href":"https:\/\/staging.forenteforlag.no\/pax\/wp-json\/wp\/v2\/media\/30050"}],"wp:attachment":[{"href":"https:\/\/staging.forenteforlag.no\/pax\/wp-json\/wp\/v2\/media?parent=23108"}],"wp:term":[{"taxonomy":"product_brand","embeddable":true,"href":"https:\/\/staging.forenteforlag.no\/pax\/wp-json\/wp\/v2\/product_brand?post=23108"},{"taxonomy":"product_cat","embeddable":true,"href":"https:\/\/staging.forenteforlag.no\/pax\/wp-json\/wp\/v2\/product_cat?post=23108"},{"taxonomy":"product_tag","embeddable":true,"href":"https:\/\/staging.forenteforlag.no\/pax\/wp-json\/wp\/v2\/product_tag?post=23108"}],"curies":[{"name":"wp","href":"https:\/\/api.w.org\/{rel}","templated":true}]}}