{"id":23103,"date":"2009-08-26T02:00:00","date_gmt":"2009-08-26T00:00:00","guid":{"rendered":"https:\/\/pax.forenteforlag.no\/produkt\/alltid-alice\/"},"modified":"2025-08-27T09:09:10","modified_gmt":"2025-08-27T07:09:10","slug":"alltid-alice","status":"publish","type":"product","link":"https:\/\/staging.forenteforlag.no\/pax\/produkt\/alltid-alice\/","title":{"rendered":"Alltid Alice"},"content":{"rendered":"<p>Alice Howland er femti \u00e5r og jobber som professor ved Harvard universitet. Hun er en anerkjent forsker og foredragsholder, er lykkelig gift, og har tre vellykkede voksne barn. Men Alice har begynt \u00e5 glemme ting p\u00e5 en foruroligende m\u00e5te. Ord blir borte for henne, hun glemmer stadig avtaler og skj\u00f8nner ikke sine egne huskelapper. En dag g\u00e5r hun seg bort bare et par kvartaler hjemmefra. F\u00f8rst avfeier hun det hele med overgangsalder og stress p\u00e5 jobben. S\u00e5 f\u00e5r hun stilt diagnosen: tidlig Alzheimers sykdom.   Alltid Alice er en gripende, vakker og jordn\u00e6r roman om hvordan det er \u00e5 leve med Alzheimer &#8211; om hvordan det er \u00e5 sakte, men uunng\u00e5elig miste minnene om alt og alle man har v\u00e6rt glad i.<\/p>\n","protected":false},"excerpt":{"rendered":"<p>Alice Howland er femti \u00e5r og jobber som professor ved Harvard universitet. Hun er en anerkjent forsker og foredragsholder, er lykkelig gift, og har tre vellykkede voksne barn. Men Alice har begynt \u00e5 glemme ting p\u00e5 en foruroligende m\u00e5te. Ord blir borte for henne, hun glemmer stadig avtaler og skj\u00f8nner ikke sine egne huskelapper. En [&hellip;]<\/p>\n","protected":false},"featured_media":28387,"template":"","meta":{"_acf_changed":false,"inline_featured_image":false},"product_brand":[],"product_cat":[40],"product_tag":[404,1265,1095,380,1307,370,870],"class_list":{"0":"post-23103","1":"product","2":"type-product","3":"status-publish","4":"has-post-thumbnail","6":"product_cat-romaner","7":"product_tag-demenssykdommer","8":"product_tag-forskere","9":"product_tag-grafiske-romaner","10":"product_tag-kvinner","11":"product_tag-massachusetts","12":"product_tag-skjonnlitteratur","13":"product_tag-universiteter-og-hogskoler","14":"pa_format-innbundet","16":"first","17":"outofstock","18":"shipping-taxable","19":"purchasable","20":"product-type-simple"},"acf":{"anmeldelse":null},"yoast_head":"<!-- This site is optimized with the Yoast SEO plugin v26.6 - https:\/\/yoast.com\/wordpress\/plugins\/seo\/ -->\n<title>Alltid Alice - Pax<\/title>\n<meta name=\"robots\" content=\"noindex, follow, max-snippet:-1, max-image-preview:large, max-video-preview:-1\" \/>\n<meta property=\"og:locale\" content=\"nb_NO\" \/>\n<meta property=\"og:type\" content=\"article\" \/>\n<meta property=\"og:title\" content=\"Alltid Alice - Pax\" \/>\n<meta property=\"og:description\" content=\"Alice Howland er femti \u00e5r og jobber som professor ved Harvard universitet. Hun er en anerkjent forsker og foredragsholder, er lykkelig gift, og har tre vellykkede voksne barn. Men Alice har begynt \u00e5 glemme ting p\u00e5 en foruroligende m\u00e5te. Ord blir borte for henne, hun glemmer stadig avtaler og skj\u00f8nner ikke sine egne huskelapper. En [&hellip;]\" \/>\n<meta property=\"og:url\" content=\"https:\/\/staging.forenteforlag.no\/pax\/produkt\/alltid-alice\/\" \/>\n<meta property=\"og:site_name\" content=\"Pax\" \/>\n<meta property=\"article:modified_time\" content=\"2025-08-27T07:09:10+00:00\" \/>\n<meta property=\"og:image\" content=\"https:\/\/staging.forenteforlag.no\/pax\/wp-content\/uploads\/sites\/5\/2025\/08\/jpg-6779.jpg\" \/>\n\t<meta property=\"og:image:width\" content=\"284\" \/>\n\t<meta property=\"og:image:height\" content=\"450\" \/>\n\t<meta property=\"og:image:type\" content=\"image\/jpeg\" \/>\n<meta name=\"twitter:card\" content=\"summary_large_image\" \/>\n<meta name=\"twitter:label1\" content=\"Ansl. lesetid\" \/>\n\t<meta name=\"twitter:data1\" content=\"1 minutt\" \/>\n<script type=\"application\/ld+json\" class=\"yoast-schema-graph\">{\"@context\":\"https:\/\/schema.org\",\"@graph\":[{\"@type\":\"WebPage\",\"@id\":\"https:\/\/staging.forenteforlag.no\/pax\/produkt\/alltid-alice\/\",\"url\":\"https:\/\/staging.forenteforlag.no\/pax\/produkt\/alltid-alice\/\",\"name\":\"Alltid Alice - Pax\",\"isPartOf\":{\"@id\":\"https:\/\/staging.forenteforlag.no\/pax\/#website\"},\"primaryImageOfPage\":{\"@id\":\"https:\/\/staging.forenteforlag.no\/pax\/produkt\/alltid-alice\/#primaryimage\"},\"image\":{\"@id\":\"https:\/\/staging.forenteforlag.no\/pax\/produkt\/alltid-alice\/#primaryimage\"},\"thumbnailUrl\":\"https:\/\/staging.forenteforlag.no\/pax\/wp-content\/uploads\/sites\/5\/2025\/08\/jpg-6779.jpg\",\"datePublished\":\"2009-08-26T00:00:00+00:00\",\"dateModified\":\"2025-08-27T07:09:10+00:00\",\"breadcrumb\":{\"@id\":\"https:\/\/staging.forenteforlag.no\/pax\/produkt\/alltid-alice\/#breadcrumb\"},\"inLanguage\":\"nb-NO\",\"potentialAction\":[{\"@type\":\"ReadAction\",\"target\":[\"https:\/\/staging.forenteforlag.no\/pax\/produkt\/alltid-alice\/\"]}]},{\"@type\":\"ImageObject\",\"inLanguage\":\"nb-NO\",\"@id\":\"https:\/\/staging.forenteforlag.no\/pax\/produkt\/alltid-alice\/#primaryimage\",\"url\":\"https:\/\/staging.forenteforlag.no\/pax\/wp-content\/uploads\/sites\/5\/2025\/08\/jpg-6779.jpg\",\"contentUrl\":\"https:\/\/staging.forenteforlag.no\/pax\/wp-content\/uploads\/sites\/5\/2025\/08\/jpg-6779.jpg\",\"width\":284,\"height\":450},{\"@type\":\"BreadcrumbList\",\"@id\":\"https:\/\/staging.forenteforlag.no\/pax\/produkt\/alltid-alice\/#breadcrumb\",\"itemListElement\":[{\"@type\":\"ListItem\",\"position\":1,\"name\":\"Hjem\",\"item\":\"https:\/\/staging.forenteforlag.no\/pax\/\"},{\"@type\":\"ListItem\",\"position\":2,\"name\":\"Alle b\u00f8ker\",\"item\":\"https:\/\/staging.forenteforlag.no\/pax\/butikk\/\"},{\"@type\":\"ListItem\",\"position\":3,\"name\":\"Alltid Alice\"}]},{\"@type\":\"WebSite\",\"@id\":\"https:\/\/staging.forenteforlag.no\/pax\/#website\",\"url\":\"https:\/\/staging.forenteforlag.no\/pax\/\",\"name\":\"Pax\",\"description\":\"\",\"potentialAction\":[{\"@type\":\"SearchAction\",\"target\":{\"@type\":\"EntryPoint\",\"urlTemplate\":\"https:\/\/staging.forenteforlag.no\/pax\/?s={search_term_string}\"},\"query-input\":{\"@type\":\"PropertyValueSpecification\",\"valueRequired\":true,\"valueName\":\"search_term_string\"}}],\"inLanguage\":\"nb-NO\"}]}<\/script>\n<!-- \/ Yoast SEO plugin. -->","yoast_head_json":{"title":"Alltid Alice - Pax","robots":{"index":"noindex","follow":"follow","max-snippet":"max-snippet:-1","max-image-preview":"max-image-preview:large","max-video-preview":"max-video-preview:-1"},"og_locale":"nb_NO","og_type":"article","og_title":"Alltid Alice - Pax","og_description":"Alice Howland er femti \u00e5r og jobber som professor ved Harvard universitet. Hun er en anerkjent forsker og foredragsholder, er lykkelig gift, og har tre vellykkede voksne barn. Men Alice har begynt \u00e5 glemme ting p\u00e5 en foruroligende m\u00e5te. Ord blir borte for henne, hun glemmer stadig avtaler og skj\u00f8nner ikke sine egne huskelapper. En [&hellip;]","og_url":"https:\/\/staging.forenteforlag.no\/pax\/produkt\/alltid-alice\/","og_site_name":"Pax","article_modified_time":"2025-08-27T07:09:10+00:00","og_image":[{"width":284,"height":450,"url":"https:\/\/staging.forenteforlag.no\/pax\/wp-content\/uploads\/sites\/5\/2025\/08\/jpg-6779.jpg","type":"image\/jpeg"}],"twitter_card":"summary_large_image","twitter_misc":{"Ansl. lesetid":"1 minutt"},"schema":{"@context":"https:\/\/schema.org","@graph":[{"@type":"WebPage","@id":"https:\/\/staging.forenteforlag.no\/pax\/produkt\/alltid-alice\/","url":"https:\/\/staging.forenteforlag.no\/pax\/produkt\/alltid-alice\/","name":"Alltid Alice - Pax","isPartOf":{"@id":"https:\/\/staging.forenteforlag.no\/pax\/#website"},"primaryImageOfPage":{"@id":"https:\/\/staging.forenteforlag.no\/pax\/produkt\/alltid-alice\/#primaryimage"},"image":{"@id":"https:\/\/staging.forenteforlag.no\/pax\/produkt\/alltid-alice\/#primaryimage"},"thumbnailUrl":"https:\/\/staging.forenteforlag.no\/pax\/wp-content\/uploads\/sites\/5\/2025\/08\/jpg-6779.jpg","datePublished":"2009-08-26T00:00:00+00:00","dateModified":"2025-08-27T07:09:10+00:00","breadcrumb":{"@id":"https:\/\/staging.forenteforlag.no\/pax\/produkt\/alltid-alice\/#breadcrumb"},"inLanguage":"nb-NO","potentialAction":[{"@type":"ReadAction","target":["https:\/\/staging.forenteforlag.no\/pax\/produkt\/alltid-alice\/"]}]},{"@type":"ImageObject","inLanguage":"nb-NO","@id":"https:\/\/staging.forenteforlag.no\/pax\/produkt\/alltid-alice\/#primaryimage","url":"https:\/\/staging.forenteforlag.no\/pax\/wp-content\/uploads\/sites\/5\/2025\/08\/jpg-6779.jpg","contentUrl":"https:\/\/staging.forenteforlag.no\/pax\/wp-content\/uploads\/sites\/5\/2025\/08\/jpg-6779.jpg","width":284,"height":450},{"@type":"BreadcrumbList","@id":"https:\/\/staging.forenteforlag.no\/pax\/produkt\/alltid-alice\/#breadcrumb","itemListElement":[{"@type":"ListItem","position":1,"name":"Hjem","item":"https:\/\/staging.forenteforlag.no\/pax\/"},{"@type":"ListItem","position":2,"name":"Alle b\u00f8ker","item":"https:\/\/staging.forenteforlag.no\/pax\/butikk\/"},{"@type":"ListItem","position":3,"name":"Alltid Alice"}]},{"@type":"WebSite","@id":"https:\/\/staging.forenteforlag.no\/pax\/#website","url":"https:\/\/staging.forenteforlag.no\/pax\/","name":"Pax","description":"","potentialAction":[{"@type":"SearchAction","target":{"@type":"EntryPoint","urlTemplate":"https:\/\/staging.forenteforlag.no\/pax\/?s={search_term_string}"},"query-input":{"@type":"PropertyValueSpecification","valueRequired":true,"valueName":"search_term_string"}}],"inLanguage":"nb-NO"}]}},"_links":{"self":[{"href":"https:\/\/staging.forenteforlag.no\/pax\/wp-json\/wp\/v2\/product\/23103","targetHints":{"allow":["GET"]}}],"collection":[{"href":"https:\/\/staging.forenteforlag.no\/pax\/wp-json\/wp\/v2\/product"}],"about":[{"href":"https:\/\/staging.forenteforlag.no\/pax\/wp-json\/wp\/v2\/types\/product"}],"wp:featuredmedia":[{"embeddable":true,"href":"https:\/\/staging.forenteforlag.no\/pax\/wp-json\/wp\/v2\/media\/28387"}],"wp:attachment":[{"href":"https:\/\/staging.forenteforlag.no\/pax\/wp-json\/wp\/v2\/media?parent=23103"}],"wp:term":[{"taxonomy":"product_brand","embeddable":true,"href":"https:\/\/staging.forenteforlag.no\/pax\/wp-json\/wp\/v2\/product_brand?post=23103"},{"taxonomy":"product_cat","embeddable":true,"href":"https:\/\/staging.forenteforlag.no\/pax\/wp-json\/wp\/v2\/product_cat?post=23103"},{"taxonomy":"product_tag","embeddable":true,"href":"https:\/\/staging.forenteforlag.no\/pax\/wp-json\/wp\/v2\/product_tag?post=23103"}],"curies":[{"name":"wp","href":"https:\/\/api.w.org\/{rel}","templated":true}]}}