{"id":23067,"date":"2017-03-02T01:00:00","date_gmt":"2017-03-02T00:00:00","guid":{"rendered":"https:\/\/pax.forenteforlag.no\/produkt\/skjonnhet-er-et-sar-2\/"},"modified":"2026-03-03T22:46:59","modified_gmt":"2026-03-03T21:46:59","slug":"skjonnhet-er-et-sar-2","status":"publish","type":"product","link":"https:\/\/staging.forenteforlag.no\/pax\/produkt\/skjonnhet-er-et-sar-2\/","title":{"rendered":"Skj\u00f8nnhet er et s\u00e5r"},"content":{"rendered":"<p>Etter \u00e5 ha v\u00e6rt d\u00f8d i tjueen \u00e5r, st\u00e5r den vakre prostituerte Dewi Ayu en dag opp fra graven med et ettertrykkelig brak for \u00e5 ordne opp i familiens problemer.  <\/p>\n<p>Helt fra kolonistyrets siste \u00e5r har Dewi Ayu, hennes d\u00f8tre, svigers\u00f8nner og barnebarn kjempet seg gjennom det moderne Indonesias voldsomme historie, med Japans invasjon under andre verdenskrig, revolusjon og frigj\u00f8ring, massedrap p\u00e5 kommunister og \u00e5rtier med diktatur. I et samfunn der menn og makter ofte tar seg fritt til rette, st\u00e5r Dewi Ayu og d\u00f8trene stridig imot det livet kaster mot dem av brutalitet og galskap, mord og magi, men de opplever ogs\u00e5 kj\u00e6rlighet og uventede vennskap.  <\/p>\n<p>Kurniawans eksplosivt medrivende og t\u00f8ylesl\u00f8se roman er en leseopplevelse utenom det vanlige, full av uhyrlige detaljer, saftige anekdoter og vilter humor. Den viser til fulle hvorfor Kurniawan regnes som en av de mest markante nye stemmene i den internasjonale samtidslitteraturen.<\/p>\n","protected":false},"excerpt":{"rendered":"<p>Etter \u00e5 ha v\u00e6rt d\u00f8d i tjueen \u00e5r, st\u00e5r den vakre prostituerte Dewi Ayu en dag opp fra graven med et ettertrykkelig brak for \u00e5 ordne opp i familiens problemer. Helt fra kolonistyrets siste \u00e5r har Dewi Ayu, hennes d\u00f8tre, svigers\u00f8nner og barnebarn kjempet seg gjennom det moderne Indonesias voldsomme historie, med Japans invasjon under [&hellip;]<\/p>\n","protected":false},"featured_media":28561,"template":"","meta":{"_acf_changed":false,"inline_featured_image":false},"product_brand":[],"product_cat":[1782],"product_tag":[568,836,1095,922,1190,370],"class_list":{"0":"post-23067","1":"product","2":"type-product","3":"status-publish","4":"has-post-thumbnail","6":"product_cat-fripris","7":"product_tag-bonusfamilie","8":"product_tag-diktatur","9":"product_tag-grafiske-romaner","10":"product_tag-indonesia","11":"product_tag-prostitusjon","12":"product_tag-skjonnlitteratur","14":"first","15":"outofstock","16":"shipping-taxable","17":"purchasable","18":"product-type-simple"},"acf":{"anmeldelse":null},"yoast_head":"<!-- This site is optimized with the Yoast SEO plugin v26.6 - https:\/\/yoast.com\/wordpress\/plugins\/seo\/ -->\n<title>Skj\u00f8nnhet er et s\u00e5r - Pax<\/title>\n<meta name=\"robots\" content=\"noindex, follow, max-snippet:-1, max-image-preview:large, max-video-preview:-1\" \/>\n<meta property=\"og:locale\" content=\"nb_NO\" \/>\n<meta property=\"og:type\" content=\"article\" \/>\n<meta property=\"og:title\" content=\"Skj\u00f8nnhet er et s\u00e5r - Pax\" \/>\n<meta property=\"og:description\" content=\"Etter \u00e5 ha v\u00e6rt d\u00f8d i tjueen \u00e5r, st\u00e5r den vakre prostituerte Dewi Ayu en dag opp fra graven med et ettertrykkelig brak for \u00e5 ordne opp i familiens problemer. Helt fra kolonistyrets siste \u00e5r har Dewi Ayu, hennes d\u00f8tre, svigers\u00f8nner og barnebarn kjempet seg gjennom det moderne Indonesias voldsomme historie, med Japans invasjon under [&hellip;]\" \/>\n<meta property=\"og:url\" content=\"https:\/\/staging.forenteforlag.no\/pax\/produkt\/skjonnhet-er-et-sar-2\/\" \/>\n<meta property=\"og:site_name\" content=\"Pax\" \/>\n<meta property=\"article:modified_time\" content=\"2026-03-03T21:46:59+00:00\" \/>\n<meta property=\"og:image\" content=\"https:\/\/staging.forenteforlag.no\/pax\/wp-content\/uploads\/sites\/5\/2025\/08\/jpg-7312-scaled.jpg\" \/>\n\t<meta property=\"og:image:width\" content=\"1210\" \/>\n\t<meta property=\"og:image:height\" content=\"1920\" \/>\n\t<meta property=\"og:image:type\" content=\"image\/jpeg\" \/>\n<meta name=\"twitter:card\" content=\"summary_large_image\" \/>\n<meta name=\"twitter:label1\" content=\"Ansl. lesetid\" \/>\n\t<meta name=\"twitter:data1\" content=\"1 minutt\" \/>\n<script type=\"application\/ld+json\" class=\"yoast-schema-graph\">{\"@context\":\"https:\/\/schema.org\",\"@graph\":[{\"@type\":\"WebPage\",\"@id\":\"https:\/\/staging.forenteforlag.no\/pax\/produkt\/skjonnhet-er-et-sar-2\/\",\"url\":\"https:\/\/staging.forenteforlag.no\/pax\/produkt\/skjonnhet-er-et-sar-2\/\",\"name\":\"Skj\u00f8nnhet er et s\u00e5r - Pax\",\"isPartOf\":{\"@id\":\"https:\/\/staging.forenteforlag.no\/pax\/#website\"},\"primaryImageOfPage\":{\"@id\":\"https:\/\/staging.forenteforlag.no\/pax\/produkt\/skjonnhet-er-et-sar-2\/#primaryimage\"},\"image\":{\"@id\":\"https:\/\/staging.forenteforlag.no\/pax\/produkt\/skjonnhet-er-et-sar-2\/#primaryimage\"},\"thumbnailUrl\":\"https:\/\/staging.forenteforlag.no\/pax\/wp-content\/uploads\/sites\/5\/2025\/08\/jpg-7312-scaled.jpg\",\"datePublished\":\"2017-03-02T00:00:00+00:00\",\"dateModified\":\"2026-03-03T21:46:59+00:00\",\"breadcrumb\":{\"@id\":\"https:\/\/staging.forenteforlag.no\/pax\/produkt\/skjonnhet-er-et-sar-2\/#breadcrumb\"},\"inLanguage\":\"nb-NO\",\"potentialAction\":[{\"@type\":\"ReadAction\",\"target\":[\"https:\/\/staging.forenteforlag.no\/pax\/produkt\/skjonnhet-er-et-sar-2\/\"]}]},{\"@type\":\"ImageObject\",\"inLanguage\":\"nb-NO\",\"@id\":\"https:\/\/staging.forenteforlag.no\/pax\/produkt\/skjonnhet-er-et-sar-2\/#primaryimage\",\"url\":\"https:\/\/staging.forenteforlag.no\/pax\/wp-content\/uploads\/sites\/5\/2025\/08\/jpg-7312-scaled.jpg\",\"contentUrl\":\"https:\/\/staging.forenteforlag.no\/pax\/wp-content\/uploads\/sites\/5\/2025\/08\/jpg-7312-scaled.jpg\",\"width\":1210,\"height\":1920},{\"@type\":\"BreadcrumbList\",\"@id\":\"https:\/\/staging.forenteforlag.no\/pax\/produkt\/skjonnhet-er-et-sar-2\/#breadcrumb\",\"itemListElement\":[{\"@type\":\"ListItem\",\"position\":1,\"name\":\"Hjem\",\"item\":\"https:\/\/staging.forenteforlag.no\/pax\/\"},{\"@type\":\"ListItem\",\"position\":2,\"name\":\"Alle b\u00f8ker\",\"item\":\"https:\/\/staging.forenteforlag.no\/pax\/butikk\/\"},{\"@type\":\"ListItem\",\"position\":3,\"name\":\"Skj\u00f8nnhet er et s\u00e5r\"}]},{\"@type\":\"WebSite\",\"@id\":\"https:\/\/staging.forenteforlag.no\/pax\/#website\",\"url\":\"https:\/\/staging.forenteforlag.no\/pax\/\",\"name\":\"Pax\",\"description\":\"\",\"potentialAction\":[{\"@type\":\"SearchAction\",\"target\":{\"@type\":\"EntryPoint\",\"urlTemplate\":\"https:\/\/staging.forenteforlag.no\/pax\/?s={search_term_string}\"},\"query-input\":{\"@type\":\"PropertyValueSpecification\",\"valueRequired\":true,\"valueName\":\"search_term_string\"}}],\"inLanguage\":\"nb-NO\"}]}<\/script>\n<!-- \/ Yoast SEO plugin. -->","yoast_head_json":{"title":"Skj\u00f8nnhet er et s\u00e5r - Pax","robots":{"index":"noindex","follow":"follow","max-snippet":"max-snippet:-1","max-image-preview":"max-image-preview:large","max-video-preview":"max-video-preview:-1"},"og_locale":"nb_NO","og_type":"article","og_title":"Skj\u00f8nnhet er et s\u00e5r - Pax","og_description":"Etter \u00e5 ha v\u00e6rt d\u00f8d i tjueen \u00e5r, st\u00e5r den vakre prostituerte Dewi Ayu en dag opp fra graven med et ettertrykkelig brak for \u00e5 ordne opp i familiens problemer. Helt fra kolonistyrets siste \u00e5r har Dewi Ayu, hennes d\u00f8tre, svigers\u00f8nner og barnebarn kjempet seg gjennom det moderne Indonesias voldsomme historie, med Japans invasjon under [&hellip;]","og_url":"https:\/\/staging.forenteforlag.no\/pax\/produkt\/skjonnhet-er-et-sar-2\/","og_site_name":"Pax","article_modified_time":"2026-03-03T21:46:59+00:00","og_image":[{"width":1210,"height":1920,"url":"https:\/\/staging.forenteforlag.no\/pax\/wp-content\/uploads\/sites\/5\/2025\/08\/jpg-7312-scaled.jpg","type":"image\/jpeg"}],"twitter_card":"summary_large_image","twitter_misc":{"Ansl. lesetid":"1 minutt"},"schema":{"@context":"https:\/\/schema.org","@graph":[{"@type":"WebPage","@id":"https:\/\/staging.forenteforlag.no\/pax\/produkt\/skjonnhet-er-et-sar-2\/","url":"https:\/\/staging.forenteforlag.no\/pax\/produkt\/skjonnhet-er-et-sar-2\/","name":"Skj\u00f8nnhet er et s\u00e5r - Pax","isPartOf":{"@id":"https:\/\/staging.forenteforlag.no\/pax\/#website"},"primaryImageOfPage":{"@id":"https:\/\/staging.forenteforlag.no\/pax\/produkt\/skjonnhet-er-et-sar-2\/#primaryimage"},"image":{"@id":"https:\/\/staging.forenteforlag.no\/pax\/produkt\/skjonnhet-er-et-sar-2\/#primaryimage"},"thumbnailUrl":"https:\/\/staging.forenteforlag.no\/pax\/wp-content\/uploads\/sites\/5\/2025\/08\/jpg-7312-scaled.jpg","datePublished":"2017-03-02T00:00:00+00:00","dateModified":"2026-03-03T21:46:59+00:00","breadcrumb":{"@id":"https:\/\/staging.forenteforlag.no\/pax\/produkt\/skjonnhet-er-et-sar-2\/#breadcrumb"},"inLanguage":"nb-NO","potentialAction":[{"@type":"ReadAction","target":["https:\/\/staging.forenteforlag.no\/pax\/produkt\/skjonnhet-er-et-sar-2\/"]}]},{"@type":"ImageObject","inLanguage":"nb-NO","@id":"https:\/\/staging.forenteforlag.no\/pax\/produkt\/skjonnhet-er-et-sar-2\/#primaryimage","url":"https:\/\/staging.forenteforlag.no\/pax\/wp-content\/uploads\/sites\/5\/2025\/08\/jpg-7312-scaled.jpg","contentUrl":"https:\/\/staging.forenteforlag.no\/pax\/wp-content\/uploads\/sites\/5\/2025\/08\/jpg-7312-scaled.jpg","width":1210,"height":1920},{"@type":"BreadcrumbList","@id":"https:\/\/staging.forenteforlag.no\/pax\/produkt\/skjonnhet-er-et-sar-2\/#breadcrumb","itemListElement":[{"@type":"ListItem","position":1,"name":"Hjem","item":"https:\/\/staging.forenteforlag.no\/pax\/"},{"@type":"ListItem","position":2,"name":"Alle b\u00f8ker","item":"https:\/\/staging.forenteforlag.no\/pax\/butikk\/"},{"@type":"ListItem","position":3,"name":"Skj\u00f8nnhet er et s\u00e5r"}]},{"@type":"WebSite","@id":"https:\/\/staging.forenteforlag.no\/pax\/#website","url":"https:\/\/staging.forenteforlag.no\/pax\/","name":"Pax","description":"","potentialAction":[{"@type":"SearchAction","target":{"@type":"EntryPoint","urlTemplate":"https:\/\/staging.forenteforlag.no\/pax\/?s={search_term_string}"},"query-input":{"@type":"PropertyValueSpecification","valueRequired":true,"valueName":"search_term_string"}}],"inLanguage":"nb-NO"}]}},"_links":{"self":[{"href":"https:\/\/staging.forenteforlag.no\/pax\/wp-json\/wp\/v2\/product\/23067","targetHints":{"allow":["GET"]}}],"collection":[{"href":"https:\/\/staging.forenteforlag.no\/pax\/wp-json\/wp\/v2\/product"}],"about":[{"href":"https:\/\/staging.forenteforlag.no\/pax\/wp-json\/wp\/v2\/types\/product"}],"wp:featuredmedia":[{"embeddable":true,"href":"https:\/\/staging.forenteforlag.no\/pax\/wp-json\/wp\/v2\/media\/28561"}],"wp:attachment":[{"href":"https:\/\/staging.forenteforlag.no\/pax\/wp-json\/wp\/v2\/media?parent=23067"}],"wp:term":[{"taxonomy":"product_brand","embeddable":true,"href":"https:\/\/staging.forenteforlag.no\/pax\/wp-json\/wp\/v2\/product_brand?post=23067"},{"taxonomy":"product_cat","embeddable":true,"href":"https:\/\/staging.forenteforlag.no\/pax\/wp-json\/wp\/v2\/product_cat?post=23067"},{"taxonomy":"product_tag","embeddable":true,"href":"https:\/\/staging.forenteforlag.no\/pax\/wp-json\/wp\/v2\/product_tag?post=23067"}],"curies":[{"name":"wp","href":"https:\/\/api.w.org\/{rel}","templated":true}]}}