{"id":23061,"date":"2020-03-05T01:00:00","date_gmt":"2020-03-05T00:00:00","guid":{"rendered":"https:\/\/pax.forenteforlag.no\/produkt\/testamente\/"},"modified":"2025-08-27T11:59:09","modified_gmt":"2025-08-27T09:59:09","slug":"testamente","status":"publish","type":"product","link":"https:\/\/staging.forenteforlag.no\/pax\/produkt\/testamente\/","title":{"rendered":"Testamente"},"content":{"rendered":"<p>Den finsk-karelske storfamilien Toimi sl\u00e5r seg ned i Tornedalen rett etter andre verdenskrig. Familien Toimi best\u00e5r av mor Siri, far Pentti og deres 14 unger, hvorav tolv vokser opp. Da eldstedatteren Annie blir gravid, reiser hun motvillig hjem til g\u00e5rden. Hverken foreldrene eller s\u00f8sknene er s\u00e6rlig glad for \u00e5 se henne. W\u00e4h\u00e4 zoomer s\u00e5 inn p\u00e5 hvert enkeltindivid i s\u00f8skenflokken og forteller deres historie. Slik rulles fortellingen om en dysfunksjonell familie i 1980-\u00e5renes grenseland mellom Sverige og Finland opp. Omdreiningspunktet i romanen er den lunefulle faren Pentti, som alle f\u00f8lger med et vaktsomt blikk, og s\u00e5 er det denne store familiehemmeligheten som ingen av dem kan unnslippe. Er man ansvarlig for sin families synder? Kan man egentlig gj\u00f8re noe for \u00e5 forandre historien? Kanskje man kan skrive den om? Dette er sp\u00f8rsm\u00e5l som Nina W\u00e4h\u00e4 stiller i sin nye roman Testamente, et familieepos av de sjeldne.<\/p>\n","protected":false},"excerpt":{"rendered":"<p>Den finsk-karelske storfamilien Toimi sl\u00e5r seg ned i Tornedalen rett etter andre verdenskrig. Familien Toimi best\u00e5r av mor Siri, far Pentti og deres 14 unger, hvorav tolv vokser opp. Da eldstedatteren Annie blir gravid, reiser hun motvillig hjem til g\u00e5rden. Hverken foreldrene eller s\u00f8sknene er s\u00e6rlig glad for \u00e5 se henne. W\u00e4h\u00e4 zoomer s\u00e5 inn [&hellip;]<\/p>\n","protected":false},"featured_media":29083,"template":"","meta":{"_acf_changed":false,"inline_featured_image":false},"product_brand":[],"product_cat":[40],"product_tag":[365,1317,568,1095,370,547],"class_list":{"0":"post-23061","1":"product","2":"type-product","3":"status-publish","4":"has-post-thumbnail","6":"product_cat-romaner","7":"product_tag-1945-1999","8":"product_tag-aeresdrap","9":"product_tag-bonusfamilie","10":"product_tag-grafiske-romaner","11":"product_tag-skjonnlitteratur","12":"product_tag-sverige","13":"pa_format-innbundet","15":"first","16":"outofstock","17":"shipping-taxable","18":"purchasable","19":"product-type-simple"},"acf":{"anmeldelse":null},"yoast_head":"<!-- This site is optimized with the Yoast SEO plugin v26.6 - https:\/\/yoast.com\/wordpress\/plugins\/seo\/ -->\n<title>Testamente - Pax<\/title>\n<meta name=\"robots\" content=\"noindex, follow, max-snippet:-1, max-image-preview:large, max-video-preview:-1\" \/>\n<meta property=\"og:locale\" content=\"nb_NO\" \/>\n<meta property=\"og:type\" content=\"article\" \/>\n<meta property=\"og:title\" content=\"Testamente - Pax\" \/>\n<meta property=\"og:description\" content=\"Den finsk-karelske storfamilien Toimi sl\u00e5r seg ned i Tornedalen rett etter andre verdenskrig. Familien Toimi best\u00e5r av mor Siri, far Pentti og deres 14 unger, hvorav tolv vokser opp. Da eldstedatteren Annie blir gravid, reiser hun motvillig hjem til g\u00e5rden. Hverken foreldrene eller s\u00f8sknene er s\u00e6rlig glad for \u00e5 se henne. W\u00e4h\u00e4 zoomer s\u00e5 inn [&hellip;]\" \/>\n<meta property=\"og:url\" content=\"https:\/\/staging.forenteforlag.no\/pax\/produkt\/testamente\/\" \/>\n<meta property=\"og:site_name\" content=\"Pax\" \/>\n<meta property=\"article:modified_time\" content=\"2025-08-27T09:59:09+00:00\" \/>\n<meta property=\"og:image\" content=\"https:\/\/staging.forenteforlag.no\/pax\/wp-content\/uploads\/sites\/5\/2025\/08\/jpg-8824-scaled.jpg\" \/>\n\t<meta property=\"og:image:width\" content=\"1230\" \/>\n\t<meta property=\"og:image:height\" content=\"1920\" \/>\n\t<meta property=\"og:image:type\" content=\"image\/jpeg\" \/>\n<meta name=\"twitter:card\" content=\"summary_large_image\" \/>\n<meta name=\"twitter:label1\" content=\"Ansl. lesetid\" \/>\n\t<meta name=\"twitter:data1\" content=\"1 minutt\" \/>\n<script type=\"application\/ld+json\" class=\"yoast-schema-graph\">{\"@context\":\"https:\/\/schema.org\",\"@graph\":[{\"@type\":\"WebPage\",\"@id\":\"https:\/\/staging.forenteforlag.no\/pax\/produkt\/testamente\/\",\"url\":\"https:\/\/staging.forenteforlag.no\/pax\/produkt\/testamente\/\",\"name\":\"Testamente - Pax\",\"isPartOf\":{\"@id\":\"https:\/\/staging.forenteforlag.no\/pax\/#website\"},\"primaryImageOfPage\":{\"@id\":\"https:\/\/staging.forenteforlag.no\/pax\/produkt\/testamente\/#primaryimage\"},\"image\":{\"@id\":\"https:\/\/staging.forenteforlag.no\/pax\/produkt\/testamente\/#primaryimage\"},\"thumbnailUrl\":\"https:\/\/staging.forenteforlag.no\/pax\/wp-content\/uploads\/sites\/5\/2025\/08\/jpg-8824-scaled.jpg\",\"datePublished\":\"2020-03-05T00:00:00+00:00\",\"dateModified\":\"2025-08-27T09:59:09+00:00\",\"breadcrumb\":{\"@id\":\"https:\/\/staging.forenteforlag.no\/pax\/produkt\/testamente\/#breadcrumb\"},\"inLanguage\":\"nb-NO\",\"potentialAction\":[{\"@type\":\"ReadAction\",\"target\":[\"https:\/\/staging.forenteforlag.no\/pax\/produkt\/testamente\/\"]}]},{\"@type\":\"ImageObject\",\"inLanguage\":\"nb-NO\",\"@id\":\"https:\/\/staging.forenteforlag.no\/pax\/produkt\/testamente\/#primaryimage\",\"url\":\"https:\/\/staging.forenteforlag.no\/pax\/wp-content\/uploads\/sites\/5\/2025\/08\/jpg-8824-scaled.jpg\",\"contentUrl\":\"https:\/\/staging.forenteforlag.no\/pax\/wp-content\/uploads\/sites\/5\/2025\/08\/jpg-8824-scaled.jpg\",\"width\":1230,\"height\":1920},{\"@type\":\"BreadcrumbList\",\"@id\":\"https:\/\/staging.forenteforlag.no\/pax\/produkt\/testamente\/#breadcrumb\",\"itemListElement\":[{\"@type\":\"ListItem\",\"position\":1,\"name\":\"Hjem\",\"item\":\"https:\/\/staging.forenteforlag.no\/pax\/\"},{\"@type\":\"ListItem\",\"position\":2,\"name\":\"Alle b\u00f8ker\",\"item\":\"https:\/\/staging.forenteforlag.no\/pax\/butikk\/\"},{\"@type\":\"ListItem\",\"position\":3,\"name\":\"Testamente\"}]},{\"@type\":\"WebSite\",\"@id\":\"https:\/\/staging.forenteforlag.no\/pax\/#website\",\"url\":\"https:\/\/staging.forenteforlag.no\/pax\/\",\"name\":\"Pax\",\"description\":\"\",\"potentialAction\":[{\"@type\":\"SearchAction\",\"target\":{\"@type\":\"EntryPoint\",\"urlTemplate\":\"https:\/\/staging.forenteforlag.no\/pax\/?s={search_term_string}\"},\"query-input\":{\"@type\":\"PropertyValueSpecification\",\"valueRequired\":true,\"valueName\":\"search_term_string\"}}],\"inLanguage\":\"nb-NO\"}]}<\/script>\n<!-- \/ Yoast SEO plugin. -->","yoast_head_json":{"title":"Testamente - Pax","robots":{"index":"noindex","follow":"follow","max-snippet":"max-snippet:-1","max-image-preview":"max-image-preview:large","max-video-preview":"max-video-preview:-1"},"og_locale":"nb_NO","og_type":"article","og_title":"Testamente - Pax","og_description":"Den finsk-karelske storfamilien Toimi sl\u00e5r seg ned i Tornedalen rett etter andre verdenskrig. Familien Toimi best\u00e5r av mor Siri, far Pentti og deres 14 unger, hvorav tolv vokser opp. Da eldstedatteren Annie blir gravid, reiser hun motvillig hjem til g\u00e5rden. Hverken foreldrene eller s\u00f8sknene er s\u00e6rlig glad for \u00e5 se henne. W\u00e4h\u00e4 zoomer s\u00e5 inn [&hellip;]","og_url":"https:\/\/staging.forenteforlag.no\/pax\/produkt\/testamente\/","og_site_name":"Pax","article_modified_time":"2025-08-27T09:59:09+00:00","og_image":[{"width":1230,"height":1920,"url":"https:\/\/staging.forenteforlag.no\/pax\/wp-content\/uploads\/sites\/5\/2025\/08\/jpg-8824-scaled.jpg","type":"image\/jpeg"}],"twitter_card":"summary_large_image","twitter_misc":{"Ansl. lesetid":"1 minutt"},"schema":{"@context":"https:\/\/schema.org","@graph":[{"@type":"WebPage","@id":"https:\/\/staging.forenteforlag.no\/pax\/produkt\/testamente\/","url":"https:\/\/staging.forenteforlag.no\/pax\/produkt\/testamente\/","name":"Testamente - Pax","isPartOf":{"@id":"https:\/\/staging.forenteforlag.no\/pax\/#website"},"primaryImageOfPage":{"@id":"https:\/\/staging.forenteforlag.no\/pax\/produkt\/testamente\/#primaryimage"},"image":{"@id":"https:\/\/staging.forenteforlag.no\/pax\/produkt\/testamente\/#primaryimage"},"thumbnailUrl":"https:\/\/staging.forenteforlag.no\/pax\/wp-content\/uploads\/sites\/5\/2025\/08\/jpg-8824-scaled.jpg","datePublished":"2020-03-05T00:00:00+00:00","dateModified":"2025-08-27T09:59:09+00:00","breadcrumb":{"@id":"https:\/\/staging.forenteforlag.no\/pax\/produkt\/testamente\/#breadcrumb"},"inLanguage":"nb-NO","potentialAction":[{"@type":"ReadAction","target":["https:\/\/staging.forenteforlag.no\/pax\/produkt\/testamente\/"]}]},{"@type":"ImageObject","inLanguage":"nb-NO","@id":"https:\/\/staging.forenteforlag.no\/pax\/produkt\/testamente\/#primaryimage","url":"https:\/\/staging.forenteforlag.no\/pax\/wp-content\/uploads\/sites\/5\/2025\/08\/jpg-8824-scaled.jpg","contentUrl":"https:\/\/staging.forenteforlag.no\/pax\/wp-content\/uploads\/sites\/5\/2025\/08\/jpg-8824-scaled.jpg","width":1230,"height":1920},{"@type":"BreadcrumbList","@id":"https:\/\/staging.forenteforlag.no\/pax\/produkt\/testamente\/#breadcrumb","itemListElement":[{"@type":"ListItem","position":1,"name":"Hjem","item":"https:\/\/staging.forenteforlag.no\/pax\/"},{"@type":"ListItem","position":2,"name":"Alle b\u00f8ker","item":"https:\/\/staging.forenteforlag.no\/pax\/butikk\/"},{"@type":"ListItem","position":3,"name":"Testamente"}]},{"@type":"WebSite","@id":"https:\/\/staging.forenteforlag.no\/pax\/#website","url":"https:\/\/staging.forenteforlag.no\/pax\/","name":"Pax","description":"","potentialAction":[{"@type":"SearchAction","target":{"@type":"EntryPoint","urlTemplate":"https:\/\/staging.forenteforlag.no\/pax\/?s={search_term_string}"},"query-input":{"@type":"PropertyValueSpecification","valueRequired":true,"valueName":"search_term_string"}}],"inLanguage":"nb-NO"}]}},"_links":{"self":[{"href":"https:\/\/staging.forenteforlag.no\/pax\/wp-json\/wp\/v2\/product\/23061","targetHints":{"allow":["GET"]}}],"collection":[{"href":"https:\/\/staging.forenteforlag.no\/pax\/wp-json\/wp\/v2\/product"}],"about":[{"href":"https:\/\/staging.forenteforlag.no\/pax\/wp-json\/wp\/v2\/types\/product"}],"wp:featuredmedia":[{"embeddable":true,"href":"https:\/\/staging.forenteforlag.no\/pax\/wp-json\/wp\/v2\/media\/29083"}],"wp:attachment":[{"href":"https:\/\/staging.forenteforlag.no\/pax\/wp-json\/wp\/v2\/media?parent=23061"}],"wp:term":[{"taxonomy":"product_brand","embeddable":true,"href":"https:\/\/staging.forenteforlag.no\/pax\/wp-json\/wp\/v2\/product_brand?post=23061"},{"taxonomy":"product_cat","embeddable":true,"href":"https:\/\/staging.forenteforlag.no\/pax\/wp-json\/wp\/v2\/product_cat?post=23061"},{"taxonomy":"product_tag","embeddable":true,"href":"https:\/\/staging.forenteforlag.no\/pax\/wp-json\/wp\/v2\/product_tag?post=23061"}],"curies":[{"name":"wp","href":"https:\/\/api.w.org\/{rel}","templated":true}]}}