{"id":23053,"date":"2017-08-09T02:00:00","date_gmt":"2017-08-09T00:00:00","guid":{"rendered":"https:\/\/pax.forenteforlag.no\/produkt\/lyset-bak-oynene-2\/"},"modified":"2025-08-27T11:04:41","modified_gmt":"2025-08-27T09:04:41","slug":"lyset-bak-oynene-2","status":"publish","type":"product","link":"https:\/\/staging.forenteforlag.no\/pax\/produkt\/lyset-bak-oynene-2\/","title":{"rendered":"Lyset bak \u00f8ynene"},"content":{"rendered":"<p>Helena er bare ni \u00e5r gammel da hun blir sendt fra den vesle hjembyen til en blindeskole i femtitallets Helsingfors. Der venner hun seg gradvis til storbyens lukter og lyder, og l\u00e6rer seg \u00e5 beregne avstand ut fra antall skritt. Men savnet etter familien er stort. <\/p>\n<p>F\u00f8rti \u00e5r senere flytter ogs\u00e5 Helenas nev\u00f8 Tuomas s\u00f8rover for \u00e5 studere. Han \u00f8nsker \u00e5 leve opp til familiens krav og forventninger, men dr\u00f8mmer om \u00e5 stifte en egen familie, og b\u00e6rer p\u00e5 en hemmelighet. I Helsingfors treffer han tanten og blir kjent med nye sider ved henne. Hvordan er det \u00e5 leve hele livet som en som m\u00e5 st\u00e5 utenfor? G\u00e5r det an \u00e5 bli akseptert som den man er?  <\/p>\n<p>Lyset bak \u00f8ynene er en ny, sterk roman fra forfatteren av den kritikerroste Der fire veier m\u00f8tes. Tommi Kinnunen skriver med innsikt og innlevelse om ensomhet og om n\u00f8dvendigheten av \u00e5 finne sin egen vei, om \u00f8nsket om \u00e5 bli far og om kunsten \u00e5 v\u00e6re forelder.<\/p>\n","protected":false},"excerpt":{"rendered":"<p>Helena er bare ni \u00e5r gammel da hun blir sendt fra den vesle hjembyen til en blindeskole i femtitallets Helsingfors. Der venner hun seg gradvis til storbyens lukter og lyder, og l\u00e6rer seg \u00e5 beregne avstand ut fra antall skritt. Men savnet etter familien er stort. F\u00f8rti \u00e5r senere flytter ogs\u00e5 Helenas nev\u00f8 Tuomas s\u00f8rover [&hellip;]<\/p>\n","protected":false},"featured_media":28810,"template":"","meta":{"_acf_changed":false,"inline_featured_image":false},"product_brand":[],"product_cat":[40],"product_tag":[699,1095,1164,505,370],"class_list":{"0":"post-23053","1":"product","2":"type-product","3":"status-publish","4":"has-post-thumbnail","6":"product_cat-romaner","7":"product_tag-ensomhet","8":"product_tag-grafiske-romaner","9":"product_tag-helsinki","10":"product_tag-outsidere","11":"product_tag-skjonnlitteratur","12":"pa_format-innbundet","14":"first","15":"outofstock","16":"shipping-taxable","17":"purchasable","18":"product-type-simple"},"acf":{"anmeldelse":null},"yoast_head":"<!-- This site is optimized with the Yoast SEO plugin v26.6 - https:\/\/yoast.com\/wordpress\/plugins\/seo\/ -->\n<title>Lyset bak \u00f8ynene - Pax<\/title>\n<meta name=\"robots\" content=\"noindex, follow, max-snippet:-1, max-image-preview:large, max-video-preview:-1\" \/>\n<meta property=\"og:locale\" content=\"nb_NO\" \/>\n<meta property=\"og:type\" content=\"article\" \/>\n<meta property=\"og:title\" content=\"Lyset bak \u00f8ynene - Pax\" \/>\n<meta property=\"og:description\" content=\"Helena er bare ni \u00e5r gammel da hun blir sendt fra den vesle hjembyen til en blindeskole i femtitallets Helsingfors. Der venner hun seg gradvis til storbyens lukter og lyder, og l\u00e6rer seg \u00e5 beregne avstand ut fra antall skritt. Men savnet etter familien er stort. F\u00f8rti \u00e5r senere flytter ogs\u00e5 Helenas nev\u00f8 Tuomas s\u00f8rover [&hellip;]\" \/>\n<meta property=\"og:url\" content=\"https:\/\/staging.forenteforlag.no\/pax\/produkt\/lyset-bak-oynene-2\/\" \/>\n<meta property=\"og:site_name\" content=\"Pax\" \/>\n<meta property=\"article:modified_time\" content=\"2025-08-27T09:04:41+00:00\" \/>\n<meta property=\"og:image\" content=\"https:\/\/staging.forenteforlag.no\/pax\/wp-content\/uploads\/sites\/5\/2025\/08\/jpg-8041-scaled.jpg\" \/>\n\t<meta property=\"og:image:width\" content=\"1221\" \/>\n\t<meta property=\"og:image:height\" content=\"1920\" \/>\n\t<meta property=\"og:image:type\" content=\"image\/jpeg\" \/>\n<meta name=\"twitter:card\" content=\"summary_large_image\" \/>\n<meta name=\"twitter:label1\" content=\"Ansl. lesetid\" \/>\n\t<meta name=\"twitter:data1\" content=\"1 minutt\" \/>\n<script type=\"application\/ld+json\" class=\"yoast-schema-graph\">{\"@context\":\"https:\/\/schema.org\",\"@graph\":[{\"@type\":\"WebPage\",\"@id\":\"https:\/\/staging.forenteforlag.no\/pax\/produkt\/lyset-bak-oynene-2\/\",\"url\":\"https:\/\/staging.forenteforlag.no\/pax\/produkt\/lyset-bak-oynene-2\/\",\"name\":\"Lyset bak \u00f8ynene - Pax\",\"isPartOf\":{\"@id\":\"https:\/\/staging.forenteforlag.no\/pax\/#website\"},\"primaryImageOfPage\":{\"@id\":\"https:\/\/staging.forenteforlag.no\/pax\/produkt\/lyset-bak-oynene-2\/#primaryimage\"},\"image\":{\"@id\":\"https:\/\/staging.forenteforlag.no\/pax\/produkt\/lyset-bak-oynene-2\/#primaryimage\"},\"thumbnailUrl\":\"https:\/\/staging.forenteforlag.no\/pax\/wp-content\/uploads\/sites\/5\/2025\/08\/jpg-8041-scaled.jpg\",\"datePublished\":\"2017-08-09T00:00:00+00:00\",\"dateModified\":\"2025-08-27T09:04:41+00:00\",\"breadcrumb\":{\"@id\":\"https:\/\/staging.forenteforlag.no\/pax\/produkt\/lyset-bak-oynene-2\/#breadcrumb\"},\"inLanguage\":\"nb-NO\",\"potentialAction\":[{\"@type\":\"ReadAction\",\"target\":[\"https:\/\/staging.forenteforlag.no\/pax\/produkt\/lyset-bak-oynene-2\/\"]}]},{\"@type\":\"ImageObject\",\"inLanguage\":\"nb-NO\",\"@id\":\"https:\/\/staging.forenteforlag.no\/pax\/produkt\/lyset-bak-oynene-2\/#primaryimage\",\"url\":\"https:\/\/staging.forenteforlag.no\/pax\/wp-content\/uploads\/sites\/5\/2025\/08\/jpg-8041-scaled.jpg\",\"contentUrl\":\"https:\/\/staging.forenteforlag.no\/pax\/wp-content\/uploads\/sites\/5\/2025\/08\/jpg-8041-scaled.jpg\",\"width\":1221,\"height\":1920},{\"@type\":\"BreadcrumbList\",\"@id\":\"https:\/\/staging.forenteforlag.no\/pax\/produkt\/lyset-bak-oynene-2\/#breadcrumb\",\"itemListElement\":[{\"@type\":\"ListItem\",\"position\":1,\"name\":\"Hjem\",\"item\":\"https:\/\/staging.forenteforlag.no\/pax\/\"},{\"@type\":\"ListItem\",\"position\":2,\"name\":\"Alle b\u00f8ker\",\"item\":\"https:\/\/staging.forenteforlag.no\/pax\/butikk\/\"},{\"@type\":\"ListItem\",\"position\":3,\"name\":\"Lyset bak \u00f8ynene\"}]},{\"@type\":\"WebSite\",\"@id\":\"https:\/\/staging.forenteforlag.no\/pax\/#website\",\"url\":\"https:\/\/staging.forenteforlag.no\/pax\/\",\"name\":\"Pax\",\"description\":\"\",\"potentialAction\":[{\"@type\":\"SearchAction\",\"target\":{\"@type\":\"EntryPoint\",\"urlTemplate\":\"https:\/\/staging.forenteforlag.no\/pax\/?s={search_term_string}\"},\"query-input\":{\"@type\":\"PropertyValueSpecification\",\"valueRequired\":true,\"valueName\":\"search_term_string\"}}],\"inLanguage\":\"nb-NO\"}]}<\/script>\n<!-- \/ Yoast SEO plugin. -->","yoast_head_json":{"title":"Lyset bak \u00f8ynene - Pax","robots":{"index":"noindex","follow":"follow","max-snippet":"max-snippet:-1","max-image-preview":"max-image-preview:large","max-video-preview":"max-video-preview:-1"},"og_locale":"nb_NO","og_type":"article","og_title":"Lyset bak \u00f8ynene - Pax","og_description":"Helena er bare ni \u00e5r gammel da hun blir sendt fra den vesle hjembyen til en blindeskole i femtitallets Helsingfors. Der venner hun seg gradvis til storbyens lukter og lyder, og l\u00e6rer seg \u00e5 beregne avstand ut fra antall skritt. Men savnet etter familien er stort. F\u00f8rti \u00e5r senere flytter ogs\u00e5 Helenas nev\u00f8 Tuomas s\u00f8rover [&hellip;]","og_url":"https:\/\/staging.forenteforlag.no\/pax\/produkt\/lyset-bak-oynene-2\/","og_site_name":"Pax","article_modified_time":"2025-08-27T09:04:41+00:00","og_image":[{"width":1221,"height":1920,"url":"https:\/\/staging.forenteforlag.no\/pax\/wp-content\/uploads\/sites\/5\/2025\/08\/jpg-8041-scaled.jpg","type":"image\/jpeg"}],"twitter_card":"summary_large_image","twitter_misc":{"Ansl. lesetid":"1 minutt"},"schema":{"@context":"https:\/\/schema.org","@graph":[{"@type":"WebPage","@id":"https:\/\/staging.forenteforlag.no\/pax\/produkt\/lyset-bak-oynene-2\/","url":"https:\/\/staging.forenteforlag.no\/pax\/produkt\/lyset-bak-oynene-2\/","name":"Lyset bak \u00f8ynene - Pax","isPartOf":{"@id":"https:\/\/staging.forenteforlag.no\/pax\/#website"},"primaryImageOfPage":{"@id":"https:\/\/staging.forenteforlag.no\/pax\/produkt\/lyset-bak-oynene-2\/#primaryimage"},"image":{"@id":"https:\/\/staging.forenteforlag.no\/pax\/produkt\/lyset-bak-oynene-2\/#primaryimage"},"thumbnailUrl":"https:\/\/staging.forenteforlag.no\/pax\/wp-content\/uploads\/sites\/5\/2025\/08\/jpg-8041-scaled.jpg","datePublished":"2017-08-09T00:00:00+00:00","dateModified":"2025-08-27T09:04:41+00:00","breadcrumb":{"@id":"https:\/\/staging.forenteforlag.no\/pax\/produkt\/lyset-bak-oynene-2\/#breadcrumb"},"inLanguage":"nb-NO","potentialAction":[{"@type":"ReadAction","target":["https:\/\/staging.forenteforlag.no\/pax\/produkt\/lyset-bak-oynene-2\/"]}]},{"@type":"ImageObject","inLanguage":"nb-NO","@id":"https:\/\/staging.forenteforlag.no\/pax\/produkt\/lyset-bak-oynene-2\/#primaryimage","url":"https:\/\/staging.forenteforlag.no\/pax\/wp-content\/uploads\/sites\/5\/2025\/08\/jpg-8041-scaled.jpg","contentUrl":"https:\/\/staging.forenteforlag.no\/pax\/wp-content\/uploads\/sites\/5\/2025\/08\/jpg-8041-scaled.jpg","width":1221,"height":1920},{"@type":"BreadcrumbList","@id":"https:\/\/staging.forenteforlag.no\/pax\/produkt\/lyset-bak-oynene-2\/#breadcrumb","itemListElement":[{"@type":"ListItem","position":1,"name":"Hjem","item":"https:\/\/staging.forenteforlag.no\/pax\/"},{"@type":"ListItem","position":2,"name":"Alle b\u00f8ker","item":"https:\/\/staging.forenteforlag.no\/pax\/butikk\/"},{"@type":"ListItem","position":3,"name":"Lyset bak \u00f8ynene"}]},{"@type":"WebSite","@id":"https:\/\/staging.forenteforlag.no\/pax\/#website","url":"https:\/\/staging.forenteforlag.no\/pax\/","name":"Pax","description":"","potentialAction":[{"@type":"SearchAction","target":{"@type":"EntryPoint","urlTemplate":"https:\/\/staging.forenteforlag.no\/pax\/?s={search_term_string}"},"query-input":{"@type":"PropertyValueSpecification","valueRequired":true,"valueName":"search_term_string"}}],"inLanguage":"nb-NO"}]}},"_links":{"self":[{"href":"https:\/\/staging.forenteforlag.no\/pax\/wp-json\/wp\/v2\/product\/23053","targetHints":{"allow":["GET"]}}],"collection":[{"href":"https:\/\/staging.forenteforlag.no\/pax\/wp-json\/wp\/v2\/product"}],"about":[{"href":"https:\/\/staging.forenteforlag.no\/pax\/wp-json\/wp\/v2\/types\/product"}],"wp:featuredmedia":[{"embeddable":true,"href":"https:\/\/staging.forenteforlag.no\/pax\/wp-json\/wp\/v2\/media\/28810"}],"wp:attachment":[{"href":"https:\/\/staging.forenteforlag.no\/pax\/wp-json\/wp\/v2\/media?parent=23053"}],"wp:term":[{"taxonomy":"product_brand","embeddable":true,"href":"https:\/\/staging.forenteforlag.no\/pax\/wp-json\/wp\/v2\/product_brand?post=23053"},{"taxonomy":"product_cat","embeddable":true,"href":"https:\/\/staging.forenteforlag.no\/pax\/wp-json\/wp\/v2\/product_cat?post=23053"},{"taxonomy":"product_tag","embeddable":true,"href":"https:\/\/staging.forenteforlag.no\/pax\/wp-json\/wp\/v2\/product_tag?post=23053"}],"curies":[{"name":"wp","href":"https:\/\/api.w.org\/{rel}","templated":true}]}}