{"id":23036,"date":"2024-12-10T22:30:20","date_gmt":"2024-12-10T21:30:20","guid":{"rendered":"https:\/\/pax.forenteforlag.no\/produkt\/indian-summer\/"},"modified":"2026-03-04T20:03:38","modified_gmt":"2026-03-04T19:03:38","slug":"indian-summer","status":"publish","type":"product","link":"https:\/\/staging.forenteforlag.no\/pax\/produkt\/indian-summer\/","title":{"rendered":"Indian summer"},"content":{"rendered":"<p>&laquo;Jeg hadde kjent igjen kroppen hennes og dens bevegelser, slik man kjenner igjen et sted der man ikke har v\u00e6rt p\u00e5 lenge. Lyset og ekkoet der, litt annerledes enn man husker det, uten at man kan si om det er fordi stedet har forandret seg eller man husker feil. Men forandringene gjorde bare minnene om den dagen sterkere.&raquo;<br \/>\n&laquo;-Er det noe mellom deg og mor?.-Det er en gammel historie fra f\u00f8r din tid.N\u00e5, mener jeg.&raquo;<br \/>\nDen veletablerte, men desillusjonerte, forfatteren August har sluttet \u00e5 skrive. Ogs\u00e5 ekteskapet hans er blitt historie. Men ved nyutgivelsen av en av hans romaner, treffer August igjen sin ungdoms elskede, fotografen Alma. M\u00f8tet setter i gang en str\u00f8m av minner. Alma sviktet ham den gangen til fordel for hans eldre, mer erfarne og langt mer ber\u00f8mte kunstnervenn Gustav. Med ham fikk hun Becky. N\u00e5 er den vakre Alma selv blitt forlatt. Ogs\u00e5 datteren er blitt en attraktiv kvinne.<br \/>\nRomanens fortelling er i slekt med de greske dramaer. EN teateroppf\u00f8ring av Ibsens Fruen fra havet kaster lys over et velkjent tema: Slik Ibsens Ellida ble tiltrukket den fremmede fra havet, ble Alma fascinert av &laquo;kunstnermyten&raquo; og kvinnebed\u00e5reren Gustav. Her er dyktig skuespill p\u00e5 scenen, men ogs\u00e5 i det virkelige liv.<br \/>\nHvem var August da han elsket Alma s\u00e5 h\u00f8yt? Elsker han henne fortsatt? Hva styrer hans lengsler og lidenskaper? Og hva slags menneske &#8211; og kunstner &#8211; er han selv i stand til \u00e5 v\u00e6re?<\/p>\n","protected":false},"excerpt":{"rendered":"<p>&laquo;Jeg hadde kjent igjen kroppen hennes og dens bevegelser, slik man kjenner igjen et sted der man ikke har v\u00e6rt p\u00e5 lenge. Lyset og ekkoet der, litt annerledes enn man husker det, uten at man kan si om det er fordi stedet har forandret seg eller man husker feil. Men forandringene gjorde bare minnene om [&hellip;]<\/p>\n","protected":false},"featured_media":30054,"template":"","meta":{"_acf_changed":false,"inline_featured_image":false},"product_brand":[],"product_cat":[1782],"product_tag":[1095,510,528,370],"class_list":{"0":"post-23036","1":"product","2":"type-product","3":"status-publish","4":"has-post-thumbnail","6":"product_cat-fripris","7":"product_tag-grafiske-romaner","8":"product_tag-kjaerlighet","9":"product_tag-kunstnermiljoer","10":"product_tag-skjonnlitteratur","12":"first","13":"outofstock","14":"taxable","15":"shipping-taxable","16":"purchasable","17":"product-type-simple"},"acf":{"anmeldelse":null},"yoast_head":"<!-- This site is optimized with the Yoast SEO plugin v26.6 - https:\/\/yoast.com\/wordpress\/plugins\/seo\/ -->\n<title>Indian summer - Pax<\/title>\n<meta name=\"robots\" content=\"noindex, follow, max-snippet:-1, max-image-preview:large, max-video-preview:-1\" \/>\n<meta property=\"og:locale\" content=\"nb_NO\" \/>\n<meta property=\"og:type\" content=\"article\" \/>\n<meta property=\"og:title\" content=\"Indian summer - Pax\" \/>\n<meta property=\"og:description\" content=\"&laquo;Jeg hadde kjent igjen kroppen hennes og dens bevegelser, slik man kjenner igjen et sted der man ikke har v\u00e6rt p\u00e5 lenge. Lyset og ekkoet der, litt annerledes enn man husker det, uten at man kan si om det er fordi stedet har forandret seg eller man husker feil. Men forandringene gjorde bare minnene om [&hellip;]\" \/>\n<meta property=\"og:url\" content=\"https:\/\/staging.forenteforlag.no\/pax\/produkt\/indian-summer\/\" \/>\n<meta property=\"og:site_name\" content=\"Pax\" \/>\n<meta property=\"article:modified_time\" content=\"2026-03-04T19:03:38+00:00\" \/>\n<meta property=\"og:image\" content=\"https:\/\/staging.forenteforlag.no\/pax\/wp-content\/uploads\/sites\/5\/2026\/03\/9788253021638.jpg\" \/>\n\t<meta property=\"og:image:width\" content=\"720\" \/>\n\t<meta property=\"og:image:height\" content=\"1113\" \/>\n\t<meta property=\"og:image:type\" content=\"image\/jpeg\" \/>\n<meta name=\"twitter:card\" content=\"summary_large_image\" \/>\n<meta name=\"twitter:label1\" content=\"Ansl. lesetid\" \/>\n\t<meta name=\"twitter:data1\" content=\"1 minutt\" \/>\n<script type=\"application\/ld+json\" class=\"yoast-schema-graph\">{\"@context\":\"https:\/\/schema.org\",\"@graph\":[{\"@type\":\"WebPage\",\"@id\":\"https:\/\/staging.forenteforlag.no\/pax\/produkt\/indian-summer\/\",\"url\":\"https:\/\/staging.forenteforlag.no\/pax\/produkt\/indian-summer\/\",\"name\":\"Indian summer - Pax\",\"isPartOf\":{\"@id\":\"https:\/\/staging.forenteforlag.no\/pax\/#website\"},\"primaryImageOfPage\":{\"@id\":\"https:\/\/staging.forenteforlag.no\/pax\/produkt\/indian-summer\/#primaryimage\"},\"image\":{\"@id\":\"https:\/\/staging.forenteforlag.no\/pax\/produkt\/indian-summer\/#primaryimage\"},\"thumbnailUrl\":\"https:\/\/staging.forenteforlag.no\/pax\/wp-content\/uploads\/sites\/5\/2026\/03\/9788253021638.jpg\",\"datePublished\":\"2024-12-10T21:30:20+00:00\",\"dateModified\":\"2026-03-04T19:03:38+00:00\",\"breadcrumb\":{\"@id\":\"https:\/\/staging.forenteforlag.no\/pax\/produkt\/indian-summer\/#breadcrumb\"},\"inLanguage\":\"nb-NO\",\"potentialAction\":[{\"@type\":\"ReadAction\",\"target\":[\"https:\/\/staging.forenteforlag.no\/pax\/produkt\/indian-summer\/\"]}]},{\"@type\":\"ImageObject\",\"inLanguage\":\"nb-NO\",\"@id\":\"https:\/\/staging.forenteforlag.no\/pax\/produkt\/indian-summer\/#primaryimage\",\"url\":\"https:\/\/staging.forenteforlag.no\/pax\/wp-content\/uploads\/sites\/5\/2026\/03\/9788253021638.jpg\",\"contentUrl\":\"https:\/\/staging.forenteforlag.no\/pax\/wp-content\/uploads\/sites\/5\/2026\/03\/9788253021638.jpg\",\"width\":720,\"height\":1113},{\"@type\":\"BreadcrumbList\",\"@id\":\"https:\/\/staging.forenteforlag.no\/pax\/produkt\/indian-summer\/#breadcrumb\",\"itemListElement\":[{\"@type\":\"ListItem\",\"position\":1,\"name\":\"Hjem\",\"item\":\"https:\/\/staging.forenteforlag.no\/pax\/\"},{\"@type\":\"ListItem\",\"position\":2,\"name\":\"Alle b\u00f8ker\",\"item\":\"https:\/\/staging.forenteforlag.no\/pax\/butikk\/\"},{\"@type\":\"ListItem\",\"position\":3,\"name\":\"Indian summer\"}]},{\"@type\":\"WebSite\",\"@id\":\"https:\/\/staging.forenteforlag.no\/pax\/#website\",\"url\":\"https:\/\/staging.forenteforlag.no\/pax\/\",\"name\":\"Pax\",\"description\":\"\",\"potentialAction\":[{\"@type\":\"SearchAction\",\"target\":{\"@type\":\"EntryPoint\",\"urlTemplate\":\"https:\/\/staging.forenteforlag.no\/pax\/?s={search_term_string}\"},\"query-input\":{\"@type\":\"PropertyValueSpecification\",\"valueRequired\":true,\"valueName\":\"search_term_string\"}}],\"inLanguage\":\"nb-NO\"}]}<\/script>\n<!-- \/ Yoast SEO plugin. -->","yoast_head_json":{"title":"Indian summer - Pax","robots":{"index":"noindex","follow":"follow","max-snippet":"max-snippet:-1","max-image-preview":"max-image-preview:large","max-video-preview":"max-video-preview:-1"},"og_locale":"nb_NO","og_type":"article","og_title":"Indian summer - Pax","og_description":"&laquo;Jeg hadde kjent igjen kroppen hennes og dens bevegelser, slik man kjenner igjen et sted der man ikke har v\u00e6rt p\u00e5 lenge. Lyset og ekkoet der, litt annerledes enn man husker det, uten at man kan si om det er fordi stedet har forandret seg eller man husker feil. Men forandringene gjorde bare minnene om [&hellip;]","og_url":"https:\/\/staging.forenteforlag.no\/pax\/produkt\/indian-summer\/","og_site_name":"Pax","article_modified_time":"2026-03-04T19:03:38+00:00","og_image":[{"width":720,"height":1113,"url":"https:\/\/staging.forenteforlag.no\/pax\/wp-content\/uploads\/sites\/5\/2026\/03\/9788253021638.jpg","type":"image\/jpeg"}],"twitter_card":"summary_large_image","twitter_misc":{"Ansl. lesetid":"1 minutt"},"schema":{"@context":"https:\/\/schema.org","@graph":[{"@type":"WebPage","@id":"https:\/\/staging.forenteforlag.no\/pax\/produkt\/indian-summer\/","url":"https:\/\/staging.forenteforlag.no\/pax\/produkt\/indian-summer\/","name":"Indian summer - Pax","isPartOf":{"@id":"https:\/\/staging.forenteforlag.no\/pax\/#website"},"primaryImageOfPage":{"@id":"https:\/\/staging.forenteforlag.no\/pax\/produkt\/indian-summer\/#primaryimage"},"image":{"@id":"https:\/\/staging.forenteforlag.no\/pax\/produkt\/indian-summer\/#primaryimage"},"thumbnailUrl":"https:\/\/staging.forenteforlag.no\/pax\/wp-content\/uploads\/sites\/5\/2026\/03\/9788253021638.jpg","datePublished":"2024-12-10T21:30:20+00:00","dateModified":"2026-03-04T19:03:38+00:00","breadcrumb":{"@id":"https:\/\/staging.forenteforlag.no\/pax\/produkt\/indian-summer\/#breadcrumb"},"inLanguage":"nb-NO","potentialAction":[{"@type":"ReadAction","target":["https:\/\/staging.forenteforlag.no\/pax\/produkt\/indian-summer\/"]}]},{"@type":"ImageObject","inLanguage":"nb-NO","@id":"https:\/\/staging.forenteforlag.no\/pax\/produkt\/indian-summer\/#primaryimage","url":"https:\/\/staging.forenteforlag.no\/pax\/wp-content\/uploads\/sites\/5\/2026\/03\/9788253021638.jpg","contentUrl":"https:\/\/staging.forenteforlag.no\/pax\/wp-content\/uploads\/sites\/5\/2026\/03\/9788253021638.jpg","width":720,"height":1113},{"@type":"BreadcrumbList","@id":"https:\/\/staging.forenteforlag.no\/pax\/produkt\/indian-summer\/#breadcrumb","itemListElement":[{"@type":"ListItem","position":1,"name":"Hjem","item":"https:\/\/staging.forenteforlag.no\/pax\/"},{"@type":"ListItem","position":2,"name":"Alle b\u00f8ker","item":"https:\/\/staging.forenteforlag.no\/pax\/butikk\/"},{"@type":"ListItem","position":3,"name":"Indian summer"}]},{"@type":"WebSite","@id":"https:\/\/staging.forenteforlag.no\/pax\/#website","url":"https:\/\/staging.forenteforlag.no\/pax\/","name":"Pax","description":"","potentialAction":[{"@type":"SearchAction","target":{"@type":"EntryPoint","urlTemplate":"https:\/\/staging.forenteforlag.no\/pax\/?s={search_term_string}"},"query-input":{"@type":"PropertyValueSpecification","valueRequired":true,"valueName":"search_term_string"}}],"inLanguage":"nb-NO"}]}},"_links":{"self":[{"href":"https:\/\/staging.forenteforlag.no\/pax\/wp-json\/wp\/v2\/product\/23036","targetHints":{"allow":["GET"]}}],"collection":[{"href":"https:\/\/staging.forenteforlag.no\/pax\/wp-json\/wp\/v2\/product"}],"about":[{"href":"https:\/\/staging.forenteforlag.no\/pax\/wp-json\/wp\/v2\/types\/product"}],"wp:featuredmedia":[{"embeddable":true,"href":"https:\/\/staging.forenteforlag.no\/pax\/wp-json\/wp\/v2\/media\/30054"}],"wp:attachment":[{"href":"https:\/\/staging.forenteforlag.no\/pax\/wp-json\/wp\/v2\/media?parent=23036"}],"wp:term":[{"taxonomy":"product_brand","embeddable":true,"href":"https:\/\/staging.forenteforlag.no\/pax\/wp-json\/wp\/v2\/product_brand?post=23036"},{"taxonomy":"product_cat","embeddable":true,"href":"https:\/\/staging.forenteforlag.no\/pax\/wp-json\/wp\/v2\/product_cat?post=23036"},{"taxonomy":"product_tag","embeddable":true,"href":"https:\/\/staging.forenteforlag.no\/pax\/wp-json\/wp\/v2\/product_tag?post=23036"}],"curies":[{"name":"wp","href":"https:\/\/api.w.org\/{rel}","templated":true}]}}