{"id":22998,"date":"2024-12-10T22:28:32","date_gmt":"2024-12-10T21:28:32","guid":{"rendered":"https:\/\/pax.forenteforlag.no\/produkt\/amerikansk-pastorale\/"},"modified":"2026-03-04T21:42:52","modified_gmt":"2026-03-04T20:42:52","slug":"amerikansk-pastorale","status":"publish","type":"product","link":"https:\/\/staging.forenteforlag.no\/pax\/produkt\/amerikansk-pastorale\/","title":{"rendered":"Amerikansk pastorale"},"content":{"rendered":"<p>I &laquo;Amerikansk pastorale&raquo; f\u00e5r vi h\u00f8re historien til Seymore Levov, en mann som ved f\u00f8rste blikk framst\u00e5r som en ekte amerikansk suksesshistorie. Som ung var han ber\u00f8mt p\u00e5 idrettsbanen, og etter skolen gifter han seg med en tidligere Miss New Jersey, overtar farens hanskefabrikk, og kj\u00f8per seg et stort, idyllisk hus p\u00e5 landet. Men s\u00e5 en dag i 1968 tar Seymores amerikanske dr\u00f8m br\u00e5tt slutt, n\u00e5r datteren Merry utl\u00f8ser en bombe som tar livet av en uskyldig mann. Revet mellom farens moralske absolutter og datterens sinte avvisninger, framst\u00e5r Seymore som en ganske alminnelig mann som helt uventet befinner seg midt oppe i det st\u00f8yende historiske maskineriet, der han brutalt blir tygget opp og spyttet ut. I &laquo;Amerikansk pastorale&raquo; viser Philip Roth igjen sin s\u00e6rpregete evne til \u00e5 kombinere menneskelig varme, skarp analyse og stor humor. Romanen inng\u00e5r i samme trilogi som &laquo;Menneskemerket&raquo; (Pax, mai 2005), en trilogi som har v\u00e6rt med p\u00e5 \u00e5 gi Philip Roths forfatterskap et nytt stort internasjonalt publikum.<\/p>\n","protected":false},"excerpt":{"rendered":"<p>I &laquo;Amerikansk pastorale&raquo; f\u00e5r vi h\u00f8re historien til Seymore Levov, en mann som ved f\u00f8rste blikk framst\u00e5r som en ekte amerikansk suksesshistorie. Som ung var han ber\u00f8mt p\u00e5 idrettsbanen, og etter skolen gifter han seg med en tidligere Miss New Jersey, overtar farens hanskefabrikk, og kj\u00f8per seg et stort, idyllisk hus p\u00e5 landet. Men s\u00e5 [&hellip;]<\/p>\n","protected":false},"featured_media":27867,"template":"","meta":{"_acf_changed":false,"inline_featured_image":false},"product_brand":[],"product_cat":[1782],"product_tag":[1095,370,434],"class_list":{"0":"post-22998","1":"product","2":"type-product","3":"status-publish","4":"has-post-thumbnail","6":"product_cat-fripris","7":"product_tag-grafiske-romaner","8":"product_tag-skjonnlitteratur","9":"product_tag-usa","11":"first","12":"outofstock","13":"taxable","14":"shipping-taxable","15":"purchasable","16":"product-type-simple"},"acf":{"anmeldelse":null},"yoast_head":"<!-- This site is optimized with the Yoast SEO plugin v26.6 - https:\/\/yoast.com\/wordpress\/plugins\/seo\/ -->\n<title>Amerikansk pastorale - Pax<\/title>\n<meta name=\"robots\" content=\"noindex, follow, max-snippet:-1, max-image-preview:large, max-video-preview:-1\" \/>\n<meta property=\"og:locale\" content=\"nb_NO\" \/>\n<meta property=\"og:type\" content=\"article\" \/>\n<meta property=\"og:title\" content=\"Amerikansk pastorale - Pax\" \/>\n<meta property=\"og:description\" content=\"I &laquo;Amerikansk pastorale&raquo; f\u00e5r vi h\u00f8re historien til Seymore Levov, en mann som ved f\u00f8rste blikk framst\u00e5r som en ekte amerikansk suksesshistorie. Som ung var han ber\u00f8mt p\u00e5 idrettsbanen, og etter skolen gifter han seg med en tidligere Miss New Jersey, overtar farens hanskefabrikk, og kj\u00f8per seg et stort, idyllisk hus p\u00e5 landet. Men s\u00e5 [&hellip;]\" \/>\n<meta property=\"og:url\" content=\"https:\/\/staging.forenteforlag.no\/pax\/produkt\/amerikansk-pastorale\/\" \/>\n<meta property=\"og:site_name\" content=\"Pax\" \/>\n<meta property=\"article:modified_time\" content=\"2026-03-04T20:42:52+00:00\" \/>\n<meta property=\"og:image\" content=\"https:\/\/staging.forenteforlag.no\/pax\/wp-content\/uploads\/sites\/5\/2025\/08\/jpg-5292.jpg\" \/>\n\t<meta property=\"og:image:width\" content=\"399\" \/>\n\t<meta property=\"og:image:height\" content=\"450\" \/>\n\t<meta property=\"og:image:type\" content=\"image\/jpeg\" \/>\n<meta name=\"twitter:card\" content=\"summary_large_image\" \/>\n<meta name=\"twitter:label1\" content=\"Ansl. lesetid\" \/>\n\t<meta name=\"twitter:data1\" content=\"1 minutt\" \/>\n<script type=\"application\/ld+json\" class=\"yoast-schema-graph\">{\"@context\":\"https:\/\/schema.org\",\"@graph\":[{\"@type\":\"WebPage\",\"@id\":\"https:\/\/staging.forenteforlag.no\/pax\/produkt\/amerikansk-pastorale\/\",\"url\":\"https:\/\/staging.forenteforlag.no\/pax\/produkt\/amerikansk-pastorale\/\",\"name\":\"Amerikansk pastorale - Pax\",\"isPartOf\":{\"@id\":\"https:\/\/staging.forenteforlag.no\/pax\/#website\"},\"primaryImageOfPage\":{\"@id\":\"https:\/\/staging.forenteforlag.no\/pax\/produkt\/amerikansk-pastorale\/#primaryimage\"},\"image\":{\"@id\":\"https:\/\/staging.forenteforlag.no\/pax\/produkt\/amerikansk-pastorale\/#primaryimage\"},\"thumbnailUrl\":\"https:\/\/staging.forenteforlag.no\/pax\/wp-content\/uploads\/sites\/5\/2025\/08\/jpg-5292.jpg\",\"datePublished\":\"2024-12-10T21:28:32+00:00\",\"dateModified\":\"2026-03-04T20:42:52+00:00\",\"breadcrumb\":{\"@id\":\"https:\/\/staging.forenteforlag.no\/pax\/produkt\/amerikansk-pastorale\/#breadcrumb\"},\"inLanguage\":\"nb-NO\",\"potentialAction\":[{\"@type\":\"ReadAction\",\"target\":[\"https:\/\/staging.forenteforlag.no\/pax\/produkt\/amerikansk-pastorale\/\"]}]},{\"@type\":\"ImageObject\",\"inLanguage\":\"nb-NO\",\"@id\":\"https:\/\/staging.forenteforlag.no\/pax\/produkt\/amerikansk-pastorale\/#primaryimage\",\"url\":\"https:\/\/staging.forenteforlag.no\/pax\/wp-content\/uploads\/sites\/5\/2025\/08\/jpg-5292.jpg\",\"contentUrl\":\"https:\/\/staging.forenteforlag.no\/pax\/wp-content\/uploads\/sites\/5\/2025\/08\/jpg-5292.jpg\",\"width\":399,\"height\":450},{\"@type\":\"BreadcrumbList\",\"@id\":\"https:\/\/staging.forenteforlag.no\/pax\/produkt\/amerikansk-pastorale\/#breadcrumb\",\"itemListElement\":[{\"@type\":\"ListItem\",\"position\":1,\"name\":\"Hjem\",\"item\":\"https:\/\/staging.forenteforlag.no\/pax\/\"},{\"@type\":\"ListItem\",\"position\":2,\"name\":\"Alle b\u00f8ker\",\"item\":\"https:\/\/staging.forenteforlag.no\/pax\/butikk\/\"},{\"@type\":\"ListItem\",\"position\":3,\"name\":\"Amerikansk pastorale\"}]},{\"@type\":\"WebSite\",\"@id\":\"https:\/\/staging.forenteforlag.no\/pax\/#website\",\"url\":\"https:\/\/staging.forenteforlag.no\/pax\/\",\"name\":\"Pax\",\"description\":\"\",\"potentialAction\":[{\"@type\":\"SearchAction\",\"target\":{\"@type\":\"EntryPoint\",\"urlTemplate\":\"https:\/\/staging.forenteforlag.no\/pax\/?s={search_term_string}\"},\"query-input\":{\"@type\":\"PropertyValueSpecification\",\"valueRequired\":true,\"valueName\":\"search_term_string\"}}],\"inLanguage\":\"nb-NO\"}]}<\/script>\n<!-- \/ Yoast SEO plugin. -->","yoast_head_json":{"title":"Amerikansk pastorale - Pax","robots":{"index":"noindex","follow":"follow","max-snippet":"max-snippet:-1","max-image-preview":"max-image-preview:large","max-video-preview":"max-video-preview:-1"},"og_locale":"nb_NO","og_type":"article","og_title":"Amerikansk pastorale - Pax","og_description":"I &laquo;Amerikansk pastorale&raquo; f\u00e5r vi h\u00f8re historien til Seymore Levov, en mann som ved f\u00f8rste blikk framst\u00e5r som en ekte amerikansk suksesshistorie. Som ung var han ber\u00f8mt p\u00e5 idrettsbanen, og etter skolen gifter han seg med en tidligere Miss New Jersey, overtar farens hanskefabrikk, og kj\u00f8per seg et stort, idyllisk hus p\u00e5 landet. Men s\u00e5 [&hellip;]","og_url":"https:\/\/staging.forenteforlag.no\/pax\/produkt\/amerikansk-pastorale\/","og_site_name":"Pax","article_modified_time":"2026-03-04T20:42:52+00:00","og_image":[{"width":399,"height":450,"url":"https:\/\/staging.forenteforlag.no\/pax\/wp-content\/uploads\/sites\/5\/2025\/08\/jpg-5292.jpg","type":"image\/jpeg"}],"twitter_card":"summary_large_image","twitter_misc":{"Ansl. lesetid":"1 minutt"},"schema":{"@context":"https:\/\/schema.org","@graph":[{"@type":"WebPage","@id":"https:\/\/staging.forenteforlag.no\/pax\/produkt\/amerikansk-pastorale\/","url":"https:\/\/staging.forenteforlag.no\/pax\/produkt\/amerikansk-pastorale\/","name":"Amerikansk pastorale - Pax","isPartOf":{"@id":"https:\/\/staging.forenteforlag.no\/pax\/#website"},"primaryImageOfPage":{"@id":"https:\/\/staging.forenteforlag.no\/pax\/produkt\/amerikansk-pastorale\/#primaryimage"},"image":{"@id":"https:\/\/staging.forenteforlag.no\/pax\/produkt\/amerikansk-pastorale\/#primaryimage"},"thumbnailUrl":"https:\/\/staging.forenteforlag.no\/pax\/wp-content\/uploads\/sites\/5\/2025\/08\/jpg-5292.jpg","datePublished":"2024-12-10T21:28:32+00:00","dateModified":"2026-03-04T20:42:52+00:00","breadcrumb":{"@id":"https:\/\/staging.forenteforlag.no\/pax\/produkt\/amerikansk-pastorale\/#breadcrumb"},"inLanguage":"nb-NO","potentialAction":[{"@type":"ReadAction","target":["https:\/\/staging.forenteforlag.no\/pax\/produkt\/amerikansk-pastorale\/"]}]},{"@type":"ImageObject","inLanguage":"nb-NO","@id":"https:\/\/staging.forenteforlag.no\/pax\/produkt\/amerikansk-pastorale\/#primaryimage","url":"https:\/\/staging.forenteforlag.no\/pax\/wp-content\/uploads\/sites\/5\/2025\/08\/jpg-5292.jpg","contentUrl":"https:\/\/staging.forenteforlag.no\/pax\/wp-content\/uploads\/sites\/5\/2025\/08\/jpg-5292.jpg","width":399,"height":450},{"@type":"BreadcrumbList","@id":"https:\/\/staging.forenteforlag.no\/pax\/produkt\/amerikansk-pastorale\/#breadcrumb","itemListElement":[{"@type":"ListItem","position":1,"name":"Hjem","item":"https:\/\/staging.forenteforlag.no\/pax\/"},{"@type":"ListItem","position":2,"name":"Alle b\u00f8ker","item":"https:\/\/staging.forenteforlag.no\/pax\/butikk\/"},{"@type":"ListItem","position":3,"name":"Amerikansk pastorale"}]},{"@type":"WebSite","@id":"https:\/\/staging.forenteforlag.no\/pax\/#website","url":"https:\/\/staging.forenteforlag.no\/pax\/","name":"Pax","description":"","potentialAction":[{"@type":"SearchAction","target":{"@type":"EntryPoint","urlTemplate":"https:\/\/staging.forenteforlag.no\/pax\/?s={search_term_string}"},"query-input":{"@type":"PropertyValueSpecification","valueRequired":true,"valueName":"search_term_string"}}],"inLanguage":"nb-NO"}]}},"_links":{"self":[{"href":"https:\/\/staging.forenteforlag.no\/pax\/wp-json\/wp\/v2\/product\/22998","targetHints":{"allow":["GET"]}}],"collection":[{"href":"https:\/\/staging.forenteforlag.no\/pax\/wp-json\/wp\/v2\/product"}],"about":[{"href":"https:\/\/staging.forenteforlag.no\/pax\/wp-json\/wp\/v2\/types\/product"}],"wp:featuredmedia":[{"embeddable":true,"href":"https:\/\/staging.forenteforlag.no\/pax\/wp-json\/wp\/v2\/media\/27867"}],"wp:attachment":[{"href":"https:\/\/staging.forenteforlag.no\/pax\/wp-json\/wp\/v2\/media?parent=22998"}],"wp:term":[{"taxonomy":"product_brand","embeddable":true,"href":"https:\/\/staging.forenteforlag.no\/pax\/wp-json\/wp\/v2\/product_brand?post=22998"},{"taxonomy":"product_cat","embeddable":true,"href":"https:\/\/staging.forenteforlag.no\/pax\/wp-json\/wp\/v2\/product_cat?post=22998"},{"taxonomy":"product_tag","embeddable":true,"href":"https:\/\/staging.forenteforlag.no\/pax\/wp-json\/wp\/v2\/product_tag?post=22998"}],"curies":[{"name":"wp","href":"https:\/\/api.w.org\/{rel}","templated":true}]}}