{"id":22995,"date":"2009-11-04T01:00:00","date_gmt":"2009-11-04T00:00:00","guid":{"rendered":"https:\/\/pax.forenteforlag.no\/produkt\/eilif-peterssen\/"},"modified":"2025-08-27T11:12:58","modified_gmt":"2025-08-27T09:12:58","slug":"eilif-peterssen","status":"publish","type":"product","link":"https:\/\/staging.forenteforlag.no\/pax\/produkt\/eilif-peterssen\/","title":{"rendered":"Eilif Peterssen"},"content":{"rendered":"<p>Eilif Peterssen (1852-1928) var en av 1800-tallets dyktigste og mest allsidige norske malere, og verkene hans ruver i norsk kunsthistorie. Han behersket samtlige sjangere &#8211; fra portretter, landskaper og stilleben, til historiemaleri og altertavler &#8211; og st\u00e5r i en s\u00e6rstilling n\u00e5r det gjelder malerteknisk virtuositet. Men f\u00f8rst n\u00e5 foreligger biografien om ham. Noen av Peterssens hans mest ber\u00f8mte arbeider er historiemaleriet Christian II underskriver Torben Oxes d\u00f8dsdom (1876) og de nyromantiske landskapene Sommernatt (1886) og Nocturne (1887), som alle henger i Nasjonalgalleriet. Blant Eilif Peterssens viktige arbeider er ogs\u00e5 de mer impresjonistiske bildene, som To s\u00f8stre i en hage (1881), Fra Bas Meudon (1884) og Vaskekoner ved elven (1888). Datidens kritikere sammenlignet disse med verkene til kjente impresjonister som Manet og Morisot.<\/p>\n","protected":false},"excerpt":{"rendered":"<p>Eilif Peterssen (1852-1928) var en av 1800-tallets dyktigste og mest allsidige norske malere, og verkene hans ruver i norsk kunsthistorie. Han behersket samtlige sjangere &#8211; fra portretter, landskaper og stilleben, til historiemaleri og altertavler &#8211; og st\u00e5r i en s\u00e6rstilling n\u00e5r det gjelder malerteknisk virtuositet. Men f\u00f8rst n\u00e5 foreligger biografien om ham. Noen av Peterssens [&hellip;]<\/p>\n","protected":false},"featured_media":28848,"template":"","meta":{"_acf_changed":false,"inline_featured_image":false},"product_brand":[],"product_cat":[20],"product_tag":[394,397,784,517,362,471,384,439,417],"class_list":{"0":"post-22995","1":"product","2":"type-product","3":"status-publish","4":"has-post-thumbnail","6":"product_cat-biografier-og-memoarer","7":"product_tag-1800-tallet","8":"product_tag-1900-1914","9":"product_tag-1914-1918","10":"product_tag-1918-1939","11":"product_tag-faglitteratur","12":"product_tag-malere","13":"product_tag-malerkunst","14":"product_tag-nord-norge","15":"product_tag-selvbiografier","16":"pa_format-innbundet","18":"first","19":"outofstock","20":"shipping-taxable","21":"purchasable","22":"product-type-simple"},"acf":{"anmeldelse":null},"yoast_head":"<!-- This site is optimized with the Yoast SEO plugin v26.6 - https:\/\/yoast.com\/wordpress\/plugins\/seo\/ -->\n<title>Eilif Peterssen - Pax<\/title>\n<meta name=\"robots\" content=\"noindex, follow, max-snippet:-1, max-image-preview:large, max-video-preview:-1\" \/>\n<meta property=\"og:locale\" content=\"nb_NO\" \/>\n<meta property=\"og:type\" content=\"article\" \/>\n<meta property=\"og:title\" content=\"Eilif Peterssen - Pax\" \/>\n<meta property=\"og:description\" content=\"Eilif Peterssen (1852-1928) var en av 1800-tallets dyktigste og mest allsidige norske malere, og verkene hans ruver i norsk kunsthistorie. Han behersket samtlige sjangere &#8211; fra portretter, landskaper og stilleben, til historiemaleri og altertavler &#8211; og st\u00e5r i en s\u00e6rstilling n\u00e5r det gjelder malerteknisk virtuositet. Men f\u00f8rst n\u00e5 foreligger biografien om ham. Noen av Peterssens [&hellip;]\" \/>\n<meta property=\"og:url\" content=\"https:\/\/staging.forenteforlag.no\/pax\/produkt\/eilif-peterssen\/\" \/>\n<meta property=\"og:site_name\" content=\"Pax\" \/>\n<meta property=\"article:modified_time\" content=\"2025-08-27T09:12:58+00:00\" \/>\n<meta property=\"og:image\" content=\"https:\/\/staging.forenteforlag.no\/pax\/wp-content\/uploads\/sites\/5\/2025\/08\/jpg-8148.jpg\" \/>\n\t<meta property=\"og:image:width\" content=\"391\" \/>\n\t<meta property=\"og:image:height\" content=\"450\" \/>\n\t<meta property=\"og:image:type\" content=\"image\/jpeg\" \/>\n<meta name=\"twitter:card\" content=\"summary_large_image\" \/>\n<meta name=\"twitter:label1\" content=\"Ansl. lesetid\" \/>\n\t<meta name=\"twitter:data1\" content=\"1 minutt\" \/>\n<script type=\"application\/ld+json\" class=\"yoast-schema-graph\">{\"@context\":\"https:\/\/schema.org\",\"@graph\":[{\"@type\":\"WebPage\",\"@id\":\"https:\/\/staging.forenteforlag.no\/pax\/produkt\/eilif-peterssen\/\",\"url\":\"https:\/\/staging.forenteforlag.no\/pax\/produkt\/eilif-peterssen\/\",\"name\":\"Eilif Peterssen - Pax\",\"isPartOf\":{\"@id\":\"https:\/\/staging.forenteforlag.no\/pax\/#website\"},\"primaryImageOfPage\":{\"@id\":\"https:\/\/staging.forenteforlag.no\/pax\/produkt\/eilif-peterssen\/#primaryimage\"},\"image\":{\"@id\":\"https:\/\/staging.forenteforlag.no\/pax\/produkt\/eilif-peterssen\/#primaryimage\"},\"thumbnailUrl\":\"https:\/\/staging.forenteforlag.no\/pax\/wp-content\/uploads\/sites\/5\/2025\/08\/jpg-8148.jpg\",\"datePublished\":\"2009-11-04T00:00:00+00:00\",\"dateModified\":\"2025-08-27T09:12:58+00:00\",\"breadcrumb\":{\"@id\":\"https:\/\/staging.forenteforlag.no\/pax\/produkt\/eilif-peterssen\/#breadcrumb\"},\"inLanguage\":\"nb-NO\",\"potentialAction\":[{\"@type\":\"ReadAction\",\"target\":[\"https:\/\/staging.forenteforlag.no\/pax\/produkt\/eilif-peterssen\/\"]}]},{\"@type\":\"ImageObject\",\"inLanguage\":\"nb-NO\",\"@id\":\"https:\/\/staging.forenteforlag.no\/pax\/produkt\/eilif-peterssen\/#primaryimage\",\"url\":\"https:\/\/staging.forenteforlag.no\/pax\/wp-content\/uploads\/sites\/5\/2025\/08\/jpg-8148.jpg\",\"contentUrl\":\"https:\/\/staging.forenteforlag.no\/pax\/wp-content\/uploads\/sites\/5\/2025\/08\/jpg-8148.jpg\",\"width\":391,\"height\":450},{\"@type\":\"BreadcrumbList\",\"@id\":\"https:\/\/staging.forenteforlag.no\/pax\/produkt\/eilif-peterssen\/#breadcrumb\",\"itemListElement\":[{\"@type\":\"ListItem\",\"position\":1,\"name\":\"Hjem\",\"item\":\"https:\/\/staging.forenteforlag.no\/pax\/\"},{\"@type\":\"ListItem\",\"position\":2,\"name\":\"Alle b\u00f8ker\",\"item\":\"https:\/\/staging.forenteforlag.no\/pax\/butikk\/\"},{\"@type\":\"ListItem\",\"position\":3,\"name\":\"Eilif Peterssen\"}]},{\"@type\":\"WebSite\",\"@id\":\"https:\/\/staging.forenteforlag.no\/pax\/#website\",\"url\":\"https:\/\/staging.forenteforlag.no\/pax\/\",\"name\":\"Pax\",\"description\":\"\",\"potentialAction\":[{\"@type\":\"SearchAction\",\"target\":{\"@type\":\"EntryPoint\",\"urlTemplate\":\"https:\/\/staging.forenteforlag.no\/pax\/?s={search_term_string}\"},\"query-input\":{\"@type\":\"PropertyValueSpecification\",\"valueRequired\":true,\"valueName\":\"search_term_string\"}}],\"inLanguage\":\"nb-NO\"}]}<\/script>\n<!-- \/ Yoast SEO plugin. -->","yoast_head_json":{"title":"Eilif Peterssen - Pax","robots":{"index":"noindex","follow":"follow","max-snippet":"max-snippet:-1","max-image-preview":"max-image-preview:large","max-video-preview":"max-video-preview:-1"},"og_locale":"nb_NO","og_type":"article","og_title":"Eilif Peterssen - Pax","og_description":"Eilif Peterssen (1852-1928) var en av 1800-tallets dyktigste og mest allsidige norske malere, og verkene hans ruver i norsk kunsthistorie. Han behersket samtlige sjangere &#8211; fra portretter, landskaper og stilleben, til historiemaleri og altertavler &#8211; og st\u00e5r i en s\u00e6rstilling n\u00e5r det gjelder malerteknisk virtuositet. Men f\u00f8rst n\u00e5 foreligger biografien om ham. Noen av Peterssens [&hellip;]","og_url":"https:\/\/staging.forenteforlag.no\/pax\/produkt\/eilif-peterssen\/","og_site_name":"Pax","article_modified_time":"2025-08-27T09:12:58+00:00","og_image":[{"width":391,"height":450,"url":"https:\/\/staging.forenteforlag.no\/pax\/wp-content\/uploads\/sites\/5\/2025\/08\/jpg-8148.jpg","type":"image\/jpeg"}],"twitter_card":"summary_large_image","twitter_misc":{"Ansl. lesetid":"1 minutt"},"schema":{"@context":"https:\/\/schema.org","@graph":[{"@type":"WebPage","@id":"https:\/\/staging.forenteforlag.no\/pax\/produkt\/eilif-peterssen\/","url":"https:\/\/staging.forenteforlag.no\/pax\/produkt\/eilif-peterssen\/","name":"Eilif Peterssen - Pax","isPartOf":{"@id":"https:\/\/staging.forenteforlag.no\/pax\/#website"},"primaryImageOfPage":{"@id":"https:\/\/staging.forenteforlag.no\/pax\/produkt\/eilif-peterssen\/#primaryimage"},"image":{"@id":"https:\/\/staging.forenteforlag.no\/pax\/produkt\/eilif-peterssen\/#primaryimage"},"thumbnailUrl":"https:\/\/staging.forenteforlag.no\/pax\/wp-content\/uploads\/sites\/5\/2025\/08\/jpg-8148.jpg","datePublished":"2009-11-04T00:00:00+00:00","dateModified":"2025-08-27T09:12:58+00:00","breadcrumb":{"@id":"https:\/\/staging.forenteforlag.no\/pax\/produkt\/eilif-peterssen\/#breadcrumb"},"inLanguage":"nb-NO","potentialAction":[{"@type":"ReadAction","target":["https:\/\/staging.forenteforlag.no\/pax\/produkt\/eilif-peterssen\/"]}]},{"@type":"ImageObject","inLanguage":"nb-NO","@id":"https:\/\/staging.forenteforlag.no\/pax\/produkt\/eilif-peterssen\/#primaryimage","url":"https:\/\/staging.forenteforlag.no\/pax\/wp-content\/uploads\/sites\/5\/2025\/08\/jpg-8148.jpg","contentUrl":"https:\/\/staging.forenteforlag.no\/pax\/wp-content\/uploads\/sites\/5\/2025\/08\/jpg-8148.jpg","width":391,"height":450},{"@type":"BreadcrumbList","@id":"https:\/\/staging.forenteforlag.no\/pax\/produkt\/eilif-peterssen\/#breadcrumb","itemListElement":[{"@type":"ListItem","position":1,"name":"Hjem","item":"https:\/\/staging.forenteforlag.no\/pax\/"},{"@type":"ListItem","position":2,"name":"Alle b\u00f8ker","item":"https:\/\/staging.forenteforlag.no\/pax\/butikk\/"},{"@type":"ListItem","position":3,"name":"Eilif Peterssen"}]},{"@type":"WebSite","@id":"https:\/\/staging.forenteforlag.no\/pax\/#website","url":"https:\/\/staging.forenteforlag.no\/pax\/","name":"Pax","description":"","potentialAction":[{"@type":"SearchAction","target":{"@type":"EntryPoint","urlTemplate":"https:\/\/staging.forenteforlag.no\/pax\/?s={search_term_string}"},"query-input":{"@type":"PropertyValueSpecification","valueRequired":true,"valueName":"search_term_string"}}],"inLanguage":"nb-NO"}]}},"_links":{"self":[{"href":"https:\/\/staging.forenteforlag.no\/pax\/wp-json\/wp\/v2\/product\/22995","targetHints":{"allow":["GET"]}}],"collection":[{"href":"https:\/\/staging.forenteforlag.no\/pax\/wp-json\/wp\/v2\/product"}],"about":[{"href":"https:\/\/staging.forenteforlag.no\/pax\/wp-json\/wp\/v2\/types\/product"}],"wp:featuredmedia":[{"embeddable":true,"href":"https:\/\/staging.forenteforlag.no\/pax\/wp-json\/wp\/v2\/media\/28848"}],"wp:attachment":[{"href":"https:\/\/staging.forenteforlag.no\/pax\/wp-json\/wp\/v2\/media?parent=22995"}],"wp:term":[{"taxonomy":"product_brand","embeddable":true,"href":"https:\/\/staging.forenteforlag.no\/pax\/wp-json\/wp\/v2\/product_brand?post=22995"},{"taxonomy":"product_cat","embeddable":true,"href":"https:\/\/staging.forenteforlag.no\/pax\/wp-json\/wp\/v2\/product_cat?post=22995"},{"taxonomy":"product_tag","embeddable":true,"href":"https:\/\/staging.forenteforlag.no\/pax\/wp-json\/wp\/v2\/product_tag?post=22995"}],"curies":[{"name":"wp","href":"https:\/\/api.w.org\/{rel}","templated":true}]}}