{"id":22983,"date":"2017-04-24T02:00:00","date_gmt":"2017-04-24T00:00:00","guid":{"rendered":"https:\/\/pax.forenteforlag.no\/produkt\/arkitekturarbok-2016-17\/"},"modified":"2026-03-03T22:45:37","modified_gmt":"2026-03-03T21:45:37","slug":"arkitekturarbok-2016-17","status":"publish","type":"product","link":"https:\/\/staging.forenteforlag.no\/pax\/produkt\/arkitekturarbok-2016-17\/","title":{"rendered":"Arkitektur\u00e5rbok 2016\/17"},"content":{"rendered":"<p>Arkitektur\u00e5rboka er en \u00e5rlig utgivelse i samarbeid med Nasjonalmuseet for kunst, arkitektur og design. \u00c5rets utgave legger vekt p\u00e5 \u00abGlasshuset\u00bb, et tema i tr\u00e5d med v\u00e5rens utstillingsprogram i Nasjonalmuseet &#8211; Arkitektur. I artikkelen \u00abKlarhet og farge\u00bb skriver Jan Maruhn om tilblivelsen til og virkningen av Mies van der Rohes ber\u00f8mte Villa Tugendhat (Brno, 1931). Markus Richters \u00abMinimal beskyttelse\u00bb diskuterer Lina Bo Bardis glasshus Casa de Vidro (Sao Paulo, 1950-52) og ser til Sverre Fehns arbeider, til tross for at de to arkitektene aldri m\u00f8ttes. Richter introduserer ogs\u00e5 serien \u00abFra samlingen\u00bb, som denne gang presenterer tegninger og vintage-fotografier av norske eneboliger med utstrakt bruk av glass, oppf\u00f8rt mellom 1936 og 1974. De originale verkene inng\u00e5r i utstillingen \u00abDet norske glasshuset\u00bb, vist i \u00abHvelvet\u00bb samtidig som Bo Bardis glasshus stilles ut i Fehns glasspaviljong v\u00e5ren 2017.  <\/p>\n<p>I tillegg avdekker Bente Aass Solbakken hittil ukjente sider ved Hermann Schirmer i denne boka. Som en av 1800-tallets arkitekter, er Schirmer fra f\u00f8r av best kjent som overl\u00e6rer i ornamentsklassen ved Kunst- og H\u00e5ndverkskolen.  <\/p>\n<p>Som l\u00e6rer for arkitektstudenter i dagens samfunn og p\u00e5 bakgrunn av sin arkitektpraksis, diskuterer Joakim Skaaja de arkitektoniske rammene som asyls\u00f8kere m\u00f8ter i ankomstsenteret i R\u00e5de kommune i artikkelen \u00abEt sted \u00e5 v\u00e6re\u00bb.  <\/p>\n<p>\u00c5rboka presenterer dessuten utvalgte bygninger og arkitektoniske prosjekter fra \u00e5ret som er g\u00e5tt, denne gang valgt ut og fortolket av 15 norske og internasjonale kuratorer, kunstnere, kritikere, akademikere og arkitekter. Utvalget omfatter blant annet S\u00f8renga Sj\u00f8bad (LPO arkitekter), et utend\u00f8rsteater i Chile (studenter ved AHO), en universitetsbygning i Toronto (Sn\u00f8hetta), transformasjonsprosjektet Sentralen i Oslo (Atelier Oslo\/KIMA) og boligprosjekter i Stavanger (Haga\/Grov arkitekter) og B\u00e6rum (Knut Hjeltnes).<\/p>\n","protected":false},"excerpt":{"rendered":"<p>Arkitektur\u00e5rboka er en \u00e5rlig utgivelse i samarbeid med Nasjonalmuseet for kunst, arkitektur og design. \u00c5rets utgave legger vekt p\u00e5 \u00abGlasshuset\u00bb, et tema i tr\u00e5d med v\u00e5rens utstillingsprogram i Nasjonalmuseet &#8211; Arkitektur. I artikkelen \u00abKlarhet og farge\u00bb skriver Jan Maruhn om tilblivelsen til og virkningen av Mies van der Rohes ber\u00f8mte Villa Tugendhat (Brno, 1931). Markus [&hellip;]<\/p>\n","protected":false},"featured_media":28543,"template":"","meta":{"_acf_changed":false,"inline_featured_image":false},"product_brand":[],"product_cat":[1782],"product_tag":[1146,438,362,439],"class_list":{"0":"post-22983","1":"product","2":"type-product","3":"status-publish","4":"has-post-thumbnail","6":"product_cat-fripris","7":"product_tag-arboker","8":"product_tag-arkitektur","9":"product_tag-faglitteratur","10":"product_tag-nord-norge","12":"first","13":"outofstock","14":"shipping-taxable","15":"purchasable","16":"product-type-simple"},"acf":{"anmeldelse":null},"yoast_head":"<!-- This site is optimized with the Yoast SEO plugin v26.6 - https:\/\/yoast.com\/wordpress\/plugins\/seo\/ -->\n<title>Arkitektur\u00e5rbok 2016\/17 - Pax<\/title>\n<meta name=\"robots\" content=\"noindex, follow, max-snippet:-1, max-image-preview:large, max-video-preview:-1\" \/>\n<meta property=\"og:locale\" content=\"nb_NO\" \/>\n<meta property=\"og:type\" content=\"article\" \/>\n<meta property=\"og:title\" content=\"Arkitektur\u00e5rbok 2016\/17 - Pax\" \/>\n<meta property=\"og:description\" content=\"Arkitektur\u00e5rboka er en \u00e5rlig utgivelse i samarbeid med Nasjonalmuseet for kunst, arkitektur og design. \u00c5rets utgave legger vekt p\u00e5 \u00abGlasshuset\u00bb, et tema i tr\u00e5d med v\u00e5rens utstillingsprogram i Nasjonalmuseet &#8211; Arkitektur. I artikkelen \u00abKlarhet og farge\u00bb skriver Jan Maruhn om tilblivelsen til og virkningen av Mies van der Rohes ber\u00f8mte Villa Tugendhat (Brno, 1931). Markus [&hellip;]\" \/>\n<meta property=\"og:url\" content=\"https:\/\/staging.forenteforlag.no\/pax\/produkt\/arkitekturarbok-2016-17\/\" \/>\n<meta property=\"og:site_name\" content=\"Pax\" \/>\n<meta property=\"article:modified_time\" content=\"2026-03-03T21:45:37+00:00\" \/>\n<meta property=\"og:image\" content=\"https:\/\/staging.forenteforlag.no\/pax\/wp-content\/uploads\/sites\/5\/2025\/08\/jpg-7252-scaled-1-scaled.jpg\" \/>\n\t<meta property=\"og:image:width\" content=\"1772\" \/>\n\t<meta property=\"og:image:height\" content=\"1920\" \/>\n\t<meta property=\"og:image:type\" content=\"image\/jpeg\" \/>\n<meta name=\"twitter:card\" content=\"summary_large_image\" \/>\n<meta name=\"twitter:label1\" content=\"Ansl. lesetid\" \/>\n\t<meta name=\"twitter:data1\" content=\"1 minutt\" \/>\n<script type=\"application\/ld+json\" class=\"yoast-schema-graph\">{\"@context\":\"https:\/\/schema.org\",\"@graph\":[{\"@type\":\"WebPage\",\"@id\":\"https:\/\/staging.forenteforlag.no\/pax\/produkt\/arkitekturarbok-2016-17\/\",\"url\":\"https:\/\/staging.forenteforlag.no\/pax\/produkt\/arkitekturarbok-2016-17\/\",\"name\":\"Arkitektur\u00e5rbok 2016\/17 - Pax\",\"isPartOf\":{\"@id\":\"https:\/\/staging.forenteforlag.no\/pax\/#website\"},\"primaryImageOfPage\":{\"@id\":\"https:\/\/staging.forenteforlag.no\/pax\/produkt\/arkitekturarbok-2016-17\/#primaryimage\"},\"image\":{\"@id\":\"https:\/\/staging.forenteforlag.no\/pax\/produkt\/arkitekturarbok-2016-17\/#primaryimage\"},\"thumbnailUrl\":\"https:\/\/staging.forenteforlag.no\/pax\/wp-content\/uploads\/sites\/5\/2025\/08\/jpg-7252-scaled-1-scaled.jpg\",\"datePublished\":\"2017-04-24T00:00:00+00:00\",\"dateModified\":\"2026-03-03T21:45:37+00:00\",\"breadcrumb\":{\"@id\":\"https:\/\/staging.forenteforlag.no\/pax\/produkt\/arkitekturarbok-2016-17\/#breadcrumb\"},\"inLanguage\":\"nb-NO\",\"potentialAction\":[{\"@type\":\"ReadAction\",\"target\":[\"https:\/\/staging.forenteforlag.no\/pax\/produkt\/arkitekturarbok-2016-17\/\"]}]},{\"@type\":\"ImageObject\",\"inLanguage\":\"nb-NO\",\"@id\":\"https:\/\/staging.forenteforlag.no\/pax\/produkt\/arkitekturarbok-2016-17\/#primaryimage\",\"url\":\"https:\/\/staging.forenteforlag.no\/pax\/wp-content\/uploads\/sites\/5\/2025\/08\/jpg-7252-scaled-1-scaled.jpg\",\"contentUrl\":\"https:\/\/staging.forenteforlag.no\/pax\/wp-content\/uploads\/sites\/5\/2025\/08\/jpg-7252-scaled-1-scaled.jpg\",\"width\":1772,\"height\":1920},{\"@type\":\"BreadcrumbList\",\"@id\":\"https:\/\/staging.forenteforlag.no\/pax\/produkt\/arkitekturarbok-2016-17\/#breadcrumb\",\"itemListElement\":[{\"@type\":\"ListItem\",\"position\":1,\"name\":\"Hjem\",\"item\":\"https:\/\/staging.forenteforlag.no\/pax\/\"},{\"@type\":\"ListItem\",\"position\":2,\"name\":\"Alle b\u00f8ker\",\"item\":\"https:\/\/staging.forenteforlag.no\/pax\/butikk\/\"},{\"@type\":\"ListItem\",\"position\":3,\"name\":\"Arkitektur\u00e5rbok 2016\/17\"}]},{\"@type\":\"WebSite\",\"@id\":\"https:\/\/staging.forenteforlag.no\/pax\/#website\",\"url\":\"https:\/\/staging.forenteforlag.no\/pax\/\",\"name\":\"Pax\",\"description\":\"\",\"potentialAction\":[{\"@type\":\"SearchAction\",\"target\":{\"@type\":\"EntryPoint\",\"urlTemplate\":\"https:\/\/staging.forenteforlag.no\/pax\/?s={search_term_string}\"},\"query-input\":{\"@type\":\"PropertyValueSpecification\",\"valueRequired\":true,\"valueName\":\"search_term_string\"}}],\"inLanguage\":\"nb-NO\"}]}<\/script>\n<!-- \/ Yoast SEO plugin. -->","yoast_head_json":{"title":"Arkitektur\u00e5rbok 2016\/17 - Pax","robots":{"index":"noindex","follow":"follow","max-snippet":"max-snippet:-1","max-image-preview":"max-image-preview:large","max-video-preview":"max-video-preview:-1"},"og_locale":"nb_NO","og_type":"article","og_title":"Arkitektur\u00e5rbok 2016\/17 - Pax","og_description":"Arkitektur\u00e5rboka er en \u00e5rlig utgivelse i samarbeid med Nasjonalmuseet for kunst, arkitektur og design. \u00c5rets utgave legger vekt p\u00e5 \u00abGlasshuset\u00bb, et tema i tr\u00e5d med v\u00e5rens utstillingsprogram i Nasjonalmuseet &#8211; Arkitektur. I artikkelen \u00abKlarhet og farge\u00bb skriver Jan Maruhn om tilblivelsen til og virkningen av Mies van der Rohes ber\u00f8mte Villa Tugendhat (Brno, 1931). Markus [&hellip;]","og_url":"https:\/\/staging.forenteforlag.no\/pax\/produkt\/arkitekturarbok-2016-17\/","og_site_name":"Pax","article_modified_time":"2026-03-03T21:45:37+00:00","og_image":[{"width":1772,"height":1920,"url":"https:\/\/staging.forenteforlag.no\/pax\/wp-content\/uploads\/sites\/5\/2025\/08\/jpg-7252-scaled-1-scaled.jpg","type":"image\/jpeg"}],"twitter_card":"summary_large_image","twitter_misc":{"Ansl. lesetid":"1 minutt"},"schema":{"@context":"https:\/\/schema.org","@graph":[{"@type":"WebPage","@id":"https:\/\/staging.forenteforlag.no\/pax\/produkt\/arkitekturarbok-2016-17\/","url":"https:\/\/staging.forenteforlag.no\/pax\/produkt\/arkitekturarbok-2016-17\/","name":"Arkitektur\u00e5rbok 2016\/17 - Pax","isPartOf":{"@id":"https:\/\/staging.forenteforlag.no\/pax\/#website"},"primaryImageOfPage":{"@id":"https:\/\/staging.forenteforlag.no\/pax\/produkt\/arkitekturarbok-2016-17\/#primaryimage"},"image":{"@id":"https:\/\/staging.forenteforlag.no\/pax\/produkt\/arkitekturarbok-2016-17\/#primaryimage"},"thumbnailUrl":"https:\/\/staging.forenteforlag.no\/pax\/wp-content\/uploads\/sites\/5\/2025\/08\/jpg-7252-scaled-1-scaled.jpg","datePublished":"2017-04-24T00:00:00+00:00","dateModified":"2026-03-03T21:45:37+00:00","breadcrumb":{"@id":"https:\/\/staging.forenteforlag.no\/pax\/produkt\/arkitekturarbok-2016-17\/#breadcrumb"},"inLanguage":"nb-NO","potentialAction":[{"@type":"ReadAction","target":["https:\/\/staging.forenteforlag.no\/pax\/produkt\/arkitekturarbok-2016-17\/"]}]},{"@type":"ImageObject","inLanguage":"nb-NO","@id":"https:\/\/staging.forenteforlag.no\/pax\/produkt\/arkitekturarbok-2016-17\/#primaryimage","url":"https:\/\/staging.forenteforlag.no\/pax\/wp-content\/uploads\/sites\/5\/2025\/08\/jpg-7252-scaled-1-scaled.jpg","contentUrl":"https:\/\/staging.forenteforlag.no\/pax\/wp-content\/uploads\/sites\/5\/2025\/08\/jpg-7252-scaled-1-scaled.jpg","width":1772,"height":1920},{"@type":"BreadcrumbList","@id":"https:\/\/staging.forenteforlag.no\/pax\/produkt\/arkitekturarbok-2016-17\/#breadcrumb","itemListElement":[{"@type":"ListItem","position":1,"name":"Hjem","item":"https:\/\/staging.forenteforlag.no\/pax\/"},{"@type":"ListItem","position":2,"name":"Alle b\u00f8ker","item":"https:\/\/staging.forenteforlag.no\/pax\/butikk\/"},{"@type":"ListItem","position":3,"name":"Arkitektur\u00e5rbok 2016\/17"}]},{"@type":"WebSite","@id":"https:\/\/staging.forenteforlag.no\/pax\/#website","url":"https:\/\/staging.forenteforlag.no\/pax\/","name":"Pax","description":"","potentialAction":[{"@type":"SearchAction","target":{"@type":"EntryPoint","urlTemplate":"https:\/\/staging.forenteforlag.no\/pax\/?s={search_term_string}"},"query-input":{"@type":"PropertyValueSpecification","valueRequired":true,"valueName":"search_term_string"}}],"inLanguage":"nb-NO"}]}},"_links":{"self":[{"href":"https:\/\/staging.forenteforlag.no\/pax\/wp-json\/wp\/v2\/product\/22983","targetHints":{"allow":["GET"]}}],"collection":[{"href":"https:\/\/staging.forenteforlag.no\/pax\/wp-json\/wp\/v2\/product"}],"about":[{"href":"https:\/\/staging.forenteforlag.no\/pax\/wp-json\/wp\/v2\/types\/product"}],"wp:featuredmedia":[{"embeddable":true,"href":"https:\/\/staging.forenteforlag.no\/pax\/wp-json\/wp\/v2\/media\/28543"}],"wp:attachment":[{"href":"https:\/\/staging.forenteforlag.no\/pax\/wp-json\/wp\/v2\/media?parent=22983"}],"wp:term":[{"taxonomy":"product_brand","embeddable":true,"href":"https:\/\/staging.forenteforlag.no\/pax\/wp-json\/wp\/v2\/product_brand?post=22983"},{"taxonomy":"product_cat","embeddable":true,"href":"https:\/\/staging.forenteforlag.no\/pax\/wp-json\/wp\/v2\/product_cat?post=22983"},{"taxonomy":"product_tag","embeddable":true,"href":"https:\/\/staging.forenteforlag.no\/pax\/wp-json\/wp\/v2\/product_tag?post=22983"}],"curies":[{"name":"wp","href":"https:\/\/api.w.org\/{rel}","templated":true}]}}