{"id":22964,"date":"2024-12-10T22:26:56","date_gmt":"2024-12-10T21:26:56","guid":{"rendered":"https:\/\/pax.forenteforlag.no\/produkt\/fargen\/"},"modified":"2026-03-03T21:39:41","modified_gmt":"2026-03-03T20:39:41","slug":"fargen","status":"publish","type":"product","link":"https:\/\/staging.forenteforlag.no\/pax\/produkt\/fargen\/","title":{"rendered":"Fargen"},"content":{"rendered":"<p>&laquo;Fargen&raquo; er en roman om \u00e5 s\u00f8ke lykken, tape den og finne den et annet sted. Handlingen foreg\u00e5r i New Zealand midt p\u00e5 attenhundretallet, der gullrushet f\u00f8rte tusenvis av mennesker til vestkysten, villige til \u00e5 risikere livet &laquo;i h\u00e5p om \u00e5 finne noe&raquo;. Harriet og hennes ektemann Joseph har kommet fra England til New Zealand som nybyggere, sammen med Josephs mor Lillian. Alle har hemmeligheter de ikke vil avsl\u00f8re og lidenskaper de ikke kan uttrykke. Da gullfeberen ogs\u00e5 n\u00e5r Joseph, kan ingenting holde ham igjen. Han flykter og overlater de to kvinnene til et nybyggerliv som knapt er kommet i gang. Men da alt g\u00e5r i stykker for Harriet, reiser hun seg og drar selv i retning gullet for \u00e5 f\u00f8lge sine egne dr\u00f8mmer.<\/p>\n","protected":false},"excerpt":{"rendered":"<p>&laquo;Fargen&raquo; er en roman om \u00e5 s\u00f8ke lykken, tape den og finne den et annet sted. Handlingen foreg\u00e5r i New Zealand midt p\u00e5 attenhundretallet, der gullrushet f\u00f8rte tusenvis av mennesker til vestkysten, villige til \u00e5 risikere livet &laquo;i h\u00e5p om \u00e5 finne noe&raquo;. Harriet og hennes ektemann Joseph har kommet fra England til New Zealand [&hellip;]<\/p>\n","protected":false},"featured_media":29058,"template":"","meta":{"_acf_changed":false,"inline_featured_image":false},"product_brand":[],"product_cat":[1782],"product_tag":[394,1095,400,1177,1283,370],"class_list":{"0":"post-22964","1":"product","2":"type-product","3":"status-publish","4":"has-post-thumbnail","6":"product_cat-fripris","7":"product_tag-1800-tallet","8":"product_tag-grafiske-romaner","9":"product_tag-historisk-litteratur","10":"product_tag-new-zealand","11":"product_tag-nybyggere","12":"product_tag-skjonnlitteratur","14":"first","15":"outofstock","16":"taxable","17":"shipping-taxable","18":"purchasable","19":"product-type-simple"},"acf":{"anmeldelse":null},"yoast_head":"<!-- This site is optimized with the Yoast SEO plugin v26.6 - https:\/\/yoast.com\/wordpress\/plugins\/seo\/ -->\n<title>Fargen - Pax<\/title>\n<meta name=\"robots\" content=\"noindex, follow, max-snippet:-1, max-image-preview:large, max-video-preview:-1\" \/>\n<meta property=\"og:locale\" content=\"nb_NO\" \/>\n<meta property=\"og:type\" content=\"article\" \/>\n<meta property=\"og:title\" content=\"Fargen - Pax\" \/>\n<meta property=\"og:description\" content=\"&laquo;Fargen&raquo; er en roman om \u00e5 s\u00f8ke lykken, tape den og finne den et annet sted. Handlingen foreg\u00e5r i New Zealand midt p\u00e5 attenhundretallet, der gullrushet f\u00f8rte tusenvis av mennesker til vestkysten, villige til \u00e5 risikere livet &laquo;i h\u00e5p om \u00e5 finne noe&raquo;. Harriet og hennes ektemann Joseph har kommet fra England til New Zealand [&hellip;]\" \/>\n<meta property=\"og:url\" content=\"https:\/\/staging.forenteforlag.no\/pax\/produkt\/fargen\/\" \/>\n<meta property=\"og:site_name\" content=\"Pax\" \/>\n<meta property=\"article:modified_time\" content=\"2026-03-03T20:39:41+00:00\" \/>\n<meta property=\"og:image\" content=\"https:\/\/staging.forenteforlag.no\/pax\/wp-content\/uploads\/sites\/5\/2025\/08\/jpg-8783.jpg\" \/>\n\t<meta property=\"og:image:width\" content=\"276\" \/>\n\t<meta property=\"og:image:height\" content=\"450\" \/>\n\t<meta property=\"og:image:type\" content=\"image\/jpeg\" \/>\n<meta name=\"twitter:card\" content=\"summary_large_image\" \/>\n<meta name=\"twitter:label1\" content=\"Ansl. lesetid\" \/>\n\t<meta name=\"twitter:data1\" content=\"1 minutt\" \/>\n<script type=\"application\/ld+json\" class=\"yoast-schema-graph\">{\"@context\":\"https:\/\/schema.org\",\"@graph\":[{\"@type\":\"WebPage\",\"@id\":\"https:\/\/staging.forenteforlag.no\/pax\/produkt\/fargen\/\",\"url\":\"https:\/\/staging.forenteforlag.no\/pax\/produkt\/fargen\/\",\"name\":\"Fargen - Pax\",\"isPartOf\":{\"@id\":\"https:\/\/staging.forenteforlag.no\/pax\/#website\"},\"primaryImageOfPage\":{\"@id\":\"https:\/\/staging.forenteforlag.no\/pax\/produkt\/fargen\/#primaryimage\"},\"image\":{\"@id\":\"https:\/\/staging.forenteforlag.no\/pax\/produkt\/fargen\/#primaryimage\"},\"thumbnailUrl\":\"https:\/\/staging.forenteforlag.no\/pax\/wp-content\/uploads\/sites\/5\/2025\/08\/jpg-8783.jpg\",\"datePublished\":\"2024-12-10T21:26:56+00:00\",\"dateModified\":\"2026-03-03T20:39:41+00:00\",\"breadcrumb\":{\"@id\":\"https:\/\/staging.forenteforlag.no\/pax\/produkt\/fargen\/#breadcrumb\"},\"inLanguage\":\"nb-NO\",\"potentialAction\":[{\"@type\":\"ReadAction\",\"target\":[\"https:\/\/staging.forenteforlag.no\/pax\/produkt\/fargen\/\"]}]},{\"@type\":\"ImageObject\",\"inLanguage\":\"nb-NO\",\"@id\":\"https:\/\/staging.forenteforlag.no\/pax\/produkt\/fargen\/#primaryimage\",\"url\":\"https:\/\/staging.forenteforlag.no\/pax\/wp-content\/uploads\/sites\/5\/2025\/08\/jpg-8783.jpg\",\"contentUrl\":\"https:\/\/staging.forenteforlag.no\/pax\/wp-content\/uploads\/sites\/5\/2025\/08\/jpg-8783.jpg\",\"width\":276,\"height\":450},{\"@type\":\"BreadcrumbList\",\"@id\":\"https:\/\/staging.forenteforlag.no\/pax\/produkt\/fargen\/#breadcrumb\",\"itemListElement\":[{\"@type\":\"ListItem\",\"position\":1,\"name\":\"Hjem\",\"item\":\"https:\/\/staging.forenteforlag.no\/pax\/\"},{\"@type\":\"ListItem\",\"position\":2,\"name\":\"Alle b\u00f8ker\",\"item\":\"https:\/\/staging.forenteforlag.no\/pax\/butikk\/\"},{\"@type\":\"ListItem\",\"position\":3,\"name\":\"Fargen\"}]},{\"@type\":\"WebSite\",\"@id\":\"https:\/\/staging.forenteforlag.no\/pax\/#website\",\"url\":\"https:\/\/staging.forenteforlag.no\/pax\/\",\"name\":\"Pax\",\"description\":\"\",\"potentialAction\":[{\"@type\":\"SearchAction\",\"target\":{\"@type\":\"EntryPoint\",\"urlTemplate\":\"https:\/\/staging.forenteforlag.no\/pax\/?s={search_term_string}\"},\"query-input\":{\"@type\":\"PropertyValueSpecification\",\"valueRequired\":true,\"valueName\":\"search_term_string\"}}],\"inLanguage\":\"nb-NO\"}]}<\/script>\n<!-- \/ Yoast SEO plugin. -->","yoast_head_json":{"title":"Fargen - Pax","robots":{"index":"noindex","follow":"follow","max-snippet":"max-snippet:-1","max-image-preview":"max-image-preview:large","max-video-preview":"max-video-preview:-1"},"og_locale":"nb_NO","og_type":"article","og_title":"Fargen - Pax","og_description":"&laquo;Fargen&raquo; er en roman om \u00e5 s\u00f8ke lykken, tape den og finne den et annet sted. Handlingen foreg\u00e5r i New Zealand midt p\u00e5 attenhundretallet, der gullrushet f\u00f8rte tusenvis av mennesker til vestkysten, villige til \u00e5 risikere livet &laquo;i h\u00e5p om \u00e5 finne noe&raquo;. Harriet og hennes ektemann Joseph har kommet fra England til New Zealand [&hellip;]","og_url":"https:\/\/staging.forenteforlag.no\/pax\/produkt\/fargen\/","og_site_name":"Pax","article_modified_time":"2026-03-03T20:39:41+00:00","og_image":[{"width":276,"height":450,"url":"https:\/\/staging.forenteforlag.no\/pax\/wp-content\/uploads\/sites\/5\/2025\/08\/jpg-8783.jpg","type":"image\/jpeg"}],"twitter_card":"summary_large_image","twitter_misc":{"Ansl. lesetid":"1 minutt"},"schema":{"@context":"https:\/\/schema.org","@graph":[{"@type":"WebPage","@id":"https:\/\/staging.forenteforlag.no\/pax\/produkt\/fargen\/","url":"https:\/\/staging.forenteforlag.no\/pax\/produkt\/fargen\/","name":"Fargen - Pax","isPartOf":{"@id":"https:\/\/staging.forenteforlag.no\/pax\/#website"},"primaryImageOfPage":{"@id":"https:\/\/staging.forenteforlag.no\/pax\/produkt\/fargen\/#primaryimage"},"image":{"@id":"https:\/\/staging.forenteforlag.no\/pax\/produkt\/fargen\/#primaryimage"},"thumbnailUrl":"https:\/\/staging.forenteforlag.no\/pax\/wp-content\/uploads\/sites\/5\/2025\/08\/jpg-8783.jpg","datePublished":"2024-12-10T21:26:56+00:00","dateModified":"2026-03-03T20:39:41+00:00","breadcrumb":{"@id":"https:\/\/staging.forenteforlag.no\/pax\/produkt\/fargen\/#breadcrumb"},"inLanguage":"nb-NO","potentialAction":[{"@type":"ReadAction","target":["https:\/\/staging.forenteforlag.no\/pax\/produkt\/fargen\/"]}]},{"@type":"ImageObject","inLanguage":"nb-NO","@id":"https:\/\/staging.forenteforlag.no\/pax\/produkt\/fargen\/#primaryimage","url":"https:\/\/staging.forenteforlag.no\/pax\/wp-content\/uploads\/sites\/5\/2025\/08\/jpg-8783.jpg","contentUrl":"https:\/\/staging.forenteforlag.no\/pax\/wp-content\/uploads\/sites\/5\/2025\/08\/jpg-8783.jpg","width":276,"height":450},{"@type":"BreadcrumbList","@id":"https:\/\/staging.forenteforlag.no\/pax\/produkt\/fargen\/#breadcrumb","itemListElement":[{"@type":"ListItem","position":1,"name":"Hjem","item":"https:\/\/staging.forenteforlag.no\/pax\/"},{"@type":"ListItem","position":2,"name":"Alle b\u00f8ker","item":"https:\/\/staging.forenteforlag.no\/pax\/butikk\/"},{"@type":"ListItem","position":3,"name":"Fargen"}]},{"@type":"WebSite","@id":"https:\/\/staging.forenteforlag.no\/pax\/#website","url":"https:\/\/staging.forenteforlag.no\/pax\/","name":"Pax","description":"","potentialAction":[{"@type":"SearchAction","target":{"@type":"EntryPoint","urlTemplate":"https:\/\/staging.forenteforlag.no\/pax\/?s={search_term_string}"},"query-input":{"@type":"PropertyValueSpecification","valueRequired":true,"valueName":"search_term_string"}}],"inLanguage":"nb-NO"}]}},"_links":{"self":[{"href":"https:\/\/staging.forenteforlag.no\/pax\/wp-json\/wp\/v2\/product\/22964","targetHints":{"allow":["GET"]}}],"collection":[{"href":"https:\/\/staging.forenteforlag.no\/pax\/wp-json\/wp\/v2\/product"}],"about":[{"href":"https:\/\/staging.forenteforlag.no\/pax\/wp-json\/wp\/v2\/types\/product"}],"wp:featuredmedia":[{"embeddable":true,"href":"https:\/\/staging.forenteforlag.no\/pax\/wp-json\/wp\/v2\/media\/29058"}],"wp:attachment":[{"href":"https:\/\/staging.forenteforlag.no\/pax\/wp-json\/wp\/v2\/media?parent=22964"}],"wp:term":[{"taxonomy":"product_brand","embeddable":true,"href":"https:\/\/staging.forenteforlag.no\/pax\/wp-json\/wp\/v2\/product_brand?post=22964"},{"taxonomy":"product_cat","embeddable":true,"href":"https:\/\/staging.forenteforlag.no\/pax\/wp-json\/wp\/v2\/product_cat?post=22964"},{"taxonomy":"product_tag","embeddable":true,"href":"https:\/\/staging.forenteforlag.no\/pax\/wp-json\/wp\/v2\/product_tag?post=22964"}],"curies":[{"name":"wp","href":"https:\/\/api.w.org\/{rel}","templated":true}]}}