{"id":22953,"date":"2014-03-19T01:00:00","date_gmt":"2014-03-19T00:00:00","guid":{"rendered":"https:\/\/pax.forenteforlag.no\/produkt\/himmlers-kokk\/"},"modified":"2025-08-27T13:54:09","modified_gmt":"2025-08-27T11:54:09","slug":"himmlers-kokk","status":"publish","type":"product","link":"https:\/\/staging.forenteforlag.no\/pax\/produkt\/himmlers-kokk\/","title":{"rendered":"Himmlers kokk"},"content":{"rendered":"<p>I denne fengende historien m\u00f8ter vi den ustoppelige og livsglade 105-\u00e5rige kokken Rose. Hun har overlevd hele det 20. \u00e5rhundrets kriser og kriger, uten noen sinne \u00e5 miste hum\u00f8ret eller sansen for de jordiske gleder, enten det dreier seg om mat eller menn. Hun har v\u00e6rt gjennom det meste, fra det armenske folkemordet, andre verdenskrigs Europa og kulturrevolusjonen i Kina, men har holdt hodet h\u00f8yt og fortsatt ufortr\u00f8dent framover.Giesberts roman har truffet leserne med sin unike fortellerstemme og uimotst\u00e5elige hovedperson. Dette er en medrivende og drivende godt skrevet fortelling om europeisk historie de siste hundre \u00e5rene, med Rose som et dynamisk og ubetalelig sentrum i fortellingen. Som en bonus f\u00e5r vi servert noen av favorittoppskriftene hennes til slutt, og slik blir dette ogs\u00e5 en miniatyr-kokebok utenom det vanlige. En \u00f8yeblikkelig leserfavoritt!<\/p>\n","protected":false},"excerpt":{"rendered":"<p>I denne fengende historien m\u00f8ter vi den ustoppelige og livsglade 105-\u00e5rige kokken Rose. Hun har overlevd hele det 20. \u00e5rhundrets kriser og kriger, uten noen sinne \u00e5 miste hum\u00f8ret eller sansen for de jordiske gleder, enten det dreier seg om mat eller menn. Hun har v\u00e6rt gjennom det meste, fra det armenske folkemordet, andre verdenskrigs [&hellip;]<\/p>\n","protected":false},"featured_media":29163,"template":"","meta":{"_acf_changed":false,"inline_featured_image":false},"product_brand":[],"product_cat":[23,40],"product_tag":[441,405,607,777,1095,943,370,1312],"class_list":{"0":"post-22953","1":"product","2":"type-product","3":"status-publish","4":"has-post-thumbnail","6":"product_cat-historie","7":"product_cat-romaner","8":"product_tag-1900-tallet","9":"product_tag-andre-verdenskrig","10":"product_tag-bedriftshistorie","11":"product_tag-frankrike","12":"product_tag-grafiske-romaner","13":"product_tag-hotell-og-restaurantdrift","14":"product_tag-skjonnlitteratur","15":"product_tag-statskupp","16":"pa_format-innbundet","18":"first","19":"outofstock","20":"shipping-taxable","21":"purchasable","22":"product-type-simple"},"acf":{"anmeldelse":null},"yoast_head":"<!-- This site is optimized with the Yoast SEO plugin v26.6 - https:\/\/yoast.com\/wordpress\/plugins\/seo\/ -->\n<title>Himmlers kokk - Pax<\/title>\n<meta name=\"robots\" content=\"noindex, follow, max-snippet:-1, max-image-preview:large, max-video-preview:-1\" \/>\n<meta property=\"og:locale\" content=\"nb_NO\" \/>\n<meta property=\"og:type\" content=\"article\" \/>\n<meta property=\"og:title\" content=\"Himmlers kokk - Pax\" \/>\n<meta property=\"og:description\" content=\"I denne fengende historien m\u00f8ter vi den ustoppelige og livsglade 105-\u00e5rige kokken Rose. Hun har overlevd hele det 20. \u00e5rhundrets kriser og kriger, uten noen sinne \u00e5 miste hum\u00f8ret eller sansen for de jordiske gleder, enten det dreier seg om mat eller menn. Hun har v\u00e6rt gjennom det meste, fra det armenske folkemordet, andre verdenskrigs [&hellip;]\" \/>\n<meta property=\"og:url\" content=\"https:\/\/staging.forenteforlag.no\/pax\/produkt\/himmlers-kokk\/\" \/>\n<meta property=\"og:site_name\" content=\"Pax\" \/>\n<meta property=\"article:modified_time\" content=\"2025-08-27T11:54:09+00:00\" \/>\n<meta property=\"og:image\" content=\"https:\/\/staging.forenteforlag.no\/pax\/wp-content\/uploads\/sites\/5\/2025\/08\/jpg-9072.jpg\" \/>\n\t<meta property=\"og:image:width\" content=\"287\" \/>\n\t<meta property=\"og:image:height\" content=\"450\" \/>\n\t<meta property=\"og:image:type\" content=\"image\/jpeg\" \/>\n<meta name=\"twitter:card\" content=\"summary_large_image\" \/>\n<meta name=\"twitter:label1\" content=\"Ansl. lesetid\" \/>\n\t<meta name=\"twitter:data1\" content=\"1 minutt\" \/>\n<script type=\"application\/ld+json\" class=\"yoast-schema-graph\">{\"@context\":\"https:\/\/schema.org\",\"@graph\":[{\"@type\":\"WebPage\",\"@id\":\"https:\/\/staging.forenteforlag.no\/pax\/produkt\/himmlers-kokk\/\",\"url\":\"https:\/\/staging.forenteforlag.no\/pax\/produkt\/himmlers-kokk\/\",\"name\":\"Himmlers kokk - Pax\",\"isPartOf\":{\"@id\":\"https:\/\/staging.forenteforlag.no\/pax\/#website\"},\"primaryImageOfPage\":{\"@id\":\"https:\/\/staging.forenteforlag.no\/pax\/produkt\/himmlers-kokk\/#primaryimage\"},\"image\":{\"@id\":\"https:\/\/staging.forenteforlag.no\/pax\/produkt\/himmlers-kokk\/#primaryimage\"},\"thumbnailUrl\":\"https:\/\/staging.forenteforlag.no\/pax\/wp-content\/uploads\/sites\/5\/2025\/08\/jpg-9072.jpg\",\"datePublished\":\"2014-03-19T00:00:00+00:00\",\"dateModified\":\"2025-08-27T11:54:09+00:00\",\"breadcrumb\":{\"@id\":\"https:\/\/staging.forenteforlag.no\/pax\/produkt\/himmlers-kokk\/#breadcrumb\"},\"inLanguage\":\"nb-NO\",\"potentialAction\":[{\"@type\":\"ReadAction\",\"target\":[\"https:\/\/staging.forenteforlag.no\/pax\/produkt\/himmlers-kokk\/\"]}]},{\"@type\":\"ImageObject\",\"inLanguage\":\"nb-NO\",\"@id\":\"https:\/\/staging.forenteforlag.no\/pax\/produkt\/himmlers-kokk\/#primaryimage\",\"url\":\"https:\/\/staging.forenteforlag.no\/pax\/wp-content\/uploads\/sites\/5\/2025\/08\/jpg-9072.jpg\",\"contentUrl\":\"https:\/\/staging.forenteforlag.no\/pax\/wp-content\/uploads\/sites\/5\/2025\/08\/jpg-9072.jpg\",\"width\":287,\"height\":450},{\"@type\":\"BreadcrumbList\",\"@id\":\"https:\/\/staging.forenteforlag.no\/pax\/produkt\/himmlers-kokk\/#breadcrumb\",\"itemListElement\":[{\"@type\":\"ListItem\",\"position\":1,\"name\":\"Hjem\",\"item\":\"https:\/\/staging.forenteforlag.no\/pax\/\"},{\"@type\":\"ListItem\",\"position\":2,\"name\":\"Alle b\u00f8ker\",\"item\":\"https:\/\/staging.forenteforlag.no\/pax\/butikk\/\"},{\"@type\":\"ListItem\",\"position\":3,\"name\":\"Himmlers kokk\"}]},{\"@type\":\"WebSite\",\"@id\":\"https:\/\/staging.forenteforlag.no\/pax\/#website\",\"url\":\"https:\/\/staging.forenteforlag.no\/pax\/\",\"name\":\"Pax\",\"description\":\"\",\"potentialAction\":[{\"@type\":\"SearchAction\",\"target\":{\"@type\":\"EntryPoint\",\"urlTemplate\":\"https:\/\/staging.forenteforlag.no\/pax\/?s={search_term_string}\"},\"query-input\":{\"@type\":\"PropertyValueSpecification\",\"valueRequired\":true,\"valueName\":\"search_term_string\"}}],\"inLanguage\":\"nb-NO\"}]}<\/script>\n<!-- \/ Yoast SEO plugin. -->","yoast_head_json":{"title":"Himmlers kokk - Pax","robots":{"index":"noindex","follow":"follow","max-snippet":"max-snippet:-1","max-image-preview":"max-image-preview:large","max-video-preview":"max-video-preview:-1"},"og_locale":"nb_NO","og_type":"article","og_title":"Himmlers kokk - Pax","og_description":"I denne fengende historien m\u00f8ter vi den ustoppelige og livsglade 105-\u00e5rige kokken Rose. Hun har overlevd hele det 20. \u00e5rhundrets kriser og kriger, uten noen sinne \u00e5 miste hum\u00f8ret eller sansen for de jordiske gleder, enten det dreier seg om mat eller menn. Hun har v\u00e6rt gjennom det meste, fra det armenske folkemordet, andre verdenskrigs [&hellip;]","og_url":"https:\/\/staging.forenteforlag.no\/pax\/produkt\/himmlers-kokk\/","og_site_name":"Pax","article_modified_time":"2025-08-27T11:54:09+00:00","og_image":[{"width":287,"height":450,"url":"https:\/\/staging.forenteforlag.no\/pax\/wp-content\/uploads\/sites\/5\/2025\/08\/jpg-9072.jpg","type":"image\/jpeg"}],"twitter_card":"summary_large_image","twitter_misc":{"Ansl. lesetid":"1 minutt"},"schema":{"@context":"https:\/\/schema.org","@graph":[{"@type":"WebPage","@id":"https:\/\/staging.forenteforlag.no\/pax\/produkt\/himmlers-kokk\/","url":"https:\/\/staging.forenteforlag.no\/pax\/produkt\/himmlers-kokk\/","name":"Himmlers kokk - Pax","isPartOf":{"@id":"https:\/\/staging.forenteforlag.no\/pax\/#website"},"primaryImageOfPage":{"@id":"https:\/\/staging.forenteforlag.no\/pax\/produkt\/himmlers-kokk\/#primaryimage"},"image":{"@id":"https:\/\/staging.forenteforlag.no\/pax\/produkt\/himmlers-kokk\/#primaryimage"},"thumbnailUrl":"https:\/\/staging.forenteforlag.no\/pax\/wp-content\/uploads\/sites\/5\/2025\/08\/jpg-9072.jpg","datePublished":"2014-03-19T00:00:00+00:00","dateModified":"2025-08-27T11:54:09+00:00","breadcrumb":{"@id":"https:\/\/staging.forenteforlag.no\/pax\/produkt\/himmlers-kokk\/#breadcrumb"},"inLanguage":"nb-NO","potentialAction":[{"@type":"ReadAction","target":["https:\/\/staging.forenteforlag.no\/pax\/produkt\/himmlers-kokk\/"]}]},{"@type":"ImageObject","inLanguage":"nb-NO","@id":"https:\/\/staging.forenteforlag.no\/pax\/produkt\/himmlers-kokk\/#primaryimage","url":"https:\/\/staging.forenteforlag.no\/pax\/wp-content\/uploads\/sites\/5\/2025\/08\/jpg-9072.jpg","contentUrl":"https:\/\/staging.forenteforlag.no\/pax\/wp-content\/uploads\/sites\/5\/2025\/08\/jpg-9072.jpg","width":287,"height":450},{"@type":"BreadcrumbList","@id":"https:\/\/staging.forenteforlag.no\/pax\/produkt\/himmlers-kokk\/#breadcrumb","itemListElement":[{"@type":"ListItem","position":1,"name":"Hjem","item":"https:\/\/staging.forenteforlag.no\/pax\/"},{"@type":"ListItem","position":2,"name":"Alle b\u00f8ker","item":"https:\/\/staging.forenteforlag.no\/pax\/butikk\/"},{"@type":"ListItem","position":3,"name":"Himmlers kokk"}]},{"@type":"WebSite","@id":"https:\/\/staging.forenteforlag.no\/pax\/#website","url":"https:\/\/staging.forenteforlag.no\/pax\/","name":"Pax","description":"","potentialAction":[{"@type":"SearchAction","target":{"@type":"EntryPoint","urlTemplate":"https:\/\/staging.forenteforlag.no\/pax\/?s={search_term_string}"},"query-input":{"@type":"PropertyValueSpecification","valueRequired":true,"valueName":"search_term_string"}}],"inLanguage":"nb-NO"}]}},"_links":{"self":[{"href":"https:\/\/staging.forenteforlag.no\/pax\/wp-json\/wp\/v2\/product\/22953","targetHints":{"allow":["GET"]}}],"collection":[{"href":"https:\/\/staging.forenteforlag.no\/pax\/wp-json\/wp\/v2\/product"}],"about":[{"href":"https:\/\/staging.forenteforlag.no\/pax\/wp-json\/wp\/v2\/types\/product"}],"wp:featuredmedia":[{"embeddable":true,"href":"https:\/\/staging.forenteforlag.no\/pax\/wp-json\/wp\/v2\/media\/29163"}],"wp:attachment":[{"href":"https:\/\/staging.forenteforlag.no\/pax\/wp-json\/wp\/v2\/media?parent=22953"}],"wp:term":[{"taxonomy":"product_brand","embeddable":true,"href":"https:\/\/staging.forenteforlag.no\/pax\/wp-json\/wp\/v2\/product_brand?post=22953"},{"taxonomy":"product_cat","embeddable":true,"href":"https:\/\/staging.forenteforlag.no\/pax\/wp-json\/wp\/v2\/product_cat?post=22953"},{"taxonomy":"product_tag","embeddable":true,"href":"https:\/\/staging.forenteforlag.no\/pax\/wp-json\/wp\/v2\/product_tag?post=22953"}],"curies":[{"name":"wp","href":"https:\/\/api.w.org\/{rel}","templated":true}]}}