{"id":22922,"date":"2024-12-10T22:25:47","date_gmt":"2024-12-10T21:25:47","guid":{"rendered":"https:\/\/pax.forenteforlag.no\/produkt\/solgudens-sonn\/"},"modified":"2026-03-04T20:01:19","modified_gmt":"2026-03-04T19:01:19","slug":"solgudens-sonn","status":"publish","type":"product","link":"https:\/\/staging.forenteforlag.no\/pax\/produkt\/solgudens-sonn\/","title":{"rendered":"Solgudens s\u00f8nn"},"content":{"rendered":"<p>I Solgudens s\u00f8nn skildrer Pauline Gedge en av de mest fascinerende perioder i Det gamle Egypts historie. Det er Akhnatons regjeringstid, kanskje den merkeligste og mest mystiske av alle faraoer.Han blir tidlig gift med sin kusine, den vakre Nefertiti, som viser seg \u00e5 v\u00e6re listig og slu i sine planer b\u00e5de p\u00e5 hans og egne vegne. Men den mektigste personen er lenge hans mor, keiserinne Teje, som sturer landet i hans sted. Inntil Akhnaton selv begynner \u00e5 ta makten i egne hender, for \u00e5 omforme Egypt etter sitt hode og sine religi\u00f8se visjoner. Han erkl\u00e6rer at solguden Aton er den eneste sanne gud.I Solgudens s\u00f8nn \u00f8ser Pauline Gedge av sine store kunnskaper om Egypts historie. Med rike milj\u00f8skildringer og skarpe personportretter skaper hun en historisk roman som er b\u00e5de spennende og innsiktsfull.<\/p>\n","protected":false},"excerpt":{"rendered":"<p>I Solgudens s\u00f8nn skildrer Pauline Gedge en av de mest fascinerende perioder i Det gamle Egypts historie. Det er Akhnatons regjeringstid, kanskje den merkeligste og mest mystiske av alle faraoer.Han blir tidlig gift med sin kusine, den vakre Nefertiti, som viser seg \u00e5 v\u00e6re listig og slu i sine planer b\u00e5de p\u00e5 hans og egne [&hellip;]<\/p>\n","protected":false},"featured_media":0,"template":"","meta":{"_acf_changed":false,"inline_featured_image":false},"product_brand":[],"product_cat":[1782],"product_tag":[1169,1095,400,1113,370],"class_list":{"0":"post-22922","1":"product","2":"type-product","3":"status-publish","5":"product_cat-fripris","6":"product_tag-egypt","7":"product_tag-grafiske-romaner","8":"product_tag-historisk-litteratur","9":"product_tag-oldtiden","10":"product_tag-skjonnlitteratur","12":"first","13":"outofstock","14":"taxable","15":"shipping-taxable","16":"purchasable","17":"product-type-simple"},"acf":{"anmeldelse":null},"yoast_head":"<!-- This site is optimized with the Yoast SEO plugin v26.6 - https:\/\/yoast.com\/wordpress\/plugins\/seo\/ -->\n<title>Solgudens s\u00f8nn - Pax<\/title>\n<meta name=\"robots\" content=\"noindex, follow, max-snippet:-1, max-image-preview:large, max-video-preview:-1\" \/>\n<meta property=\"og:locale\" content=\"nb_NO\" \/>\n<meta property=\"og:type\" content=\"article\" \/>\n<meta property=\"og:title\" content=\"Solgudens s\u00f8nn - Pax\" \/>\n<meta property=\"og:description\" content=\"I Solgudens s\u00f8nn skildrer Pauline Gedge en av de mest fascinerende perioder i Det gamle Egypts historie. Det er Akhnatons regjeringstid, kanskje den merkeligste og mest mystiske av alle faraoer.Han blir tidlig gift med sin kusine, den vakre Nefertiti, som viser seg \u00e5 v\u00e6re listig og slu i sine planer b\u00e5de p\u00e5 hans og egne [&hellip;]\" \/>\n<meta property=\"og:url\" content=\"https:\/\/staging.forenteforlag.no\/pax\/produkt\/solgudens-sonn\/\" \/>\n<meta property=\"og:site_name\" content=\"Pax\" \/>\n<meta property=\"article:modified_time\" content=\"2026-03-04T19:01:19+00:00\" \/>\n<meta property=\"og:image\" content=\"https:\/\/staging.forenteforlag.no\/pax\/wp-content\/uploads\/sites\/5\/2025\/02\/pax-hvit.jpg\" \/>\n\t<meta property=\"og:image:width\" content=\"1200\" \/>\n\t<meta property=\"og:image:height\" content=\"800\" \/>\n\t<meta property=\"og:image:type\" content=\"image\/jpeg\" \/>\n<meta name=\"twitter:card\" content=\"summary_large_image\" \/>\n<meta name=\"twitter:label1\" content=\"Ansl. lesetid\" \/>\n\t<meta name=\"twitter:data1\" content=\"1 minutt\" \/>\n<script type=\"application\/ld+json\" class=\"yoast-schema-graph\">{\"@context\":\"https:\/\/schema.org\",\"@graph\":[{\"@type\":\"WebPage\",\"@id\":\"https:\/\/staging.forenteforlag.no\/pax\/produkt\/solgudens-sonn\/\",\"url\":\"https:\/\/staging.forenteforlag.no\/pax\/produkt\/solgudens-sonn\/\",\"name\":\"Solgudens s\u00f8nn - Pax\",\"isPartOf\":{\"@id\":\"https:\/\/staging.forenteforlag.no\/pax\/#website\"},\"datePublished\":\"2024-12-10T21:25:47+00:00\",\"dateModified\":\"2026-03-04T19:01:19+00:00\",\"breadcrumb\":{\"@id\":\"https:\/\/staging.forenteforlag.no\/pax\/produkt\/solgudens-sonn\/#breadcrumb\"},\"inLanguage\":\"nb-NO\",\"potentialAction\":[{\"@type\":\"ReadAction\",\"target\":[\"https:\/\/staging.forenteforlag.no\/pax\/produkt\/solgudens-sonn\/\"]}]},{\"@type\":\"BreadcrumbList\",\"@id\":\"https:\/\/staging.forenteforlag.no\/pax\/produkt\/solgudens-sonn\/#breadcrumb\",\"itemListElement\":[{\"@type\":\"ListItem\",\"position\":1,\"name\":\"Hjem\",\"item\":\"https:\/\/staging.forenteforlag.no\/pax\/\"},{\"@type\":\"ListItem\",\"position\":2,\"name\":\"Alle b\u00f8ker\",\"item\":\"https:\/\/staging.forenteforlag.no\/pax\/butikk\/\"},{\"@type\":\"ListItem\",\"position\":3,\"name\":\"Solgudens s\u00f8nn\"}]},{\"@type\":\"WebSite\",\"@id\":\"https:\/\/staging.forenteforlag.no\/pax\/#website\",\"url\":\"https:\/\/staging.forenteforlag.no\/pax\/\",\"name\":\"Pax\",\"description\":\"\",\"potentialAction\":[{\"@type\":\"SearchAction\",\"target\":{\"@type\":\"EntryPoint\",\"urlTemplate\":\"https:\/\/staging.forenteforlag.no\/pax\/?s={search_term_string}\"},\"query-input\":{\"@type\":\"PropertyValueSpecification\",\"valueRequired\":true,\"valueName\":\"search_term_string\"}}],\"inLanguage\":\"nb-NO\"}]}<\/script>\n<!-- \/ Yoast SEO plugin. -->","yoast_head_json":{"title":"Solgudens s\u00f8nn - Pax","robots":{"index":"noindex","follow":"follow","max-snippet":"max-snippet:-1","max-image-preview":"max-image-preview:large","max-video-preview":"max-video-preview:-1"},"og_locale":"nb_NO","og_type":"article","og_title":"Solgudens s\u00f8nn - Pax","og_description":"I Solgudens s\u00f8nn skildrer Pauline Gedge en av de mest fascinerende perioder i Det gamle Egypts historie. Det er Akhnatons regjeringstid, kanskje den merkeligste og mest mystiske av alle faraoer.Han blir tidlig gift med sin kusine, den vakre Nefertiti, som viser seg \u00e5 v\u00e6re listig og slu i sine planer b\u00e5de p\u00e5 hans og egne [&hellip;]","og_url":"https:\/\/staging.forenteforlag.no\/pax\/produkt\/solgudens-sonn\/","og_site_name":"Pax","article_modified_time":"2026-03-04T19:01:19+00:00","og_image":[{"width":1200,"height":800,"url":"https:\/\/staging.forenteforlag.no\/pax\/wp-content\/uploads\/sites\/5\/2025\/02\/pax-hvit.jpg","type":"image\/jpeg"}],"twitter_card":"summary_large_image","twitter_misc":{"Ansl. lesetid":"1 minutt"},"schema":{"@context":"https:\/\/schema.org","@graph":[{"@type":"WebPage","@id":"https:\/\/staging.forenteforlag.no\/pax\/produkt\/solgudens-sonn\/","url":"https:\/\/staging.forenteforlag.no\/pax\/produkt\/solgudens-sonn\/","name":"Solgudens s\u00f8nn - Pax","isPartOf":{"@id":"https:\/\/staging.forenteforlag.no\/pax\/#website"},"datePublished":"2024-12-10T21:25:47+00:00","dateModified":"2026-03-04T19:01:19+00:00","breadcrumb":{"@id":"https:\/\/staging.forenteforlag.no\/pax\/produkt\/solgudens-sonn\/#breadcrumb"},"inLanguage":"nb-NO","potentialAction":[{"@type":"ReadAction","target":["https:\/\/staging.forenteforlag.no\/pax\/produkt\/solgudens-sonn\/"]}]},{"@type":"BreadcrumbList","@id":"https:\/\/staging.forenteforlag.no\/pax\/produkt\/solgudens-sonn\/#breadcrumb","itemListElement":[{"@type":"ListItem","position":1,"name":"Hjem","item":"https:\/\/staging.forenteforlag.no\/pax\/"},{"@type":"ListItem","position":2,"name":"Alle b\u00f8ker","item":"https:\/\/staging.forenteforlag.no\/pax\/butikk\/"},{"@type":"ListItem","position":3,"name":"Solgudens s\u00f8nn"}]},{"@type":"WebSite","@id":"https:\/\/staging.forenteforlag.no\/pax\/#website","url":"https:\/\/staging.forenteforlag.no\/pax\/","name":"Pax","description":"","potentialAction":[{"@type":"SearchAction","target":{"@type":"EntryPoint","urlTemplate":"https:\/\/staging.forenteforlag.no\/pax\/?s={search_term_string}"},"query-input":{"@type":"PropertyValueSpecification","valueRequired":true,"valueName":"search_term_string"}}],"inLanguage":"nb-NO"}]}},"_links":{"self":[{"href":"https:\/\/staging.forenteforlag.no\/pax\/wp-json\/wp\/v2\/product\/22922","targetHints":{"allow":["GET"]}}],"collection":[{"href":"https:\/\/staging.forenteforlag.no\/pax\/wp-json\/wp\/v2\/product"}],"about":[{"href":"https:\/\/staging.forenteforlag.no\/pax\/wp-json\/wp\/v2\/types\/product"}],"wp:attachment":[{"href":"https:\/\/staging.forenteforlag.no\/pax\/wp-json\/wp\/v2\/media?parent=22922"}],"wp:term":[{"taxonomy":"product_brand","embeddable":true,"href":"https:\/\/staging.forenteforlag.no\/pax\/wp-json\/wp\/v2\/product_brand?post=22922"},{"taxonomy":"product_cat","embeddable":true,"href":"https:\/\/staging.forenteforlag.no\/pax\/wp-json\/wp\/v2\/product_cat?post=22922"},{"taxonomy":"product_tag","embeddable":true,"href":"https:\/\/staging.forenteforlag.no\/pax\/wp-json\/wp\/v2\/product_tag?post=22922"}],"curies":[{"name":"wp","href":"https:\/\/api.w.org\/{rel}","templated":true}]}}