{"id":22913,"date":"2012-04-24T02:00:00","date_gmt":"2012-04-24T00:00:00","guid":{"rendered":"https:\/\/pax.forenteforlag.no\/produkt\/mississippi-2\/"},"modified":"2025-11-12T08:37:32","modified_gmt":"2025-11-12T07:37:32","slug":"mississippi-2","status":"publish","type":"product","link":"https:\/\/staging.forenteforlag.no\/pax\/produkt\/mississippi-2\/","title":{"rendered":"Mississippi"},"content":{"rendered":"<p>Byjenta Laura McAllan flytter med ektemannen Henry til en avsides g\u00e5rd i Mississippi i 1946. Henry elsker jorda, men Laura sliter med \u00e5 finne seg til rette, ikke minst fordi hun m\u00e5 bo under samme tak som sin hatefulle svigerfar. Da Henrys bror Jamie og den svarte nabogutten Ronsel vender hjem fra krigen, endrer livet seg. I Jamie finner Laura en som ser henne, men i et lokalsamfunn preget av dyp rasisme vekker Jamie ogs\u00e5 forakt og frykt p\u00e5 grunn av sitt vennskap med Ronsel. Og da Laura forst\u00e5r hva som er i ferd med \u00e5 skje med familien, har Ku Klux Klan allerede tr\u00e5dd ut av skyggene. I Mississippi forteller Hillary Jordan medrivende og uhyre sterkt om forbudt kj\u00e6rlighet, vennskap og hat i et S\u00f8rstatene etter Purpurfargen og forut for Barnepiken og Bienes hemmelige liv. Boken har vunnet flere priser og v\u00e6rt en internasjonal bestselger siden den f\u00f8rst kom ut i 2009. Hilary Jordan vokste opp i Texas og Oklahoma og jobbet som tekstforfatter inntil hun debuterte med Mississippi. Romanen har bl.a. vunnet The BellwetherPrize for Fiction, en pris grunnlagt av forfatteren Barbara Kingsolver, og er for tiden under utgivelse i \u00e5tte land.<\/p>\n","protected":false},"excerpt":{"rendered":"<p>Byjenta Laura McAllan flytter med ektemannen Henry til en avsides g\u00e5rd i Mississippi i 1946. Henry elsker jorda, men Laura sliter med \u00e5 finne seg til rette, ikke minst fordi hun m\u00e5 bo under samme tak som sin hatefulle svigerfar. Da Henrys bror Jamie og den svarte nabogutten Ronsel vender hjem fra krigen, endrer livet [&hellip;]<\/p>\n","protected":false},"featured_media":27823,"template":"","meta":{"_acf_changed":false,"inline_featured_image":false},"product_brand":[],"product_cat":[40],"product_tag":[370],"class_list":{"0":"post-22913","1":"product","2":"type-product","3":"status-publish","4":"has-post-thumbnail","6":"product_cat-romaner","7":"product_tag-skjonnlitteratur","8":"pa_format-innbundet","10":"first","11":"outofstock","12":"shipping-taxable","13":"purchasable","14":"product-type-simple"},"acf":{"anmeldelse":null},"yoast_head":"<!-- This site is optimized with the Yoast SEO plugin v26.6 - https:\/\/yoast.com\/wordpress\/plugins\/seo\/ -->\n<title>Mississippi - Pax<\/title>\n<meta name=\"robots\" content=\"noindex, follow, max-snippet:-1, max-image-preview:large, max-video-preview:-1\" \/>\n<meta property=\"og:locale\" content=\"nb_NO\" \/>\n<meta property=\"og:type\" content=\"article\" \/>\n<meta property=\"og:title\" content=\"Mississippi - Pax\" \/>\n<meta property=\"og:description\" content=\"Byjenta Laura McAllan flytter med ektemannen Henry til en avsides g\u00e5rd i Mississippi i 1946. Henry elsker jorda, men Laura sliter med \u00e5 finne seg til rette, ikke minst fordi hun m\u00e5 bo under samme tak som sin hatefulle svigerfar. Da Henrys bror Jamie og den svarte nabogutten Ronsel vender hjem fra krigen, endrer livet [&hellip;]\" \/>\n<meta property=\"og:url\" content=\"https:\/\/staging.forenteforlag.no\/pax\/produkt\/mississippi-2\/\" \/>\n<meta property=\"og:site_name\" content=\"Pax\" \/>\n<meta property=\"article:modified_time\" content=\"2025-11-12T07:37:32+00:00\" \/>\n<meta property=\"og:image\" content=\"https:\/\/staging.forenteforlag.no\/pax\/wp-content\/uploads\/sites\/5\/2025\/08\/jpg-5173.jpg\" \/>\n\t<meta property=\"og:image:width\" content=\"279\" \/>\n\t<meta property=\"og:image:height\" content=\"449\" \/>\n\t<meta property=\"og:image:type\" content=\"image\/jpeg\" \/>\n<meta name=\"twitter:card\" content=\"summary_large_image\" \/>\n<meta name=\"twitter:label1\" content=\"Ansl. lesetid\" \/>\n\t<meta name=\"twitter:data1\" content=\"1 minutt\" \/>\n<script type=\"application\/ld+json\" class=\"yoast-schema-graph\">{\"@context\":\"https:\/\/schema.org\",\"@graph\":[{\"@type\":\"WebPage\",\"@id\":\"https:\/\/staging.forenteforlag.no\/pax\/produkt\/mississippi-2\/\",\"url\":\"https:\/\/staging.forenteforlag.no\/pax\/produkt\/mississippi-2\/\",\"name\":\"Mississippi - Pax\",\"isPartOf\":{\"@id\":\"https:\/\/staging.forenteforlag.no\/pax\/#website\"},\"primaryImageOfPage\":{\"@id\":\"https:\/\/staging.forenteforlag.no\/pax\/produkt\/mississippi-2\/#primaryimage\"},\"image\":{\"@id\":\"https:\/\/staging.forenteforlag.no\/pax\/produkt\/mississippi-2\/#primaryimage\"},\"thumbnailUrl\":\"https:\/\/staging.forenteforlag.no\/pax\/wp-content\/uploads\/sites\/5\/2025\/08\/jpg-5173.jpg\",\"datePublished\":\"2012-04-24T00:00:00+00:00\",\"dateModified\":\"2025-11-12T07:37:32+00:00\",\"breadcrumb\":{\"@id\":\"https:\/\/staging.forenteforlag.no\/pax\/produkt\/mississippi-2\/#breadcrumb\"},\"inLanguage\":\"nb-NO\",\"potentialAction\":[{\"@type\":\"ReadAction\",\"target\":[\"https:\/\/staging.forenteforlag.no\/pax\/produkt\/mississippi-2\/\"]}]},{\"@type\":\"ImageObject\",\"inLanguage\":\"nb-NO\",\"@id\":\"https:\/\/staging.forenteforlag.no\/pax\/produkt\/mississippi-2\/#primaryimage\",\"url\":\"https:\/\/staging.forenteforlag.no\/pax\/wp-content\/uploads\/sites\/5\/2025\/08\/jpg-5173.jpg\",\"contentUrl\":\"https:\/\/staging.forenteforlag.no\/pax\/wp-content\/uploads\/sites\/5\/2025\/08\/jpg-5173.jpg\",\"width\":279,\"height\":449},{\"@type\":\"BreadcrumbList\",\"@id\":\"https:\/\/staging.forenteforlag.no\/pax\/produkt\/mississippi-2\/#breadcrumb\",\"itemListElement\":[{\"@type\":\"ListItem\",\"position\":1,\"name\":\"Hjem\",\"item\":\"https:\/\/staging.forenteforlag.no\/pax\/\"},{\"@type\":\"ListItem\",\"position\":2,\"name\":\"Alle b\u00f8ker\",\"item\":\"https:\/\/staging.forenteforlag.no\/pax\/butikk\/\"},{\"@type\":\"ListItem\",\"position\":3,\"name\":\"Mississippi\"}]},{\"@type\":\"WebSite\",\"@id\":\"https:\/\/staging.forenteforlag.no\/pax\/#website\",\"url\":\"https:\/\/staging.forenteforlag.no\/pax\/\",\"name\":\"Pax\",\"description\":\"\",\"potentialAction\":[{\"@type\":\"SearchAction\",\"target\":{\"@type\":\"EntryPoint\",\"urlTemplate\":\"https:\/\/staging.forenteforlag.no\/pax\/?s={search_term_string}\"},\"query-input\":{\"@type\":\"PropertyValueSpecification\",\"valueRequired\":true,\"valueName\":\"search_term_string\"}}],\"inLanguage\":\"nb-NO\"}]}<\/script>\n<!-- \/ Yoast SEO plugin. -->","yoast_head_json":{"title":"Mississippi - Pax","robots":{"index":"noindex","follow":"follow","max-snippet":"max-snippet:-1","max-image-preview":"max-image-preview:large","max-video-preview":"max-video-preview:-1"},"og_locale":"nb_NO","og_type":"article","og_title":"Mississippi - Pax","og_description":"Byjenta Laura McAllan flytter med ektemannen Henry til en avsides g\u00e5rd i Mississippi i 1946. Henry elsker jorda, men Laura sliter med \u00e5 finne seg til rette, ikke minst fordi hun m\u00e5 bo under samme tak som sin hatefulle svigerfar. Da Henrys bror Jamie og den svarte nabogutten Ronsel vender hjem fra krigen, endrer livet [&hellip;]","og_url":"https:\/\/staging.forenteforlag.no\/pax\/produkt\/mississippi-2\/","og_site_name":"Pax","article_modified_time":"2025-11-12T07:37:32+00:00","og_image":[{"width":279,"height":449,"url":"https:\/\/staging.forenteforlag.no\/pax\/wp-content\/uploads\/sites\/5\/2025\/08\/jpg-5173.jpg","type":"image\/jpeg"}],"twitter_card":"summary_large_image","twitter_misc":{"Ansl. lesetid":"1 minutt"},"schema":{"@context":"https:\/\/schema.org","@graph":[{"@type":"WebPage","@id":"https:\/\/staging.forenteforlag.no\/pax\/produkt\/mississippi-2\/","url":"https:\/\/staging.forenteforlag.no\/pax\/produkt\/mississippi-2\/","name":"Mississippi - Pax","isPartOf":{"@id":"https:\/\/staging.forenteforlag.no\/pax\/#website"},"primaryImageOfPage":{"@id":"https:\/\/staging.forenteforlag.no\/pax\/produkt\/mississippi-2\/#primaryimage"},"image":{"@id":"https:\/\/staging.forenteforlag.no\/pax\/produkt\/mississippi-2\/#primaryimage"},"thumbnailUrl":"https:\/\/staging.forenteforlag.no\/pax\/wp-content\/uploads\/sites\/5\/2025\/08\/jpg-5173.jpg","datePublished":"2012-04-24T00:00:00+00:00","dateModified":"2025-11-12T07:37:32+00:00","breadcrumb":{"@id":"https:\/\/staging.forenteforlag.no\/pax\/produkt\/mississippi-2\/#breadcrumb"},"inLanguage":"nb-NO","potentialAction":[{"@type":"ReadAction","target":["https:\/\/staging.forenteforlag.no\/pax\/produkt\/mississippi-2\/"]}]},{"@type":"ImageObject","inLanguage":"nb-NO","@id":"https:\/\/staging.forenteforlag.no\/pax\/produkt\/mississippi-2\/#primaryimage","url":"https:\/\/staging.forenteforlag.no\/pax\/wp-content\/uploads\/sites\/5\/2025\/08\/jpg-5173.jpg","contentUrl":"https:\/\/staging.forenteforlag.no\/pax\/wp-content\/uploads\/sites\/5\/2025\/08\/jpg-5173.jpg","width":279,"height":449},{"@type":"BreadcrumbList","@id":"https:\/\/staging.forenteforlag.no\/pax\/produkt\/mississippi-2\/#breadcrumb","itemListElement":[{"@type":"ListItem","position":1,"name":"Hjem","item":"https:\/\/staging.forenteforlag.no\/pax\/"},{"@type":"ListItem","position":2,"name":"Alle b\u00f8ker","item":"https:\/\/staging.forenteforlag.no\/pax\/butikk\/"},{"@type":"ListItem","position":3,"name":"Mississippi"}]},{"@type":"WebSite","@id":"https:\/\/staging.forenteforlag.no\/pax\/#website","url":"https:\/\/staging.forenteforlag.no\/pax\/","name":"Pax","description":"","potentialAction":[{"@type":"SearchAction","target":{"@type":"EntryPoint","urlTemplate":"https:\/\/staging.forenteforlag.no\/pax\/?s={search_term_string}"},"query-input":{"@type":"PropertyValueSpecification","valueRequired":true,"valueName":"search_term_string"}}],"inLanguage":"nb-NO"}]}},"_links":{"self":[{"href":"https:\/\/staging.forenteforlag.no\/pax\/wp-json\/wp\/v2\/product\/22913","targetHints":{"allow":["GET"]}}],"collection":[{"href":"https:\/\/staging.forenteforlag.no\/pax\/wp-json\/wp\/v2\/product"}],"about":[{"href":"https:\/\/staging.forenteforlag.no\/pax\/wp-json\/wp\/v2\/types\/product"}],"wp:featuredmedia":[{"embeddable":true,"href":"https:\/\/staging.forenteforlag.no\/pax\/wp-json\/wp\/v2\/media\/27823"}],"wp:attachment":[{"href":"https:\/\/staging.forenteforlag.no\/pax\/wp-json\/wp\/v2\/media?parent=22913"}],"wp:term":[{"taxonomy":"product_brand","embeddable":true,"href":"https:\/\/staging.forenteforlag.no\/pax\/wp-json\/wp\/v2\/product_brand?post=22913"},{"taxonomy":"product_cat","embeddable":true,"href":"https:\/\/staging.forenteforlag.no\/pax\/wp-json\/wp\/v2\/product_cat?post=22913"},{"taxonomy":"product_tag","embeddable":true,"href":"https:\/\/staging.forenteforlag.no\/pax\/wp-json\/wp\/v2\/product_tag?post=22913"}],"curies":[{"name":"wp","href":"https:\/\/api.w.org\/{rel}","templated":true}]}}