{"id":22877,"date":"2024-12-10T22:24:38","date_gmt":"2024-12-10T21:24:38","guid":{"rendered":"https:\/\/pax.forenteforlag.no\/produkt\/da-nietzsche-grat-2\/"},"modified":"2026-03-03T21:35:29","modified_gmt":"2026-03-03T20:35:29","slug":"da-nietzsche-grat-2","status":"publish","type":"product","link":"https:\/\/staging.forenteforlag.no\/pax\/produkt\/da-nietzsche-grat-2\/","title":{"rendered":"Da Nietzsche gr\u00e5t"},"content":{"rendered":"<p>&laquo;Da Nietzsche gr\u00e5t&raquo; er en intellektuell thriller om faktiske historiske personer, i en terapi som ikke har funnet sted, men som viser psykoanalysens historiske drivkrefter og gir et troverdig og bevegende bilde av psykoterapiens vesen.\t    Scenen er Wien i 1880-\u00e5rene. En enest\u00e5ende tenker bringes inn i en terapi han tror handler om \u00e5 bli kvitt en hodepine. Det er Friedrich Nietzsche, noen \u00e5r senere ber\u00f8mt som en av Europas fremste filosofer, som m\u00f8ter Josef Breuer. Sigmund Freud, en ung medisiner, er Breuers betrodde elev. Lou Salom\u00e9, senere en kjent psykoanalytiker, er meget bekymret for sin venn Nietzsches helse. Sentralt i historien st\u00e5r ogs\u00e5 Bertha, en ung kvinne som skal bli kjent som Anna O. i litteraturen. Elisabeth Nietzsche, historiens onde \u00e5nd, opptrer i en birolle.    Irvin D. Yalom er selv professor i psykiatri, med et kritikerrost forfatterskap b\u00e5de innen faglitteratur og skj\u00f8nnlitteratur.<\/p>\n","protected":false},"excerpt":{"rendered":"<p>&laquo;Da Nietzsche gr\u00e5t&raquo; er en intellektuell thriller om faktiske historiske personer, i en terapi som ikke har funnet sted, men som viser psykoanalysens historiske drivkrefter og gir et troverdig og bevegende bilde av psykoterapiens vesen. Scenen er Wien i 1880-\u00e5rene. En enest\u00e5ende tenker bringes inn i en terapi han tror handler om \u00e5 bli kvitt [&hellip;]<\/p>\n","protected":false},"featured_media":28724,"template":"","meta":{"_acf_changed":false,"inline_featured_image":false},"product_brand":[],"product_cat":[1782],"product_tag":[370],"class_list":{"0":"post-22877","1":"product","2":"type-product","3":"status-publish","4":"has-post-thumbnail","6":"product_cat-fripris","7":"product_tag-skjonnlitteratur","9":"first","10":"outofstock","11":"taxable","12":"shipping-taxable","13":"purchasable","14":"product-type-simple"},"acf":{"anmeldelse":null},"yoast_head":"<!-- This site is optimized with the Yoast SEO plugin v26.6 - https:\/\/yoast.com\/wordpress\/plugins\/seo\/ -->\n<title>Da Nietzsche gr\u00e5t - Pax<\/title>\n<meta name=\"robots\" content=\"noindex, follow, max-snippet:-1, max-image-preview:large, max-video-preview:-1\" \/>\n<meta property=\"og:locale\" content=\"nb_NO\" \/>\n<meta property=\"og:type\" content=\"article\" \/>\n<meta property=\"og:title\" content=\"Da Nietzsche gr\u00e5t - Pax\" \/>\n<meta property=\"og:description\" content=\"&laquo;Da Nietzsche gr\u00e5t&raquo; er en intellektuell thriller om faktiske historiske personer, i en terapi som ikke har funnet sted, men som viser psykoanalysens historiske drivkrefter og gir et troverdig og bevegende bilde av psykoterapiens vesen. Scenen er Wien i 1880-\u00e5rene. En enest\u00e5ende tenker bringes inn i en terapi han tror handler om \u00e5 bli kvitt [&hellip;]\" \/>\n<meta property=\"og:url\" content=\"https:\/\/staging.forenteforlag.no\/pax\/produkt\/da-nietzsche-grat-2\/\" \/>\n<meta property=\"og:site_name\" content=\"Pax\" \/>\n<meta property=\"article:modified_time\" content=\"2026-03-03T20:35:29+00:00\" \/>\n<meta property=\"og:image\" content=\"https:\/\/staging.forenteforlag.no\/pax\/wp-content\/uploads\/sites\/5\/2025\/08\/jpg-7779.jpg\" \/>\n\t<meta property=\"og:image:width\" content=\"294\" \/>\n\t<meta property=\"og:image:height\" content=\"449\" \/>\n\t<meta property=\"og:image:type\" content=\"image\/jpeg\" \/>\n<meta name=\"twitter:card\" content=\"summary_large_image\" \/>\n<meta name=\"twitter:label1\" content=\"Ansl. lesetid\" \/>\n\t<meta name=\"twitter:data1\" content=\"1 minutt\" \/>\n<script type=\"application\/ld+json\" class=\"yoast-schema-graph\">{\"@context\":\"https:\/\/schema.org\",\"@graph\":[{\"@type\":\"WebPage\",\"@id\":\"https:\/\/staging.forenteforlag.no\/pax\/produkt\/da-nietzsche-grat-2\/\",\"url\":\"https:\/\/staging.forenteforlag.no\/pax\/produkt\/da-nietzsche-grat-2\/\",\"name\":\"Da Nietzsche gr\u00e5t - Pax\",\"isPartOf\":{\"@id\":\"https:\/\/staging.forenteforlag.no\/pax\/#website\"},\"primaryImageOfPage\":{\"@id\":\"https:\/\/staging.forenteforlag.no\/pax\/produkt\/da-nietzsche-grat-2\/#primaryimage\"},\"image\":{\"@id\":\"https:\/\/staging.forenteforlag.no\/pax\/produkt\/da-nietzsche-grat-2\/#primaryimage\"},\"thumbnailUrl\":\"https:\/\/staging.forenteforlag.no\/pax\/wp-content\/uploads\/sites\/5\/2025\/08\/jpg-7779.jpg\",\"datePublished\":\"2024-12-10T21:24:38+00:00\",\"dateModified\":\"2026-03-03T20:35:29+00:00\",\"breadcrumb\":{\"@id\":\"https:\/\/staging.forenteforlag.no\/pax\/produkt\/da-nietzsche-grat-2\/#breadcrumb\"},\"inLanguage\":\"nb-NO\",\"potentialAction\":[{\"@type\":\"ReadAction\",\"target\":[\"https:\/\/staging.forenteforlag.no\/pax\/produkt\/da-nietzsche-grat-2\/\"]}]},{\"@type\":\"ImageObject\",\"inLanguage\":\"nb-NO\",\"@id\":\"https:\/\/staging.forenteforlag.no\/pax\/produkt\/da-nietzsche-grat-2\/#primaryimage\",\"url\":\"https:\/\/staging.forenteforlag.no\/pax\/wp-content\/uploads\/sites\/5\/2025\/08\/jpg-7779.jpg\",\"contentUrl\":\"https:\/\/staging.forenteforlag.no\/pax\/wp-content\/uploads\/sites\/5\/2025\/08\/jpg-7779.jpg\",\"width\":294,\"height\":449},{\"@type\":\"BreadcrumbList\",\"@id\":\"https:\/\/staging.forenteforlag.no\/pax\/produkt\/da-nietzsche-grat-2\/#breadcrumb\",\"itemListElement\":[{\"@type\":\"ListItem\",\"position\":1,\"name\":\"Hjem\",\"item\":\"https:\/\/staging.forenteforlag.no\/pax\/\"},{\"@type\":\"ListItem\",\"position\":2,\"name\":\"Alle b\u00f8ker\",\"item\":\"https:\/\/staging.forenteforlag.no\/pax\/butikk\/\"},{\"@type\":\"ListItem\",\"position\":3,\"name\":\"Da Nietzsche gr\u00e5t\"}]},{\"@type\":\"WebSite\",\"@id\":\"https:\/\/staging.forenteforlag.no\/pax\/#website\",\"url\":\"https:\/\/staging.forenteforlag.no\/pax\/\",\"name\":\"Pax\",\"description\":\"\",\"potentialAction\":[{\"@type\":\"SearchAction\",\"target\":{\"@type\":\"EntryPoint\",\"urlTemplate\":\"https:\/\/staging.forenteforlag.no\/pax\/?s={search_term_string}\"},\"query-input\":{\"@type\":\"PropertyValueSpecification\",\"valueRequired\":true,\"valueName\":\"search_term_string\"}}],\"inLanguage\":\"nb-NO\"}]}<\/script>\n<!-- \/ Yoast SEO plugin. -->","yoast_head_json":{"title":"Da Nietzsche gr\u00e5t - Pax","robots":{"index":"noindex","follow":"follow","max-snippet":"max-snippet:-1","max-image-preview":"max-image-preview:large","max-video-preview":"max-video-preview:-1"},"og_locale":"nb_NO","og_type":"article","og_title":"Da Nietzsche gr\u00e5t - Pax","og_description":"&laquo;Da Nietzsche gr\u00e5t&raquo; er en intellektuell thriller om faktiske historiske personer, i en terapi som ikke har funnet sted, men som viser psykoanalysens historiske drivkrefter og gir et troverdig og bevegende bilde av psykoterapiens vesen. Scenen er Wien i 1880-\u00e5rene. En enest\u00e5ende tenker bringes inn i en terapi han tror handler om \u00e5 bli kvitt [&hellip;]","og_url":"https:\/\/staging.forenteforlag.no\/pax\/produkt\/da-nietzsche-grat-2\/","og_site_name":"Pax","article_modified_time":"2026-03-03T20:35:29+00:00","og_image":[{"width":294,"height":449,"url":"https:\/\/staging.forenteforlag.no\/pax\/wp-content\/uploads\/sites\/5\/2025\/08\/jpg-7779.jpg","type":"image\/jpeg"}],"twitter_card":"summary_large_image","twitter_misc":{"Ansl. lesetid":"1 minutt"},"schema":{"@context":"https:\/\/schema.org","@graph":[{"@type":"WebPage","@id":"https:\/\/staging.forenteforlag.no\/pax\/produkt\/da-nietzsche-grat-2\/","url":"https:\/\/staging.forenteforlag.no\/pax\/produkt\/da-nietzsche-grat-2\/","name":"Da Nietzsche gr\u00e5t - Pax","isPartOf":{"@id":"https:\/\/staging.forenteforlag.no\/pax\/#website"},"primaryImageOfPage":{"@id":"https:\/\/staging.forenteforlag.no\/pax\/produkt\/da-nietzsche-grat-2\/#primaryimage"},"image":{"@id":"https:\/\/staging.forenteforlag.no\/pax\/produkt\/da-nietzsche-grat-2\/#primaryimage"},"thumbnailUrl":"https:\/\/staging.forenteforlag.no\/pax\/wp-content\/uploads\/sites\/5\/2025\/08\/jpg-7779.jpg","datePublished":"2024-12-10T21:24:38+00:00","dateModified":"2026-03-03T20:35:29+00:00","breadcrumb":{"@id":"https:\/\/staging.forenteforlag.no\/pax\/produkt\/da-nietzsche-grat-2\/#breadcrumb"},"inLanguage":"nb-NO","potentialAction":[{"@type":"ReadAction","target":["https:\/\/staging.forenteforlag.no\/pax\/produkt\/da-nietzsche-grat-2\/"]}]},{"@type":"ImageObject","inLanguage":"nb-NO","@id":"https:\/\/staging.forenteforlag.no\/pax\/produkt\/da-nietzsche-grat-2\/#primaryimage","url":"https:\/\/staging.forenteforlag.no\/pax\/wp-content\/uploads\/sites\/5\/2025\/08\/jpg-7779.jpg","contentUrl":"https:\/\/staging.forenteforlag.no\/pax\/wp-content\/uploads\/sites\/5\/2025\/08\/jpg-7779.jpg","width":294,"height":449},{"@type":"BreadcrumbList","@id":"https:\/\/staging.forenteforlag.no\/pax\/produkt\/da-nietzsche-grat-2\/#breadcrumb","itemListElement":[{"@type":"ListItem","position":1,"name":"Hjem","item":"https:\/\/staging.forenteforlag.no\/pax\/"},{"@type":"ListItem","position":2,"name":"Alle b\u00f8ker","item":"https:\/\/staging.forenteforlag.no\/pax\/butikk\/"},{"@type":"ListItem","position":3,"name":"Da Nietzsche gr\u00e5t"}]},{"@type":"WebSite","@id":"https:\/\/staging.forenteforlag.no\/pax\/#website","url":"https:\/\/staging.forenteforlag.no\/pax\/","name":"Pax","description":"","potentialAction":[{"@type":"SearchAction","target":{"@type":"EntryPoint","urlTemplate":"https:\/\/staging.forenteforlag.no\/pax\/?s={search_term_string}"},"query-input":{"@type":"PropertyValueSpecification","valueRequired":true,"valueName":"search_term_string"}}],"inLanguage":"nb-NO"}]}},"_links":{"self":[{"href":"https:\/\/staging.forenteforlag.no\/pax\/wp-json\/wp\/v2\/product\/22877","targetHints":{"allow":["GET"]}}],"collection":[{"href":"https:\/\/staging.forenteforlag.no\/pax\/wp-json\/wp\/v2\/product"}],"about":[{"href":"https:\/\/staging.forenteforlag.no\/pax\/wp-json\/wp\/v2\/types\/product"}],"wp:featuredmedia":[{"embeddable":true,"href":"https:\/\/staging.forenteforlag.no\/pax\/wp-json\/wp\/v2\/media\/28724"}],"wp:attachment":[{"href":"https:\/\/staging.forenteforlag.no\/pax\/wp-json\/wp\/v2\/media?parent=22877"}],"wp:term":[{"taxonomy":"product_brand","embeddable":true,"href":"https:\/\/staging.forenteforlag.no\/pax\/wp-json\/wp\/v2\/product_brand?post=22877"},{"taxonomy":"product_cat","embeddable":true,"href":"https:\/\/staging.forenteforlag.no\/pax\/wp-json\/wp\/v2\/product_cat?post=22877"},{"taxonomy":"product_tag","embeddable":true,"href":"https:\/\/staging.forenteforlag.no\/pax\/wp-json\/wp\/v2\/product_tag?post=22877"}],"curies":[{"name":"wp","href":"https:\/\/api.w.org\/{rel}","templated":true}]}}