{"id":22867,"date":"2024-12-10T22:24:26","date_gmt":"2024-12-10T21:24:26","guid":{"rendered":"https:\/\/pax.forenteforlag.no\/produkt\/hjertelyd\/"},"modified":"2026-03-04T20:24:04","modified_gmt":"2026-03-04T19:24:04","slug":"hjertelyd","status":"publish","type":"product","link":"https:\/\/staging.forenteforlag.no\/pax\/produkt\/hjertelyd\/","title":{"rendered":"Hjertelyd"},"content":{"rendered":"<p>To menn er blitt knyttet til hverandre gjennom et langvarig vennskap. De vokste opp i vidt forskjellige milj\u00f8er, men har holdt kontakten fra tidlige pubertets\u00e5r. Jeg-fortelleren er kunsthandler og alenefar til en s\u00f8nn i ten\u00e5rene. N\u00e5r han n\u00e6rmer seg f\u00f8rti f\u00e5r han vite om vennen Adrians plutselige d\u00f8d i USA. Nyheten blir overbrakt av Adrians s\u00f8ster, konsertpianisten Ariane. Vennens d\u00f8d og gjensynet med Ariane f\u00f8rer hovedpersonen tilbake i erindringen, til rystende hendelser som har funnet sted. Hvem var egentlig Adrian? Hva har bundet de to vennene sammen? Hvilken rolle spilte kvinnene i deres liv? Hvilke sammenhenger og hvilken mangel p\u00e5 sammenhenger har de erfart? M\u00f8tet med fortiden gir overraskende innsikter, samtidig som livet f\u00e5r en helt ny dreining.<br \/>\nJens Christian Gr\u00f8ndahls mannlige hovedfigurer er blitt karakterisert som arrete melankolikere med en eksistensiell og seksuell sult. De er menn merket av livet, menn som s\u00f8ker etter mening og higer etter kj\u00e6rlighet. Forfatteren er blitt kalt en gudben\u00e5det skildrer av melankolske stemninger, av intervallene mellom oppbrudd og ankomst, og av de tause rom mellom mennesker som er hverandres g\u00e5ter.<\/p>\n","protected":false},"excerpt":{"rendered":"<p>To menn er blitt knyttet til hverandre gjennom et langvarig vennskap. De vokste opp i vidt forskjellige milj\u00f8er, men har holdt kontakten fra tidlige pubertets\u00e5r. Jeg-fortelleren er kunsthandler og alenefar til en s\u00f8nn i ten\u00e5rene. N\u00e5r han n\u00e6rmer seg f\u00f8rti f\u00e5r han vite om vennen Adrians plutselige d\u00f8d i USA. Nyheten blir overbrakt av Adrians [&hellip;]<\/p>\n","protected":false},"featured_media":28015,"template":"","meta":{"_acf_changed":false,"inline_featured_image":false},"product_brand":[],"product_cat":[1782],"product_tag":[1095,370,513],"class_list":{"0":"post-22867","1":"product","2":"type-product","3":"status-publish","4":"has-post-thumbnail","6":"product_cat-fripris","7":"product_tag-grafiske-romaner","8":"product_tag-skjonnlitteratur","9":"product_tag-vennskap","11":"first","12":"outofstock","13":"taxable","14":"shipping-taxable","15":"purchasable","16":"product-type-simple"},"acf":{"anmeldelse":null},"yoast_head":"<!-- This site is optimized with the Yoast SEO plugin v26.6 - https:\/\/yoast.com\/wordpress\/plugins\/seo\/ -->\n<title>Hjertelyd - Pax<\/title>\n<meta name=\"robots\" content=\"noindex, follow, max-snippet:-1, max-image-preview:large, max-video-preview:-1\" \/>\n<meta property=\"og:locale\" content=\"nb_NO\" \/>\n<meta property=\"og:type\" content=\"article\" \/>\n<meta property=\"og:title\" content=\"Hjertelyd - Pax\" \/>\n<meta property=\"og:description\" content=\"To menn er blitt knyttet til hverandre gjennom et langvarig vennskap. De vokste opp i vidt forskjellige milj\u00f8er, men har holdt kontakten fra tidlige pubertets\u00e5r. Jeg-fortelleren er kunsthandler og alenefar til en s\u00f8nn i ten\u00e5rene. N\u00e5r han n\u00e6rmer seg f\u00f8rti f\u00e5r han vite om vennen Adrians plutselige d\u00f8d i USA. Nyheten blir overbrakt av Adrians [&hellip;]\" \/>\n<meta property=\"og:url\" content=\"https:\/\/staging.forenteforlag.no\/pax\/produkt\/hjertelyd\/\" \/>\n<meta property=\"og:site_name\" content=\"Pax\" \/>\n<meta property=\"article:modified_time\" content=\"2026-03-04T19:24:04+00:00\" \/>\n<meta property=\"og:image\" content=\"https:\/\/staging.forenteforlag.no\/pax\/wp-content\/uploads\/sites\/5\/2025\/08\/jpg-5752.jpg\" \/>\n\t<meta property=\"og:image:width\" content=\"282\" \/>\n\t<meta property=\"og:image:height\" content=\"449\" \/>\n\t<meta property=\"og:image:type\" content=\"image\/jpeg\" \/>\n<meta name=\"twitter:card\" content=\"summary_large_image\" \/>\n<meta name=\"twitter:label1\" content=\"Ansl. lesetid\" \/>\n\t<meta name=\"twitter:data1\" content=\"1 minutt\" \/>\n<script type=\"application\/ld+json\" class=\"yoast-schema-graph\">{\"@context\":\"https:\/\/schema.org\",\"@graph\":[{\"@type\":\"WebPage\",\"@id\":\"https:\/\/staging.forenteforlag.no\/pax\/produkt\/hjertelyd\/\",\"url\":\"https:\/\/staging.forenteforlag.no\/pax\/produkt\/hjertelyd\/\",\"name\":\"Hjertelyd - Pax\",\"isPartOf\":{\"@id\":\"https:\/\/staging.forenteforlag.no\/pax\/#website\"},\"primaryImageOfPage\":{\"@id\":\"https:\/\/staging.forenteforlag.no\/pax\/produkt\/hjertelyd\/#primaryimage\"},\"image\":{\"@id\":\"https:\/\/staging.forenteforlag.no\/pax\/produkt\/hjertelyd\/#primaryimage\"},\"thumbnailUrl\":\"https:\/\/staging.forenteforlag.no\/pax\/wp-content\/uploads\/sites\/5\/2025\/08\/jpg-5752.jpg\",\"datePublished\":\"2024-12-10T21:24:26+00:00\",\"dateModified\":\"2026-03-04T19:24:04+00:00\",\"breadcrumb\":{\"@id\":\"https:\/\/staging.forenteforlag.no\/pax\/produkt\/hjertelyd\/#breadcrumb\"},\"inLanguage\":\"nb-NO\",\"potentialAction\":[{\"@type\":\"ReadAction\",\"target\":[\"https:\/\/staging.forenteforlag.no\/pax\/produkt\/hjertelyd\/\"]}]},{\"@type\":\"ImageObject\",\"inLanguage\":\"nb-NO\",\"@id\":\"https:\/\/staging.forenteforlag.no\/pax\/produkt\/hjertelyd\/#primaryimage\",\"url\":\"https:\/\/staging.forenteforlag.no\/pax\/wp-content\/uploads\/sites\/5\/2025\/08\/jpg-5752.jpg\",\"contentUrl\":\"https:\/\/staging.forenteforlag.no\/pax\/wp-content\/uploads\/sites\/5\/2025\/08\/jpg-5752.jpg\",\"width\":282,\"height\":449},{\"@type\":\"BreadcrumbList\",\"@id\":\"https:\/\/staging.forenteforlag.no\/pax\/produkt\/hjertelyd\/#breadcrumb\",\"itemListElement\":[{\"@type\":\"ListItem\",\"position\":1,\"name\":\"Hjem\",\"item\":\"https:\/\/staging.forenteforlag.no\/pax\/\"},{\"@type\":\"ListItem\",\"position\":2,\"name\":\"Alle b\u00f8ker\",\"item\":\"https:\/\/staging.forenteforlag.no\/pax\/butikk\/\"},{\"@type\":\"ListItem\",\"position\":3,\"name\":\"Hjertelyd\"}]},{\"@type\":\"WebSite\",\"@id\":\"https:\/\/staging.forenteforlag.no\/pax\/#website\",\"url\":\"https:\/\/staging.forenteforlag.no\/pax\/\",\"name\":\"Pax\",\"description\":\"\",\"potentialAction\":[{\"@type\":\"SearchAction\",\"target\":{\"@type\":\"EntryPoint\",\"urlTemplate\":\"https:\/\/staging.forenteforlag.no\/pax\/?s={search_term_string}\"},\"query-input\":{\"@type\":\"PropertyValueSpecification\",\"valueRequired\":true,\"valueName\":\"search_term_string\"}}],\"inLanguage\":\"nb-NO\"}]}<\/script>\n<!-- \/ Yoast SEO plugin. -->","yoast_head_json":{"title":"Hjertelyd - Pax","robots":{"index":"noindex","follow":"follow","max-snippet":"max-snippet:-1","max-image-preview":"max-image-preview:large","max-video-preview":"max-video-preview:-1"},"og_locale":"nb_NO","og_type":"article","og_title":"Hjertelyd - Pax","og_description":"To menn er blitt knyttet til hverandre gjennom et langvarig vennskap. De vokste opp i vidt forskjellige milj\u00f8er, men har holdt kontakten fra tidlige pubertets\u00e5r. Jeg-fortelleren er kunsthandler og alenefar til en s\u00f8nn i ten\u00e5rene. N\u00e5r han n\u00e6rmer seg f\u00f8rti f\u00e5r han vite om vennen Adrians plutselige d\u00f8d i USA. Nyheten blir overbrakt av Adrians [&hellip;]","og_url":"https:\/\/staging.forenteforlag.no\/pax\/produkt\/hjertelyd\/","og_site_name":"Pax","article_modified_time":"2026-03-04T19:24:04+00:00","og_image":[{"width":282,"height":449,"url":"https:\/\/staging.forenteforlag.no\/pax\/wp-content\/uploads\/sites\/5\/2025\/08\/jpg-5752.jpg","type":"image\/jpeg"}],"twitter_card":"summary_large_image","twitter_misc":{"Ansl. lesetid":"1 minutt"},"schema":{"@context":"https:\/\/schema.org","@graph":[{"@type":"WebPage","@id":"https:\/\/staging.forenteforlag.no\/pax\/produkt\/hjertelyd\/","url":"https:\/\/staging.forenteforlag.no\/pax\/produkt\/hjertelyd\/","name":"Hjertelyd - Pax","isPartOf":{"@id":"https:\/\/staging.forenteforlag.no\/pax\/#website"},"primaryImageOfPage":{"@id":"https:\/\/staging.forenteforlag.no\/pax\/produkt\/hjertelyd\/#primaryimage"},"image":{"@id":"https:\/\/staging.forenteforlag.no\/pax\/produkt\/hjertelyd\/#primaryimage"},"thumbnailUrl":"https:\/\/staging.forenteforlag.no\/pax\/wp-content\/uploads\/sites\/5\/2025\/08\/jpg-5752.jpg","datePublished":"2024-12-10T21:24:26+00:00","dateModified":"2026-03-04T19:24:04+00:00","breadcrumb":{"@id":"https:\/\/staging.forenteforlag.no\/pax\/produkt\/hjertelyd\/#breadcrumb"},"inLanguage":"nb-NO","potentialAction":[{"@type":"ReadAction","target":["https:\/\/staging.forenteforlag.no\/pax\/produkt\/hjertelyd\/"]}]},{"@type":"ImageObject","inLanguage":"nb-NO","@id":"https:\/\/staging.forenteforlag.no\/pax\/produkt\/hjertelyd\/#primaryimage","url":"https:\/\/staging.forenteforlag.no\/pax\/wp-content\/uploads\/sites\/5\/2025\/08\/jpg-5752.jpg","contentUrl":"https:\/\/staging.forenteforlag.no\/pax\/wp-content\/uploads\/sites\/5\/2025\/08\/jpg-5752.jpg","width":282,"height":449},{"@type":"BreadcrumbList","@id":"https:\/\/staging.forenteforlag.no\/pax\/produkt\/hjertelyd\/#breadcrumb","itemListElement":[{"@type":"ListItem","position":1,"name":"Hjem","item":"https:\/\/staging.forenteforlag.no\/pax\/"},{"@type":"ListItem","position":2,"name":"Alle b\u00f8ker","item":"https:\/\/staging.forenteforlag.no\/pax\/butikk\/"},{"@type":"ListItem","position":3,"name":"Hjertelyd"}]},{"@type":"WebSite","@id":"https:\/\/staging.forenteforlag.no\/pax\/#website","url":"https:\/\/staging.forenteforlag.no\/pax\/","name":"Pax","description":"","potentialAction":[{"@type":"SearchAction","target":{"@type":"EntryPoint","urlTemplate":"https:\/\/staging.forenteforlag.no\/pax\/?s={search_term_string}"},"query-input":{"@type":"PropertyValueSpecification","valueRequired":true,"valueName":"search_term_string"}}],"inLanguage":"nb-NO"}]}},"_links":{"self":[{"href":"https:\/\/staging.forenteforlag.no\/pax\/wp-json\/wp\/v2\/product\/22867","targetHints":{"allow":["GET"]}}],"collection":[{"href":"https:\/\/staging.forenteforlag.no\/pax\/wp-json\/wp\/v2\/product"}],"about":[{"href":"https:\/\/staging.forenteforlag.no\/pax\/wp-json\/wp\/v2\/types\/product"}],"wp:featuredmedia":[{"embeddable":true,"href":"https:\/\/staging.forenteforlag.no\/pax\/wp-json\/wp\/v2\/media\/28015"}],"wp:attachment":[{"href":"https:\/\/staging.forenteforlag.no\/pax\/wp-json\/wp\/v2\/media?parent=22867"}],"wp:term":[{"taxonomy":"product_brand","embeddable":true,"href":"https:\/\/staging.forenteforlag.no\/pax\/wp-json\/wp\/v2\/product_brand?post=22867"},{"taxonomy":"product_cat","embeddable":true,"href":"https:\/\/staging.forenteforlag.no\/pax\/wp-json\/wp\/v2\/product_cat?post=22867"},{"taxonomy":"product_tag","embeddable":true,"href":"https:\/\/staging.forenteforlag.no\/pax\/wp-json\/wp\/v2\/product_tag?post=22867"}],"curies":[{"name":"wp","href":"https:\/\/api.w.org\/{rel}","templated":true}]}}