{"id":22810,"date":"2020-08-18T02:00:00","date_gmt":"2020-08-18T00:00:00","guid":{"rendered":"https:\/\/pax.forenteforlag.no\/produkt\/tritonus\/"},"modified":"2025-08-27T14:12:23","modified_gmt":"2025-08-27T12:12:23","slug":"tritonus","status":"publish","type":"product","link":"https:\/\/staging.forenteforlag.no\/pax\/produkt\/tritonus\/","title":{"rendered":"Tritonus"},"content":{"rendered":"<p>Tritonus handler om den 58 \u00e5r gamle dirigenten Thomas Brander som har passert karriereklimaks og er i ferd med \u00e5 miste grepet om musikken. Han klarer ikke \u00e5 se for seg at livet kan v\u00e6re noe annet enn musikk og at det kan finnes et liv etter den. Dirigenten er en ensom mann med flyktige og motsetningsfylte forhold til sine n\u00e6rmeste. Han trenger s\u00e5rt et nytt ankerfeste i tilv\u00e6relsen etter s\u00e5 vidt \u00e5 ha unnsluppet et terrorangrep og blitt rystet ytterligere av en metoo-beskyldning. Brander velger \u00e5 ta et skritt tilbake og sl\u00e5 seg ned i bygda Ravais (fiktiv) i den finske skj\u00e6rg\u00e5rden, n\u00e6r grensen til Sverige. Der f\u00e5r han oppf\u00f8rt en villa som vekker oppsikt. Parallelt med Branders historie fortelles ogs\u00e5 historiene til de andre innbyggerne og naboene til Brander som han blir kjent med etter hvert, og de sm\u00e5 historiene ber\u00f8rer like mye som historien om dirigenten. Her f\u00e5r ogs\u00e5 de store samfunnspolitiske sp\u00f8rsm\u00e5lene plass, som klassetilh\u00f8righet, rase og rasisme. Sorgen og nostalgien ligger tett oppunder overflaten gjennom hele romanen, samtidig som den er full av liv og ramsalt humor.<\/p>\n","protected":false},"excerpt":{"rendered":"<p>Tritonus handler om den 58 \u00e5r gamle dirigenten Thomas Brander som har passert karriereklimaks og er i ferd med \u00e5 miste grepet om musikken. Han klarer ikke \u00e5 se for seg at livet kan v\u00e6re noe annet enn musikk og at det kan finnes et liv etter den. Dirigenten er en ensom mann med flyktige [&hellip;]<\/p>\n","protected":false},"featured_media":27837,"template":"","meta":{"_acf_changed":false,"inline_featured_image":false},"product_brand":[],"product_cat":[40],"product_tag":[814,810,1095,763,506,370,513],"class_list":{"0":"post-22810","1":"product","2":"type-product","3":"status-publish","4":"has-post-thumbnail","6":"product_cat-romaner","7":"product_tag-bygder","8":"product_tag-finland","9":"product_tag-grafiske-romaner","10":"product_tag-menneskekroppen","11":"product_tag-musikere","12":"product_tag-skjonnlitteratur","13":"product_tag-vennskap","14":"pa_format-innbundet","16":"first","17":"outofstock","18":"shipping-taxable","19":"purchasable","20":"product-type-simple"},"acf":{"anmeldelse":null},"yoast_head":"<!-- This site is optimized with the Yoast SEO plugin v26.6 - https:\/\/yoast.com\/wordpress\/plugins\/seo\/ -->\n<title>Tritonus - Pax<\/title>\n<meta name=\"robots\" content=\"noindex, follow, max-snippet:-1, max-image-preview:large, max-video-preview:-1\" \/>\n<meta property=\"og:locale\" content=\"nb_NO\" \/>\n<meta property=\"og:type\" content=\"article\" \/>\n<meta property=\"og:title\" content=\"Tritonus - Pax\" \/>\n<meta property=\"og:description\" content=\"Tritonus handler om den 58 \u00e5r gamle dirigenten Thomas Brander som har passert karriereklimaks og er i ferd med \u00e5 miste grepet om musikken. Han klarer ikke \u00e5 se for seg at livet kan v\u00e6re noe annet enn musikk og at det kan finnes et liv etter den. Dirigenten er en ensom mann med flyktige [&hellip;]\" \/>\n<meta property=\"og:url\" content=\"https:\/\/staging.forenteforlag.no\/pax\/produkt\/tritonus\/\" \/>\n<meta property=\"og:site_name\" content=\"Pax\" \/>\n<meta property=\"article:modified_time\" content=\"2025-08-27T12:12:23+00:00\" \/>\n<meta property=\"og:image\" content=\"https:\/\/staging.forenteforlag.no\/pax\/wp-content\/uploads\/sites\/5\/2025\/08\/jpg-5211.jpg\" \/>\n\t<meta property=\"og:image:width\" content=\"410\" \/>\n\t<meta property=\"og:image:height\" content=\"640\" \/>\n\t<meta property=\"og:image:type\" content=\"image\/jpeg\" \/>\n<meta name=\"twitter:card\" content=\"summary_large_image\" \/>\n<meta name=\"twitter:label1\" content=\"Ansl. lesetid\" \/>\n\t<meta name=\"twitter:data1\" content=\"1 minutt\" \/>\n<script type=\"application\/ld+json\" class=\"yoast-schema-graph\">{\"@context\":\"https:\/\/schema.org\",\"@graph\":[{\"@type\":\"WebPage\",\"@id\":\"https:\/\/staging.forenteforlag.no\/pax\/produkt\/tritonus\/\",\"url\":\"https:\/\/staging.forenteforlag.no\/pax\/produkt\/tritonus\/\",\"name\":\"Tritonus - Pax\",\"isPartOf\":{\"@id\":\"https:\/\/staging.forenteforlag.no\/pax\/#website\"},\"primaryImageOfPage\":{\"@id\":\"https:\/\/staging.forenteforlag.no\/pax\/produkt\/tritonus\/#primaryimage\"},\"image\":{\"@id\":\"https:\/\/staging.forenteforlag.no\/pax\/produkt\/tritonus\/#primaryimage\"},\"thumbnailUrl\":\"https:\/\/staging.forenteforlag.no\/pax\/wp-content\/uploads\/sites\/5\/2025\/08\/jpg-5211.jpg\",\"datePublished\":\"2020-08-18T00:00:00+00:00\",\"dateModified\":\"2025-08-27T12:12:23+00:00\",\"breadcrumb\":{\"@id\":\"https:\/\/staging.forenteforlag.no\/pax\/produkt\/tritonus\/#breadcrumb\"},\"inLanguage\":\"nb-NO\",\"potentialAction\":[{\"@type\":\"ReadAction\",\"target\":[\"https:\/\/staging.forenteforlag.no\/pax\/produkt\/tritonus\/\"]}]},{\"@type\":\"ImageObject\",\"inLanguage\":\"nb-NO\",\"@id\":\"https:\/\/staging.forenteforlag.no\/pax\/produkt\/tritonus\/#primaryimage\",\"url\":\"https:\/\/staging.forenteforlag.no\/pax\/wp-content\/uploads\/sites\/5\/2025\/08\/jpg-5211.jpg\",\"contentUrl\":\"https:\/\/staging.forenteforlag.no\/pax\/wp-content\/uploads\/sites\/5\/2025\/08\/jpg-5211.jpg\",\"width\":410,\"height\":640},{\"@type\":\"BreadcrumbList\",\"@id\":\"https:\/\/staging.forenteforlag.no\/pax\/produkt\/tritonus\/#breadcrumb\",\"itemListElement\":[{\"@type\":\"ListItem\",\"position\":1,\"name\":\"Hjem\",\"item\":\"https:\/\/staging.forenteforlag.no\/pax\/\"},{\"@type\":\"ListItem\",\"position\":2,\"name\":\"Alle b\u00f8ker\",\"item\":\"https:\/\/staging.forenteforlag.no\/pax\/butikk\/\"},{\"@type\":\"ListItem\",\"position\":3,\"name\":\"Tritonus\"}]},{\"@type\":\"WebSite\",\"@id\":\"https:\/\/staging.forenteforlag.no\/pax\/#website\",\"url\":\"https:\/\/staging.forenteforlag.no\/pax\/\",\"name\":\"Pax\",\"description\":\"\",\"potentialAction\":[{\"@type\":\"SearchAction\",\"target\":{\"@type\":\"EntryPoint\",\"urlTemplate\":\"https:\/\/staging.forenteforlag.no\/pax\/?s={search_term_string}\"},\"query-input\":{\"@type\":\"PropertyValueSpecification\",\"valueRequired\":true,\"valueName\":\"search_term_string\"}}],\"inLanguage\":\"nb-NO\"}]}<\/script>\n<!-- \/ Yoast SEO plugin. -->","yoast_head_json":{"title":"Tritonus - Pax","robots":{"index":"noindex","follow":"follow","max-snippet":"max-snippet:-1","max-image-preview":"max-image-preview:large","max-video-preview":"max-video-preview:-1"},"og_locale":"nb_NO","og_type":"article","og_title":"Tritonus - Pax","og_description":"Tritonus handler om den 58 \u00e5r gamle dirigenten Thomas Brander som har passert karriereklimaks og er i ferd med \u00e5 miste grepet om musikken. Han klarer ikke \u00e5 se for seg at livet kan v\u00e6re noe annet enn musikk og at det kan finnes et liv etter den. Dirigenten er en ensom mann med flyktige [&hellip;]","og_url":"https:\/\/staging.forenteforlag.no\/pax\/produkt\/tritonus\/","og_site_name":"Pax","article_modified_time":"2025-08-27T12:12:23+00:00","og_image":[{"width":410,"height":640,"url":"https:\/\/staging.forenteforlag.no\/pax\/wp-content\/uploads\/sites\/5\/2025\/08\/jpg-5211.jpg","type":"image\/jpeg"}],"twitter_card":"summary_large_image","twitter_misc":{"Ansl. lesetid":"1 minutt"},"schema":{"@context":"https:\/\/schema.org","@graph":[{"@type":"WebPage","@id":"https:\/\/staging.forenteforlag.no\/pax\/produkt\/tritonus\/","url":"https:\/\/staging.forenteforlag.no\/pax\/produkt\/tritonus\/","name":"Tritonus - Pax","isPartOf":{"@id":"https:\/\/staging.forenteforlag.no\/pax\/#website"},"primaryImageOfPage":{"@id":"https:\/\/staging.forenteforlag.no\/pax\/produkt\/tritonus\/#primaryimage"},"image":{"@id":"https:\/\/staging.forenteforlag.no\/pax\/produkt\/tritonus\/#primaryimage"},"thumbnailUrl":"https:\/\/staging.forenteforlag.no\/pax\/wp-content\/uploads\/sites\/5\/2025\/08\/jpg-5211.jpg","datePublished":"2020-08-18T00:00:00+00:00","dateModified":"2025-08-27T12:12:23+00:00","breadcrumb":{"@id":"https:\/\/staging.forenteforlag.no\/pax\/produkt\/tritonus\/#breadcrumb"},"inLanguage":"nb-NO","potentialAction":[{"@type":"ReadAction","target":["https:\/\/staging.forenteforlag.no\/pax\/produkt\/tritonus\/"]}]},{"@type":"ImageObject","inLanguage":"nb-NO","@id":"https:\/\/staging.forenteforlag.no\/pax\/produkt\/tritonus\/#primaryimage","url":"https:\/\/staging.forenteforlag.no\/pax\/wp-content\/uploads\/sites\/5\/2025\/08\/jpg-5211.jpg","contentUrl":"https:\/\/staging.forenteforlag.no\/pax\/wp-content\/uploads\/sites\/5\/2025\/08\/jpg-5211.jpg","width":410,"height":640},{"@type":"BreadcrumbList","@id":"https:\/\/staging.forenteforlag.no\/pax\/produkt\/tritonus\/#breadcrumb","itemListElement":[{"@type":"ListItem","position":1,"name":"Hjem","item":"https:\/\/staging.forenteforlag.no\/pax\/"},{"@type":"ListItem","position":2,"name":"Alle b\u00f8ker","item":"https:\/\/staging.forenteforlag.no\/pax\/butikk\/"},{"@type":"ListItem","position":3,"name":"Tritonus"}]},{"@type":"WebSite","@id":"https:\/\/staging.forenteforlag.no\/pax\/#website","url":"https:\/\/staging.forenteforlag.no\/pax\/","name":"Pax","description":"","potentialAction":[{"@type":"SearchAction","target":{"@type":"EntryPoint","urlTemplate":"https:\/\/staging.forenteforlag.no\/pax\/?s={search_term_string}"},"query-input":{"@type":"PropertyValueSpecification","valueRequired":true,"valueName":"search_term_string"}}],"inLanguage":"nb-NO"}]}},"_links":{"self":[{"href":"https:\/\/staging.forenteforlag.no\/pax\/wp-json\/wp\/v2\/product\/22810","targetHints":{"allow":["GET"]}}],"collection":[{"href":"https:\/\/staging.forenteforlag.no\/pax\/wp-json\/wp\/v2\/product"}],"about":[{"href":"https:\/\/staging.forenteforlag.no\/pax\/wp-json\/wp\/v2\/types\/product"}],"wp:featuredmedia":[{"embeddable":true,"href":"https:\/\/staging.forenteforlag.no\/pax\/wp-json\/wp\/v2\/media\/27837"}],"wp:attachment":[{"href":"https:\/\/staging.forenteforlag.no\/pax\/wp-json\/wp\/v2\/media?parent=22810"}],"wp:term":[{"taxonomy":"product_brand","embeddable":true,"href":"https:\/\/staging.forenteforlag.no\/pax\/wp-json\/wp\/v2\/product_brand?post=22810"},{"taxonomy":"product_cat","embeddable":true,"href":"https:\/\/staging.forenteforlag.no\/pax\/wp-json\/wp\/v2\/product_cat?post=22810"},{"taxonomy":"product_tag","embeddable":true,"href":"https:\/\/staging.forenteforlag.no\/pax\/wp-json\/wp\/v2\/product_tag?post=22810"}],"curies":[{"name":"wp","href":"https:\/\/api.w.org\/{rel}","templated":true}]}}