{"id":22802,"date":"1999-03-13T15:24:28","date_gmt":"1999-03-13T14:24:28","guid":{"rendered":"https:\/\/pax.forenteforlag.no\/produkt\/til-en-ukjent-gud\/"},"modified":"2026-03-04T19:49:52","modified_gmt":"2026-03-04T18:49:52","slug":"til-en-ukjent-gud","status":"publish","type":"product","link":"https:\/\/staging.forenteforlag.no\/pax\/produkt\/til-en-ukjent-gud\/","title":{"rendered":"Til en ukjent gud"},"content":{"rendered":"<p>TIL EN UKJENT GUD<br \/>\nHovedpersonen i denne romanen, Joseph Wayne, er en Josef-skikkelse av bibelsk format, som leder sitt folk ut av den steinete \u00f8rkenen og sammen med sine br\u00f8dre grunnlegger et lite nybyggersamfunn i en fruktbar kalifornisk dal.<br \/>\nUnder nybyggernes flittige hender forvandles omr\u00e5det til en rik og blomstrende farm. Et lite samfunn bygges opp og lever i spenningen mellom dalens overveldende fruktbarhet og den stadig tilbakevendende trusselen om \u00f8deleggende t\u00f8rke.<br \/>\nSelv vinner Joseph landsbyens unge l\u00e6rerinne og f\u00f8rer henne hjem til farmen som sin brud. Mens hans kj\u00e6rlighet til jorden blir etter hvert en besettelse og han drives av indre krefter til \u00e5 g\u00e5 i forbund med &laquo;en ukjent gud&raquo;, selve urkreftene bak den lunefulle naturen. Dette f\u00f8rer til sterke rivninger med Josephs kristne bror, som til slutt finner \u00e5 m\u00e5tte gripe inn.<br \/>\nTil en ukjent Gud kom ut i 1933 og ble oversatt til norsk i 1961.<\/p>\n","protected":false},"excerpt":{"rendered":"<p>TIL EN UKJENT GUD Hovedpersonen i denne romanen, Joseph Wayne, er en Josef-skikkelse av bibelsk format, som leder sitt folk ut av den steinete \u00f8rkenen og sammen med sine br\u00f8dre grunnlegger et lite nybyggersamfunn i en fruktbar kalifornisk dal. Under nybyggernes flittige hender forvandles omr\u00e5det til en rik og blomstrende farm. Et lite samfunn bygges [&hellip;]<\/p>\n","protected":false},"featured_media":30038,"template":"","meta":{"_acf_changed":false,"inline_featured_image":false},"product_brand":[],"product_cat":[1782],"product_tag":[1095,1283,370],"class_list":{"0":"post-22802","1":"product","2":"type-product","3":"status-publish","4":"has-post-thumbnail","6":"product_cat-fripris","7":"product_tag-grafiske-romaner","8":"product_tag-nybyggere","9":"product_tag-skjonnlitteratur","11":"first","12":"instock","13":"shipping-taxable","14":"purchasable","15":"product-type-simple"},"acf":{"anmeldelse":null},"yoast_head":"<!-- This site is optimized with the Yoast SEO plugin v26.6 - https:\/\/yoast.com\/wordpress\/plugins\/seo\/ -->\n<title>Til en ukjent gud - Pax<\/title>\n<meta name=\"robots\" content=\"noindex, follow, max-snippet:-1, max-image-preview:large, max-video-preview:-1\" \/>\n<meta property=\"og:locale\" content=\"nb_NO\" \/>\n<meta property=\"og:type\" content=\"article\" \/>\n<meta property=\"og:title\" content=\"Til en ukjent gud - Pax\" \/>\n<meta property=\"og:description\" content=\"TIL EN UKJENT GUD Hovedpersonen i denne romanen, Joseph Wayne, er en Josef-skikkelse av bibelsk format, som leder sitt folk ut av den steinete \u00f8rkenen og sammen med sine br\u00f8dre grunnlegger et lite nybyggersamfunn i en fruktbar kalifornisk dal. Under nybyggernes flittige hender forvandles omr\u00e5det til en rik og blomstrende farm. Et lite samfunn bygges [&hellip;]\" \/>\n<meta property=\"og:url\" content=\"https:\/\/staging.forenteforlag.no\/pax\/produkt\/til-en-ukjent-gud\/\" \/>\n<meta property=\"og:site_name\" content=\"Pax\" \/>\n<meta property=\"article:modified_time\" content=\"2026-03-04T18:49:52+00:00\" \/>\n<meta property=\"og:image\" content=\"https:\/\/staging.forenteforlag.no\/pax\/wp-content\/uploads\/sites\/5\/2026\/03\/9788253021065.jpg\" \/>\n\t<meta property=\"og:image:width\" content=\"720\" \/>\n\t<meta property=\"og:image:height\" content=\"1174\" \/>\n\t<meta property=\"og:image:type\" content=\"image\/jpeg\" \/>\n<meta name=\"twitter:card\" content=\"summary_large_image\" \/>\n<meta name=\"twitter:label1\" content=\"Ansl. lesetid\" \/>\n\t<meta name=\"twitter:data1\" content=\"1 minutt\" \/>\n<script type=\"application\/ld+json\" class=\"yoast-schema-graph\">{\"@context\":\"https:\/\/schema.org\",\"@graph\":[{\"@type\":\"WebPage\",\"@id\":\"https:\/\/staging.forenteforlag.no\/pax\/produkt\/til-en-ukjent-gud\/\",\"url\":\"https:\/\/staging.forenteforlag.no\/pax\/produkt\/til-en-ukjent-gud\/\",\"name\":\"Til en ukjent gud - Pax\",\"isPartOf\":{\"@id\":\"https:\/\/staging.forenteforlag.no\/pax\/#website\"},\"primaryImageOfPage\":{\"@id\":\"https:\/\/staging.forenteforlag.no\/pax\/produkt\/til-en-ukjent-gud\/#primaryimage\"},\"image\":{\"@id\":\"https:\/\/staging.forenteforlag.no\/pax\/produkt\/til-en-ukjent-gud\/#primaryimage\"},\"thumbnailUrl\":\"https:\/\/staging.forenteforlag.no\/pax\/wp-content\/uploads\/sites\/5\/2026\/03\/9788253021065.jpg\",\"datePublished\":\"1999-03-13T14:24:28+00:00\",\"dateModified\":\"2026-03-04T18:49:52+00:00\",\"breadcrumb\":{\"@id\":\"https:\/\/staging.forenteforlag.no\/pax\/produkt\/til-en-ukjent-gud\/#breadcrumb\"},\"inLanguage\":\"nb-NO\",\"potentialAction\":[{\"@type\":\"ReadAction\",\"target\":[\"https:\/\/staging.forenteforlag.no\/pax\/produkt\/til-en-ukjent-gud\/\"]}]},{\"@type\":\"ImageObject\",\"inLanguage\":\"nb-NO\",\"@id\":\"https:\/\/staging.forenteforlag.no\/pax\/produkt\/til-en-ukjent-gud\/#primaryimage\",\"url\":\"https:\/\/staging.forenteforlag.no\/pax\/wp-content\/uploads\/sites\/5\/2026\/03\/9788253021065.jpg\",\"contentUrl\":\"https:\/\/staging.forenteforlag.no\/pax\/wp-content\/uploads\/sites\/5\/2026\/03\/9788253021065.jpg\",\"width\":720,\"height\":1174},{\"@type\":\"BreadcrumbList\",\"@id\":\"https:\/\/staging.forenteforlag.no\/pax\/produkt\/til-en-ukjent-gud\/#breadcrumb\",\"itemListElement\":[{\"@type\":\"ListItem\",\"position\":1,\"name\":\"Hjem\",\"item\":\"https:\/\/staging.forenteforlag.no\/pax\/\"},{\"@type\":\"ListItem\",\"position\":2,\"name\":\"Alle b\u00f8ker\",\"item\":\"https:\/\/staging.forenteforlag.no\/pax\/butikk\/\"},{\"@type\":\"ListItem\",\"position\":3,\"name\":\"Til en ukjent gud\"}]},{\"@type\":\"WebSite\",\"@id\":\"https:\/\/staging.forenteforlag.no\/pax\/#website\",\"url\":\"https:\/\/staging.forenteforlag.no\/pax\/\",\"name\":\"Pax\",\"description\":\"\",\"potentialAction\":[{\"@type\":\"SearchAction\",\"target\":{\"@type\":\"EntryPoint\",\"urlTemplate\":\"https:\/\/staging.forenteforlag.no\/pax\/?s={search_term_string}\"},\"query-input\":{\"@type\":\"PropertyValueSpecification\",\"valueRequired\":true,\"valueName\":\"search_term_string\"}}],\"inLanguage\":\"nb-NO\"}]}<\/script>\n<!-- \/ Yoast SEO plugin. -->","yoast_head_json":{"title":"Til en ukjent gud - Pax","robots":{"index":"noindex","follow":"follow","max-snippet":"max-snippet:-1","max-image-preview":"max-image-preview:large","max-video-preview":"max-video-preview:-1"},"og_locale":"nb_NO","og_type":"article","og_title":"Til en ukjent gud - Pax","og_description":"TIL EN UKJENT GUD Hovedpersonen i denne romanen, Joseph Wayne, er en Josef-skikkelse av bibelsk format, som leder sitt folk ut av den steinete \u00f8rkenen og sammen med sine br\u00f8dre grunnlegger et lite nybyggersamfunn i en fruktbar kalifornisk dal. Under nybyggernes flittige hender forvandles omr\u00e5det til en rik og blomstrende farm. Et lite samfunn bygges [&hellip;]","og_url":"https:\/\/staging.forenteforlag.no\/pax\/produkt\/til-en-ukjent-gud\/","og_site_name":"Pax","article_modified_time":"2026-03-04T18:49:52+00:00","og_image":[{"width":720,"height":1174,"url":"https:\/\/staging.forenteforlag.no\/pax\/wp-content\/uploads\/sites\/5\/2026\/03\/9788253021065.jpg","type":"image\/jpeg"}],"twitter_card":"summary_large_image","twitter_misc":{"Ansl. lesetid":"1 minutt"},"schema":{"@context":"https:\/\/schema.org","@graph":[{"@type":"WebPage","@id":"https:\/\/staging.forenteforlag.no\/pax\/produkt\/til-en-ukjent-gud\/","url":"https:\/\/staging.forenteforlag.no\/pax\/produkt\/til-en-ukjent-gud\/","name":"Til en ukjent gud - Pax","isPartOf":{"@id":"https:\/\/staging.forenteforlag.no\/pax\/#website"},"primaryImageOfPage":{"@id":"https:\/\/staging.forenteforlag.no\/pax\/produkt\/til-en-ukjent-gud\/#primaryimage"},"image":{"@id":"https:\/\/staging.forenteforlag.no\/pax\/produkt\/til-en-ukjent-gud\/#primaryimage"},"thumbnailUrl":"https:\/\/staging.forenteforlag.no\/pax\/wp-content\/uploads\/sites\/5\/2026\/03\/9788253021065.jpg","datePublished":"1999-03-13T14:24:28+00:00","dateModified":"2026-03-04T18:49:52+00:00","breadcrumb":{"@id":"https:\/\/staging.forenteforlag.no\/pax\/produkt\/til-en-ukjent-gud\/#breadcrumb"},"inLanguage":"nb-NO","potentialAction":[{"@type":"ReadAction","target":["https:\/\/staging.forenteforlag.no\/pax\/produkt\/til-en-ukjent-gud\/"]}]},{"@type":"ImageObject","inLanguage":"nb-NO","@id":"https:\/\/staging.forenteforlag.no\/pax\/produkt\/til-en-ukjent-gud\/#primaryimage","url":"https:\/\/staging.forenteforlag.no\/pax\/wp-content\/uploads\/sites\/5\/2026\/03\/9788253021065.jpg","contentUrl":"https:\/\/staging.forenteforlag.no\/pax\/wp-content\/uploads\/sites\/5\/2026\/03\/9788253021065.jpg","width":720,"height":1174},{"@type":"BreadcrumbList","@id":"https:\/\/staging.forenteforlag.no\/pax\/produkt\/til-en-ukjent-gud\/#breadcrumb","itemListElement":[{"@type":"ListItem","position":1,"name":"Hjem","item":"https:\/\/staging.forenteforlag.no\/pax\/"},{"@type":"ListItem","position":2,"name":"Alle b\u00f8ker","item":"https:\/\/staging.forenteforlag.no\/pax\/butikk\/"},{"@type":"ListItem","position":3,"name":"Til en ukjent gud"}]},{"@type":"WebSite","@id":"https:\/\/staging.forenteforlag.no\/pax\/#website","url":"https:\/\/staging.forenteforlag.no\/pax\/","name":"Pax","description":"","potentialAction":[{"@type":"SearchAction","target":{"@type":"EntryPoint","urlTemplate":"https:\/\/staging.forenteforlag.no\/pax\/?s={search_term_string}"},"query-input":{"@type":"PropertyValueSpecification","valueRequired":true,"valueName":"search_term_string"}}],"inLanguage":"nb-NO"}]}},"_links":{"self":[{"href":"https:\/\/staging.forenteforlag.no\/pax\/wp-json\/wp\/v2\/product\/22802","targetHints":{"allow":["GET"]}}],"collection":[{"href":"https:\/\/staging.forenteforlag.no\/pax\/wp-json\/wp\/v2\/product"}],"about":[{"href":"https:\/\/staging.forenteforlag.no\/pax\/wp-json\/wp\/v2\/types\/product"}],"wp:featuredmedia":[{"embeddable":true,"href":"https:\/\/staging.forenteforlag.no\/pax\/wp-json\/wp\/v2\/media\/30038"}],"wp:attachment":[{"href":"https:\/\/staging.forenteforlag.no\/pax\/wp-json\/wp\/v2\/media?parent=22802"}],"wp:term":[{"taxonomy":"product_brand","embeddable":true,"href":"https:\/\/staging.forenteforlag.no\/pax\/wp-json\/wp\/v2\/product_brand?post=22802"},{"taxonomy":"product_cat","embeddable":true,"href":"https:\/\/staging.forenteforlag.no\/pax\/wp-json\/wp\/v2\/product_cat?post=22802"},{"taxonomy":"product_tag","embeddable":true,"href":"https:\/\/staging.forenteforlag.no\/pax\/wp-json\/wp\/v2\/product_tag?post=22802"}],"curies":[{"name":"wp","href":"https:\/\/api.w.org\/{rel}","templated":true}]}}