{"id":22755,"date":"2016-02-19T01:00:00","date_gmt":"2016-02-19T00:00:00","guid":{"rendered":"https:\/\/pax.forenteforlag.no\/produkt\/utilregnelighet\/"},"modified":"2025-08-27T08:35:09","modified_gmt":"2025-08-27T06:35:09","slug":"utilregnelighet","status":"publish","type":"product","link":"https:\/\/staging.forenteforlag.no\/pax\/produkt\/utilregnelighet\/","title":{"rendered":"Utilregnelighet"},"content":{"rendered":"<p>Gjennom den norske rettshistorien har alltid noen lovbrytere blitt stilt p\u00e5 utsiden av det etablerte systemet for straff. Med ulike begrunnelser har de v\u00e6rt ansett som strafferettslig utilregnelige. De siste hundre \u00e5rene har norsk rettspleie fulgt \u00abdet medisinske system\u00bb, der psykiatere har en hovedrolle: Om man er strafferettslig utilregnelig, kommer f\u00f8rst og fremst an p\u00e5 om man kan regnes som \u00absinnssyk\u00bb. Hvordan har psykiaterne f\u00e5tt denne rollen? Og hvordan kunne det ellers v\u00e6rt l\u00f8st?  <\/p>\n<p>Svein Atle Sk\u00e5lev\u00e5g forteller utilregnelighetens historie i det norske rettsvesenet, fra Ragnhild Tregag\u00e0s i 1324 gjorde sin fetter impotent, men fikk omgjort straffen fordi hun led av m\u00e5nesyke, helt frem til dagens diskusjoner rundt grensene for skyldevne og DSMsystemets treffsikkerhet. S\u00e6rlig akutt ble sp\u00f8rsm\u00e5let om tilregnelighet under 22. juli-rettsaken: Kunne terroristen holdes til ansvar for sine handlinger?  <\/p>\n<p>Historien fortelles gjennom b\u00e5de lovverk og enkeltskjebner &#8211; det nakne regelverket m\u00e5 forst\u00e5s ogs\u00e5 gjennom hvordan det ble praktisert. Historien om hvordan vi har sett p\u00e5 grensene for tilregnelighet, og p\u00e5 menneskene som befinner seg ved disse grensene, lar oss ogs\u00e5 se Norges historie i nytt perspektiv.<\/p>\n","protected":false},"excerpt":{"rendered":"<p>Gjennom den norske rettshistorien har alltid noen lovbrytere blitt stilt p\u00e5 utsiden av det etablerte systemet for straff. Med ulike begrunnelser har de v\u00e6rt ansett som strafferettslig utilregnelige. De siste hundre \u00e5rene har norsk rettspleie fulgt \u00abdet medisinske system\u00bb, der psykiatere har en hovedrolle: Om man er strafferettslig utilregnelig, kommer f\u00f8rst og fremst an p\u00e5 [&hellip;]<\/p>\n","protected":false},"featured_media":28213,"template":"","meta":{"_acf_changed":false,"inline_featured_image":false},"product_brand":[],"product_cat":[32],"product_tag":[362,439,599,1289,1209],"class_list":{"0":"post-22755","1":"product","2":"type-product","3":"status-publish","4":"has-post-thumbnail","6":"product_cat-samfunn-og-politikk","7":"product_tag-faglitteratur","8":"product_tag-nord-norge","9":"product_tag-rettshistorie","10":"product_tag-rettspsykiatri","11":"product_tag-strafferett","12":"pa_format-innbundet","14":"first","15":"outofstock","16":"shipping-taxable","17":"purchasable","18":"product-type-simple"},"acf":{"anmeldelse":null},"yoast_head":"<!-- This site is optimized with the Yoast SEO plugin v26.6 - https:\/\/yoast.com\/wordpress\/plugins\/seo\/ -->\n<title>Utilregnelighet - Pax<\/title>\n<meta name=\"robots\" content=\"noindex, follow, max-snippet:-1, max-image-preview:large, max-video-preview:-1\" \/>\n<meta property=\"og:locale\" content=\"nb_NO\" \/>\n<meta property=\"og:type\" content=\"article\" \/>\n<meta property=\"og:title\" content=\"Utilregnelighet - Pax\" \/>\n<meta property=\"og:description\" content=\"Gjennom den norske rettshistorien har alltid noen lovbrytere blitt stilt p\u00e5 utsiden av det etablerte systemet for straff. Med ulike begrunnelser har de v\u00e6rt ansett som strafferettslig utilregnelige. De siste hundre \u00e5rene har norsk rettspleie fulgt \u00abdet medisinske system\u00bb, der psykiatere har en hovedrolle: Om man er strafferettslig utilregnelig, kommer f\u00f8rst og fremst an p\u00e5 [&hellip;]\" \/>\n<meta property=\"og:url\" content=\"https:\/\/staging.forenteforlag.no\/pax\/produkt\/utilregnelighet\/\" \/>\n<meta property=\"og:site_name\" content=\"Pax\" \/>\n<meta property=\"article:modified_time\" content=\"2025-08-27T06:35:09+00:00\" \/>\n<meta property=\"og:image\" content=\"https:\/\/staging.forenteforlag.no\/pax\/wp-content\/uploads\/sites\/5\/2025\/08\/jpg-6298-scaled-1-scaled.jpg\" \/>\n\t<meta property=\"og:image:width\" content=\"1337\" \/>\n\t<meta property=\"og:image:height\" content=\"1920\" \/>\n\t<meta property=\"og:image:type\" content=\"image\/jpeg\" \/>\n<meta name=\"twitter:card\" content=\"summary_large_image\" \/>\n<meta name=\"twitter:label1\" content=\"Ansl. lesetid\" \/>\n\t<meta name=\"twitter:data1\" content=\"1 minutt\" \/>\n<script type=\"application\/ld+json\" class=\"yoast-schema-graph\">{\"@context\":\"https:\/\/schema.org\",\"@graph\":[{\"@type\":\"WebPage\",\"@id\":\"https:\/\/staging.forenteforlag.no\/pax\/produkt\/utilregnelighet\/\",\"url\":\"https:\/\/staging.forenteforlag.no\/pax\/produkt\/utilregnelighet\/\",\"name\":\"Utilregnelighet - Pax\",\"isPartOf\":{\"@id\":\"https:\/\/staging.forenteforlag.no\/pax\/#website\"},\"primaryImageOfPage\":{\"@id\":\"https:\/\/staging.forenteforlag.no\/pax\/produkt\/utilregnelighet\/#primaryimage\"},\"image\":{\"@id\":\"https:\/\/staging.forenteforlag.no\/pax\/produkt\/utilregnelighet\/#primaryimage\"},\"thumbnailUrl\":\"https:\/\/staging.forenteforlag.no\/pax\/wp-content\/uploads\/sites\/5\/2025\/08\/jpg-6298-scaled-1-scaled.jpg\",\"datePublished\":\"2016-02-19T00:00:00+00:00\",\"dateModified\":\"2025-08-27T06:35:09+00:00\",\"breadcrumb\":{\"@id\":\"https:\/\/staging.forenteforlag.no\/pax\/produkt\/utilregnelighet\/#breadcrumb\"},\"inLanguage\":\"nb-NO\",\"potentialAction\":[{\"@type\":\"ReadAction\",\"target\":[\"https:\/\/staging.forenteforlag.no\/pax\/produkt\/utilregnelighet\/\"]}]},{\"@type\":\"ImageObject\",\"inLanguage\":\"nb-NO\",\"@id\":\"https:\/\/staging.forenteforlag.no\/pax\/produkt\/utilregnelighet\/#primaryimage\",\"url\":\"https:\/\/staging.forenteforlag.no\/pax\/wp-content\/uploads\/sites\/5\/2025\/08\/jpg-6298-scaled-1-scaled.jpg\",\"contentUrl\":\"https:\/\/staging.forenteforlag.no\/pax\/wp-content\/uploads\/sites\/5\/2025\/08\/jpg-6298-scaled-1-scaled.jpg\",\"width\":1337,\"height\":1920},{\"@type\":\"BreadcrumbList\",\"@id\":\"https:\/\/staging.forenteforlag.no\/pax\/produkt\/utilregnelighet\/#breadcrumb\",\"itemListElement\":[{\"@type\":\"ListItem\",\"position\":1,\"name\":\"Hjem\",\"item\":\"https:\/\/staging.forenteforlag.no\/pax\/\"},{\"@type\":\"ListItem\",\"position\":2,\"name\":\"Alle b\u00f8ker\",\"item\":\"https:\/\/staging.forenteforlag.no\/pax\/butikk\/\"},{\"@type\":\"ListItem\",\"position\":3,\"name\":\"Utilregnelighet\"}]},{\"@type\":\"WebSite\",\"@id\":\"https:\/\/staging.forenteforlag.no\/pax\/#website\",\"url\":\"https:\/\/staging.forenteforlag.no\/pax\/\",\"name\":\"Pax\",\"description\":\"\",\"potentialAction\":[{\"@type\":\"SearchAction\",\"target\":{\"@type\":\"EntryPoint\",\"urlTemplate\":\"https:\/\/staging.forenteforlag.no\/pax\/?s={search_term_string}\"},\"query-input\":{\"@type\":\"PropertyValueSpecification\",\"valueRequired\":true,\"valueName\":\"search_term_string\"}}],\"inLanguage\":\"nb-NO\"}]}<\/script>\n<!-- \/ Yoast SEO plugin. -->","yoast_head_json":{"title":"Utilregnelighet - Pax","robots":{"index":"noindex","follow":"follow","max-snippet":"max-snippet:-1","max-image-preview":"max-image-preview:large","max-video-preview":"max-video-preview:-1"},"og_locale":"nb_NO","og_type":"article","og_title":"Utilregnelighet - Pax","og_description":"Gjennom den norske rettshistorien har alltid noen lovbrytere blitt stilt p\u00e5 utsiden av det etablerte systemet for straff. Med ulike begrunnelser har de v\u00e6rt ansett som strafferettslig utilregnelige. De siste hundre \u00e5rene har norsk rettspleie fulgt \u00abdet medisinske system\u00bb, der psykiatere har en hovedrolle: Om man er strafferettslig utilregnelig, kommer f\u00f8rst og fremst an p\u00e5 [&hellip;]","og_url":"https:\/\/staging.forenteforlag.no\/pax\/produkt\/utilregnelighet\/","og_site_name":"Pax","article_modified_time":"2025-08-27T06:35:09+00:00","og_image":[{"width":1337,"height":1920,"url":"https:\/\/staging.forenteforlag.no\/pax\/wp-content\/uploads\/sites\/5\/2025\/08\/jpg-6298-scaled-1-scaled.jpg","type":"image\/jpeg"}],"twitter_card":"summary_large_image","twitter_misc":{"Ansl. lesetid":"1 minutt"},"schema":{"@context":"https:\/\/schema.org","@graph":[{"@type":"WebPage","@id":"https:\/\/staging.forenteforlag.no\/pax\/produkt\/utilregnelighet\/","url":"https:\/\/staging.forenteforlag.no\/pax\/produkt\/utilregnelighet\/","name":"Utilregnelighet - Pax","isPartOf":{"@id":"https:\/\/staging.forenteforlag.no\/pax\/#website"},"primaryImageOfPage":{"@id":"https:\/\/staging.forenteforlag.no\/pax\/produkt\/utilregnelighet\/#primaryimage"},"image":{"@id":"https:\/\/staging.forenteforlag.no\/pax\/produkt\/utilregnelighet\/#primaryimage"},"thumbnailUrl":"https:\/\/staging.forenteforlag.no\/pax\/wp-content\/uploads\/sites\/5\/2025\/08\/jpg-6298-scaled-1-scaled.jpg","datePublished":"2016-02-19T00:00:00+00:00","dateModified":"2025-08-27T06:35:09+00:00","breadcrumb":{"@id":"https:\/\/staging.forenteforlag.no\/pax\/produkt\/utilregnelighet\/#breadcrumb"},"inLanguage":"nb-NO","potentialAction":[{"@type":"ReadAction","target":["https:\/\/staging.forenteforlag.no\/pax\/produkt\/utilregnelighet\/"]}]},{"@type":"ImageObject","inLanguage":"nb-NO","@id":"https:\/\/staging.forenteforlag.no\/pax\/produkt\/utilregnelighet\/#primaryimage","url":"https:\/\/staging.forenteforlag.no\/pax\/wp-content\/uploads\/sites\/5\/2025\/08\/jpg-6298-scaled-1-scaled.jpg","contentUrl":"https:\/\/staging.forenteforlag.no\/pax\/wp-content\/uploads\/sites\/5\/2025\/08\/jpg-6298-scaled-1-scaled.jpg","width":1337,"height":1920},{"@type":"BreadcrumbList","@id":"https:\/\/staging.forenteforlag.no\/pax\/produkt\/utilregnelighet\/#breadcrumb","itemListElement":[{"@type":"ListItem","position":1,"name":"Hjem","item":"https:\/\/staging.forenteforlag.no\/pax\/"},{"@type":"ListItem","position":2,"name":"Alle b\u00f8ker","item":"https:\/\/staging.forenteforlag.no\/pax\/butikk\/"},{"@type":"ListItem","position":3,"name":"Utilregnelighet"}]},{"@type":"WebSite","@id":"https:\/\/staging.forenteforlag.no\/pax\/#website","url":"https:\/\/staging.forenteforlag.no\/pax\/","name":"Pax","description":"","potentialAction":[{"@type":"SearchAction","target":{"@type":"EntryPoint","urlTemplate":"https:\/\/staging.forenteforlag.no\/pax\/?s={search_term_string}"},"query-input":{"@type":"PropertyValueSpecification","valueRequired":true,"valueName":"search_term_string"}}],"inLanguage":"nb-NO"}]}},"_links":{"self":[{"href":"https:\/\/staging.forenteforlag.no\/pax\/wp-json\/wp\/v2\/product\/22755","targetHints":{"allow":["GET"]}}],"collection":[{"href":"https:\/\/staging.forenteforlag.no\/pax\/wp-json\/wp\/v2\/product"}],"about":[{"href":"https:\/\/staging.forenteforlag.no\/pax\/wp-json\/wp\/v2\/types\/product"}],"wp:featuredmedia":[{"embeddable":true,"href":"https:\/\/staging.forenteforlag.no\/pax\/wp-json\/wp\/v2\/media\/28213"}],"wp:attachment":[{"href":"https:\/\/staging.forenteforlag.no\/pax\/wp-json\/wp\/v2\/media?parent=22755"}],"wp:term":[{"taxonomy":"product_brand","embeddable":true,"href":"https:\/\/staging.forenteforlag.no\/pax\/wp-json\/wp\/v2\/product_brand?post=22755"},{"taxonomy":"product_cat","embeddable":true,"href":"https:\/\/staging.forenteforlag.no\/pax\/wp-json\/wp\/v2\/product_cat?post=22755"},{"taxonomy":"product_tag","embeddable":true,"href":"https:\/\/staging.forenteforlag.no\/pax\/wp-json\/wp\/v2\/product_tag?post=22755"}],"curies":[{"name":"wp","href":"https:\/\/api.w.org\/{rel}","templated":true}]}}