{"id":22741,"date":"2008-02-08T01:00:00","date_gmt":"2008-02-08T00:00:00","guid":{"rendered":"https:\/\/pax.forenteforlag.no\/produkt\/brev-til-d\/"},"modified":"2025-08-27T08:19:11","modified_gmt":"2025-08-27T06:19:11","slug":"brev-til-d","status":"publish","type":"product","link":"https:\/\/staging.forenteforlag.no\/pax\/produkt\/brev-til-d\/","title":{"rendered":"Brev til D."},"content":{"rendered":"<p>Brev til D. er journalisten og filosofen Andr\u00e9 Gorz&#8217; kj\u00e6rlighetsbrev til sin d\u00f8dssyke kone, Dorine. Det er ogs\u00e5 et fors\u00f8k p\u00e5 \u00e5 oppsummere et liv, p\u00e5 \u00e5 forklare og avklare, b\u00e5de for seg selv og for henne. Han kan nesten ikke skj\u00f8nne hvor heldig han har v\u00e6rt, og han kan ikke slutte \u00e5 forundre seg over at Dorine ogs\u00e5 har elsket ham. De har levd blant samtidens st\u00f8rste tenkere og hatt et begivenhetsrikt liv, men det sosiale livet deres skyves her i bakgrunnen for den private gleden over \u00e5 ha hverandre.<\/p>\n","protected":false},"excerpt":{"rendered":"<p>Brev til D. er journalisten og filosofen Andr\u00e9 Gorz&#8217; kj\u00e6rlighetsbrev til sin d\u00f8dssyke kone, Dorine. Det er ogs\u00e5 et fors\u00f8k p\u00e5 \u00e5 oppsummere et liv, p\u00e5 \u00e5 forklare og avklare, b\u00e5de for seg selv og for henne. Han kan nesten ikke skj\u00f8nne hvor heldig han har v\u00e6rt, og han kan ikke slutte \u00e5 forundre seg [&hellip;]<\/p>\n","protected":false},"featured_media":28100,"template":"","meta":{"_acf_changed":false,"inline_featured_image":false},"product_brand":[],"product_cat":[20],"product_tag":[365,364,470,362,777,510,417],"class_list":{"0":"post-22741","1":"product","2":"type-product","3":"status-publish","4":"has-post-thumbnail","6":"product_cat-biografier-og-memoarer","7":"product_tag-1945-1999","8":"product_tag-2000-2009","9":"product_tag-ekteskap-og-parforhold","10":"product_tag-faglitteratur","11":"product_tag-frankrike","12":"product_tag-kjaerlighet","13":"product_tag-selvbiografier","14":"pa_format-innbundet","16":"first","17":"outofstock","18":"shipping-taxable","19":"purchasable","20":"product-type-simple"},"acf":{"anmeldelse":null},"yoast_head":"<!-- This site is optimized with the Yoast SEO plugin v26.6 - https:\/\/yoast.com\/wordpress\/plugins\/seo\/ -->\n<title>Brev til D. - Pax<\/title>\n<meta name=\"robots\" content=\"noindex, follow, max-snippet:-1, max-image-preview:large, max-video-preview:-1\" \/>\n<meta property=\"og:locale\" content=\"nb_NO\" \/>\n<meta property=\"og:type\" content=\"article\" \/>\n<meta property=\"og:title\" content=\"Brev til D. - Pax\" \/>\n<meta property=\"og:description\" content=\"Brev til D. er journalisten og filosofen Andr\u00e9 Gorz&#8217; kj\u00e6rlighetsbrev til sin d\u00f8dssyke kone, Dorine. Det er ogs\u00e5 et fors\u00f8k p\u00e5 \u00e5 oppsummere et liv, p\u00e5 \u00e5 forklare og avklare, b\u00e5de for seg selv og for henne. Han kan nesten ikke skj\u00f8nne hvor heldig han har v\u00e6rt, og han kan ikke slutte \u00e5 forundre seg [&hellip;]\" \/>\n<meta property=\"og:url\" content=\"https:\/\/staging.forenteforlag.no\/pax\/produkt\/brev-til-d\/\" \/>\n<meta property=\"og:site_name\" content=\"Pax\" \/>\n<meta property=\"article:modified_time\" content=\"2025-08-27T06:19:11+00:00\" \/>\n<meta property=\"og:image\" content=\"https:\/\/staging.forenteforlag.no\/pax\/wp-content\/uploads\/sites\/5\/2025\/08\/jpg-6005.jpg\" \/>\n\t<meta property=\"og:image:width\" content=\"317\" \/>\n\t<meta property=\"og:image:height\" content=\"450\" \/>\n\t<meta property=\"og:image:type\" content=\"image\/jpeg\" \/>\n<meta name=\"twitter:card\" content=\"summary_large_image\" \/>\n<script type=\"application\/ld+json\" class=\"yoast-schema-graph\">{\"@context\":\"https:\/\/schema.org\",\"@graph\":[{\"@type\":\"WebPage\",\"@id\":\"https:\/\/staging.forenteforlag.no\/pax\/produkt\/brev-til-d\/\",\"url\":\"https:\/\/staging.forenteforlag.no\/pax\/produkt\/brev-til-d\/\",\"name\":\"Brev til D. - Pax\",\"isPartOf\":{\"@id\":\"https:\/\/staging.forenteforlag.no\/pax\/#website\"},\"primaryImageOfPage\":{\"@id\":\"https:\/\/staging.forenteforlag.no\/pax\/produkt\/brev-til-d\/#primaryimage\"},\"image\":{\"@id\":\"https:\/\/staging.forenteforlag.no\/pax\/produkt\/brev-til-d\/#primaryimage\"},\"thumbnailUrl\":\"https:\/\/staging.forenteforlag.no\/pax\/wp-content\/uploads\/sites\/5\/2025\/08\/jpg-6005.jpg\",\"datePublished\":\"2008-02-08T00:00:00+00:00\",\"dateModified\":\"2025-08-27T06:19:11+00:00\",\"breadcrumb\":{\"@id\":\"https:\/\/staging.forenteforlag.no\/pax\/produkt\/brev-til-d\/#breadcrumb\"},\"inLanguage\":\"nb-NO\",\"potentialAction\":[{\"@type\":\"ReadAction\",\"target\":[\"https:\/\/staging.forenteforlag.no\/pax\/produkt\/brev-til-d\/\"]}]},{\"@type\":\"ImageObject\",\"inLanguage\":\"nb-NO\",\"@id\":\"https:\/\/staging.forenteforlag.no\/pax\/produkt\/brev-til-d\/#primaryimage\",\"url\":\"https:\/\/staging.forenteforlag.no\/pax\/wp-content\/uploads\/sites\/5\/2025\/08\/jpg-6005.jpg\",\"contentUrl\":\"https:\/\/staging.forenteforlag.no\/pax\/wp-content\/uploads\/sites\/5\/2025\/08\/jpg-6005.jpg\",\"width\":317,\"height\":450},{\"@type\":\"BreadcrumbList\",\"@id\":\"https:\/\/staging.forenteforlag.no\/pax\/produkt\/brev-til-d\/#breadcrumb\",\"itemListElement\":[{\"@type\":\"ListItem\",\"position\":1,\"name\":\"Hjem\",\"item\":\"https:\/\/staging.forenteforlag.no\/pax\/\"},{\"@type\":\"ListItem\",\"position\":2,\"name\":\"Alle b\u00f8ker\",\"item\":\"https:\/\/staging.forenteforlag.no\/pax\/butikk\/\"},{\"@type\":\"ListItem\",\"position\":3,\"name\":\"Brev til D.\"}]},{\"@type\":\"WebSite\",\"@id\":\"https:\/\/staging.forenteforlag.no\/pax\/#website\",\"url\":\"https:\/\/staging.forenteforlag.no\/pax\/\",\"name\":\"Pax\",\"description\":\"\",\"potentialAction\":[{\"@type\":\"SearchAction\",\"target\":{\"@type\":\"EntryPoint\",\"urlTemplate\":\"https:\/\/staging.forenteforlag.no\/pax\/?s={search_term_string}\"},\"query-input\":{\"@type\":\"PropertyValueSpecification\",\"valueRequired\":true,\"valueName\":\"search_term_string\"}}],\"inLanguage\":\"nb-NO\"}]}<\/script>\n<!-- \/ Yoast SEO plugin. -->","yoast_head_json":{"title":"Brev til D. - Pax","robots":{"index":"noindex","follow":"follow","max-snippet":"max-snippet:-1","max-image-preview":"max-image-preview:large","max-video-preview":"max-video-preview:-1"},"og_locale":"nb_NO","og_type":"article","og_title":"Brev til D. - Pax","og_description":"Brev til D. er journalisten og filosofen Andr\u00e9 Gorz&#8217; kj\u00e6rlighetsbrev til sin d\u00f8dssyke kone, Dorine. Det er ogs\u00e5 et fors\u00f8k p\u00e5 \u00e5 oppsummere et liv, p\u00e5 \u00e5 forklare og avklare, b\u00e5de for seg selv og for henne. Han kan nesten ikke skj\u00f8nne hvor heldig han har v\u00e6rt, og han kan ikke slutte \u00e5 forundre seg [&hellip;]","og_url":"https:\/\/staging.forenteforlag.no\/pax\/produkt\/brev-til-d\/","og_site_name":"Pax","article_modified_time":"2025-08-27T06:19:11+00:00","og_image":[{"width":317,"height":450,"url":"https:\/\/staging.forenteforlag.no\/pax\/wp-content\/uploads\/sites\/5\/2025\/08\/jpg-6005.jpg","type":"image\/jpeg"}],"twitter_card":"summary_large_image","schema":{"@context":"https:\/\/schema.org","@graph":[{"@type":"WebPage","@id":"https:\/\/staging.forenteforlag.no\/pax\/produkt\/brev-til-d\/","url":"https:\/\/staging.forenteforlag.no\/pax\/produkt\/brev-til-d\/","name":"Brev til D. - Pax","isPartOf":{"@id":"https:\/\/staging.forenteforlag.no\/pax\/#website"},"primaryImageOfPage":{"@id":"https:\/\/staging.forenteforlag.no\/pax\/produkt\/brev-til-d\/#primaryimage"},"image":{"@id":"https:\/\/staging.forenteforlag.no\/pax\/produkt\/brev-til-d\/#primaryimage"},"thumbnailUrl":"https:\/\/staging.forenteforlag.no\/pax\/wp-content\/uploads\/sites\/5\/2025\/08\/jpg-6005.jpg","datePublished":"2008-02-08T00:00:00+00:00","dateModified":"2025-08-27T06:19:11+00:00","breadcrumb":{"@id":"https:\/\/staging.forenteforlag.no\/pax\/produkt\/brev-til-d\/#breadcrumb"},"inLanguage":"nb-NO","potentialAction":[{"@type":"ReadAction","target":["https:\/\/staging.forenteforlag.no\/pax\/produkt\/brev-til-d\/"]}]},{"@type":"ImageObject","inLanguage":"nb-NO","@id":"https:\/\/staging.forenteforlag.no\/pax\/produkt\/brev-til-d\/#primaryimage","url":"https:\/\/staging.forenteforlag.no\/pax\/wp-content\/uploads\/sites\/5\/2025\/08\/jpg-6005.jpg","contentUrl":"https:\/\/staging.forenteforlag.no\/pax\/wp-content\/uploads\/sites\/5\/2025\/08\/jpg-6005.jpg","width":317,"height":450},{"@type":"BreadcrumbList","@id":"https:\/\/staging.forenteforlag.no\/pax\/produkt\/brev-til-d\/#breadcrumb","itemListElement":[{"@type":"ListItem","position":1,"name":"Hjem","item":"https:\/\/staging.forenteforlag.no\/pax\/"},{"@type":"ListItem","position":2,"name":"Alle b\u00f8ker","item":"https:\/\/staging.forenteforlag.no\/pax\/butikk\/"},{"@type":"ListItem","position":3,"name":"Brev til D."}]},{"@type":"WebSite","@id":"https:\/\/staging.forenteforlag.no\/pax\/#website","url":"https:\/\/staging.forenteforlag.no\/pax\/","name":"Pax","description":"","potentialAction":[{"@type":"SearchAction","target":{"@type":"EntryPoint","urlTemplate":"https:\/\/staging.forenteforlag.no\/pax\/?s={search_term_string}"},"query-input":{"@type":"PropertyValueSpecification","valueRequired":true,"valueName":"search_term_string"}}],"inLanguage":"nb-NO"}]}},"_links":{"self":[{"href":"https:\/\/staging.forenteforlag.no\/pax\/wp-json\/wp\/v2\/product\/22741","targetHints":{"allow":["GET"]}}],"collection":[{"href":"https:\/\/staging.forenteforlag.no\/pax\/wp-json\/wp\/v2\/product"}],"about":[{"href":"https:\/\/staging.forenteforlag.no\/pax\/wp-json\/wp\/v2\/types\/product"}],"wp:featuredmedia":[{"embeddable":true,"href":"https:\/\/staging.forenteforlag.no\/pax\/wp-json\/wp\/v2\/media\/28100"}],"wp:attachment":[{"href":"https:\/\/staging.forenteforlag.no\/pax\/wp-json\/wp\/v2\/media?parent=22741"}],"wp:term":[{"taxonomy":"product_brand","embeddable":true,"href":"https:\/\/staging.forenteforlag.no\/pax\/wp-json\/wp\/v2\/product_brand?post=22741"},{"taxonomy":"product_cat","embeddable":true,"href":"https:\/\/staging.forenteforlag.no\/pax\/wp-json\/wp\/v2\/product_cat?post=22741"},{"taxonomy":"product_tag","embeddable":true,"href":"https:\/\/staging.forenteforlag.no\/pax\/wp-json\/wp\/v2\/product_tag?post=22741"}],"curies":[{"name":"wp","href":"https:\/\/api.w.org\/{rel}","templated":true}]}}