{"id":22713,"date":"2024-12-10T22:20:41","date_gmt":"2024-12-10T21:20:41","guid":{"rendered":"https:\/\/pax.forenteforlag.no\/produkt\/fredrikkes-fryd-og-louises-lyst\/"},"modified":"2026-03-04T21:55:06","modified_gmt":"2026-03-04T20:55:06","slug":"fredrikkes-fryd-og-louises-lyst","status":"publish","type":"product","link":"https:\/\/staging.forenteforlag.no\/pax\/produkt\/fredrikkes-fryd-og-louises-lyst\/","title":{"rendered":"Fredrikkes fryd og Louises lyst"},"content":{"rendered":"<p>I denne beretningen tas leseren med p\u00e5 en tidsreise til perioden rundt \u00e5r 1900 og datidens borgerlige kultur. Stedsnavnene som oppsto p\u00e5 denne tiden gjenspeiler idealene til en sosial klasse som dyrket naturen, romantikken og dr\u00f8mmen om velstand. Dette var tiden for de nye &laquo;kondisjonerte&raquo;, mennesker som profiterte p\u00e5 ny teknologi og handel. Idealet var \u00e5 eie en landlig residens til fritid og hygge. Og lystg\u00e5rdene fikk ofte navn etter en elsket hustru eller datter. Tiller tar i bruk bygdeb\u00f8ker og historisk materiale n\u00e5r han skildrer menneskene og kulturen som holdt til p\u00e5 for eksempel Charlottenlund, Cicilienborg eller Louiselyst. Dette er et frodig stykke kulturhistorie om navnene som fortsatt st\u00e5r som minnesmerker den dag i dag.<\/p>\n","protected":false},"excerpt":{"rendered":"<p>I denne beretningen tas leseren med p\u00e5 en tidsreise til perioden rundt \u00e5r 1900 og datidens borgerlige kultur. Stedsnavnene som oppsto p\u00e5 denne tiden gjenspeiler idealene til en sosial klasse som dyrket naturen, romantikken og dr\u00f8mmen om velstand. Dette var tiden for de nye &laquo;kondisjonerte&raquo;, mennesker som profiterte p\u00e5 ny teknologi og handel. Idealet var [&hellip;]<\/p>\n","protected":false},"featured_media":29421,"template":"","meta":{"_acf_changed":false,"inline_featured_image":false},"product_brand":[],"product_cat":[1782],"product_tag":[362,361,525,1280,1041],"class_list":{"0":"post-22713","1":"product","2":"type-product","3":"status-publish","4":"has-post-thumbnail","6":"product_cat-fripris","7":"product_tag-faglitteratur","8":"product_tag-kulturhistorie","9":"product_tag-lokalhistorie","10":"product_tag-stedsnavn","11":"product_tag-trondheim","13":"first","14":"outofstock","15":"taxable","16":"shipping-taxable","17":"purchasable","18":"product-type-simple"},"acf":{"anmeldelse":null},"yoast_head":"<!-- This site is optimized with the Yoast SEO plugin v26.6 - https:\/\/yoast.com\/wordpress\/plugins\/seo\/ -->\n<title>Fredrikkes fryd og Louises lyst - Pax<\/title>\n<meta name=\"robots\" content=\"noindex, follow, max-snippet:-1, max-image-preview:large, max-video-preview:-1\" \/>\n<meta property=\"og:locale\" content=\"nb_NO\" \/>\n<meta property=\"og:type\" content=\"article\" \/>\n<meta property=\"og:title\" content=\"Fredrikkes fryd og Louises lyst - Pax\" \/>\n<meta property=\"og:description\" content=\"I denne beretningen tas leseren med p\u00e5 en tidsreise til perioden rundt \u00e5r 1900 og datidens borgerlige kultur. Stedsnavnene som oppsto p\u00e5 denne tiden gjenspeiler idealene til en sosial klasse som dyrket naturen, romantikken og dr\u00f8mmen om velstand. Dette var tiden for de nye &laquo;kondisjonerte&raquo;, mennesker som profiterte p\u00e5 ny teknologi og handel. Idealet var [&hellip;]\" \/>\n<meta property=\"og:url\" content=\"https:\/\/staging.forenteforlag.no\/pax\/produkt\/fredrikkes-fryd-og-louises-lyst\/\" \/>\n<meta property=\"og:site_name\" content=\"Pax\" \/>\n<meta property=\"article:modified_time\" content=\"2026-03-04T20:55:06+00:00\" \/>\n<meta property=\"og:image\" content=\"https:\/\/staging.forenteforlag.no\/pax\/wp-content\/uploads\/sites\/5\/2025\/08\/jpg-9891.jpg\" \/>\n\t<meta property=\"og:image:width\" content=\"315\" \/>\n\t<meta property=\"og:image:height\" content=\"450\" \/>\n\t<meta property=\"og:image:type\" content=\"image\/jpeg\" \/>\n<meta name=\"twitter:card\" content=\"summary_large_image\" \/>\n<meta name=\"twitter:label1\" content=\"Ansl. lesetid\" \/>\n\t<meta name=\"twitter:data1\" content=\"1 minutt\" \/>\n<script type=\"application\/ld+json\" class=\"yoast-schema-graph\">{\"@context\":\"https:\/\/schema.org\",\"@graph\":[{\"@type\":\"WebPage\",\"@id\":\"https:\/\/staging.forenteforlag.no\/pax\/produkt\/fredrikkes-fryd-og-louises-lyst\/\",\"url\":\"https:\/\/staging.forenteforlag.no\/pax\/produkt\/fredrikkes-fryd-og-louises-lyst\/\",\"name\":\"Fredrikkes fryd og Louises lyst - Pax\",\"isPartOf\":{\"@id\":\"https:\/\/staging.forenteforlag.no\/pax\/#website\"},\"primaryImageOfPage\":{\"@id\":\"https:\/\/staging.forenteforlag.no\/pax\/produkt\/fredrikkes-fryd-og-louises-lyst\/#primaryimage\"},\"image\":{\"@id\":\"https:\/\/staging.forenteforlag.no\/pax\/produkt\/fredrikkes-fryd-og-louises-lyst\/#primaryimage\"},\"thumbnailUrl\":\"https:\/\/staging.forenteforlag.no\/pax\/wp-content\/uploads\/sites\/5\/2025\/08\/jpg-9891.jpg\",\"datePublished\":\"2024-12-10T21:20:41+00:00\",\"dateModified\":\"2026-03-04T20:55:06+00:00\",\"breadcrumb\":{\"@id\":\"https:\/\/staging.forenteforlag.no\/pax\/produkt\/fredrikkes-fryd-og-louises-lyst\/#breadcrumb\"},\"inLanguage\":\"nb-NO\",\"potentialAction\":[{\"@type\":\"ReadAction\",\"target\":[\"https:\/\/staging.forenteforlag.no\/pax\/produkt\/fredrikkes-fryd-og-louises-lyst\/\"]}]},{\"@type\":\"ImageObject\",\"inLanguage\":\"nb-NO\",\"@id\":\"https:\/\/staging.forenteforlag.no\/pax\/produkt\/fredrikkes-fryd-og-louises-lyst\/#primaryimage\",\"url\":\"https:\/\/staging.forenteforlag.no\/pax\/wp-content\/uploads\/sites\/5\/2025\/08\/jpg-9891.jpg\",\"contentUrl\":\"https:\/\/staging.forenteforlag.no\/pax\/wp-content\/uploads\/sites\/5\/2025\/08\/jpg-9891.jpg\",\"width\":315,\"height\":450},{\"@type\":\"BreadcrumbList\",\"@id\":\"https:\/\/staging.forenteforlag.no\/pax\/produkt\/fredrikkes-fryd-og-louises-lyst\/#breadcrumb\",\"itemListElement\":[{\"@type\":\"ListItem\",\"position\":1,\"name\":\"Hjem\",\"item\":\"https:\/\/staging.forenteforlag.no\/pax\/\"},{\"@type\":\"ListItem\",\"position\":2,\"name\":\"Alle b\u00f8ker\",\"item\":\"https:\/\/staging.forenteforlag.no\/pax\/butikk\/\"},{\"@type\":\"ListItem\",\"position\":3,\"name\":\"Fredrikkes fryd og Louises lyst\"}]},{\"@type\":\"WebSite\",\"@id\":\"https:\/\/staging.forenteforlag.no\/pax\/#website\",\"url\":\"https:\/\/staging.forenteforlag.no\/pax\/\",\"name\":\"Pax\",\"description\":\"\",\"potentialAction\":[{\"@type\":\"SearchAction\",\"target\":{\"@type\":\"EntryPoint\",\"urlTemplate\":\"https:\/\/staging.forenteforlag.no\/pax\/?s={search_term_string}\"},\"query-input\":{\"@type\":\"PropertyValueSpecification\",\"valueRequired\":true,\"valueName\":\"search_term_string\"}}],\"inLanguage\":\"nb-NO\"}]}<\/script>\n<!-- \/ Yoast SEO plugin. -->","yoast_head_json":{"title":"Fredrikkes fryd og Louises lyst - Pax","robots":{"index":"noindex","follow":"follow","max-snippet":"max-snippet:-1","max-image-preview":"max-image-preview:large","max-video-preview":"max-video-preview:-1"},"og_locale":"nb_NO","og_type":"article","og_title":"Fredrikkes fryd og Louises lyst - Pax","og_description":"I denne beretningen tas leseren med p\u00e5 en tidsreise til perioden rundt \u00e5r 1900 og datidens borgerlige kultur. Stedsnavnene som oppsto p\u00e5 denne tiden gjenspeiler idealene til en sosial klasse som dyrket naturen, romantikken og dr\u00f8mmen om velstand. Dette var tiden for de nye &laquo;kondisjonerte&raquo;, mennesker som profiterte p\u00e5 ny teknologi og handel. Idealet var [&hellip;]","og_url":"https:\/\/staging.forenteforlag.no\/pax\/produkt\/fredrikkes-fryd-og-louises-lyst\/","og_site_name":"Pax","article_modified_time":"2026-03-04T20:55:06+00:00","og_image":[{"width":315,"height":450,"url":"https:\/\/staging.forenteforlag.no\/pax\/wp-content\/uploads\/sites\/5\/2025\/08\/jpg-9891.jpg","type":"image\/jpeg"}],"twitter_card":"summary_large_image","twitter_misc":{"Ansl. lesetid":"1 minutt"},"schema":{"@context":"https:\/\/schema.org","@graph":[{"@type":"WebPage","@id":"https:\/\/staging.forenteforlag.no\/pax\/produkt\/fredrikkes-fryd-og-louises-lyst\/","url":"https:\/\/staging.forenteforlag.no\/pax\/produkt\/fredrikkes-fryd-og-louises-lyst\/","name":"Fredrikkes fryd og Louises lyst - Pax","isPartOf":{"@id":"https:\/\/staging.forenteforlag.no\/pax\/#website"},"primaryImageOfPage":{"@id":"https:\/\/staging.forenteforlag.no\/pax\/produkt\/fredrikkes-fryd-og-louises-lyst\/#primaryimage"},"image":{"@id":"https:\/\/staging.forenteforlag.no\/pax\/produkt\/fredrikkes-fryd-og-louises-lyst\/#primaryimage"},"thumbnailUrl":"https:\/\/staging.forenteforlag.no\/pax\/wp-content\/uploads\/sites\/5\/2025\/08\/jpg-9891.jpg","datePublished":"2024-12-10T21:20:41+00:00","dateModified":"2026-03-04T20:55:06+00:00","breadcrumb":{"@id":"https:\/\/staging.forenteforlag.no\/pax\/produkt\/fredrikkes-fryd-og-louises-lyst\/#breadcrumb"},"inLanguage":"nb-NO","potentialAction":[{"@type":"ReadAction","target":["https:\/\/staging.forenteforlag.no\/pax\/produkt\/fredrikkes-fryd-og-louises-lyst\/"]}]},{"@type":"ImageObject","inLanguage":"nb-NO","@id":"https:\/\/staging.forenteforlag.no\/pax\/produkt\/fredrikkes-fryd-og-louises-lyst\/#primaryimage","url":"https:\/\/staging.forenteforlag.no\/pax\/wp-content\/uploads\/sites\/5\/2025\/08\/jpg-9891.jpg","contentUrl":"https:\/\/staging.forenteforlag.no\/pax\/wp-content\/uploads\/sites\/5\/2025\/08\/jpg-9891.jpg","width":315,"height":450},{"@type":"BreadcrumbList","@id":"https:\/\/staging.forenteforlag.no\/pax\/produkt\/fredrikkes-fryd-og-louises-lyst\/#breadcrumb","itemListElement":[{"@type":"ListItem","position":1,"name":"Hjem","item":"https:\/\/staging.forenteforlag.no\/pax\/"},{"@type":"ListItem","position":2,"name":"Alle b\u00f8ker","item":"https:\/\/staging.forenteforlag.no\/pax\/butikk\/"},{"@type":"ListItem","position":3,"name":"Fredrikkes fryd og Louises lyst"}]},{"@type":"WebSite","@id":"https:\/\/staging.forenteforlag.no\/pax\/#website","url":"https:\/\/staging.forenteforlag.no\/pax\/","name":"Pax","description":"","potentialAction":[{"@type":"SearchAction","target":{"@type":"EntryPoint","urlTemplate":"https:\/\/staging.forenteforlag.no\/pax\/?s={search_term_string}"},"query-input":{"@type":"PropertyValueSpecification","valueRequired":true,"valueName":"search_term_string"}}],"inLanguage":"nb-NO"}]}},"_links":{"self":[{"href":"https:\/\/staging.forenteforlag.no\/pax\/wp-json\/wp\/v2\/product\/22713","targetHints":{"allow":["GET"]}}],"collection":[{"href":"https:\/\/staging.forenteforlag.no\/pax\/wp-json\/wp\/v2\/product"}],"about":[{"href":"https:\/\/staging.forenteforlag.no\/pax\/wp-json\/wp\/v2\/types\/product"}],"wp:featuredmedia":[{"embeddable":true,"href":"https:\/\/staging.forenteforlag.no\/pax\/wp-json\/wp\/v2\/media\/29421"}],"wp:attachment":[{"href":"https:\/\/staging.forenteforlag.no\/pax\/wp-json\/wp\/v2\/media?parent=22713"}],"wp:term":[{"taxonomy":"product_brand","embeddable":true,"href":"https:\/\/staging.forenteforlag.no\/pax\/wp-json\/wp\/v2\/product_brand?post=22713"},{"taxonomy":"product_cat","embeddable":true,"href":"https:\/\/staging.forenteforlag.no\/pax\/wp-json\/wp\/v2\/product_cat?post=22713"},{"taxonomy":"product_tag","embeddable":true,"href":"https:\/\/staging.forenteforlag.no\/pax\/wp-json\/wp\/v2\/product_tag?post=22713"}],"curies":[{"name":"wp","href":"https:\/\/api.w.org\/{rel}","templated":true}]}}