{"id":22712,"date":"2024-12-10T22:20:44","date_gmt":"2024-12-10T21:20:44","guid":{"rendered":"https:\/\/pax.forenteforlag.no\/produkt\/walden\/"},"modified":"2026-03-04T21:32:05","modified_gmt":"2026-03-04T20:32:05","slug":"walden","status":"publish","type":"product","link":"https:\/\/staging.forenteforlag.no\/pax\/produkt\/walden\/","title":{"rendered":"Walden"},"content":{"rendered":"<p>&laquo;Walden. Livet i skogene&raquo; er en vakker og konkret fortelling om Thoreaus tilv\u00e6relse som nybygger og eneboer ved Walden Pond i Concord. Henry David Thoreau (1817-1861) var amerikansk filosof, ogs\u00e5 ber\u00f8mt for klassikeren &laquo;Civil Disobedience&raquo;. I &laquo;Walden&raquo; har han skrevet ned egne tanker og opplevelser i n\u00e6r kontakt med jorda, skogen og dyrelivet. Han reflekterer rundt forholdet mellom individ og samfunn, sivilisasjon og natur, og dr\u00f8fter verdier og valg i tilv\u00e6relsen. Men Thoreau er en praktisk mann, som hogger tr\u00e6r, bygger hus, sanker b\u00e6r, og fisker. Han studerer fugleliv og dyrespor, ville blomster, v\u00e6ret og naturens rytme. Dessuten elsker han \u00e5 lese og \u00e5 tenke. Alt dette gir et rikt liv. Thoreaus naturfilosofi er b\u00e5de p\u00e5virket av Rousseaus &laquo;tilbake til naturen&raquo; og av \u00d8stens tenkning. Han var kritisk til den vestlige sivilisasjonens &laquo;fremmedgj\u00f8ring&raquo; og protesterte mot forbrukskulturen. I sin tur inspirerte han skikkelser som Mahatma Gandhi og str\u00f8mninger innen fredsarbeid og naturvern. Thoreau kan sees som en viktig referanse i b\u00f8ker som Pirsigs &laquo;Zen og kunsten \u00e5 vedlikeholde en motorsykkel&raquo; og i Loes &laquo;Doppler&raquo;. &laquo;Walden&raquo; er tidligere blitt utgitt p\u00e5 norsk med tittelen &laquo;Livet i skogene&raquo;. N\u00e5 nyutgis den i bearbeidet oversettelse, og supplert med noter. Dette er en klassiker for naturelskere, livsfilosofer og sivilisasjonskritikere!<\/p>\n","protected":false},"excerpt":{"rendered":"<p>&laquo;Walden. Livet i skogene&raquo; er en vakker og konkret fortelling om Thoreaus tilv\u00e6relse som nybygger og eneboer ved Walden Pond i Concord. Henry David Thoreau (1817-1861) var amerikansk filosof, ogs\u00e5 ber\u00f8mt for klassikeren &laquo;Civil Disobedience&raquo;. I &laquo;Walden&raquo; har han skrevet ned egne tanker og opplevelser i n\u00e6r kontakt med jorda, skogen og dyrelivet. Han reflekterer [&hellip;]<\/p>\n","protected":false},"featured_media":29096,"template":"","meta":{"_acf_changed":false,"inline_featured_image":false},"product_brand":[],"product_cat":[1782],"product_tag":[362,827,1282,443,1281,1283,417],"class_list":{"0":"post-22712","1":"product","2":"type-product","3":"status-publish","4":"has-post-thumbnail","6":"product_cat-fripris","7":"product_tag-faglitteratur","8":"product_tag-filosofer","9":"product_tag-naturfilosofi","10":"product_tag-naturskildringer","11":"product_tag-nordostlige-stater","12":"product_tag-nybyggere","13":"product_tag-selvbiografier","15":"first","16":"outofstock","17":"taxable","18":"shipping-taxable","19":"purchasable","20":"product-type-simple"},"acf":{"anmeldelse":null},"yoast_head":"<!-- This site is optimized with the Yoast SEO plugin v26.6 - https:\/\/yoast.com\/wordpress\/plugins\/seo\/ -->\n<title>Walden - Pax<\/title>\n<meta name=\"robots\" content=\"noindex, follow, max-snippet:-1, max-image-preview:large, max-video-preview:-1\" \/>\n<meta property=\"og:locale\" content=\"nb_NO\" \/>\n<meta property=\"og:type\" content=\"article\" \/>\n<meta property=\"og:title\" content=\"Walden - Pax\" \/>\n<meta property=\"og:description\" content=\"&laquo;Walden. Livet i skogene&raquo; er en vakker og konkret fortelling om Thoreaus tilv\u00e6relse som nybygger og eneboer ved Walden Pond i Concord. Henry David Thoreau (1817-1861) var amerikansk filosof, ogs\u00e5 ber\u00f8mt for klassikeren &laquo;Civil Disobedience&raquo;. I &laquo;Walden&raquo; har han skrevet ned egne tanker og opplevelser i n\u00e6r kontakt med jorda, skogen og dyrelivet. Han reflekterer [&hellip;]\" \/>\n<meta property=\"og:url\" content=\"https:\/\/staging.forenteforlag.no\/pax\/produkt\/walden\/\" \/>\n<meta property=\"og:site_name\" content=\"Pax\" \/>\n<meta property=\"article:modified_time\" content=\"2026-03-04T20:32:05+00:00\" \/>\n<meta property=\"og:image\" content=\"https:\/\/staging.forenteforlag.no\/pax\/wp-content\/uploads\/sites\/5\/2025\/08\/jpg-8880.jpg\" \/>\n\t<meta property=\"og:image:width\" content=\"286\" \/>\n\t<meta property=\"og:image:height\" content=\"450\" \/>\n\t<meta property=\"og:image:type\" content=\"image\/jpeg\" \/>\n<meta name=\"twitter:card\" content=\"summary_large_image\" \/>\n<meta name=\"twitter:label1\" content=\"Ansl. lesetid\" \/>\n\t<meta name=\"twitter:data1\" content=\"1 minutt\" \/>\n<script type=\"application\/ld+json\" class=\"yoast-schema-graph\">{\"@context\":\"https:\/\/schema.org\",\"@graph\":[{\"@type\":\"WebPage\",\"@id\":\"https:\/\/staging.forenteforlag.no\/pax\/produkt\/walden\/\",\"url\":\"https:\/\/staging.forenteforlag.no\/pax\/produkt\/walden\/\",\"name\":\"Walden - Pax\",\"isPartOf\":{\"@id\":\"https:\/\/staging.forenteforlag.no\/pax\/#website\"},\"primaryImageOfPage\":{\"@id\":\"https:\/\/staging.forenteforlag.no\/pax\/produkt\/walden\/#primaryimage\"},\"image\":{\"@id\":\"https:\/\/staging.forenteforlag.no\/pax\/produkt\/walden\/#primaryimage\"},\"thumbnailUrl\":\"https:\/\/staging.forenteforlag.no\/pax\/wp-content\/uploads\/sites\/5\/2025\/08\/jpg-8880.jpg\",\"datePublished\":\"2024-12-10T21:20:44+00:00\",\"dateModified\":\"2026-03-04T20:32:05+00:00\",\"breadcrumb\":{\"@id\":\"https:\/\/staging.forenteforlag.no\/pax\/produkt\/walden\/#breadcrumb\"},\"inLanguage\":\"nb-NO\",\"potentialAction\":[{\"@type\":\"ReadAction\",\"target\":[\"https:\/\/staging.forenteforlag.no\/pax\/produkt\/walden\/\"]}]},{\"@type\":\"ImageObject\",\"inLanguage\":\"nb-NO\",\"@id\":\"https:\/\/staging.forenteforlag.no\/pax\/produkt\/walden\/#primaryimage\",\"url\":\"https:\/\/staging.forenteforlag.no\/pax\/wp-content\/uploads\/sites\/5\/2025\/08\/jpg-8880.jpg\",\"contentUrl\":\"https:\/\/staging.forenteforlag.no\/pax\/wp-content\/uploads\/sites\/5\/2025\/08\/jpg-8880.jpg\",\"width\":286,\"height\":450},{\"@type\":\"BreadcrumbList\",\"@id\":\"https:\/\/staging.forenteforlag.no\/pax\/produkt\/walden\/#breadcrumb\",\"itemListElement\":[{\"@type\":\"ListItem\",\"position\":1,\"name\":\"Hjem\",\"item\":\"https:\/\/staging.forenteforlag.no\/pax\/\"},{\"@type\":\"ListItem\",\"position\":2,\"name\":\"Alle b\u00f8ker\",\"item\":\"https:\/\/staging.forenteforlag.no\/pax\/butikk\/\"},{\"@type\":\"ListItem\",\"position\":3,\"name\":\"Walden\"}]},{\"@type\":\"WebSite\",\"@id\":\"https:\/\/staging.forenteforlag.no\/pax\/#website\",\"url\":\"https:\/\/staging.forenteforlag.no\/pax\/\",\"name\":\"Pax\",\"description\":\"\",\"potentialAction\":[{\"@type\":\"SearchAction\",\"target\":{\"@type\":\"EntryPoint\",\"urlTemplate\":\"https:\/\/staging.forenteforlag.no\/pax\/?s={search_term_string}\"},\"query-input\":{\"@type\":\"PropertyValueSpecification\",\"valueRequired\":true,\"valueName\":\"search_term_string\"}}],\"inLanguage\":\"nb-NO\"}]}<\/script>\n<!-- \/ Yoast SEO plugin. -->","yoast_head_json":{"title":"Walden - Pax","robots":{"index":"noindex","follow":"follow","max-snippet":"max-snippet:-1","max-image-preview":"max-image-preview:large","max-video-preview":"max-video-preview:-1"},"og_locale":"nb_NO","og_type":"article","og_title":"Walden - Pax","og_description":"&laquo;Walden. Livet i skogene&raquo; er en vakker og konkret fortelling om Thoreaus tilv\u00e6relse som nybygger og eneboer ved Walden Pond i Concord. Henry David Thoreau (1817-1861) var amerikansk filosof, ogs\u00e5 ber\u00f8mt for klassikeren &laquo;Civil Disobedience&raquo;. I &laquo;Walden&raquo; har han skrevet ned egne tanker og opplevelser i n\u00e6r kontakt med jorda, skogen og dyrelivet. Han reflekterer [&hellip;]","og_url":"https:\/\/staging.forenteforlag.no\/pax\/produkt\/walden\/","og_site_name":"Pax","article_modified_time":"2026-03-04T20:32:05+00:00","og_image":[{"width":286,"height":450,"url":"https:\/\/staging.forenteforlag.no\/pax\/wp-content\/uploads\/sites\/5\/2025\/08\/jpg-8880.jpg","type":"image\/jpeg"}],"twitter_card":"summary_large_image","twitter_misc":{"Ansl. lesetid":"1 minutt"},"schema":{"@context":"https:\/\/schema.org","@graph":[{"@type":"WebPage","@id":"https:\/\/staging.forenteforlag.no\/pax\/produkt\/walden\/","url":"https:\/\/staging.forenteforlag.no\/pax\/produkt\/walden\/","name":"Walden - Pax","isPartOf":{"@id":"https:\/\/staging.forenteforlag.no\/pax\/#website"},"primaryImageOfPage":{"@id":"https:\/\/staging.forenteforlag.no\/pax\/produkt\/walden\/#primaryimage"},"image":{"@id":"https:\/\/staging.forenteforlag.no\/pax\/produkt\/walden\/#primaryimage"},"thumbnailUrl":"https:\/\/staging.forenteforlag.no\/pax\/wp-content\/uploads\/sites\/5\/2025\/08\/jpg-8880.jpg","datePublished":"2024-12-10T21:20:44+00:00","dateModified":"2026-03-04T20:32:05+00:00","breadcrumb":{"@id":"https:\/\/staging.forenteforlag.no\/pax\/produkt\/walden\/#breadcrumb"},"inLanguage":"nb-NO","potentialAction":[{"@type":"ReadAction","target":["https:\/\/staging.forenteforlag.no\/pax\/produkt\/walden\/"]}]},{"@type":"ImageObject","inLanguage":"nb-NO","@id":"https:\/\/staging.forenteforlag.no\/pax\/produkt\/walden\/#primaryimage","url":"https:\/\/staging.forenteforlag.no\/pax\/wp-content\/uploads\/sites\/5\/2025\/08\/jpg-8880.jpg","contentUrl":"https:\/\/staging.forenteforlag.no\/pax\/wp-content\/uploads\/sites\/5\/2025\/08\/jpg-8880.jpg","width":286,"height":450},{"@type":"BreadcrumbList","@id":"https:\/\/staging.forenteforlag.no\/pax\/produkt\/walden\/#breadcrumb","itemListElement":[{"@type":"ListItem","position":1,"name":"Hjem","item":"https:\/\/staging.forenteforlag.no\/pax\/"},{"@type":"ListItem","position":2,"name":"Alle b\u00f8ker","item":"https:\/\/staging.forenteforlag.no\/pax\/butikk\/"},{"@type":"ListItem","position":3,"name":"Walden"}]},{"@type":"WebSite","@id":"https:\/\/staging.forenteforlag.no\/pax\/#website","url":"https:\/\/staging.forenteforlag.no\/pax\/","name":"Pax","description":"","potentialAction":[{"@type":"SearchAction","target":{"@type":"EntryPoint","urlTemplate":"https:\/\/staging.forenteforlag.no\/pax\/?s={search_term_string}"},"query-input":{"@type":"PropertyValueSpecification","valueRequired":true,"valueName":"search_term_string"}}],"inLanguage":"nb-NO"}]}},"_links":{"self":[{"href":"https:\/\/staging.forenteforlag.no\/pax\/wp-json\/wp\/v2\/product\/22712","targetHints":{"allow":["GET"]}}],"collection":[{"href":"https:\/\/staging.forenteforlag.no\/pax\/wp-json\/wp\/v2\/product"}],"about":[{"href":"https:\/\/staging.forenteforlag.no\/pax\/wp-json\/wp\/v2\/types\/product"}],"wp:featuredmedia":[{"embeddable":true,"href":"https:\/\/staging.forenteforlag.no\/pax\/wp-json\/wp\/v2\/media\/29096"}],"wp:attachment":[{"href":"https:\/\/staging.forenteforlag.no\/pax\/wp-json\/wp\/v2\/media?parent=22712"}],"wp:term":[{"taxonomy":"product_brand","embeddable":true,"href":"https:\/\/staging.forenteforlag.no\/pax\/wp-json\/wp\/v2\/product_brand?post=22712"},{"taxonomy":"product_cat","embeddable":true,"href":"https:\/\/staging.forenteforlag.no\/pax\/wp-json\/wp\/v2\/product_cat?post=22712"},{"taxonomy":"product_tag","embeddable":true,"href":"https:\/\/staging.forenteforlag.no\/pax\/wp-json\/wp\/v2\/product_tag?post=22712"}],"curies":[{"name":"wp","href":"https:\/\/api.w.org\/{rel}","templated":true}]}}