{"id":22698,"date":"2024-12-10T22:20:07","date_gmt":"2024-12-10T21:20:07","guid":{"rendered":"https:\/\/pax.forenteforlag.no\/produkt\/lonn-som-fortjent\/"},"modified":"2026-03-04T20:09:32","modified_gmt":"2026-03-04T19:09:32","slug":"lonn-som-fortjent","status":"publish","type":"product","link":"https:\/\/staging.forenteforlag.no\/pax\/produkt\/lonn-som-fortjent\/","title":{"rendered":"L\u00f8nn som fortjent"},"content":{"rendered":"<p>P\u00e5 bestilling fra den halvgale og hevngjerrige Tabitha Winshaw begynner forfatteren Michael Owen \u00e5 skrive en bok om familien hennes. Den skrupell\u00f8se familien har delt det engelske samfunnet mellom seg, det finnes en Winshaw i politikken, pressen, kunsten, finanslivet, v\u00e5penhandelen og landbruket. Owen selv er besatt av en nakenscene med Shirley Eaton i en film han s\u00e5 som barn. Etter hvert som han dukker ned i historien om familien, begynner den p\u00e5 de mest underlige m\u00e5ter \u00e5 vikle seg inn i denne filmen, som stadig dukker opp i tankene hans.<\/p>\n","protected":false},"excerpt":{"rendered":"<p>P\u00e5 bestilling fra den halvgale og hevngjerrige Tabitha Winshaw begynner forfatteren Michael Owen \u00e5 skrive en bok om familien hennes. Den skrupell\u00f8se familien har delt det engelske samfunnet mellom seg, det finnes en Winshaw i politikken, pressen, kunsten, finanslivet, v\u00e5penhandelen og landbruket. Owen selv er besatt av en nakenscene med Shirley Eaton i en film [&hellip;]<\/p>\n","protected":false},"featured_media":30079,"template":"","meta":{"_acf_changed":false,"inline_featured_image":false},"product_brand":[],"product_cat":[1782],"product_tag":[568,414,1095,370],"class_list":{"0":"post-22698","1":"product","2":"type-product","3":"status-publish","4":"has-post-thumbnail","6":"product_cat-fripris","7":"product_tag-bonusfamilie","8":"product_tag-england","9":"product_tag-grafiske-romaner","10":"product_tag-skjonnlitteratur","12":"first","13":"outofstock","14":"taxable","15":"shipping-taxable","16":"purchasable","17":"product-type-simple"},"acf":{"anmeldelse":null},"yoast_head":"<!-- This site is optimized with the Yoast SEO plugin v26.6 - https:\/\/yoast.com\/wordpress\/plugins\/seo\/ -->\n<title>L\u00f8nn som fortjent - Pax<\/title>\n<meta name=\"robots\" content=\"noindex, follow, max-snippet:-1, max-image-preview:large, max-video-preview:-1\" \/>\n<meta property=\"og:locale\" content=\"nb_NO\" \/>\n<meta property=\"og:type\" content=\"article\" \/>\n<meta property=\"og:title\" content=\"L\u00f8nn som fortjent - Pax\" \/>\n<meta property=\"og:description\" content=\"P\u00e5 bestilling fra den halvgale og hevngjerrige Tabitha Winshaw begynner forfatteren Michael Owen \u00e5 skrive en bok om familien hennes. Den skrupell\u00f8se familien har delt det engelske samfunnet mellom seg, det finnes en Winshaw i politikken, pressen, kunsten, finanslivet, v\u00e5penhandelen og landbruket. Owen selv er besatt av en nakenscene med Shirley Eaton i en film [&hellip;]\" \/>\n<meta property=\"og:url\" content=\"https:\/\/staging.forenteforlag.no\/pax\/produkt\/lonn-som-fortjent\/\" \/>\n<meta property=\"og:site_name\" content=\"Pax\" \/>\n<meta property=\"article:modified_time\" content=\"2026-03-04T19:09:32+00:00\" \/>\n<meta property=\"og:image\" content=\"https:\/\/staging.forenteforlag.no\/pax\/wp-content\/uploads\/sites\/5\/2026\/03\/9788253022024.jpg\" \/>\n\t<meta property=\"og:image:width\" content=\"720\" \/>\n\t<meta property=\"og:image:height\" content=\"1187\" \/>\n\t<meta property=\"og:image:type\" content=\"image\/jpeg\" \/>\n<meta name=\"twitter:card\" content=\"summary_large_image\" \/>\n<script type=\"application\/ld+json\" class=\"yoast-schema-graph\">{\"@context\":\"https:\/\/schema.org\",\"@graph\":[{\"@type\":\"WebPage\",\"@id\":\"https:\/\/staging.forenteforlag.no\/pax\/produkt\/lonn-som-fortjent\/\",\"url\":\"https:\/\/staging.forenteforlag.no\/pax\/produkt\/lonn-som-fortjent\/\",\"name\":\"L\u00f8nn som fortjent - Pax\",\"isPartOf\":{\"@id\":\"https:\/\/staging.forenteforlag.no\/pax\/#website\"},\"primaryImageOfPage\":{\"@id\":\"https:\/\/staging.forenteforlag.no\/pax\/produkt\/lonn-som-fortjent\/#primaryimage\"},\"image\":{\"@id\":\"https:\/\/staging.forenteforlag.no\/pax\/produkt\/lonn-som-fortjent\/#primaryimage\"},\"thumbnailUrl\":\"https:\/\/staging.forenteforlag.no\/pax\/wp-content\/uploads\/sites\/5\/2026\/03\/9788253022024.jpg\",\"datePublished\":\"2024-12-10T21:20:07+00:00\",\"dateModified\":\"2026-03-04T19:09:32+00:00\",\"breadcrumb\":{\"@id\":\"https:\/\/staging.forenteforlag.no\/pax\/produkt\/lonn-som-fortjent\/#breadcrumb\"},\"inLanguage\":\"nb-NO\",\"potentialAction\":[{\"@type\":\"ReadAction\",\"target\":[\"https:\/\/staging.forenteforlag.no\/pax\/produkt\/lonn-som-fortjent\/\"]}]},{\"@type\":\"ImageObject\",\"inLanguage\":\"nb-NO\",\"@id\":\"https:\/\/staging.forenteforlag.no\/pax\/produkt\/lonn-som-fortjent\/#primaryimage\",\"url\":\"https:\/\/staging.forenteforlag.no\/pax\/wp-content\/uploads\/sites\/5\/2026\/03\/9788253022024.jpg\",\"contentUrl\":\"https:\/\/staging.forenteforlag.no\/pax\/wp-content\/uploads\/sites\/5\/2026\/03\/9788253022024.jpg\",\"width\":720,\"height\":1187},{\"@type\":\"BreadcrumbList\",\"@id\":\"https:\/\/staging.forenteforlag.no\/pax\/produkt\/lonn-som-fortjent\/#breadcrumb\",\"itemListElement\":[{\"@type\":\"ListItem\",\"position\":1,\"name\":\"Hjem\",\"item\":\"https:\/\/staging.forenteforlag.no\/pax\/\"},{\"@type\":\"ListItem\",\"position\":2,\"name\":\"Alle b\u00f8ker\",\"item\":\"https:\/\/staging.forenteforlag.no\/pax\/butikk\/\"},{\"@type\":\"ListItem\",\"position\":3,\"name\":\"L\u00f8nn som fortjent\"}]},{\"@type\":\"WebSite\",\"@id\":\"https:\/\/staging.forenteforlag.no\/pax\/#website\",\"url\":\"https:\/\/staging.forenteforlag.no\/pax\/\",\"name\":\"Pax\",\"description\":\"\",\"potentialAction\":[{\"@type\":\"SearchAction\",\"target\":{\"@type\":\"EntryPoint\",\"urlTemplate\":\"https:\/\/staging.forenteforlag.no\/pax\/?s={search_term_string}\"},\"query-input\":{\"@type\":\"PropertyValueSpecification\",\"valueRequired\":true,\"valueName\":\"search_term_string\"}}],\"inLanguage\":\"nb-NO\"}]}<\/script>\n<!-- \/ Yoast SEO plugin. -->","yoast_head_json":{"title":"L\u00f8nn som fortjent - Pax","robots":{"index":"noindex","follow":"follow","max-snippet":"max-snippet:-1","max-image-preview":"max-image-preview:large","max-video-preview":"max-video-preview:-1"},"og_locale":"nb_NO","og_type":"article","og_title":"L\u00f8nn som fortjent - Pax","og_description":"P\u00e5 bestilling fra den halvgale og hevngjerrige Tabitha Winshaw begynner forfatteren Michael Owen \u00e5 skrive en bok om familien hennes. Den skrupell\u00f8se familien har delt det engelske samfunnet mellom seg, det finnes en Winshaw i politikken, pressen, kunsten, finanslivet, v\u00e5penhandelen og landbruket. Owen selv er besatt av en nakenscene med Shirley Eaton i en film [&hellip;]","og_url":"https:\/\/staging.forenteforlag.no\/pax\/produkt\/lonn-som-fortjent\/","og_site_name":"Pax","article_modified_time":"2026-03-04T19:09:32+00:00","og_image":[{"width":720,"height":1187,"url":"https:\/\/staging.forenteforlag.no\/pax\/wp-content\/uploads\/sites\/5\/2026\/03\/9788253022024.jpg","type":"image\/jpeg"}],"twitter_card":"summary_large_image","schema":{"@context":"https:\/\/schema.org","@graph":[{"@type":"WebPage","@id":"https:\/\/staging.forenteforlag.no\/pax\/produkt\/lonn-som-fortjent\/","url":"https:\/\/staging.forenteforlag.no\/pax\/produkt\/lonn-som-fortjent\/","name":"L\u00f8nn som fortjent - Pax","isPartOf":{"@id":"https:\/\/staging.forenteforlag.no\/pax\/#website"},"primaryImageOfPage":{"@id":"https:\/\/staging.forenteforlag.no\/pax\/produkt\/lonn-som-fortjent\/#primaryimage"},"image":{"@id":"https:\/\/staging.forenteforlag.no\/pax\/produkt\/lonn-som-fortjent\/#primaryimage"},"thumbnailUrl":"https:\/\/staging.forenteforlag.no\/pax\/wp-content\/uploads\/sites\/5\/2026\/03\/9788253022024.jpg","datePublished":"2024-12-10T21:20:07+00:00","dateModified":"2026-03-04T19:09:32+00:00","breadcrumb":{"@id":"https:\/\/staging.forenteforlag.no\/pax\/produkt\/lonn-som-fortjent\/#breadcrumb"},"inLanguage":"nb-NO","potentialAction":[{"@type":"ReadAction","target":["https:\/\/staging.forenteforlag.no\/pax\/produkt\/lonn-som-fortjent\/"]}]},{"@type":"ImageObject","inLanguage":"nb-NO","@id":"https:\/\/staging.forenteforlag.no\/pax\/produkt\/lonn-som-fortjent\/#primaryimage","url":"https:\/\/staging.forenteforlag.no\/pax\/wp-content\/uploads\/sites\/5\/2026\/03\/9788253022024.jpg","contentUrl":"https:\/\/staging.forenteforlag.no\/pax\/wp-content\/uploads\/sites\/5\/2026\/03\/9788253022024.jpg","width":720,"height":1187},{"@type":"BreadcrumbList","@id":"https:\/\/staging.forenteforlag.no\/pax\/produkt\/lonn-som-fortjent\/#breadcrumb","itemListElement":[{"@type":"ListItem","position":1,"name":"Hjem","item":"https:\/\/staging.forenteforlag.no\/pax\/"},{"@type":"ListItem","position":2,"name":"Alle b\u00f8ker","item":"https:\/\/staging.forenteforlag.no\/pax\/butikk\/"},{"@type":"ListItem","position":3,"name":"L\u00f8nn som fortjent"}]},{"@type":"WebSite","@id":"https:\/\/staging.forenteforlag.no\/pax\/#website","url":"https:\/\/staging.forenteforlag.no\/pax\/","name":"Pax","description":"","potentialAction":[{"@type":"SearchAction","target":{"@type":"EntryPoint","urlTemplate":"https:\/\/staging.forenteforlag.no\/pax\/?s={search_term_string}"},"query-input":{"@type":"PropertyValueSpecification","valueRequired":true,"valueName":"search_term_string"}}],"inLanguage":"nb-NO"}]}},"_links":{"self":[{"href":"https:\/\/staging.forenteforlag.no\/pax\/wp-json\/wp\/v2\/product\/22698","targetHints":{"allow":["GET"]}}],"collection":[{"href":"https:\/\/staging.forenteforlag.no\/pax\/wp-json\/wp\/v2\/product"}],"about":[{"href":"https:\/\/staging.forenteforlag.no\/pax\/wp-json\/wp\/v2\/types\/product"}],"wp:featuredmedia":[{"embeddable":true,"href":"https:\/\/staging.forenteforlag.no\/pax\/wp-json\/wp\/v2\/media\/30079"}],"wp:attachment":[{"href":"https:\/\/staging.forenteforlag.no\/pax\/wp-json\/wp\/v2\/media?parent=22698"}],"wp:term":[{"taxonomy":"product_brand","embeddable":true,"href":"https:\/\/staging.forenteforlag.no\/pax\/wp-json\/wp\/v2\/product_brand?post=22698"},{"taxonomy":"product_cat","embeddable":true,"href":"https:\/\/staging.forenteforlag.no\/pax\/wp-json\/wp\/v2\/product_cat?post=22698"},{"taxonomy":"product_tag","embeddable":true,"href":"https:\/\/staging.forenteforlag.no\/pax\/wp-json\/wp\/v2\/product_tag?post=22698"}],"curies":[{"name":"wp","href":"https:\/\/api.w.org\/{rel}","templated":true}]}}