{"id":22638,"date":"2014-07-30T02:00:00","date_gmt":"2014-07-30T00:00:00","guid":{"rendered":"https:\/\/pax.forenteforlag.no\/produkt\/vare-skjulte-evner\/"},"modified":"2026-03-03T22:35:19","modified_gmt":"2026-03-03T21:35:19","slug":"vare-skjulte-evner","status":"publish","type":"product","link":"https:\/\/staging.forenteforlag.no\/pax\/produkt\/vare-skjulte-evner\/","title":{"rendered":"V\u00e5re skjulte evner"},"content":{"rendered":"<p>Mange vil bli forbauset n\u00e5r de f\u00e5r vite at anerkjente forskere, blant dem en nobelprisvinner i fysikk, hevder at telepati er en realitet. Enda flere vil forbl\u00f8ffes ved \u00e5 h\u00f8re at Kleopatras forsvunne palass ble gjenfunnet ved hjelp av clairvoyante personer. Og et flertall vil kanskje mene det er ren science-fiction n\u00e5r de h\u00f8rer om Stargate, programmet hvor CIA engasjerte vitenskapsfolk til \u00e5 utvikle synske spioner. <br \/>Boken viser hvordan telepati, klarsyn og fremsyn ikke b\u00f8r avfeies som overtro, men tas alvorlig. Det foreligger nemlig forbausende forskningsresultater, i tillegg til utallige eksempler fra dagliglivet. <br \/>Men hvordan kan disse fenomener eventuelt forklares? Forfatteren foretar et tankeeksperiment. Sett at v\u00e5r bevissthet ikke er begrenset til v\u00e5rt eget hode, men at alle menneskers bevissthet fra naturens side er knyttet sammen i et stort nettverk , et slags &laquo;mentalt internett&raquo;? Kan det vi kaller paranormalt forst\u00e5s som kommunikasjon via et slikt nett?<\/p>\n","protected":false},"excerpt":{"rendered":"<p>Mange vil bli forbauset n\u00e5r de f\u00e5r vite at anerkjente forskere, blant dem en nobelprisvinner i fysikk, hevder at telepati er en realitet. Enda flere vil forbl\u00f8ffes ved \u00e5 h\u00f8re at Kleopatras forsvunne palass ble gjenfunnet ved hjelp av clairvoyante personer. Og et flertall vil kanskje mene det er ren science-fiction n\u00e5r de h\u00f8rer om [&hellip;]<\/p>\n","protected":false},"featured_media":28792,"template":"","meta":{"_acf_changed":false,"inline_featured_image":false},"product_brand":[],"product_cat":[1782],"product_tag":[362,1268,1269,1270],"class_list":{"0":"post-22638","1":"product","2":"type-product","3":"status-publish","4":"has-post-thumbnail","6":"product_cat-fripris","7":"product_tag-faglitteratur","8":"product_tag-kontroversiell-viten","9":"product_tag-parapsykologi","10":"product_tag-spadomskunst","12":"first","13":"outofstock","14":"shipping-taxable","15":"purchasable","16":"product-type-simple"},"acf":{"anmeldelse":null},"yoast_head":"<!-- This site is optimized with the Yoast SEO plugin v26.6 - https:\/\/yoast.com\/wordpress\/plugins\/seo\/ -->\n<title>V\u00e5re skjulte evner - Pax<\/title>\n<meta name=\"robots\" content=\"noindex, follow, max-snippet:-1, max-image-preview:large, max-video-preview:-1\" \/>\n<meta property=\"og:locale\" content=\"nb_NO\" \/>\n<meta property=\"og:type\" content=\"article\" \/>\n<meta property=\"og:title\" content=\"V\u00e5re skjulte evner - Pax\" \/>\n<meta property=\"og:description\" content=\"Mange vil bli forbauset n\u00e5r de f\u00e5r vite at anerkjente forskere, blant dem en nobelprisvinner i fysikk, hevder at telepati er en realitet. Enda flere vil forbl\u00f8ffes ved \u00e5 h\u00f8re at Kleopatras forsvunne palass ble gjenfunnet ved hjelp av clairvoyante personer. Og et flertall vil kanskje mene det er ren science-fiction n\u00e5r de h\u00f8rer om [&hellip;]\" \/>\n<meta property=\"og:url\" content=\"https:\/\/staging.forenteforlag.no\/pax\/produkt\/vare-skjulte-evner\/\" \/>\n<meta property=\"og:site_name\" content=\"Pax\" \/>\n<meta property=\"article:modified_time\" content=\"2026-03-03T21:35:19+00:00\" \/>\n<meta property=\"og:image\" content=\"https:\/\/staging.forenteforlag.no\/pax\/wp-content\/uploads\/sites\/5\/2025\/08\/jpg-8007.jpg\" \/>\n\t<meta property=\"og:image:width\" content=\"326\" \/>\n\t<meta property=\"og:image:height\" content=\"449\" \/>\n\t<meta property=\"og:image:type\" content=\"image\/jpeg\" \/>\n<meta name=\"twitter:card\" content=\"summary_large_image\" \/>\n<meta name=\"twitter:label1\" content=\"Ansl. lesetid\" \/>\n\t<meta name=\"twitter:data1\" content=\"1 minutt\" \/>\n<script type=\"application\/ld+json\" class=\"yoast-schema-graph\">{\"@context\":\"https:\/\/schema.org\",\"@graph\":[{\"@type\":\"WebPage\",\"@id\":\"https:\/\/staging.forenteforlag.no\/pax\/produkt\/vare-skjulte-evner\/\",\"url\":\"https:\/\/staging.forenteforlag.no\/pax\/produkt\/vare-skjulte-evner\/\",\"name\":\"V\u00e5re skjulte evner - Pax\",\"isPartOf\":{\"@id\":\"https:\/\/staging.forenteforlag.no\/pax\/#website\"},\"primaryImageOfPage\":{\"@id\":\"https:\/\/staging.forenteforlag.no\/pax\/produkt\/vare-skjulte-evner\/#primaryimage\"},\"image\":{\"@id\":\"https:\/\/staging.forenteforlag.no\/pax\/produkt\/vare-skjulte-evner\/#primaryimage\"},\"thumbnailUrl\":\"https:\/\/staging.forenteforlag.no\/pax\/wp-content\/uploads\/sites\/5\/2025\/08\/jpg-8007.jpg\",\"datePublished\":\"2014-07-30T00:00:00+00:00\",\"dateModified\":\"2026-03-03T21:35:19+00:00\",\"breadcrumb\":{\"@id\":\"https:\/\/staging.forenteforlag.no\/pax\/produkt\/vare-skjulte-evner\/#breadcrumb\"},\"inLanguage\":\"nb-NO\",\"potentialAction\":[{\"@type\":\"ReadAction\",\"target\":[\"https:\/\/staging.forenteforlag.no\/pax\/produkt\/vare-skjulte-evner\/\"]}]},{\"@type\":\"ImageObject\",\"inLanguage\":\"nb-NO\",\"@id\":\"https:\/\/staging.forenteforlag.no\/pax\/produkt\/vare-skjulte-evner\/#primaryimage\",\"url\":\"https:\/\/staging.forenteforlag.no\/pax\/wp-content\/uploads\/sites\/5\/2025\/08\/jpg-8007.jpg\",\"contentUrl\":\"https:\/\/staging.forenteforlag.no\/pax\/wp-content\/uploads\/sites\/5\/2025\/08\/jpg-8007.jpg\",\"width\":326,\"height\":449},{\"@type\":\"BreadcrumbList\",\"@id\":\"https:\/\/staging.forenteforlag.no\/pax\/produkt\/vare-skjulte-evner\/#breadcrumb\",\"itemListElement\":[{\"@type\":\"ListItem\",\"position\":1,\"name\":\"Hjem\",\"item\":\"https:\/\/staging.forenteforlag.no\/pax\/\"},{\"@type\":\"ListItem\",\"position\":2,\"name\":\"Alle b\u00f8ker\",\"item\":\"https:\/\/staging.forenteforlag.no\/pax\/butikk\/\"},{\"@type\":\"ListItem\",\"position\":3,\"name\":\"V\u00e5re skjulte evner\"}]},{\"@type\":\"WebSite\",\"@id\":\"https:\/\/staging.forenteforlag.no\/pax\/#website\",\"url\":\"https:\/\/staging.forenteforlag.no\/pax\/\",\"name\":\"Pax\",\"description\":\"\",\"potentialAction\":[{\"@type\":\"SearchAction\",\"target\":{\"@type\":\"EntryPoint\",\"urlTemplate\":\"https:\/\/staging.forenteforlag.no\/pax\/?s={search_term_string}\"},\"query-input\":{\"@type\":\"PropertyValueSpecification\",\"valueRequired\":true,\"valueName\":\"search_term_string\"}}],\"inLanguage\":\"nb-NO\"}]}<\/script>\n<!-- \/ Yoast SEO plugin. -->","yoast_head_json":{"title":"V\u00e5re skjulte evner - Pax","robots":{"index":"noindex","follow":"follow","max-snippet":"max-snippet:-1","max-image-preview":"max-image-preview:large","max-video-preview":"max-video-preview:-1"},"og_locale":"nb_NO","og_type":"article","og_title":"V\u00e5re skjulte evner - Pax","og_description":"Mange vil bli forbauset n\u00e5r de f\u00e5r vite at anerkjente forskere, blant dem en nobelprisvinner i fysikk, hevder at telepati er en realitet. Enda flere vil forbl\u00f8ffes ved \u00e5 h\u00f8re at Kleopatras forsvunne palass ble gjenfunnet ved hjelp av clairvoyante personer. Og et flertall vil kanskje mene det er ren science-fiction n\u00e5r de h\u00f8rer om [&hellip;]","og_url":"https:\/\/staging.forenteforlag.no\/pax\/produkt\/vare-skjulte-evner\/","og_site_name":"Pax","article_modified_time":"2026-03-03T21:35:19+00:00","og_image":[{"width":326,"height":449,"url":"https:\/\/staging.forenteforlag.no\/pax\/wp-content\/uploads\/sites\/5\/2025\/08\/jpg-8007.jpg","type":"image\/jpeg"}],"twitter_card":"summary_large_image","twitter_misc":{"Ansl. lesetid":"1 minutt"},"schema":{"@context":"https:\/\/schema.org","@graph":[{"@type":"WebPage","@id":"https:\/\/staging.forenteforlag.no\/pax\/produkt\/vare-skjulte-evner\/","url":"https:\/\/staging.forenteforlag.no\/pax\/produkt\/vare-skjulte-evner\/","name":"V\u00e5re skjulte evner - Pax","isPartOf":{"@id":"https:\/\/staging.forenteforlag.no\/pax\/#website"},"primaryImageOfPage":{"@id":"https:\/\/staging.forenteforlag.no\/pax\/produkt\/vare-skjulte-evner\/#primaryimage"},"image":{"@id":"https:\/\/staging.forenteforlag.no\/pax\/produkt\/vare-skjulte-evner\/#primaryimage"},"thumbnailUrl":"https:\/\/staging.forenteforlag.no\/pax\/wp-content\/uploads\/sites\/5\/2025\/08\/jpg-8007.jpg","datePublished":"2014-07-30T00:00:00+00:00","dateModified":"2026-03-03T21:35:19+00:00","breadcrumb":{"@id":"https:\/\/staging.forenteforlag.no\/pax\/produkt\/vare-skjulte-evner\/#breadcrumb"},"inLanguage":"nb-NO","potentialAction":[{"@type":"ReadAction","target":["https:\/\/staging.forenteforlag.no\/pax\/produkt\/vare-skjulte-evner\/"]}]},{"@type":"ImageObject","inLanguage":"nb-NO","@id":"https:\/\/staging.forenteforlag.no\/pax\/produkt\/vare-skjulte-evner\/#primaryimage","url":"https:\/\/staging.forenteforlag.no\/pax\/wp-content\/uploads\/sites\/5\/2025\/08\/jpg-8007.jpg","contentUrl":"https:\/\/staging.forenteforlag.no\/pax\/wp-content\/uploads\/sites\/5\/2025\/08\/jpg-8007.jpg","width":326,"height":449},{"@type":"BreadcrumbList","@id":"https:\/\/staging.forenteforlag.no\/pax\/produkt\/vare-skjulte-evner\/#breadcrumb","itemListElement":[{"@type":"ListItem","position":1,"name":"Hjem","item":"https:\/\/staging.forenteforlag.no\/pax\/"},{"@type":"ListItem","position":2,"name":"Alle b\u00f8ker","item":"https:\/\/staging.forenteforlag.no\/pax\/butikk\/"},{"@type":"ListItem","position":3,"name":"V\u00e5re skjulte evner"}]},{"@type":"WebSite","@id":"https:\/\/staging.forenteforlag.no\/pax\/#website","url":"https:\/\/staging.forenteforlag.no\/pax\/","name":"Pax","description":"","potentialAction":[{"@type":"SearchAction","target":{"@type":"EntryPoint","urlTemplate":"https:\/\/staging.forenteforlag.no\/pax\/?s={search_term_string}"},"query-input":{"@type":"PropertyValueSpecification","valueRequired":true,"valueName":"search_term_string"}}],"inLanguage":"nb-NO"}]}},"_links":{"self":[{"href":"https:\/\/staging.forenteforlag.no\/pax\/wp-json\/wp\/v2\/product\/22638","targetHints":{"allow":["GET"]}}],"collection":[{"href":"https:\/\/staging.forenteforlag.no\/pax\/wp-json\/wp\/v2\/product"}],"about":[{"href":"https:\/\/staging.forenteforlag.no\/pax\/wp-json\/wp\/v2\/types\/product"}],"wp:featuredmedia":[{"embeddable":true,"href":"https:\/\/staging.forenteforlag.no\/pax\/wp-json\/wp\/v2\/media\/28792"}],"wp:attachment":[{"href":"https:\/\/staging.forenteforlag.no\/pax\/wp-json\/wp\/v2\/media?parent=22638"}],"wp:term":[{"taxonomy":"product_brand","embeddable":true,"href":"https:\/\/staging.forenteforlag.no\/pax\/wp-json\/wp\/v2\/product_brand?post=22638"},{"taxonomy":"product_cat","embeddable":true,"href":"https:\/\/staging.forenteforlag.no\/pax\/wp-json\/wp\/v2\/product_cat?post=22638"},{"taxonomy":"product_tag","embeddable":true,"href":"https:\/\/staging.forenteforlag.no\/pax\/wp-json\/wp\/v2\/product_tag?post=22638"}],"curies":[{"name":"wp","href":"https:\/\/api.w.org\/{rel}","templated":true}]}}