{"id":22624,"date":"2024-12-10T22:18:13","date_gmt":"2024-12-10T21:18:13","guid":{"rendered":"https:\/\/pax.forenteforlag.no\/produkt\/pust-blikk-minne\/"},"modified":"2026-03-04T20:02:10","modified_gmt":"2026-03-04T19:02:10","slug":"pust-blikk-minne","status":"publish","type":"product","link":"https:\/\/staging.forenteforlag.no\/pax\/produkt\/pust-blikk-minne\/","title":{"rendered":"Pust, blikk, minne"},"content":{"rendered":"<p>PUST, BLIKK, MINNE forteller om fire generasjoner kvinners liv i spennet mellom haitiansk og amerikansk kultur og erfaring. I sentrum st\u00e5r Sophie, som tolv \u00e5r gammel skal forlate tryggheten hos sin elskede tante i Haiti, der hun har vokst opp. Hun skal m\u00f8te sin mor i New York, en mor hun bare kjenner gjennom brev, kassetter og gamle fotografier.Hos moren m\u00f8ter Sophie den haitianske kulturarven ogs\u00e5 i en skremmende form. Hun f\u00e5r h\u00f8re om sin far for f\u00f8rste gang, og hun f\u00e5r vite at unge jenter m\u00e5 pr\u00f8ves, at det er en mors ansvar \u00e5 bevare sin datter ren.PUST, BLIKK, MINNE er en sterk roman fra en ung forfatter som v\u00e5ger \u00e5 ber\u00f8re sin kulturs tabuer, samtidig som hun henter opp den rike, frodige forteller-tradisjonen fra hjemlandet og knytter seg til den.<\/p>\n","protected":false},"excerpt":{"rendered":"<p>PUST, BLIKK, MINNE forteller om fire generasjoner kvinners liv i spennet mellom haitiansk og amerikansk kultur og erfaring. I sentrum st\u00e5r Sophie, som tolv \u00e5r gammel skal forlate tryggheten hos sin elskede tante i Haiti, der hun har vokst opp. Hun skal m\u00f8te sin mor i New York, en mor hun bare kjenner gjennom brev, [&hellip;]<\/p>\n","protected":false},"featured_media":30048,"template":"","meta":{"_acf_changed":false,"inline_featured_image":false},"product_brand":[],"product_cat":[1782],"product_tag":[441,568,1095,1257,380,370],"class_list":{"0":"post-22624","1":"product","2":"type-product","3":"status-publish","4":"has-post-thumbnail","6":"product_cat-fripris","7":"product_tag-1900-tallet","8":"product_tag-bonusfamilie","9":"product_tag-grafiske-romaner","10":"product_tag-haiti","11":"product_tag-kvinner","12":"product_tag-skjonnlitteratur","14":"first","15":"outofstock","16":"taxable","17":"shipping-taxable","18":"purchasable","19":"product-type-simple"},"acf":{"anmeldelse":null},"yoast_head":"<!-- This site is optimized with the Yoast SEO plugin v26.6 - https:\/\/yoast.com\/wordpress\/plugins\/seo\/ -->\n<title>Pust, blikk, minne - Pax<\/title>\n<meta name=\"robots\" content=\"noindex, follow, max-snippet:-1, max-image-preview:large, max-video-preview:-1\" \/>\n<meta property=\"og:locale\" content=\"nb_NO\" \/>\n<meta property=\"og:type\" content=\"article\" \/>\n<meta property=\"og:title\" content=\"Pust, blikk, minne - Pax\" \/>\n<meta property=\"og:description\" content=\"PUST, BLIKK, MINNE forteller om fire generasjoner kvinners liv i spennet mellom haitiansk og amerikansk kultur og erfaring. I sentrum st\u00e5r Sophie, som tolv \u00e5r gammel skal forlate tryggheten hos sin elskede tante i Haiti, der hun har vokst opp. Hun skal m\u00f8te sin mor i New York, en mor hun bare kjenner gjennom brev, [&hellip;]\" \/>\n<meta property=\"og:url\" content=\"https:\/\/staging.forenteforlag.no\/pax\/produkt\/pust-blikk-minne\/\" \/>\n<meta property=\"og:site_name\" content=\"Pax\" \/>\n<meta property=\"article:modified_time\" content=\"2026-03-04T19:02:10+00:00\" \/>\n<meta property=\"og:image\" content=\"https:\/\/staging.forenteforlag.no\/pax\/wp-content\/uploads\/sites\/5\/2026\/03\/9788253021539.jpg\" \/>\n\t<meta property=\"og:image:width\" content=\"720\" \/>\n\t<meta property=\"og:image:height\" content=\"1121\" \/>\n\t<meta property=\"og:image:type\" content=\"image\/jpeg\" \/>\n<meta name=\"twitter:card\" content=\"summary_large_image\" \/>\n<meta name=\"twitter:label1\" content=\"Ansl. lesetid\" \/>\n\t<meta name=\"twitter:data1\" content=\"1 minutt\" \/>\n<script type=\"application\/ld+json\" class=\"yoast-schema-graph\">{\"@context\":\"https:\/\/schema.org\",\"@graph\":[{\"@type\":\"WebPage\",\"@id\":\"https:\/\/staging.forenteforlag.no\/pax\/produkt\/pust-blikk-minne\/\",\"url\":\"https:\/\/staging.forenteforlag.no\/pax\/produkt\/pust-blikk-minne\/\",\"name\":\"Pust, blikk, minne - Pax\",\"isPartOf\":{\"@id\":\"https:\/\/staging.forenteforlag.no\/pax\/#website\"},\"primaryImageOfPage\":{\"@id\":\"https:\/\/staging.forenteforlag.no\/pax\/produkt\/pust-blikk-minne\/#primaryimage\"},\"image\":{\"@id\":\"https:\/\/staging.forenteforlag.no\/pax\/produkt\/pust-blikk-minne\/#primaryimage\"},\"thumbnailUrl\":\"https:\/\/staging.forenteforlag.no\/pax\/wp-content\/uploads\/sites\/5\/2026\/03\/9788253021539.jpg\",\"datePublished\":\"2024-12-10T21:18:13+00:00\",\"dateModified\":\"2026-03-04T19:02:10+00:00\",\"breadcrumb\":{\"@id\":\"https:\/\/staging.forenteforlag.no\/pax\/produkt\/pust-blikk-minne\/#breadcrumb\"},\"inLanguage\":\"nb-NO\",\"potentialAction\":[{\"@type\":\"ReadAction\",\"target\":[\"https:\/\/staging.forenteforlag.no\/pax\/produkt\/pust-blikk-minne\/\"]}]},{\"@type\":\"ImageObject\",\"inLanguage\":\"nb-NO\",\"@id\":\"https:\/\/staging.forenteforlag.no\/pax\/produkt\/pust-blikk-minne\/#primaryimage\",\"url\":\"https:\/\/staging.forenteforlag.no\/pax\/wp-content\/uploads\/sites\/5\/2026\/03\/9788253021539.jpg\",\"contentUrl\":\"https:\/\/staging.forenteforlag.no\/pax\/wp-content\/uploads\/sites\/5\/2026\/03\/9788253021539.jpg\",\"width\":720,\"height\":1121},{\"@type\":\"BreadcrumbList\",\"@id\":\"https:\/\/staging.forenteforlag.no\/pax\/produkt\/pust-blikk-minne\/#breadcrumb\",\"itemListElement\":[{\"@type\":\"ListItem\",\"position\":1,\"name\":\"Hjem\",\"item\":\"https:\/\/staging.forenteforlag.no\/pax\/\"},{\"@type\":\"ListItem\",\"position\":2,\"name\":\"Alle b\u00f8ker\",\"item\":\"https:\/\/staging.forenteforlag.no\/pax\/butikk\/\"},{\"@type\":\"ListItem\",\"position\":3,\"name\":\"Pust, blikk, minne\"}]},{\"@type\":\"WebSite\",\"@id\":\"https:\/\/staging.forenteforlag.no\/pax\/#website\",\"url\":\"https:\/\/staging.forenteforlag.no\/pax\/\",\"name\":\"Pax\",\"description\":\"\",\"potentialAction\":[{\"@type\":\"SearchAction\",\"target\":{\"@type\":\"EntryPoint\",\"urlTemplate\":\"https:\/\/staging.forenteforlag.no\/pax\/?s={search_term_string}\"},\"query-input\":{\"@type\":\"PropertyValueSpecification\",\"valueRequired\":true,\"valueName\":\"search_term_string\"}}],\"inLanguage\":\"nb-NO\"}]}<\/script>\n<!-- \/ Yoast SEO plugin. -->","yoast_head_json":{"title":"Pust, blikk, minne - Pax","robots":{"index":"noindex","follow":"follow","max-snippet":"max-snippet:-1","max-image-preview":"max-image-preview:large","max-video-preview":"max-video-preview:-1"},"og_locale":"nb_NO","og_type":"article","og_title":"Pust, blikk, minne - Pax","og_description":"PUST, BLIKK, MINNE forteller om fire generasjoner kvinners liv i spennet mellom haitiansk og amerikansk kultur og erfaring. I sentrum st\u00e5r Sophie, som tolv \u00e5r gammel skal forlate tryggheten hos sin elskede tante i Haiti, der hun har vokst opp. Hun skal m\u00f8te sin mor i New York, en mor hun bare kjenner gjennom brev, [&hellip;]","og_url":"https:\/\/staging.forenteforlag.no\/pax\/produkt\/pust-blikk-minne\/","og_site_name":"Pax","article_modified_time":"2026-03-04T19:02:10+00:00","og_image":[{"width":720,"height":1121,"url":"https:\/\/staging.forenteforlag.no\/pax\/wp-content\/uploads\/sites\/5\/2026\/03\/9788253021539.jpg","type":"image\/jpeg"}],"twitter_card":"summary_large_image","twitter_misc":{"Ansl. lesetid":"1 minutt"},"schema":{"@context":"https:\/\/schema.org","@graph":[{"@type":"WebPage","@id":"https:\/\/staging.forenteforlag.no\/pax\/produkt\/pust-blikk-minne\/","url":"https:\/\/staging.forenteforlag.no\/pax\/produkt\/pust-blikk-minne\/","name":"Pust, blikk, minne - Pax","isPartOf":{"@id":"https:\/\/staging.forenteforlag.no\/pax\/#website"},"primaryImageOfPage":{"@id":"https:\/\/staging.forenteforlag.no\/pax\/produkt\/pust-blikk-minne\/#primaryimage"},"image":{"@id":"https:\/\/staging.forenteforlag.no\/pax\/produkt\/pust-blikk-minne\/#primaryimage"},"thumbnailUrl":"https:\/\/staging.forenteforlag.no\/pax\/wp-content\/uploads\/sites\/5\/2026\/03\/9788253021539.jpg","datePublished":"2024-12-10T21:18:13+00:00","dateModified":"2026-03-04T19:02:10+00:00","breadcrumb":{"@id":"https:\/\/staging.forenteforlag.no\/pax\/produkt\/pust-blikk-minne\/#breadcrumb"},"inLanguage":"nb-NO","potentialAction":[{"@type":"ReadAction","target":["https:\/\/staging.forenteforlag.no\/pax\/produkt\/pust-blikk-minne\/"]}]},{"@type":"ImageObject","inLanguage":"nb-NO","@id":"https:\/\/staging.forenteforlag.no\/pax\/produkt\/pust-blikk-minne\/#primaryimage","url":"https:\/\/staging.forenteforlag.no\/pax\/wp-content\/uploads\/sites\/5\/2026\/03\/9788253021539.jpg","contentUrl":"https:\/\/staging.forenteforlag.no\/pax\/wp-content\/uploads\/sites\/5\/2026\/03\/9788253021539.jpg","width":720,"height":1121},{"@type":"BreadcrumbList","@id":"https:\/\/staging.forenteforlag.no\/pax\/produkt\/pust-blikk-minne\/#breadcrumb","itemListElement":[{"@type":"ListItem","position":1,"name":"Hjem","item":"https:\/\/staging.forenteforlag.no\/pax\/"},{"@type":"ListItem","position":2,"name":"Alle b\u00f8ker","item":"https:\/\/staging.forenteforlag.no\/pax\/butikk\/"},{"@type":"ListItem","position":3,"name":"Pust, blikk, minne"}]},{"@type":"WebSite","@id":"https:\/\/staging.forenteforlag.no\/pax\/#website","url":"https:\/\/staging.forenteforlag.no\/pax\/","name":"Pax","description":"","potentialAction":[{"@type":"SearchAction","target":{"@type":"EntryPoint","urlTemplate":"https:\/\/staging.forenteforlag.no\/pax\/?s={search_term_string}"},"query-input":{"@type":"PropertyValueSpecification","valueRequired":true,"valueName":"search_term_string"}}],"inLanguage":"nb-NO"}]}},"_links":{"self":[{"href":"https:\/\/staging.forenteforlag.no\/pax\/wp-json\/wp\/v2\/product\/22624","targetHints":{"allow":["GET"]}}],"collection":[{"href":"https:\/\/staging.forenteforlag.no\/pax\/wp-json\/wp\/v2\/product"}],"about":[{"href":"https:\/\/staging.forenteforlag.no\/pax\/wp-json\/wp\/v2\/types\/product"}],"wp:featuredmedia":[{"embeddable":true,"href":"https:\/\/staging.forenteforlag.no\/pax\/wp-json\/wp\/v2\/media\/30048"}],"wp:attachment":[{"href":"https:\/\/staging.forenteforlag.no\/pax\/wp-json\/wp\/v2\/media?parent=22624"}],"wp:term":[{"taxonomy":"product_brand","embeddable":true,"href":"https:\/\/staging.forenteforlag.no\/pax\/wp-json\/wp\/v2\/product_brand?post=22624"},{"taxonomy":"product_cat","embeddable":true,"href":"https:\/\/staging.forenteforlag.no\/pax\/wp-json\/wp\/v2\/product_cat?post=22624"},{"taxonomy":"product_tag","embeddable":true,"href":"https:\/\/staging.forenteforlag.no\/pax\/wp-json\/wp\/v2\/product_tag?post=22624"}],"curies":[{"name":"wp","href":"https:\/\/api.w.org\/{rel}","templated":true}]}}