{"id":22616,"date":"2016-08-09T02:00:00","date_gmt":"2016-08-09T00:00:00","guid":{"rendered":"https:\/\/pax.forenteforlag.no\/produkt\/alfabet\/"},"modified":"2026-03-03T22:41:28","modified_gmt":"2026-03-03T21:41:28","slug":"alfabet","status":"publish","type":"product","link":"https:\/\/staging.forenteforlag.no\/pax\/produkt\/alfabet\/","title":{"rendered":"Alfabet"},"content":{"rendered":"<p>En samling dikt om det som finnes, om det som er, og et fors\u00f8k p\u00e5 \u00e5 ramse dette opp i et system (alfabetet). Den handler ikke s\u00e5 mye om forbindelsen mellom ordene og tingene, men er en visning av denne, p\u00e5 mange m\u00e5ter tilfeldige, forbindelsen. Til dette bruker forfatteren middelaldermatematikeren Fibonaccis system, en matematisk rekke hvor hvert ledd, bortsett fra de to f\u00f8rste, er summen av de foreg\u00e5ende ledd. Med ordforklaringer.<\/p>\n","protected":false},"excerpt":{"rendered":"<p>En samling dikt om det som finnes, om det som er, og et fors\u00f8k p\u00e5 \u00e5 ramse dette opp i et system (alfabetet). Den handler ikke s\u00e5 mye om forbindelsen mellom ordene og tingene, men er en visning av denne, p\u00e5 mange m\u00e5ter tilfeldige, forbindelsen. Til dette bruker forfatteren middelaldermatematikeren Fibonaccis system, en matematisk rekke [&hellip;]<\/p>\n","protected":false},"featured_media":0,"template":"","meta":{"_acf_changed":false,"inline_featured_image":false},"product_brand":[],"product_cat":[1782],"product_tag":[511,1076,370],"class_list":{"0":"post-22616","1":"product","2":"type-product","3":"status-publish","5":"product_cat-fripris","6":"product_tag-lyrikk","7":"product_tag-prosalyrikk","8":"product_tag-skjonnlitteratur","10":"first","11":"instock","12":"shipping-taxable","13":"purchasable","14":"product-type-simple"},"acf":{"anmeldelse":null},"yoast_head":"<!-- This site is optimized with the Yoast SEO plugin v26.6 - https:\/\/yoast.com\/wordpress\/plugins\/seo\/ -->\n<title>Alfabet - Pax<\/title>\n<meta name=\"robots\" content=\"noindex, follow, max-snippet:-1, max-image-preview:large, max-video-preview:-1\" \/>\n<meta property=\"og:locale\" content=\"nb_NO\" \/>\n<meta property=\"og:type\" content=\"article\" \/>\n<meta property=\"og:title\" content=\"Alfabet - Pax\" \/>\n<meta property=\"og:description\" content=\"En samling dikt om det som finnes, om det som er, og et fors\u00f8k p\u00e5 \u00e5 ramse dette opp i et system (alfabetet). Den handler ikke s\u00e5 mye om forbindelsen mellom ordene og tingene, men er en visning av denne, p\u00e5 mange m\u00e5ter tilfeldige, forbindelsen. Til dette bruker forfatteren middelaldermatematikeren Fibonaccis system, en matematisk rekke [&hellip;]\" \/>\n<meta property=\"og:url\" content=\"https:\/\/staging.forenteforlag.no\/pax\/produkt\/alfabet\/\" \/>\n<meta property=\"og:site_name\" content=\"Pax\" \/>\n<meta property=\"article:modified_time\" content=\"2026-03-03T21:41:28+00:00\" \/>\n<meta property=\"og:image\" content=\"https:\/\/staging.forenteforlag.no\/pax\/wp-content\/uploads\/sites\/5\/2025\/02\/pax-hvit.jpg\" \/>\n\t<meta property=\"og:image:width\" content=\"1200\" \/>\n\t<meta property=\"og:image:height\" content=\"800\" \/>\n\t<meta property=\"og:image:type\" content=\"image\/jpeg\" \/>\n<meta name=\"twitter:card\" content=\"summary_large_image\" \/>\n<script type=\"application\/ld+json\" class=\"yoast-schema-graph\">{\"@context\":\"https:\/\/schema.org\",\"@graph\":[{\"@type\":\"WebPage\",\"@id\":\"https:\/\/staging.forenteforlag.no\/pax\/produkt\/alfabet\/\",\"url\":\"https:\/\/staging.forenteforlag.no\/pax\/produkt\/alfabet\/\",\"name\":\"Alfabet - Pax\",\"isPartOf\":{\"@id\":\"https:\/\/staging.forenteforlag.no\/pax\/#website\"},\"datePublished\":\"2016-08-09T00:00:00+00:00\",\"dateModified\":\"2026-03-03T21:41:28+00:00\",\"breadcrumb\":{\"@id\":\"https:\/\/staging.forenteforlag.no\/pax\/produkt\/alfabet\/#breadcrumb\"},\"inLanguage\":\"nb-NO\",\"potentialAction\":[{\"@type\":\"ReadAction\",\"target\":[\"https:\/\/staging.forenteforlag.no\/pax\/produkt\/alfabet\/\"]}]},{\"@type\":\"BreadcrumbList\",\"@id\":\"https:\/\/staging.forenteforlag.no\/pax\/produkt\/alfabet\/#breadcrumb\",\"itemListElement\":[{\"@type\":\"ListItem\",\"position\":1,\"name\":\"Hjem\",\"item\":\"https:\/\/staging.forenteforlag.no\/pax\/\"},{\"@type\":\"ListItem\",\"position\":2,\"name\":\"Alle b\u00f8ker\",\"item\":\"https:\/\/staging.forenteforlag.no\/pax\/butikk\/\"},{\"@type\":\"ListItem\",\"position\":3,\"name\":\"Alfabet\"}]},{\"@type\":\"WebSite\",\"@id\":\"https:\/\/staging.forenteforlag.no\/pax\/#website\",\"url\":\"https:\/\/staging.forenteforlag.no\/pax\/\",\"name\":\"Pax\",\"description\":\"\",\"potentialAction\":[{\"@type\":\"SearchAction\",\"target\":{\"@type\":\"EntryPoint\",\"urlTemplate\":\"https:\/\/staging.forenteforlag.no\/pax\/?s={search_term_string}\"},\"query-input\":{\"@type\":\"PropertyValueSpecification\",\"valueRequired\":true,\"valueName\":\"search_term_string\"}}],\"inLanguage\":\"nb-NO\"}]}<\/script>\n<!-- \/ Yoast SEO plugin. -->","yoast_head_json":{"title":"Alfabet - Pax","robots":{"index":"noindex","follow":"follow","max-snippet":"max-snippet:-1","max-image-preview":"max-image-preview:large","max-video-preview":"max-video-preview:-1"},"og_locale":"nb_NO","og_type":"article","og_title":"Alfabet - Pax","og_description":"En samling dikt om det som finnes, om det som er, og et fors\u00f8k p\u00e5 \u00e5 ramse dette opp i et system (alfabetet). Den handler ikke s\u00e5 mye om forbindelsen mellom ordene og tingene, men er en visning av denne, p\u00e5 mange m\u00e5ter tilfeldige, forbindelsen. Til dette bruker forfatteren middelaldermatematikeren Fibonaccis system, en matematisk rekke [&hellip;]","og_url":"https:\/\/staging.forenteforlag.no\/pax\/produkt\/alfabet\/","og_site_name":"Pax","article_modified_time":"2026-03-03T21:41:28+00:00","og_image":[{"width":1200,"height":800,"url":"https:\/\/staging.forenteforlag.no\/pax\/wp-content\/uploads\/sites\/5\/2025\/02\/pax-hvit.jpg","type":"image\/jpeg"}],"twitter_card":"summary_large_image","schema":{"@context":"https:\/\/schema.org","@graph":[{"@type":"WebPage","@id":"https:\/\/staging.forenteforlag.no\/pax\/produkt\/alfabet\/","url":"https:\/\/staging.forenteforlag.no\/pax\/produkt\/alfabet\/","name":"Alfabet - Pax","isPartOf":{"@id":"https:\/\/staging.forenteforlag.no\/pax\/#website"},"datePublished":"2016-08-09T00:00:00+00:00","dateModified":"2026-03-03T21:41:28+00:00","breadcrumb":{"@id":"https:\/\/staging.forenteforlag.no\/pax\/produkt\/alfabet\/#breadcrumb"},"inLanguage":"nb-NO","potentialAction":[{"@type":"ReadAction","target":["https:\/\/staging.forenteforlag.no\/pax\/produkt\/alfabet\/"]}]},{"@type":"BreadcrumbList","@id":"https:\/\/staging.forenteforlag.no\/pax\/produkt\/alfabet\/#breadcrumb","itemListElement":[{"@type":"ListItem","position":1,"name":"Hjem","item":"https:\/\/staging.forenteforlag.no\/pax\/"},{"@type":"ListItem","position":2,"name":"Alle b\u00f8ker","item":"https:\/\/staging.forenteforlag.no\/pax\/butikk\/"},{"@type":"ListItem","position":3,"name":"Alfabet"}]},{"@type":"WebSite","@id":"https:\/\/staging.forenteforlag.no\/pax\/#website","url":"https:\/\/staging.forenteforlag.no\/pax\/","name":"Pax","description":"","potentialAction":[{"@type":"SearchAction","target":{"@type":"EntryPoint","urlTemplate":"https:\/\/staging.forenteforlag.no\/pax\/?s={search_term_string}"},"query-input":{"@type":"PropertyValueSpecification","valueRequired":true,"valueName":"search_term_string"}}],"inLanguage":"nb-NO"}]}},"_links":{"self":[{"href":"https:\/\/staging.forenteforlag.no\/pax\/wp-json\/wp\/v2\/product\/22616","targetHints":{"allow":["GET"]}}],"collection":[{"href":"https:\/\/staging.forenteforlag.no\/pax\/wp-json\/wp\/v2\/product"}],"about":[{"href":"https:\/\/staging.forenteforlag.no\/pax\/wp-json\/wp\/v2\/types\/product"}],"wp:attachment":[{"href":"https:\/\/staging.forenteforlag.no\/pax\/wp-json\/wp\/v2\/media?parent=22616"}],"wp:term":[{"taxonomy":"product_brand","embeddable":true,"href":"https:\/\/staging.forenteforlag.no\/pax\/wp-json\/wp\/v2\/product_brand?post=22616"},{"taxonomy":"product_cat","embeddable":true,"href":"https:\/\/staging.forenteforlag.no\/pax\/wp-json\/wp\/v2\/product_cat?post=22616"},{"taxonomy":"product_tag","embeddable":true,"href":"https:\/\/staging.forenteforlag.no\/pax\/wp-json\/wp\/v2\/product_tag?post=22616"}],"curies":[{"name":"wp","href":"https:\/\/api.w.org\/{rel}","templated":true}]}}