{"id":22613,"date":"2024-12-10T22:17:56","date_gmt":"2024-12-10T21:17:56","guid":{"rendered":"https:\/\/pax.forenteforlag.no\/produkt\/til-alle-murmeldyr-og-markmus-her-i-verden\/"},"modified":"2026-03-04T21:21:25","modified_gmt":"2026-03-04T20:21:25","slug":"til-alle-murmeldyr-og-markmus-her-i-verden","status":"publish","type":"product","link":"https:\/\/staging.forenteforlag.no\/pax\/produkt\/til-alle-murmeldyr-og-markmus-her-i-verden\/","title":{"rendered":"Til alle murmeldyr og markmus her i verden"},"content":{"rendered":"<p>Selv om hun bare har utgitt \u00e9n skj\u00f8nnlitter\u00e6r roman, regnes Arundhati Roy blant v\u00e5r tids ledende forfattere. I Levekostnader (Pax 1999) l\u00e6rte vi henne \u00e5 kjenne som en politisk engasjert essayist. I denne samlingen, som rommer tekster og taler fra 1998 til 2004, har hun et mer globalt perspektiv. Med sin lynskarpe formuleringsevne beskriver hun verdens tilstand. Arundhati Roy tar tak i og utreder hva som m\u00e5 gj\u00f8res. Budskapet er at vi helt og fullt m\u00e5 leve i denne verden, s\u00e5nn som den faktisk er, og vi m\u00e5 n\u00e6rme oss og lytte til dem som synes verden er blitt uutholdelig. John Berger har skrevet et instruktivt og bevegende forord til en engelsk utgave, som vi ogs\u00e5 har med her.<\/p>\n","protected":false},"excerpt":{"rendered":"<p>Selv om hun bare har utgitt \u00e9n skj\u00f8nnlitter\u00e6r roman, regnes Arundhati Roy blant v\u00e5r tids ledende forfattere. I Levekostnader (Pax 1999) l\u00e6rte vi henne \u00e5 kjenne som en politisk engasjert essayist. I denne samlingen, som rommer tekster og taler fra 1998 til 2004, har hun et mer globalt perspektiv. Med sin lynskarpe formuleringsevne beskriver hun [&hellip;]<\/p>\n","protected":false},"featured_media":28694,"template":"","meta":{"_acf_changed":false,"inline_featured_image":false},"product_brand":[],"product_cat":[1782],"product_tag":[405,378,362,555,434],"class_list":{"0":"post-22613","1":"product","2":"type-product","3":"status-publish","4":"has-post-thumbnail","6":"product_cat-fripris","7":"product_tag-andre-verdenskrig","8":"product_tag-essay","9":"product_tag-faglitteratur","10":"product_tag-internasjonal-politikk","11":"product_tag-usa","13":"first","14":"outofstock","15":"taxable","16":"shipping-taxable","17":"purchasable","18":"product-type-simple"},"acf":{"anmeldelse":null},"yoast_head":"<!-- This site is optimized with the Yoast SEO plugin v26.6 - https:\/\/yoast.com\/wordpress\/plugins\/seo\/ -->\n<title>Til alle murmeldyr og markmus her i verden - Pax<\/title>\n<meta name=\"robots\" content=\"noindex, follow, max-snippet:-1, max-image-preview:large, max-video-preview:-1\" \/>\n<meta property=\"og:locale\" content=\"nb_NO\" \/>\n<meta property=\"og:type\" content=\"article\" \/>\n<meta property=\"og:title\" content=\"Til alle murmeldyr og markmus her i verden - Pax\" \/>\n<meta property=\"og:description\" content=\"Selv om hun bare har utgitt \u00e9n skj\u00f8nnlitter\u00e6r roman, regnes Arundhati Roy blant v\u00e5r tids ledende forfattere. I Levekostnader (Pax 1999) l\u00e6rte vi henne \u00e5 kjenne som en politisk engasjert essayist. I denne samlingen, som rommer tekster og taler fra 1998 til 2004, har hun et mer globalt perspektiv. Med sin lynskarpe formuleringsevne beskriver hun [&hellip;]\" \/>\n<meta property=\"og:url\" content=\"https:\/\/staging.forenteforlag.no\/pax\/produkt\/til-alle-murmeldyr-og-markmus-her-i-verden\/\" \/>\n<meta property=\"og:site_name\" content=\"Pax\" \/>\n<meta property=\"article:modified_time\" content=\"2026-03-04T20:21:25+00:00\" \/>\n<meta property=\"og:image\" content=\"https:\/\/staging.forenteforlag.no\/pax\/wp-content\/uploads\/sites\/5\/2025\/08\/jpg-7701.jpg\" \/>\n\t<meta property=\"og:image:width\" content=\"289\" \/>\n\t<meta property=\"og:image:height\" content=\"449\" \/>\n\t<meta property=\"og:image:type\" content=\"image\/jpeg\" \/>\n<meta name=\"twitter:card\" content=\"summary_large_image\" \/>\n<meta name=\"twitter:label1\" content=\"Ansl. lesetid\" \/>\n\t<meta name=\"twitter:data1\" content=\"1 minutt\" \/>\n<script type=\"application\/ld+json\" class=\"yoast-schema-graph\">{\"@context\":\"https:\/\/schema.org\",\"@graph\":[{\"@type\":\"WebPage\",\"@id\":\"https:\/\/staging.forenteforlag.no\/pax\/produkt\/til-alle-murmeldyr-og-markmus-her-i-verden\/\",\"url\":\"https:\/\/staging.forenteforlag.no\/pax\/produkt\/til-alle-murmeldyr-og-markmus-her-i-verden\/\",\"name\":\"Til alle murmeldyr og markmus her i verden - Pax\",\"isPartOf\":{\"@id\":\"https:\/\/staging.forenteforlag.no\/pax\/#website\"},\"primaryImageOfPage\":{\"@id\":\"https:\/\/staging.forenteforlag.no\/pax\/produkt\/til-alle-murmeldyr-og-markmus-her-i-verden\/#primaryimage\"},\"image\":{\"@id\":\"https:\/\/staging.forenteforlag.no\/pax\/produkt\/til-alle-murmeldyr-og-markmus-her-i-verden\/#primaryimage\"},\"thumbnailUrl\":\"https:\/\/staging.forenteforlag.no\/pax\/wp-content\/uploads\/sites\/5\/2025\/08\/jpg-7701.jpg\",\"datePublished\":\"2024-12-10T21:17:56+00:00\",\"dateModified\":\"2026-03-04T20:21:25+00:00\",\"breadcrumb\":{\"@id\":\"https:\/\/staging.forenteforlag.no\/pax\/produkt\/til-alle-murmeldyr-og-markmus-her-i-verden\/#breadcrumb\"},\"inLanguage\":\"nb-NO\",\"potentialAction\":[{\"@type\":\"ReadAction\",\"target\":[\"https:\/\/staging.forenteforlag.no\/pax\/produkt\/til-alle-murmeldyr-og-markmus-her-i-verden\/\"]}]},{\"@type\":\"ImageObject\",\"inLanguage\":\"nb-NO\",\"@id\":\"https:\/\/staging.forenteforlag.no\/pax\/produkt\/til-alle-murmeldyr-og-markmus-her-i-verden\/#primaryimage\",\"url\":\"https:\/\/staging.forenteforlag.no\/pax\/wp-content\/uploads\/sites\/5\/2025\/08\/jpg-7701.jpg\",\"contentUrl\":\"https:\/\/staging.forenteforlag.no\/pax\/wp-content\/uploads\/sites\/5\/2025\/08\/jpg-7701.jpg\",\"width\":289,\"height\":449},{\"@type\":\"BreadcrumbList\",\"@id\":\"https:\/\/staging.forenteforlag.no\/pax\/produkt\/til-alle-murmeldyr-og-markmus-her-i-verden\/#breadcrumb\",\"itemListElement\":[{\"@type\":\"ListItem\",\"position\":1,\"name\":\"Hjem\",\"item\":\"https:\/\/staging.forenteforlag.no\/pax\/\"},{\"@type\":\"ListItem\",\"position\":2,\"name\":\"Alle b\u00f8ker\",\"item\":\"https:\/\/staging.forenteforlag.no\/pax\/butikk\/\"},{\"@type\":\"ListItem\",\"position\":3,\"name\":\"Til alle murmeldyr og markmus her i verden\"}]},{\"@type\":\"WebSite\",\"@id\":\"https:\/\/staging.forenteforlag.no\/pax\/#website\",\"url\":\"https:\/\/staging.forenteforlag.no\/pax\/\",\"name\":\"Pax\",\"description\":\"\",\"potentialAction\":[{\"@type\":\"SearchAction\",\"target\":{\"@type\":\"EntryPoint\",\"urlTemplate\":\"https:\/\/staging.forenteforlag.no\/pax\/?s={search_term_string}\"},\"query-input\":{\"@type\":\"PropertyValueSpecification\",\"valueRequired\":true,\"valueName\":\"search_term_string\"}}],\"inLanguage\":\"nb-NO\"}]}<\/script>\n<!-- \/ Yoast SEO plugin. -->","yoast_head_json":{"title":"Til alle murmeldyr og markmus her i verden - Pax","robots":{"index":"noindex","follow":"follow","max-snippet":"max-snippet:-1","max-image-preview":"max-image-preview:large","max-video-preview":"max-video-preview:-1"},"og_locale":"nb_NO","og_type":"article","og_title":"Til alle murmeldyr og markmus her i verden - Pax","og_description":"Selv om hun bare har utgitt \u00e9n skj\u00f8nnlitter\u00e6r roman, regnes Arundhati Roy blant v\u00e5r tids ledende forfattere. I Levekostnader (Pax 1999) l\u00e6rte vi henne \u00e5 kjenne som en politisk engasjert essayist. I denne samlingen, som rommer tekster og taler fra 1998 til 2004, har hun et mer globalt perspektiv. Med sin lynskarpe formuleringsevne beskriver hun [&hellip;]","og_url":"https:\/\/staging.forenteforlag.no\/pax\/produkt\/til-alle-murmeldyr-og-markmus-her-i-verden\/","og_site_name":"Pax","article_modified_time":"2026-03-04T20:21:25+00:00","og_image":[{"width":289,"height":449,"url":"https:\/\/staging.forenteforlag.no\/pax\/wp-content\/uploads\/sites\/5\/2025\/08\/jpg-7701.jpg","type":"image\/jpeg"}],"twitter_card":"summary_large_image","twitter_misc":{"Ansl. lesetid":"1 minutt"},"schema":{"@context":"https:\/\/schema.org","@graph":[{"@type":"WebPage","@id":"https:\/\/staging.forenteforlag.no\/pax\/produkt\/til-alle-murmeldyr-og-markmus-her-i-verden\/","url":"https:\/\/staging.forenteforlag.no\/pax\/produkt\/til-alle-murmeldyr-og-markmus-her-i-verden\/","name":"Til alle murmeldyr og markmus her i verden - Pax","isPartOf":{"@id":"https:\/\/staging.forenteforlag.no\/pax\/#website"},"primaryImageOfPage":{"@id":"https:\/\/staging.forenteforlag.no\/pax\/produkt\/til-alle-murmeldyr-og-markmus-her-i-verden\/#primaryimage"},"image":{"@id":"https:\/\/staging.forenteforlag.no\/pax\/produkt\/til-alle-murmeldyr-og-markmus-her-i-verden\/#primaryimage"},"thumbnailUrl":"https:\/\/staging.forenteforlag.no\/pax\/wp-content\/uploads\/sites\/5\/2025\/08\/jpg-7701.jpg","datePublished":"2024-12-10T21:17:56+00:00","dateModified":"2026-03-04T20:21:25+00:00","breadcrumb":{"@id":"https:\/\/staging.forenteforlag.no\/pax\/produkt\/til-alle-murmeldyr-og-markmus-her-i-verden\/#breadcrumb"},"inLanguage":"nb-NO","potentialAction":[{"@type":"ReadAction","target":["https:\/\/staging.forenteforlag.no\/pax\/produkt\/til-alle-murmeldyr-og-markmus-her-i-verden\/"]}]},{"@type":"ImageObject","inLanguage":"nb-NO","@id":"https:\/\/staging.forenteforlag.no\/pax\/produkt\/til-alle-murmeldyr-og-markmus-her-i-verden\/#primaryimage","url":"https:\/\/staging.forenteforlag.no\/pax\/wp-content\/uploads\/sites\/5\/2025\/08\/jpg-7701.jpg","contentUrl":"https:\/\/staging.forenteforlag.no\/pax\/wp-content\/uploads\/sites\/5\/2025\/08\/jpg-7701.jpg","width":289,"height":449},{"@type":"BreadcrumbList","@id":"https:\/\/staging.forenteforlag.no\/pax\/produkt\/til-alle-murmeldyr-og-markmus-her-i-verden\/#breadcrumb","itemListElement":[{"@type":"ListItem","position":1,"name":"Hjem","item":"https:\/\/staging.forenteforlag.no\/pax\/"},{"@type":"ListItem","position":2,"name":"Alle b\u00f8ker","item":"https:\/\/staging.forenteforlag.no\/pax\/butikk\/"},{"@type":"ListItem","position":3,"name":"Til alle murmeldyr og markmus her i verden"}]},{"@type":"WebSite","@id":"https:\/\/staging.forenteforlag.no\/pax\/#website","url":"https:\/\/staging.forenteforlag.no\/pax\/","name":"Pax","description":"","potentialAction":[{"@type":"SearchAction","target":{"@type":"EntryPoint","urlTemplate":"https:\/\/staging.forenteforlag.no\/pax\/?s={search_term_string}"},"query-input":{"@type":"PropertyValueSpecification","valueRequired":true,"valueName":"search_term_string"}}],"inLanguage":"nb-NO"}]}},"_links":{"self":[{"href":"https:\/\/staging.forenteforlag.no\/pax\/wp-json\/wp\/v2\/product\/22613","targetHints":{"allow":["GET"]}}],"collection":[{"href":"https:\/\/staging.forenteforlag.no\/pax\/wp-json\/wp\/v2\/product"}],"about":[{"href":"https:\/\/staging.forenteforlag.no\/pax\/wp-json\/wp\/v2\/types\/product"}],"wp:featuredmedia":[{"embeddable":true,"href":"https:\/\/staging.forenteforlag.no\/pax\/wp-json\/wp\/v2\/media\/28694"}],"wp:attachment":[{"href":"https:\/\/staging.forenteforlag.no\/pax\/wp-json\/wp\/v2\/media?parent=22613"}],"wp:term":[{"taxonomy":"product_brand","embeddable":true,"href":"https:\/\/staging.forenteforlag.no\/pax\/wp-json\/wp\/v2\/product_brand?post=22613"},{"taxonomy":"product_cat","embeddable":true,"href":"https:\/\/staging.forenteforlag.no\/pax\/wp-json\/wp\/v2\/product_cat?post=22613"},{"taxonomy":"product_tag","embeddable":true,"href":"https:\/\/staging.forenteforlag.no\/pax\/wp-json\/wp\/v2\/product_tag?post=22613"}],"curies":[{"name":"wp","href":"https:\/\/api.w.org\/{rel}","templated":true}]}}