{"id":22543,"date":"2024-12-10T22:16:28","date_gmt":"2024-12-10T21:16:28","guid":{"rendered":"https:\/\/pax.forenteforlag.no\/produkt\/pleie-uten-omsorg\/"},"modified":"2026-03-04T17:07:17","modified_gmt":"2026-03-04T16:07:17","slug":"pleie-uten-omsorg","status":"publish","type":"product","link":"https:\/\/staging.forenteforlag.no\/pax\/produkt\/pleie-uten-omsorg\/","title":{"rendered":"Pleie uten omsorg?"},"content":{"rendered":"<p>Er sykepleien p\u00e5 vei bort fra sykesenga? Blir omsorgen for de syke borte i en h\u00f8yt teknisk utviklet pleie og behandling? Er sykepleierne blitt administratorer og forskere som m\u00e5 overlate den ut\u00f8vende pleie og omsorg til andre yrkesgrupper? Boka tar opp utviklingen fra tidligere tiders &laquo;gangkoner&raquo; til dagens sykehusadministratorer, sykepleiesjefer og sykepleieforskere. Med nyskrevet og provoserende tilbakeblikk over ti\u00e5ret som har g\u00e5tt.<\/p>\n","protected":false},"excerpt":{"rendered":"<p>Er sykepleien p\u00e5 vei bort fra sykesenga? Blir omsorgen for de syke borte i en h\u00f8yt teknisk utviklet pleie og behandling? Er sykepleierne blitt administratorer og forskere som m\u00e5 overlate den ut\u00f8vende pleie og omsorg til andre yrkesgrupper? Boka tar opp utviklingen fra tidligere tiders &laquo;gangkoner&raquo; til dagens sykehusadministratorer, sykepleiesjefer og sykepleieforskere. Med nyskrevet og [&hellip;]<\/p>\n","protected":false},"featured_media":0,"template":"","meta":{"_acf_changed":false,"inline_featured_image":false},"product_brand":[],"product_cat":[1782],"product_tag":[362,902,502],"class_list":{"0":"post-22543","1":"product","2":"type-product","3":"status-publish","5":"product_cat-fripris","6":"product_tag-faglitteratur","7":"product_tag-hjemmesykepleie","8":"product_tag-laereboker-hoyere-utd","10":"first","11":"instock","12":"taxable","13":"shipping-taxable","14":"purchasable","15":"product-type-simple"},"acf":{"anmeldelse":null},"yoast_head":"<!-- This site is optimized with the Yoast SEO plugin v26.6 - https:\/\/yoast.com\/wordpress\/plugins\/seo\/ -->\n<title>Pleie uten omsorg? - Pax<\/title>\n<meta name=\"robots\" content=\"noindex, follow, max-snippet:-1, max-image-preview:large, max-video-preview:-1\" \/>\n<meta property=\"og:locale\" content=\"nb_NO\" \/>\n<meta property=\"og:type\" content=\"article\" \/>\n<meta property=\"og:title\" content=\"Pleie uten omsorg? - Pax\" \/>\n<meta property=\"og:description\" content=\"Er sykepleien p\u00e5 vei bort fra sykesenga? Blir omsorgen for de syke borte i en h\u00f8yt teknisk utviklet pleie og behandling? Er sykepleierne blitt administratorer og forskere som m\u00e5 overlate den ut\u00f8vende pleie og omsorg til andre yrkesgrupper? Boka tar opp utviklingen fra tidligere tiders &laquo;gangkoner&raquo; til dagens sykehusadministratorer, sykepleiesjefer og sykepleieforskere. Med nyskrevet og [&hellip;]\" \/>\n<meta property=\"og:url\" content=\"https:\/\/staging.forenteforlag.no\/pax\/produkt\/pleie-uten-omsorg\/\" \/>\n<meta property=\"og:site_name\" content=\"Pax\" \/>\n<meta property=\"article:modified_time\" content=\"2026-03-04T16:07:17+00:00\" \/>\n<meta property=\"og:image\" content=\"https:\/\/staging.forenteforlag.no\/pax\/wp-content\/uploads\/sites\/5\/2025\/02\/pax-hvit.jpg\" \/>\n\t<meta property=\"og:image:width\" content=\"1200\" \/>\n\t<meta property=\"og:image:height\" content=\"800\" \/>\n\t<meta property=\"og:image:type\" content=\"image\/jpeg\" \/>\n<meta name=\"twitter:card\" content=\"summary_large_image\" \/>\n<script type=\"application\/ld+json\" class=\"yoast-schema-graph\">{\"@context\":\"https:\/\/schema.org\",\"@graph\":[{\"@type\":\"WebPage\",\"@id\":\"https:\/\/staging.forenteforlag.no\/pax\/produkt\/pleie-uten-omsorg\/\",\"url\":\"https:\/\/staging.forenteforlag.no\/pax\/produkt\/pleie-uten-omsorg\/\",\"name\":\"Pleie uten omsorg? - Pax\",\"isPartOf\":{\"@id\":\"https:\/\/staging.forenteforlag.no\/pax\/#website\"},\"datePublished\":\"2024-12-10T21:16:28+00:00\",\"dateModified\":\"2026-03-04T16:07:17+00:00\",\"breadcrumb\":{\"@id\":\"https:\/\/staging.forenteforlag.no\/pax\/produkt\/pleie-uten-omsorg\/#breadcrumb\"},\"inLanguage\":\"nb-NO\",\"potentialAction\":[{\"@type\":\"ReadAction\",\"target\":[\"https:\/\/staging.forenteforlag.no\/pax\/produkt\/pleie-uten-omsorg\/\"]}]},{\"@type\":\"BreadcrumbList\",\"@id\":\"https:\/\/staging.forenteforlag.no\/pax\/produkt\/pleie-uten-omsorg\/#breadcrumb\",\"itemListElement\":[{\"@type\":\"ListItem\",\"position\":1,\"name\":\"Hjem\",\"item\":\"https:\/\/staging.forenteforlag.no\/pax\/\"},{\"@type\":\"ListItem\",\"position\":2,\"name\":\"Alle b\u00f8ker\",\"item\":\"https:\/\/staging.forenteforlag.no\/pax\/butikk\/\"},{\"@type\":\"ListItem\",\"position\":3,\"name\":\"Pleie uten omsorg?\"}]},{\"@type\":\"WebSite\",\"@id\":\"https:\/\/staging.forenteforlag.no\/pax\/#website\",\"url\":\"https:\/\/staging.forenteforlag.no\/pax\/\",\"name\":\"Pax\",\"description\":\"\",\"potentialAction\":[{\"@type\":\"SearchAction\",\"target\":{\"@type\":\"EntryPoint\",\"urlTemplate\":\"https:\/\/staging.forenteforlag.no\/pax\/?s={search_term_string}\"},\"query-input\":{\"@type\":\"PropertyValueSpecification\",\"valueRequired\":true,\"valueName\":\"search_term_string\"}}],\"inLanguage\":\"nb-NO\"}]}<\/script>\n<!-- \/ Yoast SEO plugin. -->","yoast_head_json":{"title":"Pleie uten omsorg? - Pax","robots":{"index":"noindex","follow":"follow","max-snippet":"max-snippet:-1","max-image-preview":"max-image-preview:large","max-video-preview":"max-video-preview:-1"},"og_locale":"nb_NO","og_type":"article","og_title":"Pleie uten omsorg? - Pax","og_description":"Er sykepleien p\u00e5 vei bort fra sykesenga? Blir omsorgen for de syke borte i en h\u00f8yt teknisk utviklet pleie og behandling? Er sykepleierne blitt administratorer og forskere som m\u00e5 overlate den ut\u00f8vende pleie og omsorg til andre yrkesgrupper? Boka tar opp utviklingen fra tidligere tiders &laquo;gangkoner&raquo; til dagens sykehusadministratorer, sykepleiesjefer og sykepleieforskere. Med nyskrevet og [&hellip;]","og_url":"https:\/\/staging.forenteforlag.no\/pax\/produkt\/pleie-uten-omsorg\/","og_site_name":"Pax","article_modified_time":"2026-03-04T16:07:17+00:00","og_image":[{"width":1200,"height":800,"url":"https:\/\/staging.forenteforlag.no\/pax\/wp-content\/uploads\/sites\/5\/2025\/02\/pax-hvit.jpg","type":"image\/jpeg"}],"twitter_card":"summary_large_image","schema":{"@context":"https:\/\/schema.org","@graph":[{"@type":"WebPage","@id":"https:\/\/staging.forenteforlag.no\/pax\/produkt\/pleie-uten-omsorg\/","url":"https:\/\/staging.forenteforlag.no\/pax\/produkt\/pleie-uten-omsorg\/","name":"Pleie uten omsorg? - Pax","isPartOf":{"@id":"https:\/\/staging.forenteforlag.no\/pax\/#website"},"datePublished":"2024-12-10T21:16:28+00:00","dateModified":"2026-03-04T16:07:17+00:00","breadcrumb":{"@id":"https:\/\/staging.forenteforlag.no\/pax\/produkt\/pleie-uten-omsorg\/#breadcrumb"},"inLanguage":"nb-NO","potentialAction":[{"@type":"ReadAction","target":["https:\/\/staging.forenteforlag.no\/pax\/produkt\/pleie-uten-omsorg\/"]}]},{"@type":"BreadcrumbList","@id":"https:\/\/staging.forenteforlag.no\/pax\/produkt\/pleie-uten-omsorg\/#breadcrumb","itemListElement":[{"@type":"ListItem","position":1,"name":"Hjem","item":"https:\/\/staging.forenteforlag.no\/pax\/"},{"@type":"ListItem","position":2,"name":"Alle b\u00f8ker","item":"https:\/\/staging.forenteforlag.no\/pax\/butikk\/"},{"@type":"ListItem","position":3,"name":"Pleie uten omsorg?"}]},{"@type":"WebSite","@id":"https:\/\/staging.forenteforlag.no\/pax\/#website","url":"https:\/\/staging.forenteforlag.no\/pax\/","name":"Pax","description":"","potentialAction":[{"@type":"SearchAction","target":{"@type":"EntryPoint","urlTemplate":"https:\/\/staging.forenteforlag.no\/pax\/?s={search_term_string}"},"query-input":{"@type":"PropertyValueSpecification","valueRequired":true,"valueName":"search_term_string"}}],"inLanguage":"nb-NO"}]}},"_links":{"self":[{"href":"https:\/\/staging.forenteforlag.no\/pax\/wp-json\/wp\/v2\/product\/22543","targetHints":{"allow":["GET"]}}],"collection":[{"href":"https:\/\/staging.forenteforlag.no\/pax\/wp-json\/wp\/v2\/product"}],"about":[{"href":"https:\/\/staging.forenteforlag.no\/pax\/wp-json\/wp\/v2\/types\/product"}],"wp:attachment":[{"href":"https:\/\/staging.forenteforlag.no\/pax\/wp-json\/wp\/v2\/media?parent=22543"}],"wp:term":[{"taxonomy":"product_brand","embeddable":true,"href":"https:\/\/staging.forenteforlag.no\/pax\/wp-json\/wp\/v2\/product_brand?post=22543"},{"taxonomy":"product_cat","embeddable":true,"href":"https:\/\/staging.forenteforlag.no\/pax\/wp-json\/wp\/v2\/product_cat?post=22543"},{"taxonomy":"product_tag","embeddable":true,"href":"https:\/\/staging.forenteforlag.no\/pax\/wp-json\/wp\/v2\/product_tag?post=22543"}],"curies":[{"name":"wp","href":"https:\/\/api.w.org\/{rel}","templated":true}]}}