{"id":22540,"date":"2024-12-10T22:16:27","date_gmt":"2024-12-10T21:16:27","guid":{"rendered":"https:\/\/pax.forenteforlag.no\/produkt\/kongens-nye-by\/"},"modified":"2026-03-04T19:12:34","modified_gmt":"2026-03-04T18:12:34","slug":"kongens-nye-by","status":"publish","type":"product","link":"https:\/\/staging.forenteforlag.no\/pax\/produkt\/kongens-nye-by\/","title":{"rendered":"Kongens nye by"},"content":{"rendered":"<p>Kong Christian 4. besluttet at byen skulle flyttes vestover fra gamle Oslo, og i l\u00f8pet av de 24 \u00e5rene fra 1624 til 1648 vokste Christiania fram framfor murene til Akershus festning. Gatel\u00f8p og tomter blei stukket ut etter en fast plan, og tidsperioden blei ei fascinerende byggetid som ogs\u00e5 satte folkelivet p\u00e5 harde pr\u00f8ver. Med stikkordregister.<\/p>\n","protected":false},"excerpt":{"rendered":"<p>Kong Christian 4. besluttet at byen skulle flyttes vestover fra gamle Oslo, og i l\u00f8pet av de 24 \u00e5rene fra 1624 til 1648 vokste Christiania fram framfor murene til Akershus festning. Gatel\u00f8p og tomter blei stukket ut etter en fast plan, og tidsperioden blei ei fascinerende byggetid som ogs\u00e5 satte folkelivet p\u00e5 harde pr\u00f8ver. Med [&hellip;]<\/p>\n","protected":false},"featured_media":0,"template":"","meta":{"_acf_changed":false,"inline_featured_image":false},"product_brand":[],"product_cat":[1782],"product_tag":[396,362,525,377],"class_list":{"0":"post-22540","1":"product","2":"type-product","3":"status-publish","5":"product_cat-fripris","6":"product_tag-1600-tallet","7":"product_tag-faglitteratur","8":"product_tag-lokalhistorie","9":"product_tag-oslo","11":"first","12":"outofstock","13":"taxable","14":"shipping-taxable","15":"purchasable","16":"product-type-simple"},"acf":{"anmeldelse":null},"yoast_head":"<!-- This site is optimized with the Yoast SEO plugin v26.6 - https:\/\/yoast.com\/wordpress\/plugins\/seo\/ -->\n<title>Kongens nye by - Pax<\/title>\n<meta name=\"robots\" content=\"noindex, follow, max-snippet:-1, max-image-preview:large, max-video-preview:-1\" \/>\n<meta property=\"og:locale\" content=\"nb_NO\" \/>\n<meta property=\"og:type\" content=\"article\" \/>\n<meta property=\"og:title\" content=\"Kongens nye by - Pax\" \/>\n<meta property=\"og:description\" content=\"Kong Christian 4. besluttet at byen skulle flyttes vestover fra gamle Oslo, og i l\u00f8pet av de 24 \u00e5rene fra 1624 til 1648 vokste Christiania fram framfor murene til Akershus festning. Gatel\u00f8p og tomter blei stukket ut etter en fast plan, og tidsperioden blei ei fascinerende byggetid som ogs\u00e5 satte folkelivet p\u00e5 harde pr\u00f8ver. Med [&hellip;]\" \/>\n<meta property=\"og:url\" content=\"https:\/\/staging.forenteforlag.no\/pax\/produkt\/kongens-nye-by\/\" \/>\n<meta property=\"og:site_name\" content=\"Pax\" \/>\n<meta property=\"article:modified_time\" content=\"2026-03-04T18:12:34+00:00\" \/>\n<meta property=\"og:image\" content=\"https:\/\/staging.forenteforlag.no\/pax\/wp-content\/uploads\/sites\/5\/2025\/02\/pax-hvit.jpg\" \/>\n\t<meta property=\"og:image:width\" content=\"1200\" \/>\n\t<meta property=\"og:image:height\" content=\"800\" \/>\n\t<meta property=\"og:image:type\" content=\"image\/jpeg\" \/>\n<meta name=\"twitter:card\" content=\"summary_large_image\" \/>\n<script type=\"application\/ld+json\" class=\"yoast-schema-graph\">{\"@context\":\"https:\/\/schema.org\",\"@graph\":[{\"@type\":\"WebPage\",\"@id\":\"https:\/\/staging.forenteforlag.no\/pax\/produkt\/kongens-nye-by\/\",\"url\":\"https:\/\/staging.forenteforlag.no\/pax\/produkt\/kongens-nye-by\/\",\"name\":\"Kongens nye by - Pax\",\"isPartOf\":{\"@id\":\"https:\/\/staging.forenteforlag.no\/pax\/#website\"},\"datePublished\":\"2024-12-10T21:16:27+00:00\",\"dateModified\":\"2026-03-04T18:12:34+00:00\",\"breadcrumb\":{\"@id\":\"https:\/\/staging.forenteforlag.no\/pax\/produkt\/kongens-nye-by\/#breadcrumb\"},\"inLanguage\":\"nb-NO\",\"potentialAction\":[{\"@type\":\"ReadAction\",\"target\":[\"https:\/\/staging.forenteforlag.no\/pax\/produkt\/kongens-nye-by\/\"]}]},{\"@type\":\"BreadcrumbList\",\"@id\":\"https:\/\/staging.forenteforlag.no\/pax\/produkt\/kongens-nye-by\/#breadcrumb\",\"itemListElement\":[{\"@type\":\"ListItem\",\"position\":1,\"name\":\"Hjem\",\"item\":\"https:\/\/staging.forenteforlag.no\/pax\/\"},{\"@type\":\"ListItem\",\"position\":2,\"name\":\"Alle b\u00f8ker\",\"item\":\"https:\/\/staging.forenteforlag.no\/pax\/butikk\/\"},{\"@type\":\"ListItem\",\"position\":3,\"name\":\"Kongens nye by\"}]},{\"@type\":\"WebSite\",\"@id\":\"https:\/\/staging.forenteforlag.no\/pax\/#website\",\"url\":\"https:\/\/staging.forenteforlag.no\/pax\/\",\"name\":\"Pax\",\"description\":\"\",\"potentialAction\":[{\"@type\":\"SearchAction\",\"target\":{\"@type\":\"EntryPoint\",\"urlTemplate\":\"https:\/\/staging.forenteforlag.no\/pax\/?s={search_term_string}\"},\"query-input\":{\"@type\":\"PropertyValueSpecification\",\"valueRequired\":true,\"valueName\":\"search_term_string\"}}],\"inLanguage\":\"nb-NO\"}]}<\/script>\n<!-- \/ Yoast SEO plugin. -->","yoast_head_json":{"title":"Kongens nye by - Pax","robots":{"index":"noindex","follow":"follow","max-snippet":"max-snippet:-1","max-image-preview":"max-image-preview:large","max-video-preview":"max-video-preview:-1"},"og_locale":"nb_NO","og_type":"article","og_title":"Kongens nye by - Pax","og_description":"Kong Christian 4. besluttet at byen skulle flyttes vestover fra gamle Oslo, og i l\u00f8pet av de 24 \u00e5rene fra 1624 til 1648 vokste Christiania fram framfor murene til Akershus festning. Gatel\u00f8p og tomter blei stukket ut etter en fast plan, og tidsperioden blei ei fascinerende byggetid som ogs\u00e5 satte folkelivet p\u00e5 harde pr\u00f8ver. Med [&hellip;]","og_url":"https:\/\/staging.forenteforlag.no\/pax\/produkt\/kongens-nye-by\/","og_site_name":"Pax","article_modified_time":"2026-03-04T18:12:34+00:00","og_image":[{"width":1200,"height":800,"url":"https:\/\/staging.forenteforlag.no\/pax\/wp-content\/uploads\/sites\/5\/2025\/02\/pax-hvit.jpg","type":"image\/jpeg"}],"twitter_card":"summary_large_image","schema":{"@context":"https:\/\/schema.org","@graph":[{"@type":"WebPage","@id":"https:\/\/staging.forenteforlag.no\/pax\/produkt\/kongens-nye-by\/","url":"https:\/\/staging.forenteforlag.no\/pax\/produkt\/kongens-nye-by\/","name":"Kongens nye by - Pax","isPartOf":{"@id":"https:\/\/staging.forenteforlag.no\/pax\/#website"},"datePublished":"2024-12-10T21:16:27+00:00","dateModified":"2026-03-04T18:12:34+00:00","breadcrumb":{"@id":"https:\/\/staging.forenteforlag.no\/pax\/produkt\/kongens-nye-by\/#breadcrumb"},"inLanguage":"nb-NO","potentialAction":[{"@type":"ReadAction","target":["https:\/\/staging.forenteforlag.no\/pax\/produkt\/kongens-nye-by\/"]}]},{"@type":"BreadcrumbList","@id":"https:\/\/staging.forenteforlag.no\/pax\/produkt\/kongens-nye-by\/#breadcrumb","itemListElement":[{"@type":"ListItem","position":1,"name":"Hjem","item":"https:\/\/staging.forenteforlag.no\/pax\/"},{"@type":"ListItem","position":2,"name":"Alle b\u00f8ker","item":"https:\/\/staging.forenteforlag.no\/pax\/butikk\/"},{"@type":"ListItem","position":3,"name":"Kongens nye by"}]},{"@type":"WebSite","@id":"https:\/\/staging.forenteforlag.no\/pax\/#website","url":"https:\/\/staging.forenteforlag.no\/pax\/","name":"Pax","description":"","potentialAction":[{"@type":"SearchAction","target":{"@type":"EntryPoint","urlTemplate":"https:\/\/staging.forenteforlag.no\/pax\/?s={search_term_string}"},"query-input":{"@type":"PropertyValueSpecification","valueRequired":true,"valueName":"search_term_string"}}],"inLanguage":"nb-NO"}]}},"_links":{"self":[{"href":"https:\/\/staging.forenteforlag.no\/pax\/wp-json\/wp\/v2\/product\/22540","targetHints":{"allow":["GET"]}}],"collection":[{"href":"https:\/\/staging.forenteforlag.no\/pax\/wp-json\/wp\/v2\/product"}],"about":[{"href":"https:\/\/staging.forenteforlag.no\/pax\/wp-json\/wp\/v2\/types\/product"}],"wp:attachment":[{"href":"https:\/\/staging.forenteforlag.no\/pax\/wp-json\/wp\/v2\/media?parent=22540"}],"wp:term":[{"taxonomy":"product_brand","embeddable":true,"href":"https:\/\/staging.forenteforlag.no\/pax\/wp-json\/wp\/v2\/product_brand?post=22540"},{"taxonomy":"product_cat","embeddable":true,"href":"https:\/\/staging.forenteforlag.no\/pax\/wp-json\/wp\/v2\/product_cat?post=22540"},{"taxonomy":"product_tag","embeddable":true,"href":"https:\/\/staging.forenteforlag.no\/pax\/wp-json\/wp\/v2\/product_tag?post=22540"}],"curies":[{"name":"wp","href":"https:\/\/api.w.org\/{rel}","templated":true}]}}