{"id":22518,"date":"2024-12-10T22:16:04","date_gmt":"2024-12-10T21:16:04","guid":{"rendered":"https:\/\/pax.forenteforlag.no\/produkt\/portnoys-besvaerlige-liv\/"},"modified":"2026-03-04T21:23:14","modified_gmt":"2026-03-04T20:23:14","slug":"portnoys-besvaerlige-liv","status":"publish","type":"product","link":"https:\/\/staging.forenteforlag.no\/pax\/produkt\/portnoys-besvaerlige-liv\/","title":{"rendered":"Portnoys besv\u00e6rlige liv"},"content":{"rendered":"<p>Alex Portnoy forteller til sin psykiater om sitt liv og om sin kamp ved \u00e5 vokse opp som j\u00f8de i en verden befolket av ikke-j\u00f8der, for \u00e5 finne ut av hvorfor han ikke klarer \u00e5 ha noe varig forhold til en kvinne. Hvorfor har Alex en s\u00e5 enorm appetitt p\u00e5 ikke-j\u00f8diske kvinner i alle mulige stillinger? I fors\u00f8ket p\u00e5 \u00e5 finne ut hvorfor han er s\u00e5 sex-fiksert, gir han moren skylden. Men etter hvert forst\u00e5r han at det er andre grunner.<\/p>\n","protected":false},"excerpt":{"rendered":"<p>Alex Portnoy forteller til sin psykiater om sitt liv og om sin kamp ved \u00e5 vokse opp som j\u00f8de i en verden befolket av ikke-j\u00f8der, for \u00e5 finne ut av hvorfor han ikke klarer \u00e5 ha noe varig forhold til en kvinne. Hvorfor har Alex en s\u00e5 enorm appetitt p\u00e5 ikke-j\u00f8diske kvinner i alle mulige [&hellip;]<\/p>\n","protected":false},"featured_media":28869,"template":"","meta":{"_acf_changed":false,"inline_featured_image":false},"product_brand":[],"product_cat":[1782],"product_tag":[1095,452,956,370],"class_list":{"0":"post-22518","1":"product","2":"type-product","3":"status-publish","4":"has-post-thumbnail","6":"product_cat-fripris","7":"product_tag-grafiske-romaner","8":"product_tag-joder","9":"product_tag-seksualitet","10":"product_tag-skjonnlitteratur","12":"first","13":"outofstock","14":"taxable","15":"shipping-taxable","16":"purchasable","17":"product-type-simple"},"acf":{"anmeldelse":null},"yoast_head":"<!-- This site is optimized with the Yoast SEO plugin v26.6 - https:\/\/yoast.com\/wordpress\/plugins\/seo\/ -->\n<title>Portnoys besv\u00e6rlige liv - Pax<\/title>\n<meta name=\"robots\" content=\"noindex, follow, max-snippet:-1, max-image-preview:large, max-video-preview:-1\" \/>\n<meta property=\"og:locale\" content=\"nb_NO\" \/>\n<meta property=\"og:type\" content=\"article\" \/>\n<meta property=\"og:title\" content=\"Portnoys besv\u00e6rlige liv - Pax\" \/>\n<meta property=\"og:description\" content=\"Alex Portnoy forteller til sin psykiater om sitt liv og om sin kamp ved \u00e5 vokse opp som j\u00f8de i en verden befolket av ikke-j\u00f8der, for \u00e5 finne ut av hvorfor han ikke klarer \u00e5 ha noe varig forhold til en kvinne. Hvorfor har Alex en s\u00e5 enorm appetitt p\u00e5 ikke-j\u00f8diske kvinner i alle mulige [&hellip;]\" \/>\n<meta property=\"og:url\" content=\"https:\/\/staging.forenteforlag.no\/pax\/produkt\/portnoys-besvaerlige-liv\/\" \/>\n<meta property=\"og:site_name\" content=\"Pax\" \/>\n<meta property=\"article:modified_time\" content=\"2026-03-04T20:23:14+00:00\" \/>\n<meta property=\"og:image\" content=\"https:\/\/staging.forenteforlag.no\/pax\/wp-content\/uploads\/sites\/5\/2025\/08\/jpg-8212.jpg\" \/>\n\t<meta property=\"og:image:width\" content=\"288\" \/>\n\t<meta property=\"og:image:height\" content=\"449\" \/>\n\t<meta property=\"og:image:type\" content=\"image\/jpeg\" \/>\n<meta name=\"twitter:card\" content=\"summary_large_image\" \/>\n<script type=\"application\/ld+json\" class=\"yoast-schema-graph\">{\"@context\":\"https:\/\/schema.org\",\"@graph\":[{\"@type\":\"WebPage\",\"@id\":\"https:\/\/staging.forenteforlag.no\/pax\/produkt\/portnoys-besvaerlige-liv\/\",\"url\":\"https:\/\/staging.forenteforlag.no\/pax\/produkt\/portnoys-besvaerlige-liv\/\",\"name\":\"Portnoys besv\u00e6rlige liv - Pax\",\"isPartOf\":{\"@id\":\"https:\/\/staging.forenteforlag.no\/pax\/#website\"},\"primaryImageOfPage\":{\"@id\":\"https:\/\/staging.forenteforlag.no\/pax\/produkt\/portnoys-besvaerlige-liv\/#primaryimage\"},\"image\":{\"@id\":\"https:\/\/staging.forenteforlag.no\/pax\/produkt\/portnoys-besvaerlige-liv\/#primaryimage\"},\"thumbnailUrl\":\"https:\/\/staging.forenteforlag.no\/pax\/wp-content\/uploads\/sites\/5\/2025\/08\/jpg-8212.jpg\",\"datePublished\":\"2024-12-10T21:16:04+00:00\",\"dateModified\":\"2026-03-04T20:23:14+00:00\",\"breadcrumb\":{\"@id\":\"https:\/\/staging.forenteforlag.no\/pax\/produkt\/portnoys-besvaerlige-liv\/#breadcrumb\"},\"inLanguage\":\"nb-NO\",\"potentialAction\":[{\"@type\":\"ReadAction\",\"target\":[\"https:\/\/staging.forenteforlag.no\/pax\/produkt\/portnoys-besvaerlige-liv\/\"]}]},{\"@type\":\"ImageObject\",\"inLanguage\":\"nb-NO\",\"@id\":\"https:\/\/staging.forenteforlag.no\/pax\/produkt\/portnoys-besvaerlige-liv\/#primaryimage\",\"url\":\"https:\/\/staging.forenteforlag.no\/pax\/wp-content\/uploads\/sites\/5\/2025\/08\/jpg-8212.jpg\",\"contentUrl\":\"https:\/\/staging.forenteforlag.no\/pax\/wp-content\/uploads\/sites\/5\/2025\/08\/jpg-8212.jpg\",\"width\":288,\"height\":449},{\"@type\":\"BreadcrumbList\",\"@id\":\"https:\/\/staging.forenteforlag.no\/pax\/produkt\/portnoys-besvaerlige-liv\/#breadcrumb\",\"itemListElement\":[{\"@type\":\"ListItem\",\"position\":1,\"name\":\"Hjem\",\"item\":\"https:\/\/staging.forenteforlag.no\/pax\/\"},{\"@type\":\"ListItem\",\"position\":2,\"name\":\"Alle b\u00f8ker\",\"item\":\"https:\/\/staging.forenteforlag.no\/pax\/butikk\/\"},{\"@type\":\"ListItem\",\"position\":3,\"name\":\"Portnoys besv\u00e6rlige liv\"}]},{\"@type\":\"WebSite\",\"@id\":\"https:\/\/staging.forenteforlag.no\/pax\/#website\",\"url\":\"https:\/\/staging.forenteforlag.no\/pax\/\",\"name\":\"Pax\",\"description\":\"\",\"potentialAction\":[{\"@type\":\"SearchAction\",\"target\":{\"@type\":\"EntryPoint\",\"urlTemplate\":\"https:\/\/staging.forenteforlag.no\/pax\/?s={search_term_string}\"},\"query-input\":{\"@type\":\"PropertyValueSpecification\",\"valueRequired\":true,\"valueName\":\"search_term_string\"}}],\"inLanguage\":\"nb-NO\"}]}<\/script>\n<!-- \/ Yoast SEO plugin. -->","yoast_head_json":{"title":"Portnoys besv\u00e6rlige liv - Pax","robots":{"index":"noindex","follow":"follow","max-snippet":"max-snippet:-1","max-image-preview":"max-image-preview:large","max-video-preview":"max-video-preview:-1"},"og_locale":"nb_NO","og_type":"article","og_title":"Portnoys besv\u00e6rlige liv - Pax","og_description":"Alex Portnoy forteller til sin psykiater om sitt liv og om sin kamp ved \u00e5 vokse opp som j\u00f8de i en verden befolket av ikke-j\u00f8der, for \u00e5 finne ut av hvorfor han ikke klarer \u00e5 ha noe varig forhold til en kvinne. Hvorfor har Alex en s\u00e5 enorm appetitt p\u00e5 ikke-j\u00f8diske kvinner i alle mulige [&hellip;]","og_url":"https:\/\/staging.forenteforlag.no\/pax\/produkt\/portnoys-besvaerlige-liv\/","og_site_name":"Pax","article_modified_time":"2026-03-04T20:23:14+00:00","og_image":[{"width":288,"height":449,"url":"https:\/\/staging.forenteforlag.no\/pax\/wp-content\/uploads\/sites\/5\/2025\/08\/jpg-8212.jpg","type":"image\/jpeg"}],"twitter_card":"summary_large_image","schema":{"@context":"https:\/\/schema.org","@graph":[{"@type":"WebPage","@id":"https:\/\/staging.forenteforlag.no\/pax\/produkt\/portnoys-besvaerlige-liv\/","url":"https:\/\/staging.forenteforlag.no\/pax\/produkt\/portnoys-besvaerlige-liv\/","name":"Portnoys besv\u00e6rlige liv - Pax","isPartOf":{"@id":"https:\/\/staging.forenteforlag.no\/pax\/#website"},"primaryImageOfPage":{"@id":"https:\/\/staging.forenteforlag.no\/pax\/produkt\/portnoys-besvaerlige-liv\/#primaryimage"},"image":{"@id":"https:\/\/staging.forenteforlag.no\/pax\/produkt\/portnoys-besvaerlige-liv\/#primaryimage"},"thumbnailUrl":"https:\/\/staging.forenteforlag.no\/pax\/wp-content\/uploads\/sites\/5\/2025\/08\/jpg-8212.jpg","datePublished":"2024-12-10T21:16:04+00:00","dateModified":"2026-03-04T20:23:14+00:00","breadcrumb":{"@id":"https:\/\/staging.forenteforlag.no\/pax\/produkt\/portnoys-besvaerlige-liv\/#breadcrumb"},"inLanguage":"nb-NO","potentialAction":[{"@type":"ReadAction","target":["https:\/\/staging.forenteforlag.no\/pax\/produkt\/portnoys-besvaerlige-liv\/"]}]},{"@type":"ImageObject","inLanguage":"nb-NO","@id":"https:\/\/staging.forenteforlag.no\/pax\/produkt\/portnoys-besvaerlige-liv\/#primaryimage","url":"https:\/\/staging.forenteforlag.no\/pax\/wp-content\/uploads\/sites\/5\/2025\/08\/jpg-8212.jpg","contentUrl":"https:\/\/staging.forenteforlag.no\/pax\/wp-content\/uploads\/sites\/5\/2025\/08\/jpg-8212.jpg","width":288,"height":449},{"@type":"BreadcrumbList","@id":"https:\/\/staging.forenteforlag.no\/pax\/produkt\/portnoys-besvaerlige-liv\/#breadcrumb","itemListElement":[{"@type":"ListItem","position":1,"name":"Hjem","item":"https:\/\/staging.forenteforlag.no\/pax\/"},{"@type":"ListItem","position":2,"name":"Alle b\u00f8ker","item":"https:\/\/staging.forenteforlag.no\/pax\/butikk\/"},{"@type":"ListItem","position":3,"name":"Portnoys besv\u00e6rlige liv"}]},{"@type":"WebSite","@id":"https:\/\/staging.forenteforlag.no\/pax\/#website","url":"https:\/\/staging.forenteforlag.no\/pax\/","name":"Pax","description":"","potentialAction":[{"@type":"SearchAction","target":{"@type":"EntryPoint","urlTemplate":"https:\/\/staging.forenteforlag.no\/pax\/?s={search_term_string}"},"query-input":{"@type":"PropertyValueSpecification","valueRequired":true,"valueName":"search_term_string"}}],"inLanguage":"nb-NO"}]}},"_links":{"self":[{"href":"https:\/\/staging.forenteforlag.no\/pax\/wp-json\/wp\/v2\/product\/22518","targetHints":{"allow":["GET"]}}],"collection":[{"href":"https:\/\/staging.forenteforlag.no\/pax\/wp-json\/wp\/v2\/product"}],"about":[{"href":"https:\/\/staging.forenteforlag.no\/pax\/wp-json\/wp\/v2\/types\/product"}],"wp:featuredmedia":[{"embeddable":true,"href":"https:\/\/staging.forenteforlag.no\/pax\/wp-json\/wp\/v2\/media\/28869"}],"wp:attachment":[{"href":"https:\/\/staging.forenteforlag.no\/pax\/wp-json\/wp\/v2\/media?parent=22518"}],"wp:term":[{"taxonomy":"product_brand","embeddable":true,"href":"https:\/\/staging.forenteforlag.no\/pax\/wp-json\/wp\/v2\/product_brand?post=22518"},{"taxonomy":"product_cat","embeddable":true,"href":"https:\/\/staging.forenteforlag.no\/pax\/wp-json\/wp\/v2\/product_cat?post=22518"},{"taxonomy":"product_tag","embeddable":true,"href":"https:\/\/staging.forenteforlag.no\/pax\/wp-json\/wp\/v2\/product_tag?post=22518"}],"curies":[{"name":"wp","href":"https:\/\/api.w.org\/{rel}","templated":true}]}}