{"id":22474,"date":"2024-12-10T22:15:20","date_gmt":"2024-12-10T21:15:20","guid":{"rendered":"https:\/\/pax.forenteforlag.no\/produkt\/mandelplukkersken\/"},"modified":"2026-03-04T21:55:20","modified_gmt":"2026-03-04T20:55:20","slug":"mandelplukkersken","status":"publish","type":"product","link":"https:\/\/staging.forenteforlag.no\/pax\/produkt\/mandelplukkersken\/","title":{"rendered":"Mandelplukkersken"},"content":{"rendered":"<p>Handlingen utspiller seg i l\u00f8pet av en m\u00e5ned h\u00f8sten 1963 i den lille byen Roccacolomba p\u00e5 Sicilia. Mennulara har mesteparten av sitt liv tjent hos den fornemme Alfallipe-familien. Til tross for sin lave formelle status, har hun i virkeligheten v\u00e6rt familiens sentrum og forvalteren av familiens eiendommer. Selv etter sin d\u00f8d viser hun sin makt. De udugelige arvingene mottar brev fra henne om at arven bare utbetales hvis de gj\u00f8r n\u00f8yaktig som brevet dikterer.<\/p>\n","protected":false},"excerpt":{"rendered":"<p>Handlingen utspiller seg i l\u00f8pet av en m\u00e5ned h\u00f8sten 1963 i den lille byen Roccacolomba p\u00e5 Sicilia. Mennulara har mesteparten av sitt liv tjent hos den fornemme Alfallipe-familien. Til tross for sin lave formelle status, har hun i virkeligheten v\u00e6rt familiens sentrum og forvalteren av familiens eiendommer. Selv etter sin d\u00f8d viser hun sin makt. [&hellip;]<\/p>\n","protected":false},"featured_media":29272,"template":"","meta":{"_acf_changed":false,"inline_featured_image":false},"product_brand":[],"product_cat":[1782],"product_tag":[519,1095,650,380,370],"class_list":{"0":"post-22474","1":"product","2":"type-product","3":"status-publish","4":"has-post-thumbnail","6":"product_cat-fripris","7":"product_tag-1960-1969","8":"product_tag-grafiske-romaner","9":"product_tag-italia","10":"product_tag-kvinner","11":"product_tag-skjonnlitteratur","13":"first","14":"outofstock","15":"taxable","16":"shipping-taxable","17":"purchasable","18":"product-type-simple"},"acf":{"anmeldelse":null},"yoast_head":"<!-- This site is optimized with the Yoast SEO plugin v26.6 - https:\/\/yoast.com\/wordpress\/plugins\/seo\/ -->\n<title>Mandelplukkersken - Pax<\/title>\n<meta name=\"robots\" content=\"noindex, follow, max-snippet:-1, max-image-preview:large, max-video-preview:-1\" \/>\n<meta property=\"og:locale\" content=\"nb_NO\" \/>\n<meta property=\"og:type\" content=\"article\" \/>\n<meta property=\"og:title\" content=\"Mandelplukkersken - Pax\" \/>\n<meta property=\"og:description\" content=\"Handlingen utspiller seg i l\u00f8pet av en m\u00e5ned h\u00f8sten 1963 i den lille byen Roccacolomba p\u00e5 Sicilia. Mennulara har mesteparten av sitt liv tjent hos den fornemme Alfallipe-familien. Til tross for sin lave formelle status, har hun i virkeligheten v\u00e6rt familiens sentrum og forvalteren av familiens eiendommer. Selv etter sin d\u00f8d viser hun sin makt. [&hellip;]\" \/>\n<meta property=\"og:url\" content=\"https:\/\/staging.forenteforlag.no\/pax\/produkt\/mandelplukkersken\/\" \/>\n<meta property=\"og:site_name\" content=\"Pax\" \/>\n<meta property=\"article:modified_time\" content=\"2026-03-04T20:55:20+00:00\" \/>\n<meta property=\"og:image\" content=\"https:\/\/staging.forenteforlag.no\/pax\/wp-content\/uploads\/sites\/5\/2025\/08\/jpg-9441.jpg\" \/>\n\t<meta property=\"og:image:width\" content=\"279\" \/>\n\t<meta property=\"og:image:height\" content=\"449\" \/>\n\t<meta property=\"og:image:type\" content=\"image\/jpeg\" \/>\n<meta name=\"twitter:card\" content=\"summary_large_image\" \/>\n<script type=\"application\/ld+json\" class=\"yoast-schema-graph\">{\"@context\":\"https:\/\/schema.org\",\"@graph\":[{\"@type\":\"WebPage\",\"@id\":\"https:\/\/staging.forenteforlag.no\/pax\/produkt\/mandelplukkersken\/\",\"url\":\"https:\/\/staging.forenteforlag.no\/pax\/produkt\/mandelplukkersken\/\",\"name\":\"Mandelplukkersken - Pax\",\"isPartOf\":{\"@id\":\"https:\/\/staging.forenteforlag.no\/pax\/#website\"},\"primaryImageOfPage\":{\"@id\":\"https:\/\/staging.forenteforlag.no\/pax\/produkt\/mandelplukkersken\/#primaryimage\"},\"image\":{\"@id\":\"https:\/\/staging.forenteforlag.no\/pax\/produkt\/mandelplukkersken\/#primaryimage\"},\"thumbnailUrl\":\"https:\/\/staging.forenteforlag.no\/pax\/wp-content\/uploads\/sites\/5\/2025\/08\/jpg-9441.jpg\",\"datePublished\":\"2024-12-10T21:15:20+00:00\",\"dateModified\":\"2026-03-04T20:55:20+00:00\",\"breadcrumb\":{\"@id\":\"https:\/\/staging.forenteforlag.no\/pax\/produkt\/mandelplukkersken\/#breadcrumb\"},\"inLanguage\":\"nb-NO\",\"potentialAction\":[{\"@type\":\"ReadAction\",\"target\":[\"https:\/\/staging.forenteforlag.no\/pax\/produkt\/mandelplukkersken\/\"]}]},{\"@type\":\"ImageObject\",\"inLanguage\":\"nb-NO\",\"@id\":\"https:\/\/staging.forenteforlag.no\/pax\/produkt\/mandelplukkersken\/#primaryimage\",\"url\":\"https:\/\/staging.forenteforlag.no\/pax\/wp-content\/uploads\/sites\/5\/2025\/08\/jpg-9441.jpg\",\"contentUrl\":\"https:\/\/staging.forenteforlag.no\/pax\/wp-content\/uploads\/sites\/5\/2025\/08\/jpg-9441.jpg\",\"width\":279,\"height\":449},{\"@type\":\"BreadcrumbList\",\"@id\":\"https:\/\/staging.forenteforlag.no\/pax\/produkt\/mandelplukkersken\/#breadcrumb\",\"itemListElement\":[{\"@type\":\"ListItem\",\"position\":1,\"name\":\"Hjem\",\"item\":\"https:\/\/staging.forenteforlag.no\/pax\/\"},{\"@type\":\"ListItem\",\"position\":2,\"name\":\"Alle b\u00f8ker\",\"item\":\"https:\/\/staging.forenteforlag.no\/pax\/butikk\/\"},{\"@type\":\"ListItem\",\"position\":3,\"name\":\"Mandelplukkersken\"}]},{\"@type\":\"WebSite\",\"@id\":\"https:\/\/staging.forenteforlag.no\/pax\/#website\",\"url\":\"https:\/\/staging.forenteforlag.no\/pax\/\",\"name\":\"Pax\",\"description\":\"\",\"potentialAction\":[{\"@type\":\"SearchAction\",\"target\":{\"@type\":\"EntryPoint\",\"urlTemplate\":\"https:\/\/staging.forenteforlag.no\/pax\/?s={search_term_string}\"},\"query-input\":{\"@type\":\"PropertyValueSpecification\",\"valueRequired\":true,\"valueName\":\"search_term_string\"}}],\"inLanguage\":\"nb-NO\"}]}<\/script>\n<!-- \/ Yoast SEO plugin. -->","yoast_head_json":{"title":"Mandelplukkersken - Pax","robots":{"index":"noindex","follow":"follow","max-snippet":"max-snippet:-1","max-image-preview":"max-image-preview:large","max-video-preview":"max-video-preview:-1"},"og_locale":"nb_NO","og_type":"article","og_title":"Mandelplukkersken - Pax","og_description":"Handlingen utspiller seg i l\u00f8pet av en m\u00e5ned h\u00f8sten 1963 i den lille byen Roccacolomba p\u00e5 Sicilia. Mennulara har mesteparten av sitt liv tjent hos den fornemme Alfallipe-familien. Til tross for sin lave formelle status, har hun i virkeligheten v\u00e6rt familiens sentrum og forvalteren av familiens eiendommer. Selv etter sin d\u00f8d viser hun sin makt. [&hellip;]","og_url":"https:\/\/staging.forenteforlag.no\/pax\/produkt\/mandelplukkersken\/","og_site_name":"Pax","article_modified_time":"2026-03-04T20:55:20+00:00","og_image":[{"width":279,"height":449,"url":"https:\/\/staging.forenteforlag.no\/pax\/wp-content\/uploads\/sites\/5\/2025\/08\/jpg-9441.jpg","type":"image\/jpeg"}],"twitter_card":"summary_large_image","schema":{"@context":"https:\/\/schema.org","@graph":[{"@type":"WebPage","@id":"https:\/\/staging.forenteforlag.no\/pax\/produkt\/mandelplukkersken\/","url":"https:\/\/staging.forenteforlag.no\/pax\/produkt\/mandelplukkersken\/","name":"Mandelplukkersken - Pax","isPartOf":{"@id":"https:\/\/staging.forenteforlag.no\/pax\/#website"},"primaryImageOfPage":{"@id":"https:\/\/staging.forenteforlag.no\/pax\/produkt\/mandelplukkersken\/#primaryimage"},"image":{"@id":"https:\/\/staging.forenteforlag.no\/pax\/produkt\/mandelplukkersken\/#primaryimage"},"thumbnailUrl":"https:\/\/staging.forenteforlag.no\/pax\/wp-content\/uploads\/sites\/5\/2025\/08\/jpg-9441.jpg","datePublished":"2024-12-10T21:15:20+00:00","dateModified":"2026-03-04T20:55:20+00:00","breadcrumb":{"@id":"https:\/\/staging.forenteforlag.no\/pax\/produkt\/mandelplukkersken\/#breadcrumb"},"inLanguage":"nb-NO","potentialAction":[{"@type":"ReadAction","target":["https:\/\/staging.forenteforlag.no\/pax\/produkt\/mandelplukkersken\/"]}]},{"@type":"ImageObject","inLanguage":"nb-NO","@id":"https:\/\/staging.forenteforlag.no\/pax\/produkt\/mandelplukkersken\/#primaryimage","url":"https:\/\/staging.forenteforlag.no\/pax\/wp-content\/uploads\/sites\/5\/2025\/08\/jpg-9441.jpg","contentUrl":"https:\/\/staging.forenteforlag.no\/pax\/wp-content\/uploads\/sites\/5\/2025\/08\/jpg-9441.jpg","width":279,"height":449},{"@type":"BreadcrumbList","@id":"https:\/\/staging.forenteforlag.no\/pax\/produkt\/mandelplukkersken\/#breadcrumb","itemListElement":[{"@type":"ListItem","position":1,"name":"Hjem","item":"https:\/\/staging.forenteforlag.no\/pax\/"},{"@type":"ListItem","position":2,"name":"Alle b\u00f8ker","item":"https:\/\/staging.forenteforlag.no\/pax\/butikk\/"},{"@type":"ListItem","position":3,"name":"Mandelplukkersken"}]},{"@type":"WebSite","@id":"https:\/\/staging.forenteforlag.no\/pax\/#website","url":"https:\/\/staging.forenteforlag.no\/pax\/","name":"Pax","description":"","potentialAction":[{"@type":"SearchAction","target":{"@type":"EntryPoint","urlTemplate":"https:\/\/staging.forenteforlag.no\/pax\/?s={search_term_string}"},"query-input":{"@type":"PropertyValueSpecification","valueRequired":true,"valueName":"search_term_string"}}],"inLanguage":"nb-NO"}]}},"_links":{"self":[{"href":"https:\/\/staging.forenteforlag.no\/pax\/wp-json\/wp\/v2\/product\/22474","targetHints":{"allow":["GET"]}}],"collection":[{"href":"https:\/\/staging.forenteforlag.no\/pax\/wp-json\/wp\/v2\/product"}],"about":[{"href":"https:\/\/staging.forenteforlag.no\/pax\/wp-json\/wp\/v2\/types\/product"}],"wp:featuredmedia":[{"embeddable":true,"href":"https:\/\/staging.forenteforlag.no\/pax\/wp-json\/wp\/v2\/media\/29272"}],"wp:attachment":[{"href":"https:\/\/staging.forenteforlag.no\/pax\/wp-json\/wp\/v2\/media?parent=22474"}],"wp:term":[{"taxonomy":"product_brand","embeddable":true,"href":"https:\/\/staging.forenteforlag.no\/pax\/wp-json\/wp\/v2\/product_brand?post=22474"},{"taxonomy":"product_cat","embeddable":true,"href":"https:\/\/staging.forenteforlag.no\/pax\/wp-json\/wp\/v2\/product_cat?post=22474"},{"taxonomy":"product_tag","embeddable":true,"href":"https:\/\/staging.forenteforlag.no\/pax\/wp-json\/wp\/v2\/product_tag?post=22474"}],"curies":[{"name":"wp","href":"https:\/\/api.w.org\/{rel}","templated":true}]}}