{"id":22381,"date":"2019-06-17T02:00:00","date_gmt":"2019-06-17T00:00:00","guid":{"rendered":"https:\/\/pax.forenteforlag.no\/produkt\/jodedommen-2\/"},"modified":"2026-03-03T22:57:02","modified_gmt":"2026-03-03T21:57:02","slug":"jodedommen-2","status":"publish","type":"product","link":"https:\/\/staging.forenteforlag.no\/pax\/produkt\/jodedommen-2\/","title":{"rendered":"J\u00f8dedommen"},"content":{"rendered":"<p>Ny revidert og oppdatert utgave!<\/p>\n<p>J\u00f8dene f\u00f8rer sin historie tilbake til tredje \u00e5rtusen f\u00f8r v\u00e5r tidsregning. I to tusen \u00e5r har det bodd j\u00f8der i Europa, likevel er j\u00f8dedommen, av flere grunner, for de fleste ikke-j\u00f8der en ukjent religion og kultur. Denne bokens hensikt er \u00e5 gi et lite innblikk i en rik og levende tradisjon, der historien, kulturen og religionen er vevet sammen til et teppe med mange m\u00f8nstre og variasjoner. <\/p>\n<p>J\u00f8dedommen er en bok i Pax-serien Verdensreligionene. Serien best\u00e5r av fire bind: Buddhismen, J\u00f8dedommen, Hinduismen og Islam. Forfatterne i serien er norske religionshistorikere, og b\u00f8kene skal gi en levende og leservennlig innf\u00f8ring i den enkelte religion. Verdensreligionene \u00f8nsker \u00e5 reflektere religionsfaget som et moderne kulturfag i Norge i dag, med et perspektiv p\u00e5 religionene som menneskeskapte kulturelle ytringer. Samtidig er hvert enkelt bind skrevet med b\u00e5de kunnskap og kj\u00e6rlighet, det inneb\u00e6rer at forfatterne har fors\u00f8kt s\u00e5 langt r\u00e5d er \u00e5 fremstille den enkelte religion p\u00e5 dens egne premisser. Alle b\u00f8kene har et historisk perspektiv, men f\u00f8lger sin religion helt frem til i dag, med de utfordringer hver og en av dem st\u00e5r overfor i v\u00e5r tid. <\/p>\n<p>I denne revisjonen er alle demografiske tall justert og oppdatert til 2019, det samme gjelder kronologien over hendelser i j\u00f8dedommens historie. Delene som omhandler de nyere retningene innenfor dagens j\u00f8dedom er utvidet noe, ikke minst for \u00e5 inkludere de senere \u00e5rs utvikling n\u00e5r det gjelder synet p\u00e5 kvinners deltagelse i ritualene, men ogs\u00e5 p\u00e5 ogs\u00e5 homofiles, lesbiskes, bifile og transpersoners stilling innenfor de ulike retningene.  Det er ogs\u00e5 foretatt oppdateringer og utvidelser i kapittelet \u00abFra katastrofe til nytt h\u00e5p\u00bb, spesielt i de delene som omhandler religionens plass i dagens Israel, forholdet mellom Israel og dets naboer og Israel i dag.<\/p>\n","protected":false},"excerpt":{"rendered":"<p>Ny revidert og oppdatert utgave! J\u00f8dene f\u00f8rer sin historie tilbake til tredje \u00e5rtusen f\u00f8r v\u00e5r tidsregning. I to tusen \u00e5r har det bodd j\u00f8der i Europa, likevel er j\u00f8dedommen, av flere grunner, for de fleste ikke-j\u00f8der en ukjent religion og kultur. Denne bokens hensikt er \u00e5 gi et lite innblikk i en rik og levende [&hellip;]<\/p>\n","protected":false},"featured_media":29114,"template":"","meta":{"_acf_changed":false,"inline_featured_image":false},"product_brand":[],"product_cat":[1782],"product_tag":[362,1134,502],"class_list":{"0":"post-22381","1":"product","2":"type-product","3":"status-publish","4":"has-post-thumbnail","6":"product_cat-fripris","7":"product_tag-faglitteratur","8":"product_tag-jodedommen","9":"product_tag-laereboker-hoyere-utd","11":"first","12":"instock","13":"shipping-taxable","14":"purchasable","15":"product-type-simple"},"acf":{"anmeldelse":null},"yoast_head":"<!-- This site is optimized with the Yoast SEO plugin v26.6 - https:\/\/yoast.com\/wordpress\/plugins\/seo\/ -->\n<title>J\u00f8dedommen - Pax<\/title>\n<meta name=\"robots\" content=\"noindex, follow, max-snippet:-1, max-image-preview:large, max-video-preview:-1\" \/>\n<meta property=\"og:locale\" content=\"nb_NO\" \/>\n<meta property=\"og:type\" content=\"article\" \/>\n<meta property=\"og:title\" content=\"J\u00f8dedommen - Pax\" \/>\n<meta property=\"og:description\" content=\"Ny revidert og oppdatert utgave! J\u00f8dene f\u00f8rer sin historie tilbake til tredje \u00e5rtusen f\u00f8r v\u00e5r tidsregning. I to tusen \u00e5r har det bodd j\u00f8der i Europa, likevel er j\u00f8dedommen, av flere grunner, for de fleste ikke-j\u00f8der en ukjent religion og kultur. Denne bokens hensikt er \u00e5 gi et lite innblikk i en rik og levende [&hellip;]\" \/>\n<meta property=\"og:url\" content=\"https:\/\/staging.forenteforlag.no\/pax\/produkt\/jodedommen-2\/\" \/>\n<meta property=\"og:site_name\" content=\"Pax\" \/>\n<meta property=\"article:modified_time\" content=\"2026-03-03T21:57:02+00:00\" \/>\n<meta property=\"og:image\" content=\"https:\/\/staging.forenteforlag.no\/pax\/wp-content\/uploads\/sites\/5\/2025\/08\/jpg-8933-scaled-1-scaled.jpg\" \/>\n\t<meta property=\"og:image:width\" content=\"1354\" \/>\n\t<meta property=\"og:image:height\" content=\"1920\" \/>\n\t<meta property=\"og:image:type\" content=\"image\/jpeg\" \/>\n<meta name=\"twitter:card\" content=\"summary_large_image\" \/>\n<meta name=\"twitter:label1\" content=\"Ansl. lesetid\" \/>\n\t<meta name=\"twitter:data1\" content=\"2 minutter\" \/>\n<script type=\"application\/ld+json\" class=\"yoast-schema-graph\">{\"@context\":\"https:\/\/schema.org\",\"@graph\":[{\"@type\":\"WebPage\",\"@id\":\"https:\/\/staging.forenteforlag.no\/pax\/produkt\/jodedommen-2\/\",\"url\":\"https:\/\/staging.forenteforlag.no\/pax\/produkt\/jodedommen-2\/\",\"name\":\"J\u00f8dedommen - Pax\",\"isPartOf\":{\"@id\":\"https:\/\/staging.forenteforlag.no\/pax\/#website\"},\"primaryImageOfPage\":{\"@id\":\"https:\/\/staging.forenteforlag.no\/pax\/produkt\/jodedommen-2\/#primaryimage\"},\"image\":{\"@id\":\"https:\/\/staging.forenteforlag.no\/pax\/produkt\/jodedommen-2\/#primaryimage\"},\"thumbnailUrl\":\"https:\/\/staging.forenteforlag.no\/pax\/wp-content\/uploads\/sites\/5\/2025\/08\/jpg-8933-scaled-1-scaled.jpg\",\"datePublished\":\"2019-06-17T00:00:00+00:00\",\"dateModified\":\"2026-03-03T21:57:02+00:00\",\"breadcrumb\":{\"@id\":\"https:\/\/staging.forenteforlag.no\/pax\/produkt\/jodedommen-2\/#breadcrumb\"},\"inLanguage\":\"nb-NO\",\"potentialAction\":[{\"@type\":\"ReadAction\",\"target\":[\"https:\/\/staging.forenteforlag.no\/pax\/produkt\/jodedommen-2\/\"]}]},{\"@type\":\"ImageObject\",\"inLanguage\":\"nb-NO\",\"@id\":\"https:\/\/staging.forenteforlag.no\/pax\/produkt\/jodedommen-2\/#primaryimage\",\"url\":\"https:\/\/staging.forenteforlag.no\/pax\/wp-content\/uploads\/sites\/5\/2025\/08\/jpg-8933-scaled-1-scaled.jpg\",\"contentUrl\":\"https:\/\/staging.forenteforlag.no\/pax\/wp-content\/uploads\/sites\/5\/2025\/08\/jpg-8933-scaled-1-scaled.jpg\",\"width\":1354,\"height\":1920},{\"@type\":\"BreadcrumbList\",\"@id\":\"https:\/\/staging.forenteforlag.no\/pax\/produkt\/jodedommen-2\/#breadcrumb\",\"itemListElement\":[{\"@type\":\"ListItem\",\"position\":1,\"name\":\"Hjem\",\"item\":\"https:\/\/staging.forenteforlag.no\/pax\/\"},{\"@type\":\"ListItem\",\"position\":2,\"name\":\"Alle b\u00f8ker\",\"item\":\"https:\/\/staging.forenteforlag.no\/pax\/butikk\/\"},{\"@type\":\"ListItem\",\"position\":3,\"name\":\"J\u00f8dedommen\"}]},{\"@type\":\"WebSite\",\"@id\":\"https:\/\/staging.forenteforlag.no\/pax\/#website\",\"url\":\"https:\/\/staging.forenteforlag.no\/pax\/\",\"name\":\"Pax\",\"description\":\"\",\"potentialAction\":[{\"@type\":\"SearchAction\",\"target\":{\"@type\":\"EntryPoint\",\"urlTemplate\":\"https:\/\/staging.forenteforlag.no\/pax\/?s={search_term_string}\"},\"query-input\":{\"@type\":\"PropertyValueSpecification\",\"valueRequired\":true,\"valueName\":\"search_term_string\"}}],\"inLanguage\":\"nb-NO\"}]}<\/script>\n<!-- \/ Yoast SEO plugin. -->","yoast_head_json":{"title":"J\u00f8dedommen - Pax","robots":{"index":"noindex","follow":"follow","max-snippet":"max-snippet:-1","max-image-preview":"max-image-preview:large","max-video-preview":"max-video-preview:-1"},"og_locale":"nb_NO","og_type":"article","og_title":"J\u00f8dedommen - Pax","og_description":"Ny revidert og oppdatert utgave! J\u00f8dene f\u00f8rer sin historie tilbake til tredje \u00e5rtusen f\u00f8r v\u00e5r tidsregning. I to tusen \u00e5r har det bodd j\u00f8der i Europa, likevel er j\u00f8dedommen, av flere grunner, for de fleste ikke-j\u00f8der en ukjent religion og kultur. Denne bokens hensikt er \u00e5 gi et lite innblikk i en rik og levende [&hellip;]","og_url":"https:\/\/staging.forenteforlag.no\/pax\/produkt\/jodedommen-2\/","og_site_name":"Pax","article_modified_time":"2026-03-03T21:57:02+00:00","og_image":[{"width":1354,"height":1920,"url":"https:\/\/staging.forenteforlag.no\/pax\/wp-content\/uploads\/sites\/5\/2025\/08\/jpg-8933-scaled-1-scaled.jpg","type":"image\/jpeg"}],"twitter_card":"summary_large_image","twitter_misc":{"Ansl. lesetid":"2 minutter"},"schema":{"@context":"https:\/\/schema.org","@graph":[{"@type":"WebPage","@id":"https:\/\/staging.forenteforlag.no\/pax\/produkt\/jodedommen-2\/","url":"https:\/\/staging.forenteforlag.no\/pax\/produkt\/jodedommen-2\/","name":"J\u00f8dedommen - Pax","isPartOf":{"@id":"https:\/\/staging.forenteforlag.no\/pax\/#website"},"primaryImageOfPage":{"@id":"https:\/\/staging.forenteforlag.no\/pax\/produkt\/jodedommen-2\/#primaryimage"},"image":{"@id":"https:\/\/staging.forenteforlag.no\/pax\/produkt\/jodedommen-2\/#primaryimage"},"thumbnailUrl":"https:\/\/staging.forenteforlag.no\/pax\/wp-content\/uploads\/sites\/5\/2025\/08\/jpg-8933-scaled-1-scaled.jpg","datePublished":"2019-06-17T00:00:00+00:00","dateModified":"2026-03-03T21:57:02+00:00","breadcrumb":{"@id":"https:\/\/staging.forenteforlag.no\/pax\/produkt\/jodedommen-2\/#breadcrumb"},"inLanguage":"nb-NO","potentialAction":[{"@type":"ReadAction","target":["https:\/\/staging.forenteforlag.no\/pax\/produkt\/jodedommen-2\/"]}]},{"@type":"ImageObject","inLanguage":"nb-NO","@id":"https:\/\/staging.forenteforlag.no\/pax\/produkt\/jodedommen-2\/#primaryimage","url":"https:\/\/staging.forenteforlag.no\/pax\/wp-content\/uploads\/sites\/5\/2025\/08\/jpg-8933-scaled-1-scaled.jpg","contentUrl":"https:\/\/staging.forenteforlag.no\/pax\/wp-content\/uploads\/sites\/5\/2025\/08\/jpg-8933-scaled-1-scaled.jpg","width":1354,"height":1920},{"@type":"BreadcrumbList","@id":"https:\/\/staging.forenteforlag.no\/pax\/produkt\/jodedommen-2\/#breadcrumb","itemListElement":[{"@type":"ListItem","position":1,"name":"Hjem","item":"https:\/\/staging.forenteforlag.no\/pax\/"},{"@type":"ListItem","position":2,"name":"Alle b\u00f8ker","item":"https:\/\/staging.forenteforlag.no\/pax\/butikk\/"},{"@type":"ListItem","position":3,"name":"J\u00f8dedommen"}]},{"@type":"WebSite","@id":"https:\/\/staging.forenteforlag.no\/pax\/#website","url":"https:\/\/staging.forenteforlag.no\/pax\/","name":"Pax","description":"","potentialAction":[{"@type":"SearchAction","target":{"@type":"EntryPoint","urlTemplate":"https:\/\/staging.forenteforlag.no\/pax\/?s={search_term_string}"},"query-input":{"@type":"PropertyValueSpecification","valueRequired":true,"valueName":"search_term_string"}}],"inLanguage":"nb-NO"}]}},"_links":{"self":[{"href":"https:\/\/staging.forenteforlag.no\/pax\/wp-json\/wp\/v2\/product\/22381","targetHints":{"allow":["GET"]}}],"collection":[{"href":"https:\/\/staging.forenteforlag.no\/pax\/wp-json\/wp\/v2\/product"}],"about":[{"href":"https:\/\/staging.forenteforlag.no\/pax\/wp-json\/wp\/v2\/types\/product"}],"wp:featuredmedia":[{"embeddable":true,"href":"https:\/\/staging.forenteforlag.no\/pax\/wp-json\/wp\/v2\/media\/29114"}],"wp:attachment":[{"href":"https:\/\/staging.forenteforlag.no\/pax\/wp-json\/wp\/v2\/media?parent=22381"}],"wp:term":[{"taxonomy":"product_brand","embeddable":true,"href":"https:\/\/staging.forenteforlag.no\/pax\/wp-json\/wp\/v2\/product_brand?post=22381"},{"taxonomy":"product_cat","embeddable":true,"href":"https:\/\/staging.forenteforlag.no\/pax\/wp-json\/wp\/v2\/product_cat?post=22381"},{"taxonomy":"product_tag","embeddable":true,"href":"https:\/\/staging.forenteforlag.no\/pax\/wp-json\/wp\/v2\/product_tag?post=22381"}],"curies":[{"name":"wp","href":"https:\/\/api.w.org\/{rel}","templated":true}]}}