{"id":22350,"date":"2024-12-10T22:12:03","date_gmt":"2024-12-10T21:12:03","guid":{"rendered":"https:\/\/pax.forenteforlag.no\/produkt\/dogmet-om-jesus\/"},"modified":"2026-03-04T18:25:49","modified_gmt":"2026-03-04T17:25:49","slug":"dogmet-om-jesus","status":"publish","type":"product","link":"https:\/\/staging.forenteforlag.no\/pax\/produkt\/dogmet-om-jesus\/","title":{"rendered":"Dogmet om Jesus"},"content":{"rendered":"<p>Edwien tar her opp sp\u00f8rsm\u00e5let om kirken og dens teologer har rett eller grunn til \u00e5 fremstille Jesus som det ufeilbarlige overmennesket. Dette er ikke et trossp\u00f8rsm\u00e5l, hevder han, men et rent historisk sp\u00f8rsm\u00e5l som bare en uavhengig forskning kan besvare. Forfatteren er religionsforsker og idehistoriker med kristendommens teologi som hovedtema. Med ordforklaringer.<\/p>\n","protected":false},"excerpt":{"rendered":"<p>Edwien tar her opp sp\u00f8rsm\u00e5let om kirken og dens teologer har rett eller grunn til \u00e5 fremstille Jesus som det ufeilbarlige overmennesket. Dette er ikke et trossp\u00f8rsm\u00e5l, hevder han, men et rent historisk sp\u00f8rsm\u00e5l som bare en uavhengig forskning kan besvare. Forfatteren er religionsforsker og idehistoriker med kristendommens teologi som hovedtema. Med ordforklaringer.<\/p>\n","protected":false},"featured_media":0,"template":"","meta":{"_acf_changed":false,"inline_featured_image":false},"product_brand":[],"product_cat":[1782],"product_tag":[362,680],"class_list":{"0":"post-22350","1":"product","2":"type-product","3":"status-publish","5":"product_cat-fripris","6":"product_tag-faglitteratur","7":"product_tag-jesus","9":"first","10":"outofstock","11":"taxable","12":"shipping-taxable","13":"purchasable","14":"product-type-simple"},"acf":{"anmeldelse":null},"yoast_head":"<!-- This site is optimized with the Yoast SEO plugin v26.6 - https:\/\/yoast.com\/wordpress\/plugins\/seo\/ -->\n<title>Dogmet om Jesus - Pax<\/title>\n<meta name=\"robots\" content=\"noindex, follow, max-snippet:-1, max-image-preview:large, max-video-preview:-1\" \/>\n<meta property=\"og:locale\" content=\"nb_NO\" \/>\n<meta property=\"og:type\" content=\"article\" \/>\n<meta property=\"og:title\" content=\"Dogmet om Jesus - Pax\" \/>\n<meta property=\"og:description\" content=\"Edwien tar her opp sp\u00f8rsm\u00e5let om kirken og dens teologer har rett eller grunn til \u00e5 fremstille Jesus som det ufeilbarlige overmennesket. Dette er ikke et trossp\u00f8rsm\u00e5l, hevder han, men et rent historisk sp\u00f8rsm\u00e5l som bare en uavhengig forskning kan besvare. Forfatteren er religionsforsker og idehistoriker med kristendommens teologi som hovedtema. Med ordforklaringer.\" \/>\n<meta property=\"og:url\" content=\"https:\/\/staging.forenteforlag.no\/pax\/produkt\/dogmet-om-jesus\/\" \/>\n<meta property=\"og:site_name\" content=\"Pax\" \/>\n<meta property=\"article:modified_time\" content=\"2026-03-04T17:25:49+00:00\" \/>\n<meta property=\"og:image\" content=\"https:\/\/staging.forenteforlag.no\/pax\/wp-content\/uploads\/sites\/5\/2025\/02\/pax-hvit.jpg\" \/>\n\t<meta property=\"og:image:width\" content=\"1200\" \/>\n\t<meta property=\"og:image:height\" content=\"800\" \/>\n\t<meta property=\"og:image:type\" content=\"image\/jpeg\" \/>\n<meta name=\"twitter:card\" content=\"summary_large_image\" \/>\n<script type=\"application\/ld+json\" class=\"yoast-schema-graph\">{\"@context\":\"https:\/\/schema.org\",\"@graph\":[{\"@type\":\"WebPage\",\"@id\":\"https:\/\/staging.forenteforlag.no\/pax\/produkt\/dogmet-om-jesus\/\",\"url\":\"https:\/\/staging.forenteforlag.no\/pax\/produkt\/dogmet-om-jesus\/\",\"name\":\"Dogmet om Jesus - Pax\",\"isPartOf\":{\"@id\":\"https:\/\/staging.forenteforlag.no\/pax\/#website\"},\"datePublished\":\"2024-12-10T21:12:03+00:00\",\"dateModified\":\"2026-03-04T17:25:49+00:00\",\"breadcrumb\":{\"@id\":\"https:\/\/staging.forenteforlag.no\/pax\/produkt\/dogmet-om-jesus\/#breadcrumb\"},\"inLanguage\":\"nb-NO\",\"potentialAction\":[{\"@type\":\"ReadAction\",\"target\":[\"https:\/\/staging.forenteforlag.no\/pax\/produkt\/dogmet-om-jesus\/\"]}]},{\"@type\":\"BreadcrumbList\",\"@id\":\"https:\/\/staging.forenteforlag.no\/pax\/produkt\/dogmet-om-jesus\/#breadcrumb\",\"itemListElement\":[{\"@type\":\"ListItem\",\"position\":1,\"name\":\"Hjem\",\"item\":\"https:\/\/staging.forenteforlag.no\/pax\/\"},{\"@type\":\"ListItem\",\"position\":2,\"name\":\"Alle b\u00f8ker\",\"item\":\"https:\/\/staging.forenteforlag.no\/pax\/butikk\/\"},{\"@type\":\"ListItem\",\"position\":3,\"name\":\"Dogmet om Jesus\"}]},{\"@type\":\"WebSite\",\"@id\":\"https:\/\/staging.forenteforlag.no\/pax\/#website\",\"url\":\"https:\/\/staging.forenteforlag.no\/pax\/\",\"name\":\"Pax\",\"description\":\"\",\"potentialAction\":[{\"@type\":\"SearchAction\",\"target\":{\"@type\":\"EntryPoint\",\"urlTemplate\":\"https:\/\/staging.forenteforlag.no\/pax\/?s={search_term_string}\"},\"query-input\":{\"@type\":\"PropertyValueSpecification\",\"valueRequired\":true,\"valueName\":\"search_term_string\"}}],\"inLanguage\":\"nb-NO\"}]}<\/script>\n<!-- \/ Yoast SEO plugin. -->","yoast_head_json":{"title":"Dogmet om Jesus - Pax","robots":{"index":"noindex","follow":"follow","max-snippet":"max-snippet:-1","max-image-preview":"max-image-preview:large","max-video-preview":"max-video-preview:-1"},"og_locale":"nb_NO","og_type":"article","og_title":"Dogmet om Jesus - Pax","og_description":"Edwien tar her opp sp\u00f8rsm\u00e5let om kirken og dens teologer har rett eller grunn til \u00e5 fremstille Jesus som det ufeilbarlige overmennesket. Dette er ikke et trossp\u00f8rsm\u00e5l, hevder han, men et rent historisk sp\u00f8rsm\u00e5l som bare en uavhengig forskning kan besvare. Forfatteren er religionsforsker og idehistoriker med kristendommens teologi som hovedtema. Med ordforklaringer.","og_url":"https:\/\/staging.forenteforlag.no\/pax\/produkt\/dogmet-om-jesus\/","og_site_name":"Pax","article_modified_time":"2026-03-04T17:25:49+00:00","og_image":[{"width":1200,"height":800,"url":"https:\/\/staging.forenteforlag.no\/pax\/wp-content\/uploads\/sites\/5\/2025\/02\/pax-hvit.jpg","type":"image\/jpeg"}],"twitter_card":"summary_large_image","schema":{"@context":"https:\/\/schema.org","@graph":[{"@type":"WebPage","@id":"https:\/\/staging.forenteforlag.no\/pax\/produkt\/dogmet-om-jesus\/","url":"https:\/\/staging.forenteforlag.no\/pax\/produkt\/dogmet-om-jesus\/","name":"Dogmet om Jesus - Pax","isPartOf":{"@id":"https:\/\/staging.forenteforlag.no\/pax\/#website"},"datePublished":"2024-12-10T21:12:03+00:00","dateModified":"2026-03-04T17:25:49+00:00","breadcrumb":{"@id":"https:\/\/staging.forenteforlag.no\/pax\/produkt\/dogmet-om-jesus\/#breadcrumb"},"inLanguage":"nb-NO","potentialAction":[{"@type":"ReadAction","target":["https:\/\/staging.forenteforlag.no\/pax\/produkt\/dogmet-om-jesus\/"]}]},{"@type":"BreadcrumbList","@id":"https:\/\/staging.forenteforlag.no\/pax\/produkt\/dogmet-om-jesus\/#breadcrumb","itemListElement":[{"@type":"ListItem","position":1,"name":"Hjem","item":"https:\/\/staging.forenteforlag.no\/pax\/"},{"@type":"ListItem","position":2,"name":"Alle b\u00f8ker","item":"https:\/\/staging.forenteforlag.no\/pax\/butikk\/"},{"@type":"ListItem","position":3,"name":"Dogmet om Jesus"}]},{"@type":"WebSite","@id":"https:\/\/staging.forenteforlag.no\/pax\/#website","url":"https:\/\/staging.forenteforlag.no\/pax\/","name":"Pax","description":"","potentialAction":[{"@type":"SearchAction","target":{"@type":"EntryPoint","urlTemplate":"https:\/\/staging.forenteforlag.no\/pax\/?s={search_term_string}"},"query-input":{"@type":"PropertyValueSpecification","valueRequired":true,"valueName":"search_term_string"}}],"inLanguage":"nb-NO"}]}},"_links":{"self":[{"href":"https:\/\/staging.forenteforlag.no\/pax\/wp-json\/wp\/v2\/product\/22350","targetHints":{"allow":["GET"]}}],"collection":[{"href":"https:\/\/staging.forenteforlag.no\/pax\/wp-json\/wp\/v2\/product"}],"about":[{"href":"https:\/\/staging.forenteforlag.no\/pax\/wp-json\/wp\/v2\/types\/product"}],"wp:attachment":[{"href":"https:\/\/staging.forenteforlag.no\/pax\/wp-json\/wp\/v2\/media?parent=22350"}],"wp:term":[{"taxonomy":"product_brand","embeddable":true,"href":"https:\/\/staging.forenteforlag.no\/pax\/wp-json\/wp\/v2\/product_brand?post=22350"},{"taxonomy":"product_cat","embeddable":true,"href":"https:\/\/staging.forenteforlag.no\/pax\/wp-json\/wp\/v2\/product_cat?post=22350"},{"taxonomy":"product_tag","embeddable":true,"href":"https:\/\/staging.forenteforlag.no\/pax\/wp-json\/wp\/v2\/product_tag?post=22350"}],"curies":[{"name":"wp","href":"https:\/\/api.w.org\/{rel}","templated":true}]}}