{"id":22317,"date":"2013-08-19T02:00:00","date_gmt":"2013-08-19T00:00:00","guid":{"rendered":"https:\/\/pax.forenteforlag.no\/produkt\/stille\/"},"modified":"2025-08-27T13:21:36","modified_gmt":"2025-08-27T11:21:36","slug":"stille","status":"publish","type":"product","link":"https:\/\/staging.forenteforlag.no\/pax\/produkt\/stille\/","title":{"rendered":"Stille"},"content":{"rendered":"<p>Vi lever i en tid som dyrker selvrealisering og selvhevdelse. Det er den utadvendte, den som hever r\u00f8sten, som blir tilgodesett oppmerksomhet. Det er dette som er idealet.  Vi m\u00e5 vise oss frem, fortelle om bragder og ambisjoner, fremheve v\u00e5rt potensiale, skaffe oss oppmerksomhet ved \u00e5 bidra i alle slags diskusjoner eller konkurranser. Og, selvsagt, idealet er ogs\u00e5 \u00e5 v\u00e6re helt og fullt til stede med sin selvfremstilling p\u00e5 twitter og facebook.  Men ikke for alle, ikke for den innadvendte. Den innadvendte er kjennetegnet ved at hun foretrekker \u00e5 jobbe alene fremfor i gruppe, hun lytter fremfor \u00e5 snakke selv, vil heller ta et glass vin i stille omgivelser med noen f\u00e5 enn \u00e5 g\u00e5 p\u00e5 mottagelser og middager med mange. Den innadvendte s\u00f8ker ro og stillhet, og trenger mindre stimulanse enn andre. Men hun er nyskapende og kreativ, og veldig ofte en god leder! <\/p>\n","protected":false},"excerpt":{"rendered":"<p>Vi lever i en tid som dyrker selvrealisering og selvhevdelse. Det er den utadvendte, den som hever r\u00f8sten, som blir tilgodesett oppmerksomhet. Det er dette som er idealet. Vi m\u00e5 vise oss frem, fortelle om bragder og ambisjoner, fremheve v\u00e5rt potensiale, skaffe oss oppmerksomhet ved \u00e5 bidra i alle slags diskusjoner eller konkurranser. Og, selvsagt, [&hellip;]<\/p>\n","protected":false},"featured_media":29443,"template":"","meta":{"_acf_changed":false,"inline_featured_image":false},"product_brand":[],"product_cat":[25,34],"product_tag":[619,362,774,620],"class_list":{"0":"post-22317","1":"product","2":"type-product","3":"status-publish","4":"has-post-thumbnail","6":"product_cat-kropp-og-sinn","7":"product_cat-teknikk-og-populaervitenskap","8":"product_tag-atferd","9":"product_tag-faglitteratur","10":"product_tag-individualpsykologi","11":"product_tag-personlighet","12":"pa_format-innbundet","14":"first","15":"outofstock","16":"shipping-taxable","17":"purchasable","18":"product-type-simple"},"acf":{"anmeldelse":null},"yoast_head":"<!-- This site is optimized with the Yoast SEO plugin v26.6 - https:\/\/yoast.com\/wordpress\/plugins\/seo\/ -->\n<title>Stille - Pax<\/title>\n<meta name=\"robots\" content=\"noindex, follow, max-snippet:-1, max-image-preview:large, max-video-preview:-1\" \/>\n<meta property=\"og:locale\" content=\"nb_NO\" \/>\n<meta property=\"og:type\" content=\"article\" \/>\n<meta property=\"og:title\" content=\"Stille - Pax\" \/>\n<meta property=\"og:description\" content=\"Vi lever i en tid som dyrker selvrealisering og selvhevdelse. Det er den utadvendte, den som hever r\u00f8sten, som blir tilgodesett oppmerksomhet. Det er dette som er idealet. Vi m\u00e5 vise oss frem, fortelle om bragder og ambisjoner, fremheve v\u00e5rt potensiale, skaffe oss oppmerksomhet ved \u00e5 bidra i alle slags diskusjoner eller konkurranser. Og, selvsagt, [&hellip;]\" \/>\n<meta property=\"og:url\" content=\"https:\/\/staging.forenteforlag.no\/pax\/produkt\/stille\/\" \/>\n<meta property=\"og:site_name\" content=\"Pax\" \/>\n<meta property=\"article:modified_time\" content=\"2025-08-27T11:21:36+00:00\" \/>\n<meta property=\"og:image\" content=\"https:\/\/staging.forenteforlag.no\/pax\/wp-content\/uploads\/sites\/5\/2025\/08\/jpg-9960.jpg\" \/>\n\t<meta property=\"og:image:width\" content=\"324\" \/>\n\t<meta property=\"og:image:height\" content=\"449\" \/>\n\t<meta property=\"og:image:type\" content=\"image\/jpeg\" \/>\n<meta name=\"twitter:card\" content=\"summary_large_image\" \/>\n<meta name=\"twitter:label1\" content=\"Ansl. lesetid\" \/>\n\t<meta name=\"twitter:data1\" content=\"1 minutt\" \/>\n<script type=\"application\/ld+json\" class=\"yoast-schema-graph\">{\"@context\":\"https:\/\/schema.org\",\"@graph\":[{\"@type\":\"WebPage\",\"@id\":\"https:\/\/staging.forenteforlag.no\/pax\/produkt\/stille\/\",\"url\":\"https:\/\/staging.forenteforlag.no\/pax\/produkt\/stille\/\",\"name\":\"Stille - Pax\",\"isPartOf\":{\"@id\":\"https:\/\/staging.forenteforlag.no\/pax\/#website\"},\"primaryImageOfPage\":{\"@id\":\"https:\/\/staging.forenteforlag.no\/pax\/produkt\/stille\/#primaryimage\"},\"image\":{\"@id\":\"https:\/\/staging.forenteforlag.no\/pax\/produkt\/stille\/#primaryimage\"},\"thumbnailUrl\":\"https:\/\/staging.forenteforlag.no\/pax\/wp-content\/uploads\/sites\/5\/2025\/08\/jpg-9960.jpg\",\"datePublished\":\"2013-08-19T00:00:00+00:00\",\"dateModified\":\"2025-08-27T11:21:36+00:00\",\"breadcrumb\":{\"@id\":\"https:\/\/staging.forenteforlag.no\/pax\/produkt\/stille\/#breadcrumb\"},\"inLanguage\":\"nb-NO\",\"potentialAction\":[{\"@type\":\"ReadAction\",\"target\":[\"https:\/\/staging.forenteforlag.no\/pax\/produkt\/stille\/\"]}]},{\"@type\":\"ImageObject\",\"inLanguage\":\"nb-NO\",\"@id\":\"https:\/\/staging.forenteforlag.no\/pax\/produkt\/stille\/#primaryimage\",\"url\":\"https:\/\/staging.forenteforlag.no\/pax\/wp-content\/uploads\/sites\/5\/2025\/08\/jpg-9960.jpg\",\"contentUrl\":\"https:\/\/staging.forenteforlag.no\/pax\/wp-content\/uploads\/sites\/5\/2025\/08\/jpg-9960.jpg\",\"width\":324,\"height\":449},{\"@type\":\"BreadcrumbList\",\"@id\":\"https:\/\/staging.forenteforlag.no\/pax\/produkt\/stille\/#breadcrumb\",\"itemListElement\":[{\"@type\":\"ListItem\",\"position\":1,\"name\":\"Hjem\",\"item\":\"https:\/\/staging.forenteforlag.no\/pax\/\"},{\"@type\":\"ListItem\",\"position\":2,\"name\":\"Alle b\u00f8ker\",\"item\":\"https:\/\/staging.forenteforlag.no\/pax\/butikk\/\"},{\"@type\":\"ListItem\",\"position\":3,\"name\":\"Stille\"}]},{\"@type\":\"WebSite\",\"@id\":\"https:\/\/staging.forenteforlag.no\/pax\/#website\",\"url\":\"https:\/\/staging.forenteforlag.no\/pax\/\",\"name\":\"Pax\",\"description\":\"\",\"potentialAction\":[{\"@type\":\"SearchAction\",\"target\":{\"@type\":\"EntryPoint\",\"urlTemplate\":\"https:\/\/staging.forenteforlag.no\/pax\/?s={search_term_string}\"},\"query-input\":{\"@type\":\"PropertyValueSpecification\",\"valueRequired\":true,\"valueName\":\"search_term_string\"}}],\"inLanguage\":\"nb-NO\"}]}<\/script>\n<!-- \/ Yoast SEO plugin. -->","yoast_head_json":{"title":"Stille - Pax","robots":{"index":"noindex","follow":"follow","max-snippet":"max-snippet:-1","max-image-preview":"max-image-preview:large","max-video-preview":"max-video-preview:-1"},"og_locale":"nb_NO","og_type":"article","og_title":"Stille - Pax","og_description":"Vi lever i en tid som dyrker selvrealisering og selvhevdelse. Det er den utadvendte, den som hever r\u00f8sten, som blir tilgodesett oppmerksomhet. Det er dette som er idealet. Vi m\u00e5 vise oss frem, fortelle om bragder og ambisjoner, fremheve v\u00e5rt potensiale, skaffe oss oppmerksomhet ved \u00e5 bidra i alle slags diskusjoner eller konkurranser. Og, selvsagt, [&hellip;]","og_url":"https:\/\/staging.forenteforlag.no\/pax\/produkt\/stille\/","og_site_name":"Pax","article_modified_time":"2025-08-27T11:21:36+00:00","og_image":[{"width":324,"height":449,"url":"https:\/\/staging.forenteforlag.no\/pax\/wp-content\/uploads\/sites\/5\/2025\/08\/jpg-9960.jpg","type":"image\/jpeg"}],"twitter_card":"summary_large_image","twitter_misc":{"Ansl. lesetid":"1 minutt"},"schema":{"@context":"https:\/\/schema.org","@graph":[{"@type":"WebPage","@id":"https:\/\/staging.forenteforlag.no\/pax\/produkt\/stille\/","url":"https:\/\/staging.forenteforlag.no\/pax\/produkt\/stille\/","name":"Stille - Pax","isPartOf":{"@id":"https:\/\/staging.forenteforlag.no\/pax\/#website"},"primaryImageOfPage":{"@id":"https:\/\/staging.forenteforlag.no\/pax\/produkt\/stille\/#primaryimage"},"image":{"@id":"https:\/\/staging.forenteforlag.no\/pax\/produkt\/stille\/#primaryimage"},"thumbnailUrl":"https:\/\/staging.forenteforlag.no\/pax\/wp-content\/uploads\/sites\/5\/2025\/08\/jpg-9960.jpg","datePublished":"2013-08-19T00:00:00+00:00","dateModified":"2025-08-27T11:21:36+00:00","breadcrumb":{"@id":"https:\/\/staging.forenteforlag.no\/pax\/produkt\/stille\/#breadcrumb"},"inLanguage":"nb-NO","potentialAction":[{"@type":"ReadAction","target":["https:\/\/staging.forenteforlag.no\/pax\/produkt\/stille\/"]}]},{"@type":"ImageObject","inLanguage":"nb-NO","@id":"https:\/\/staging.forenteforlag.no\/pax\/produkt\/stille\/#primaryimage","url":"https:\/\/staging.forenteforlag.no\/pax\/wp-content\/uploads\/sites\/5\/2025\/08\/jpg-9960.jpg","contentUrl":"https:\/\/staging.forenteforlag.no\/pax\/wp-content\/uploads\/sites\/5\/2025\/08\/jpg-9960.jpg","width":324,"height":449},{"@type":"BreadcrumbList","@id":"https:\/\/staging.forenteforlag.no\/pax\/produkt\/stille\/#breadcrumb","itemListElement":[{"@type":"ListItem","position":1,"name":"Hjem","item":"https:\/\/staging.forenteforlag.no\/pax\/"},{"@type":"ListItem","position":2,"name":"Alle b\u00f8ker","item":"https:\/\/staging.forenteforlag.no\/pax\/butikk\/"},{"@type":"ListItem","position":3,"name":"Stille"}]},{"@type":"WebSite","@id":"https:\/\/staging.forenteforlag.no\/pax\/#website","url":"https:\/\/staging.forenteforlag.no\/pax\/","name":"Pax","description":"","potentialAction":[{"@type":"SearchAction","target":{"@type":"EntryPoint","urlTemplate":"https:\/\/staging.forenteforlag.no\/pax\/?s={search_term_string}"},"query-input":{"@type":"PropertyValueSpecification","valueRequired":true,"valueName":"search_term_string"}}],"inLanguage":"nb-NO"}]}},"_links":{"self":[{"href":"https:\/\/staging.forenteforlag.no\/pax\/wp-json\/wp\/v2\/product\/22317","targetHints":{"allow":["GET"]}}],"collection":[{"href":"https:\/\/staging.forenteforlag.no\/pax\/wp-json\/wp\/v2\/product"}],"about":[{"href":"https:\/\/staging.forenteforlag.no\/pax\/wp-json\/wp\/v2\/types\/product"}],"wp:featuredmedia":[{"embeddable":true,"href":"https:\/\/staging.forenteforlag.no\/pax\/wp-json\/wp\/v2\/media\/29443"}],"wp:attachment":[{"href":"https:\/\/staging.forenteforlag.no\/pax\/wp-json\/wp\/v2\/media?parent=22317"}],"wp:term":[{"taxonomy":"product_brand","embeddable":true,"href":"https:\/\/staging.forenteforlag.no\/pax\/wp-json\/wp\/v2\/product_brand?post=22317"},{"taxonomy":"product_cat","embeddable":true,"href":"https:\/\/staging.forenteforlag.no\/pax\/wp-json\/wp\/v2\/product_cat?post=22317"},{"taxonomy":"product_tag","embeddable":true,"href":"https:\/\/staging.forenteforlag.no\/pax\/wp-json\/wp\/v2\/product_tag?post=22317"}],"curies":[{"name":"wp","href":"https:\/\/api.w.org\/{rel}","templated":true}]}}