{"id":22294,"date":"2014-08-04T02:00:00","date_gmt":"2014-08-04T00:00:00","guid":{"rendered":"https:\/\/pax.forenteforlag.no\/produkt\/stiklingen\/"},"modified":"2026-03-03T22:35:42","modified_gmt":"2026-03-03T21:35:42","slug":"stiklingen","status":"publish","type":"product","link":"https:\/\/staging.forenteforlag.no\/pax\/produkt\/stiklingen\/","title":{"rendered":"Stiklingen"},"content":{"rendered":"<p>22 \u00e5r gamle Lobbi vet ikke helt hva han vil i livet. Det eneste som er sikkert, er at han ikke vil studere, slik faren \u00f8nsker. Lobbi dr\u00f8mmer om \u00e5 bli gartner og jobbe med roser, en lidenskap han delte med moren, som mot alle odds dyrket fram de mest fantastiske blomster i det karrige islandske klimaet. Med tre sjeldne rosestikling fra morens samling i bagasjen, setter han kursen mot et s\u00f8reuropeisk kloster med en ber\u00f8mt, men forfallen rosehage. Etter en tid i klosterlandsbyen dukker plutselig Anna opp med lille Fl\u00f3ra S\u00f3l, datteren de fikk ved et uhell ni m\u00e5neder tidligere, og Lobbi m\u00e5 br\u00e5tt forholde seg til sin nye rolle som far ? og kanskje kj\u00e6reste. <\/p>\n<p>Stiklingen er en fengslende roman om en ung manns reise mot st\u00f8rre innsikt, mot seg selv og verden rundt ham. En medrivende, klok og sjarmerende road trip av en bok, med likhetspunkter b\u00e5de til Marie-Sabine Rogers &laquo;\u00c5 telle duer&raquo; og Jan Wieses &laquo;Kvinnen som kledte seg naken for sin elskede&raquo;, men med en ekte islandsk vri.<\/p>\n","protected":false},"excerpt":{"rendered":"<p>22 \u00e5r gamle Lobbi vet ikke helt hva han vil i livet. Det eneste som er sikkert, er at han ikke vil studere, slik faren \u00f8nsker. Lobbi dr\u00f8mmer om \u00e5 bli gartner og jobbe med roser, en lidenskap han delte med moren, som mot alle odds dyrket fram de mest fantastiske blomster i det karrige [&hellip;]<\/p>\n","protected":false},"featured_media":28134,"template":"","meta":{"_acf_changed":false,"inline_featured_image":false},"product_brand":[],"product_cat":[1782],"product_tag":[370],"class_list":{"0":"post-22294","1":"product","2":"type-product","3":"status-publish","4":"has-post-thumbnail","6":"product_cat-fripris","7":"product_tag-skjonnlitteratur","9":"first","10":"outofstock","11":"shipping-taxable","12":"purchasable","13":"product-type-simple"},"acf":{"anmeldelse":null},"yoast_head":"<!-- This site is optimized with the Yoast SEO plugin v26.6 - https:\/\/yoast.com\/wordpress\/plugins\/seo\/ -->\n<title>Stiklingen - Pax<\/title>\n<meta name=\"robots\" content=\"noindex, follow, max-snippet:-1, max-image-preview:large, max-video-preview:-1\" \/>\n<meta property=\"og:locale\" content=\"nb_NO\" \/>\n<meta property=\"og:type\" content=\"article\" \/>\n<meta property=\"og:title\" content=\"Stiklingen - Pax\" \/>\n<meta property=\"og:description\" content=\"22 \u00e5r gamle Lobbi vet ikke helt hva han vil i livet. Det eneste som er sikkert, er at han ikke vil studere, slik faren \u00f8nsker. Lobbi dr\u00f8mmer om \u00e5 bli gartner og jobbe med roser, en lidenskap han delte med moren, som mot alle odds dyrket fram de mest fantastiske blomster i det karrige [&hellip;]\" \/>\n<meta property=\"og:url\" content=\"https:\/\/staging.forenteforlag.no\/pax\/produkt\/stiklingen\/\" \/>\n<meta property=\"og:site_name\" content=\"Pax\" \/>\n<meta property=\"article:modified_time\" content=\"2026-03-03T21:35:42+00:00\" \/>\n<meta property=\"og:image\" content=\"https:\/\/staging.forenteforlag.no\/pax\/wp-content\/uploads\/sites\/5\/2025\/08\/jpg-6084.jpg\" \/>\n\t<meta property=\"og:image:width\" content=\"278\" \/>\n\t<meta property=\"og:image:height\" content=\"449\" \/>\n\t<meta property=\"og:image:type\" content=\"image\/jpeg\" \/>\n<meta name=\"twitter:card\" content=\"summary_large_image\" \/>\n<meta name=\"twitter:label1\" content=\"Ansl. lesetid\" \/>\n\t<meta name=\"twitter:data1\" content=\"1 minutt\" \/>\n<script type=\"application\/ld+json\" class=\"yoast-schema-graph\">{\"@context\":\"https:\/\/schema.org\",\"@graph\":[{\"@type\":\"WebPage\",\"@id\":\"https:\/\/staging.forenteforlag.no\/pax\/produkt\/stiklingen\/\",\"url\":\"https:\/\/staging.forenteforlag.no\/pax\/produkt\/stiklingen\/\",\"name\":\"Stiklingen - Pax\",\"isPartOf\":{\"@id\":\"https:\/\/staging.forenteforlag.no\/pax\/#website\"},\"primaryImageOfPage\":{\"@id\":\"https:\/\/staging.forenteforlag.no\/pax\/produkt\/stiklingen\/#primaryimage\"},\"image\":{\"@id\":\"https:\/\/staging.forenteforlag.no\/pax\/produkt\/stiklingen\/#primaryimage\"},\"thumbnailUrl\":\"https:\/\/staging.forenteforlag.no\/pax\/wp-content\/uploads\/sites\/5\/2025\/08\/jpg-6084.jpg\",\"datePublished\":\"2014-08-04T00:00:00+00:00\",\"dateModified\":\"2026-03-03T21:35:42+00:00\",\"breadcrumb\":{\"@id\":\"https:\/\/staging.forenteforlag.no\/pax\/produkt\/stiklingen\/#breadcrumb\"},\"inLanguage\":\"nb-NO\",\"potentialAction\":[{\"@type\":\"ReadAction\",\"target\":[\"https:\/\/staging.forenteforlag.no\/pax\/produkt\/stiklingen\/\"]}]},{\"@type\":\"ImageObject\",\"inLanguage\":\"nb-NO\",\"@id\":\"https:\/\/staging.forenteforlag.no\/pax\/produkt\/stiklingen\/#primaryimage\",\"url\":\"https:\/\/staging.forenteforlag.no\/pax\/wp-content\/uploads\/sites\/5\/2025\/08\/jpg-6084.jpg\",\"contentUrl\":\"https:\/\/staging.forenteforlag.no\/pax\/wp-content\/uploads\/sites\/5\/2025\/08\/jpg-6084.jpg\",\"width\":278,\"height\":449},{\"@type\":\"BreadcrumbList\",\"@id\":\"https:\/\/staging.forenteforlag.no\/pax\/produkt\/stiklingen\/#breadcrumb\",\"itemListElement\":[{\"@type\":\"ListItem\",\"position\":1,\"name\":\"Hjem\",\"item\":\"https:\/\/staging.forenteforlag.no\/pax\/\"},{\"@type\":\"ListItem\",\"position\":2,\"name\":\"Alle b\u00f8ker\",\"item\":\"https:\/\/staging.forenteforlag.no\/pax\/butikk\/\"},{\"@type\":\"ListItem\",\"position\":3,\"name\":\"Stiklingen\"}]},{\"@type\":\"WebSite\",\"@id\":\"https:\/\/staging.forenteforlag.no\/pax\/#website\",\"url\":\"https:\/\/staging.forenteforlag.no\/pax\/\",\"name\":\"Pax\",\"description\":\"\",\"potentialAction\":[{\"@type\":\"SearchAction\",\"target\":{\"@type\":\"EntryPoint\",\"urlTemplate\":\"https:\/\/staging.forenteforlag.no\/pax\/?s={search_term_string}\"},\"query-input\":{\"@type\":\"PropertyValueSpecification\",\"valueRequired\":true,\"valueName\":\"search_term_string\"}}],\"inLanguage\":\"nb-NO\"}]}<\/script>\n<!-- \/ Yoast SEO plugin. -->","yoast_head_json":{"title":"Stiklingen - Pax","robots":{"index":"noindex","follow":"follow","max-snippet":"max-snippet:-1","max-image-preview":"max-image-preview:large","max-video-preview":"max-video-preview:-1"},"og_locale":"nb_NO","og_type":"article","og_title":"Stiklingen - Pax","og_description":"22 \u00e5r gamle Lobbi vet ikke helt hva han vil i livet. Det eneste som er sikkert, er at han ikke vil studere, slik faren \u00f8nsker. Lobbi dr\u00f8mmer om \u00e5 bli gartner og jobbe med roser, en lidenskap han delte med moren, som mot alle odds dyrket fram de mest fantastiske blomster i det karrige [&hellip;]","og_url":"https:\/\/staging.forenteforlag.no\/pax\/produkt\/stiklingen\/","og_site_name":"Pax","article_modified_time":"2026-03-03T21:35:42+00:00","og_image":[{"width":278,"height":449,"url":"https:\/\/staging.forenteforlag.no\/pax\/wp-content\/uploads\/sites\/5\/2025\/08\/jpg-6084.jpg","type":"image\/jpeg"}],"twitter_card":"summary_large_image","twitter_misc":{"Ansl. lesetid":"1 minutt"},"schema":{"@context":"https:\/\/schema.org","@graph":[{"@type":"WebPage","@id":"https:\/\/staging.forenteforlag.no\/pax\/produkt\/stiklingen\/","url":"https:\/\/staging.forenteforlag.no\/pax\/produkt\/stiklingen\/","name":"Stiklingen - Pax","isPartOf":{"@id":"https:\/\/staging.forenteforlag.no\/pax\/#website"},"primaryImageOfPage":{"@id":"https:\/\/staging.forenteforlag.no\/pax\/produkt\/stiklingen\/#primaryimage"},"image":{"@id":"https:\/\/staging.forenteforlag.no\/pax\/produkt\/stiklingen\/#primaryimage"},"thumbnailUrl":"https:\/\/staging.forenteforlag.no\/pax\/wp-content\/uploads\/sites\/5\/2025\/08\/jpg-6084.jpg","datePublished":"2014-08-04T00:00:00+00:00","dateModified":"2026-03-03T21:35:42+00:00","breadcrumb":{"@id":"https:\/\/staging.forenteforlag.no\/pax\/produkt\/stiklingen\/#breadcrumb"},"inLanguage":"nb-NO","potentialAction":[{"@type":"ReadAction","target":["https:\/\/staging.forenteforlag.no\/pax\/produkt\/stiklingen\/"]}]},{"@type":"ImageObject","inLanguage":"nb-NO","@id":"https:\/\/staging.forenteforlag.no\/pax\/produkt\/stiklingen\/#primaryimage","url":"https:\/\/staging.forenteforlag.no\/pax\/wp-content\/uploads\/sites\/5\/2025\/08\/jpg-6084.jpg","contentUrl":"https:\/\/staging.forenteforlag.no\/pax\/wp-content\/uploads\/sites\/5\/2025\/08\/jpg-6084.jpg","width":278,"height":449},{"@type":"BreadcrumbList","@id":"https:\/\/staging.forenteforlag.no\/pax\/produkt\/stiklingen\/#breadcrumb","itemListElement":[{"@type":"ListItem","position":1,"name":"Hjem","item":"https:\/\/staging.forenteforlag.no\/pax\/"},{"@type":"ListItem","position":2,"name":"Alle b\u00f8ker","item":"https:\/\/staging.forenteforlag.no\/pax\/butikk\/"},{"@type":"ListItem","position":3,"name":"Stiklingen"}]},{"@type":"WebSite","@id":"https:\/\/staging.forenteforlag.no\/pax\/#website","url":"https:\/\/staging.forenteforlag.no\/pax\/","name":"Pax","description":"","potentialAction":[{"@type":"SearchAction","target":{"@type":"EntryPoint","urlTemplate":"https:\/\/staging.forenteforlag.no\/pax\/?s={search_term_string}"},"query-input":{"@type":"PropertyValueSpecification","valueRequired":true,"valueName":"search_term_string"}}],"inLanguage":"nb-NO"}]}},"_links":{"self":[{"href":"https:\/\/staging.forenteforlag.no\/pax\/wp-json\/wp\/v2\/product\/22294","targetHints":{"allow":["GET"]}}],"collection":[{"href":"https:\/\/staging.forenteforlag.no\/pax\/wp-json\/wp\/v2\/product"}],"about":[{"href":"https:\/\/staging.forenteforlag.no\/pax\/wp-json\/wp\/v2\/types\/product"}],"wp:featuredmedia":[{"embeddable":true,"href":"https:\/\/staging.forenteforlag.no\/pax\/wp-json\/wp\/v2\/media\/28134"}],"wp:attachment":[{"href":"https:\/\/staging.forenteforlag.no\/pax\/wp-json\/wp\/v2\/media?parent=22294"}],"wp:term":[{"taxonomy":"product_brand","embeddable":true,"href":"https:\/\/staging.forenteforlag.no\/pax\/wp-json\/wp\/v2\/product_brand?post=22294"},{"taxonomy":"product_cat","embeddable":true,"href":"https:\/\/staging.forenteforlag.no\/pax\/wp-json\/wp\/v2\/product_cat?post=22294"},{"taxonomy":"product_tag","embeddable":true,"href":"https:\/\/staging.forenteforlag.no\/pax\/wp-json\/wp\/v2\/product_tag?post=22294"}],"curies":[{"name":"wp","href":"https:\/\/api.w.org\/{rel}","templated":true}]}}