{"id":22256,"date":"2024-12-10T22:09:21","date_gmt":"2024-12-10T21:09:21","guid":{"rendered":"https:\/\/pax.forenteforlag.no\/produkt\/for-a-huske\/"},"modified":"2026-03-03T22:41:05","modified_gmt":"2026-03-03T21:41:05","slug":"for-a-huske","status":"publish","type":"product","link":"https:\/\/staging.forenteforlag.no\/pax\/produkt\/for-a-huske\/","title":{"rendered":"For \u00e5 huske"},"content":{"rendered":"<p>Dette er boka om utstillingen Guttorm Guttormsgaard. Kjent ukjent, som fant sted p\u00e5 Stenersenmuseet i Oslo v\u00e5ren 2015.<\/p>\n<p>Guttorm Guttormsgaard har siden 1960-\u00e5rene v\u00e6rt en sentral skikkelse i norsk kunstliv. Kunstnerskapet spenner over flere faser, medier og uttrykksm\u00e5ter. Han startet som en av v\u00e5re fremste grafikere og tegnere, var l\u00e6rer p\u00e5 Arkitekth\u00f8gskolen og Statens kunstakademi i Oslo, har gjort store utsmykkingsprosjekter til Byhallen i Oslo (Oslo Spektrum) og ved Universitetet i Troms\u00f8. P\u00e5 Blaker gamle meieri har han skapt en sv\u00e6rt egenartet samling. V\u00e5ren 2015 ble dette rike og vesentlige kunstnerskapet presentert i dets fulle bredde p\u00e5 Stenersenmuseet. Denne boka er laget for\u00e5huske.<\/p>\n<p>Boka presenterer utstillingen i hele sin bredde. Det inkluderer Torgeir Schjervens \u00e5pningstale, Schjervens, Yahya Hassans og Torgeir Rebolledo Pedersens dikt som hver av dem leste p\u00e5 utstillingens \u00e5pning. Boka inkluderer ogs\u00e5 en forelesning av Espen S\u00f8bye.<\/p>\n","protected":false},"excerpt":{"rendered":"<p>Dette er boka om utstillingen Guttorm Guttormsgaard. Kjent ukjent, som fant sted p\u00e5 Stenersenmuseet i Oslo v\u00e5ren 2015. Guttorm Guttormsgaard har siden 1960-\u00e5rene v\u00e6rt en sentral skikkelse i norsk kunstliv. Kunstnerskapet spenner over flere faser, medier og uttrykksm\u00e5ter. Han startet som en av v\u00e5re fremste grafikere og tegnere, var l\u00e6rer p\u00e5 Arkitekth\u00f8gskolen og Statens kunstakademi [&hellip;]<\/p>\n","protected":false},"featured_media":0,"template":"","meta":{"_acf_changed":false,"inline_featured_image":false},"product_brand":[],"product_cat":[1782],"product_tag":[362],"class_list":{"0":"post-22256","1":"product","2":"type-product","3":"status-publish","5":"product_cat-fripris","6":"product_tag-faglitteratur","8":"first","9":"outofstock","10":"taxable","11":"shipping-taxable","12":"purchasable","13":"product-type-simple"},"acf":{"anmeldelse":null},"yoast_head":"<!-- This site is optimized with the Yoast SEO plugin v26.6 - https:\/\/yoast.com\/wordpress\/plugins\/seo\/ -->\n<title>For \u00e5 huske - Pax<\/title>\n<meta name=\"robots\" content=\"noindex, follow, max-snippet:-1, max-image-preview:large, max-video-preview:-1\" \/>\n<meta property=\"og:locale\" content=\"nb_NO\" \/>\n<meta property=\"og:type\" content=\"article\" \/>\n<meta property=\"og:title\" content=\"For \u00e5 huske - Pax\" \/>\n<meta property=\"og:description\" content=\"Dette er boka om utstillingen Guttorm Guttormsgaard. Kjent ukjent, som fant sted p\u00e5 Stenersenmuseet i Oslo v\u00e5ren 2015. Guttorm Guttormsgaard har siden 1960-\u00e5rene v\u00e6rt en sentral skikkelse i norsk kunstliv. Kunstnerskapet spenner over flere faser, medier og uttrykksm\u00e5ter. Han startet som en av v\u00e5re fremste grafikere og tegnere, var l\u00e6rer p\u00e5 Arkitekth\u00f8gskolen og Statens kunstakademi [&hellip;]\" \/>\n<meta property=\"og:url\" content=\"https:\/\/staging.forenteforlag.no\/pax\/produkt\/for-a-huske\/\" \/>\n<meta property=\"og:site_name\" content=\"Pax\" \/>\n<meta property=\"article:modified_time\" content=\"2026-03-03T21:41:05+00:00\" \/>\n<meta property=\"og:image\" content=\"https:\/\/staging.forenteforlag.no\/pax\/wp-content\/uploads\/sites\/5\/2025\/02\/pax-hvit.jpg\" \/>\n\t<meta property=\"og:image:width\" content=\"1200\" \/>\n\t<meta property=\"og:image:height\" content=\"800\" \/>\n\t<meta property=\"og:image:type\" content=\"image\/jpeg\" \/>\n<meta name=\"twitter:card\" content=\"summary_large_image\" \/>\n<meta name=\"twitter:label1\" content=\"Ansl. lesetid\" \/>\n\t<meta name=\"twitter:data1\" content=\"1 minutt\" \/>\n<script type=\"application\/ld+json\" class=\"yoast-schema-graph\">{\"@context\":\"https:\/\/schema.org\",\"@graph\":[{\"@type\":\"WebPage\",\"@id\":\"https:\/\/staging.forenteforlag.no\/pax\/produkt\/for-a-huske\/\",\"url\":\"https:\/\/staging.forenteforlag.no\/pax\/produkt\/for-a-huske\/\",\"name\":\"For \u00e5 huske - Pax\",\"isPartOf\":{\"@id\":\"https:\/\/staging.forenteforlag.no\/pax\/#website\"},\"datePublished\":\"2024-12-10T21:09:21+00:00\",\"dateModified\":\"2026-03-03T21:41:05+00:00\",\"breadcrumb\":{\"@id\":\"https:\/\/staging.forenteforlag.no\/pax\/produkt\/for-a-huske\/#breadcrumb\"},\"inLanguage\":\"nb-NO\",\"potentialAction\":[{\"@type\":\"ReadAction\",\"target\":[\"https:\/\/staging.forenteforlag.no\/pax\/produkt\/for-a-huske\/\"]}]},{\"@type\":\"BreadcrumbList\",\"@id\":\"https:\/\/staging.forenteforlag.no\/pax\/produkt\/for-a-huske\/#breadcrumb\",\"itemListElement\":[{\"@type\":\"ListItem\",\"position\":1,\"name\":\"Hjem\",\"item\":\"https:\/\/staging.forenteforlag.no\/pax\/\"},{\"@type\":\"ListItem\",\"position\":2,\"name\":\"Alle b\u00f8ker\",\"item\":\"https:\/\/staging.forenteforlag.no\/pax\/butikk\/\"},{\"@type\":\"ListItem\",\"position\":3,\"name\":\"For \u00e5 huske\"}]},{\"@type\":\"WebSite\",\"@id\":\"https:\/\/staging.forenteforlag.no\/pax\/#website\",\"url\":\"https:\/\/staging.forenteforlag.no\/pax\/\",\"name\":\"Pax\",\"description\":\"\",\"potentialAction\":[{\"@type\":\"SearchAction\",\"target\":{\"@type\":\"EntryPoint\",\"urlTemplate\":\"https:\/\/staging.forenteforlag.no\/pax\/?s={search_term_string}\"},\"query-input\":{\"@type\":\"PropertyValueSpecification\",\"valueRequired\":true,\"valueName\":\"search_term_string\"}}],\"inLanguage\":\"nb-NO\"}]}<\/script>\n<!-- \/ Yoast SEO plugin. -->","yoast_head_json":{"title":"For \u00e5 huske - Pax","robots":{"index":"noindex","follow":"follow","max-snippet":"max-snippet:-1","max-image-preview":"max-image-preview:large","max-video-preview":"max-video-preview:-1"},"og_locale":"nb_NO","og_type":"article","og_title":"For \u00e5 huske - Pax","og_description":"Dette er boka om utstillingen Guttorm Guttormsgaard. Kjent ukjent, som fant sted p\u00e5 Stenersenmuseet i Oslo v\u00e5ren 2015. Guttorm Guttormsgaard har siden 1960-\u00e5rene v\u00e6rt en sentral skikkelse i norsk kunstliv. Kunstnerskapet spenner over flere faser, medier og uttrykksm\u00e5ter. Han startet som en av v\u00e5re fremste grafikere og tegnere, var l\u00e6rer p\u00e5 Arkitekth\u00f8gskolen og Statens kunstakademi [&hellip;]","og_url":"https:\/\/staging.forenteforlag.no\/pax\/produkt\/for-a-huske\/","og_site_name":"Pax","article_modified_time":"2026-03-03T21:41:05+00:00","og_image":[{"width":1200,"height":800,"url":"https:\/\/staging.forenteforlag.no\/pax\/wp-content\/uploads\/sites\/5\/2025\/02\/pax-hvit.jpg","type":"image\/jpeg"}],"twitter_card":"summary_large_image","twitter_misc":{"Ansl. lesetid":"1 minutt"},"schema":{"@context":"https:\/\/schema.org","@graph":[{"@type":"WebPage","@id":"https:\/\/staging.forenteforlag.no\/pax\/produkt\/for-a-huske\/","url":"https:\/\/staging.forenteforlag.no\/pax\/produkt\/for-a-huske\/","name":"For \u00e5 huske - Pax","isPartOf":{"@id":"https:\/\/staging.forenteforlag.no\/pax\/#website"},"datePublished":"2024-12-10T21:09:21+00:00","dateModified":"2026-03-03T21:41:05+00:00","breadcrumb":{"@id":"https:\/\/staging.forenteforlag.no\/pax\/produkt\/for-a-huske\/#breadcrumb"},"inLanguage":"nb-NO","potentialAction":[{"@type":"ReadAction","target":["https:\/\/staging.forenteforlag.no\/pax\/produkt\/for-a-huske\/"]}]},{"@type":"BreadcrumbList","@id":"https:\/\/staging.forenteforlag.no\/pax\/produkt\/for-a-huske\/#breadcrumb","itemListElement":[{"@type":"ListItem","position":1,"name":"Hjem","item":"https:\/\/staging.forenteforlag.no\/pax\/"},{"@type":"ListItem","position":2,"name":"Alle b\u00f8ker","item":"https:\/\/staging.forenteforlag.no\/pax\/butikk\/"},{"@type":"ListItem","position":3,"name":"For \u00e5 huske"}]},{"@type":"WebSite","@id":"https:\/\/staging.forenteforlag.no\/pax\/#website","url":"https:\/\/staging.forenteforlag.no\/pax\/","name":"Pax","description":"","potentialAction":[{"@type":"SearchAction","target":{"@type":"EntryPoint","urlTemplate":"https:\/\/staging.forenteforlag.no\/pax\/?s={search_term_string}"},"query-input":{"@type":"PropertyValueSpecification","valueRequired":true,"valueName":"search_term_string"}}],"inLanguage":"nb-NO"}]}},"_links":{"self":[{"href":"https:\/\/staging.forenteforlag.no\/pax\/wp-json\/wp\/v2\/product\/22256","targetHints":{"allow":["GET"]}}],"collection":[{"href":"https:\/\/staging.forenteforlag.no\/pax\/wp-json\/wp\/v2\/product"}],"about":[{"href":"https:\/\/staging.forenteforlag.no\/pax\/wp-json\/wp\/v2\/types\/product"}],"wp:attachment":[{"href":"https:\/\/staging.forenteforlag.no\/pax\/wp-json\/wp\/v2\/media?parent=22256"}],"wp:term":[{"taxonomy":"product_brand","embeddable":true,"href":"https:\/\/staging.forenteforlag.no\/pax\/wp-json\/wp\/v2\/product_brand?post=22256"},{"taxonomy":"product_cat","embeddable":true,"href":"https:\/\/staging.forenteforlag.no\/pax\/wp-json\/wp\/v2\/product_cat?post=22256"},{"taxonomy":"product_tag","embeddable":true,"href":"https:\/\/staging.forenteforlag.no\/pax\/wp-json\/wp\/v2\/product_tag?post=22256"}],"curies":[{"name":"wp","href":"https:\/\/api.w.org\/{rel}","templated":true}]}}