{"id":22210,"date":"2024-12-10T22:08:18","date_gmt":"2024-12-10T21:08:18","guid":{"rendered":"https:\/\/pax.forenteforlag.no\/produkt\/gasskraft\/"},"modified":"2026-03-03T21:44:38","modified_gmt":"2026-03-03T20:44:38","slug":"gasskraft","status":"publish","type":"product","link":"https:\/\/staging.forenteforlag.no\/pax\/produkt\/gasskraft\/","title":{"rendered":"Gasskraft"},"content":{"rendered":"<p>Gasskraftsaken har preget norsk milj\u00f8politikk i en \u00e5rrekke. I 1997 truet Fellesaksjonen mot gasskraftverk med \u00e5 mobilisere tusenvis til ulovlige demonstrasjoner, og fikk presset fram en utsettelse av utbyggingen. Tre \u00e5r senere gikk Kjell Magne Bondevik av som statsminister p\u00e5 sp\u00f8rsm\u00e5let om utslipp fra gasskraftverk. I 2006 var striden om CO2-rensing av gasskraft n\u00e6r ved \u00e5 skape sammenbrudd i det r\u00f8d-gr\u00f8nne regjeringssamarbeidet.  Gasskraft . Tjue \u00e5rs klimakamp tar leserne med bak kulissene. Forfatteren har intervjuet n\u00e6ringslivsledere, milj\u00f8aktivister og statsr\u00e5der, som forteller om sine argumenter og strategier i gasskraftsaken. Boka henvender seg til politisk interesserte lesere som \u00f8nsker \u00e5 forst\u00e5 et av de viktigste samfunnssp\u00f8rsm\u00e5lene i dagens Norge . og maktspillet som preger klima- og energipolitikken.<\/p>\n","protected":false},"excerpt":{"rendered":"<p>Gasskraftsaken har preget norsk milj\u00f8politikk i en \u00e5rrekke. I 1997 truet Fellesaksjonen mot gasskraftverk med \u00e5 mobilisere tusenvis til ulovlige demonstrasjoner, og fikk presset fram en utsettelse av utbyggingen. Tre \u00e5r senere gikk Kjell Magne Bondevik av som statsminister p\u00e5 sp\u00f8rsm\u00e5let om utslipp fra gasskraftverk. I 2006 var striden om CO2-rensing av gasskraft n\u00e6r ved [&hellip;]<\/p>\n","protected":false},"featured_media":29369,"template":"","meta":{"_acf_changed":false,"inline_featured_image":false},"product_brand":[],"product_cat":[1782],"product_tag":[362,1724,439,915],"class_list":{"0":"post-22210","1":"product","2":"type-product","3":"status-publish","4":"has-post-thumbnail","6":"product_cat-fripris","7":"product_tag-faglitteratur","8":"product_tag-identitetspolitikk","9":"product_tag-nord-norge","10":"product_tag-olje-og-gassutvinning","12":"first","13":"outofstock","14":"taxable","15":"shipping-taxable","16":"purchasable","17":"product-type-simple"},"acf":{"anmeldelse":null},"yoast_head":"<!-- This site is optimized with the Yoast SEO plugin v26.6 - https:\/\/yoast.com\/wordpress\/plugins\/seo\/ -->\n<title>Gasskraft - Pax<\/title>\n<meta name=\"robots\" content=\"noindex, follow, max-snippet:-1, max-image-preview:large, max-video-preview:-1\" \/>\n<meta property=\"og:locale\" content=\"nb_NO\" \/>\n<meta property=\"og:type\" content=\"article\" \/>\n<meta property=\"og:title\" content=\"Gasskraft - Pax\" \/>\n<meta property=\"og:description\" content=\"Gasskraftsaken har preget norsk milj\u00f8politikk i en \u00e5rrekke. I 1997 truet Fellesaksjonen mot gasskraftverk med \u00e5 mobilisere tusenvis til ulovlige demonstrasjoner, og fikk presset fram en utsettelse av utbyggingen. Tre \u00e5r senere gikk Kjell Magne Bondevik av som statsminister p\u00e5 sp\u00f8rsm\u00e5let om utslipp fra gasskraftverk. I 2006 var striden om CO2-rensing av gasskraft n\u00e6r ved [&hellip;]\" \/>\n<meta property=\"og:url\" content=\"https:\/\/staging.forenteforlag.no\/pax\/produkt\/gasskraft\/\" \/>\n<meta property=\"og:site_name\" content=\"Pax\" \/>\n<meta property=\"article:modified_time\" content=\"2026-03-03T20:44:38+00:00\" \/>\n<meta property=\"og:image\" content=\"https:\/\/staging.forenteforlag.no\/pax\/wp-content\/uploads\/sites\/5\/2025\/08\/jpg-9737.jpg\" \/>\n\t<meta property=\"og:image:width\" content=\"286\" \/>\n\t<meta property=\"og:image:height\" content=\"450\" \/>\n\t<meta property=\"og:image:type\" content=\"image\/jpeg\" \/>\n<meta name=\"twitter:card\" content=\"summary_large_image\" \/>\n<meta name=\"twitter:label1\" content=\"Ansl. lesetid\" \/>\n\t<meta name=\"twitter:data1\" content=\"1 minutt\" \/>\n<script type=\"application\/ld+json\" class=\"yoast-schema-graph\">{\"@context\":\"https:\/\/schema.org\",\"@graph\":[{\"@type\":\"WebPage\",\"@id\":\"https:\/\/staging.forenteforlag.no\/pax\/produkt\/gasskraft\/\",\"url\":\"https:\/\/staging.forenteforlag.no\/pax\/produkt\/gasskraft\/\",\"name\":\"Gasskraft - Pax\",\"isPartOf\":{\"@id\":\"https:\/\/staging.forenteforlag.no\/pax\/#website\"},\"primaryImageOfPage\":{\"@id\":\"https:\/\/staging.forenteforlag.no\/pax\/produkt\/gasskraft\/#primaryimage\"},\"image\":{\"@id\":\"https:\/\/staging.forenteforlag.no\/pax\/produkt\/gasskraft\/#primaryimage\"},\"thumbnailUrl\":\"https:\/\/staging.forenteforlag.no\/pax\/wp-content\/uploads\/sites\/5\/2025\/08\/jpg-9737.jpg\",\"datePublished\":\"2024-12-10T21:08:18+00:00\",\"dateModified\":\"2026-03-03T20:44:38+00:00\",\"breadcrumb\":{\"@id\":\"https:\/\/staging.forenteforlag.no\/pax\/produkt\/gasskraft\/#breadcrumb\"},\"inLanguage\":\"nb-NO\",\"potentialAction\":[{\"@type\":\"ReadAction\",\"target\":[\"https:\/\/staging.forenteforlag.no\/pax\/produkt\/gasskraft\/\"]}]},{\"@type\":\"ImageObject\",\"inLanguage\":\"nb-NO\",\"@id\":\"https:\/\/staging.forenteforlag.no\/pax\/produkt\/gasskraft\/#primaryimage\",\"url\":\"https:\/\/staging.forenteforlag.no\/pax\/wp-content\/uploads\/sites\/5\/2025\/08\/jpg-9737.jpg\",\"contentUrl\":\"https:\/\/staging.forenteforlag.no\/pax\/wp-content\/uploads\/sites\/5\/2025\/08\/jpg-9737.jpg\",\"width\":286,\"height\":450},{\"@type\":\"BreadcrumbList\",\"@id\":\"https:\/\/staging.forenteforlag.no\/pax\/produkt\/gasskraft\/#breadcrumb\",\"itemListElement\":[{\"@type\":\"ListItem\",\"position\":1,\"name\":\"Hjem\",\"item\":\"https:\/\/staging.forenteforlag.no\/pax\/\"},{\"@type\":\"ListItem\",\"position\":2,\"name\":\"Alle b\u00f8ker\",\"item\":\"https:\/\/staging.forenteforlag.no\/pax\/butikk\/\"},{\"@type\":\"ListItem\",\"position\":3,\"name\":\"Gasskraft\"}]},{\"@type\":\"WebSite\",\"@id\":\"https:\/\/staging.forenteforlag.no\/pax\/#website\",\"url\":\"https:\/\/staging.forenteforlag.no\/pax\/\",\"name\":\"Pax\",\"description\":\"\",\"potentialAction\":[{\"@type\":\"SearchAction\",\"target\":{\"@type\":\"EntryPoint\",\"urlTemplate\":\"https:\/\/staging.forenteforlag.no\/pax\/?s={search_term_string}\"},\"query-input\":{\"@type\":\"PropertyValueSpecification\",\"valueRequired\":true,\"valueName\":\"search_term_string\"}}],\"inLanguage\":\"nb-NO\"}]}<\/script>\n<!-- \/ Yoast SEO plugin. -->","yoast_head_json":{"title":"Gasskraft - Pax","robots":{"index":"noindex","follow":"follow","max-snippet":"max-snippet:-1","max-image-preview":"max-image-preview:large","max-video-preview":"max-video-preview:-1"},"og_locale":"nb_NO","og_type":"article","og_title":"Gasskraft - Pax","og_description":"Gasskraftsaken har preget norsk milj\u00f8politikk i en \u00e5rrekke. I 1997 truet Fellesaksjonen mot gasskraftverk med \u00e5 mobilisere tusenvis til ulovlige demonstrasjoner, og fikk presset fram en utsettelse av utbyggingen. Tre \u00e5r senere gikk Kjell Magne Bondevik av som statsminister p\u00e5 sp\u00f8rsm\u00e5let om utslipp fra gasskraftverk. I 2006 var striden om CO2-rensing av gasskraft n\u00e6r ved [&hellip;]","og_url":"https:\/\/staging.forenteforlag.no\/pax\/produkt\/gasskraft\/","og_site_name":"Pax","article_modified_time":"2026-03-03T20:44:38+00:00","og_image":[{"width":286,"height":450,"url":"https:\/\/staging.forenteforlag.no\/pax\/wp-content\/uploads\/sites\/5\/2025\/08\/jpg-9737.jpg","type":"image\/jpeg"}],"twitter_card":"summary_large_image","twitter_misc":{"Ansl. lesetid":"1 minutt"},"schema":{"@context":"https:\/\/schema.org","@graph":[{"@type":"WebPage","@id":"https:\/\/staging.forenteforlag.no\/pax\/produkt\/gasskraft\/","url":"https:\/\/staging.forenteforlag.no\/pax\/produkt\/gasskraft\/","name":"Gasskraft - Pax","isPartOf":{"@id":"https:\/\/staging.forenteforlag.no\/pax\/#website"},"primaryImageOfPage":{"@id":"https:\/\/staging.forenteforlag.no\/pax\/produkt\/gasskraft\/#primaryimage"},"image":{"@id":"https:\/\/staging.forenteforlag.no\/pax\/produkt\/gasskraft\/#primaryimage"},"thumbnailUrl":"https:\/\/staging.forenteforlag.no\/pax\/wp-content\/uploads\/sites\/5\/2025\/08\/jpg-9737.jpg","datePublished":"2024-12-10T21:08:18+00:00","dateModified":"2026-03-03T20:44:38+00:00","breadcrumb":{"@id":"https:\/\/staging.forenteforlag.no\/pax\/produkt\/gasskraft\/#breadcrumb"},"inLanguage":"nb-NO","potentialAction":[{"@type":"ReadAction","target":["https:\/\/staging.forenteforlag.no\/pax\/produkt\/gasskraft\/"]}]},{"@type":"ImageObject","inLanguage":"nb-NO","@id":"https:\/\/staging.forenteforlag.no\/pax\/produkt\/gasskraft\/#primaryimage","url":"https:\/\/staging.forenteforlag.no\/pax\/wp-content\/uploads\/sites\/5\/2025\/08\/jpg-9737.jpg","contentUrl":"https:\/\/staging.forenteforlag.no\/pax\/wp-content\/uploads\/sites\/5\/2025\/08\/jpg-9737.jpg","width":286,"height":450},{"@type":"BreadcrumbList","@id":"https:\/\/staging.forenteforlag.no\/pax\/produkt\/gasskraft\/#breadcrumb","itemListElement":[{"@type":"ListItem","position":1,"name":"Hjem","item":"https:\/\/staging.forenteforlag.no\/pax\/"},{"@type":"ListItem","position":2,"name":"Alle b\u00f8ker","item":"https:\/\/staging.forenteforlag.no\/pax\/butikk\/"},{"@type":"ListItem","position":3,"name":"Gasskraft"}]},{"@type":"WebSite","@id":"https:\/\/staging.forenteforlag.no\/pax\/#website","url":"https:\/\/staging.forenteforlag.no\/pax\/","name":"Pax","description":"","potentialAction":[{"@type":"SearchAction","target":{"@type":"EntryPoint","urlTemplate":"https:\/\/staging.forenteforlag.no\/pax\/?s={search_term_string}"},"query-input":{"@type":"PropertyValueSpecification","valueRequired":true,"valueName":"search_term_string"}}],"inLanguage":"nb-NO"}]}},"_links":{"self":[{"href":"https:\/\/staging.forenteforlag.no\/pax\/wp-json\/wp\/v2\/product\/22210","targetHints":{"allow":["GET"]}}],"collection":[{"href":"https:\/\/staging.forenteforlag.no\/pax\/wp-json\/wp\/v2\/product"}],"about":[{"href":"https:\/\/staging.forenteforlag.no\/pax\/wp-json\/wp\/v2\/types\/product"}],"wp:featuredmedia":[{"embeddable":true,"href":"https:\/\/staging.forenteforlag.no\/pax\/wp-json\/wp\/v2\/media\/29369"}],"wp:attachment":[{"href":"https:\/\/staging.forenteforlag.no\/pax\/wp-json\/wp\/v2\/media?parent=22210"}],"wp:term":[{"taxonomy":"product_brand","embeddable":true,"href":"https:\/\/staging.forenteforlag.no\/pax\/wp-json\/wp\/v2\/product_brand?post=22210"},{"taxonomy":"product_cat","embeddable":true,"href":"https:\/\/staging.forenteforlag.no\/pax\/wp-json\/wp\/v2\/product_cat?post=22210"},{"taxonomy":"product_tag","embeddable":true,"href":"https:\/\/staging.forenteforlag.no\/pax\/wp-json\/wp\/v2\/product_tag?post=22210"}],"curies":[{"name":"wp","href":"https:\/\/api.w.org\/{rel}","templated":true}]}}