{"id":22179,"date":"2024-12-10T22:07:40","date_gmt":"2024-12-10T21:07:40","guid":{"rendered":"https:\/\/pax.forenteforlag.no\/produkt\/mamma-og-meningen-med-livet\/"},"modified":"2026-03-04T20:07:38","modified_gmt":"2026-03-04T19:07:38","slug":"mamma-og-meningen-med-livet","status":"publish","type":"product","link":"https:\/\/staging.forenteforlag.no\/pax\/produkt\/mamma-og-meningen-med-livet\/","title":{"rendered":"Mamma og meningen med livet"},"content":{"rendered":"<p>Irvin D. YalomMamma og meningen med livet<br \/>\nDet er Yaloms overbevisning at psykoterapiens viktigste materiale alltid er en form for eksistensielle kvaler &#8211; og ikke, som det ofte hevdes, undertrykte driftsimpulser eller de sv\u00e6rt tildekkede &laquo;s\u00e5r&raquo; fra en tragisk personlig fortid.<br \/>\nMamma og meningen med livet er en direkte oppf\u00f8lger fra Kj\u00e6rlighetens b\u00f8ddel. Her unders\u00f8ker psykiateren Irvin D. Yalom mysteriene og forundringene ved det terapeutiske m\u00f8te. I denne boken \u00e5penbarer dette seg gjennom seks fengslende historier der vi m\u00f8ter Yalom og hans pasienters konfrontasjoner med livets mest dypsindige utfordringer. I Mamma og meningen med livet viser Yalom seg nok en gang som en dristig forsker av menneskets psyke idet han veileder sine pasienter &#8211; og seg selv &#8211; mot forandring. Med utf\u00f8rlige detaljer og klarsynte observasjoner, byr Yalom p\u00e5 et rikt bel\u00f8nnende, nesten erotisk, ulovlig gl\u00f8tt inn i terapeutens hjerte og hjerne og introduserer oss for et uforglemmelig persongalleri. Oversatt av Tore Anderssen<br \/>\nIrvin D. Yalom er professor i psykiatri ved Stanford University i California, og hans forfatterskap er b\u00e5de faglitter\u00e6rt og skj\u00f8nnlitter\u00e6rt. Yalom har utgitt en rekke b\u00f8ker om psykoterapi, b\u00e5de for et rent faglig og for et mer allment publium. Kj\u00e6rlighetens b\u00f8ddel er blitt en internasjonal bestselger. The Theory and Practice of Group Psycotherapy og Existential Psycotherapy er klassiske l\u00e6reb\u00f8ker i psykiatri. Hans f\u00f8rste roman Da Nietzsche gr\u00e5t ble solgt i en rekke land og har mottatt &laquo;Commonwealth Award for Best Fiction&raquo;. Dobbeltspill i sjeledypet er hans andre roman p\u00e5 norsk.<\/p>\n","protected":false},"excerpt":{"rendered":"<p>Irvin D. YalomMamma og meningen med livet Det er Yaloms overbevisning at psykoterapiens viktigste materiale alltid er en form for eksistensielle kvaler &#8211; og ikke, som det ofte hevdes, undertrykte driftsimpulser eller de sv\u00e6rt tildekkede &laquo;s\u00e5r&raquo; fra en tragisk personlig fortid. Mamma og meningen med livet er en direkte oppf\u00f8lger fra Kj\u00e6rlighetens b\u00f8ddel. Her unders\u00f8ker [&hellip;]<\/p>\n","protected":false},"featured_media":30070,"template":"","meta":{"_acf_changed":false,"inline_featured_image":false},"product_brand":[],"product_cat":[1782],"product_tag":[362,469,1068],"class_list":{"0":"post-22179","1":"product","2":"type-product","3":"status-publish","4":"has-post-thumbnail","6":"product_cat-fripris","7":"product_tag-faglitteratur","8":"product_tag-psykiske-lidelser","9":"product_tag-psykoterapi","11":"first","12":"outofstock","13":"taxable","14":"shipping-taxable","15":"purchasable","16":"product-type-simple"},"acf":{"anmeldelse":null},"yoast_head":"<!-- This site is optimized with the Yoast SEO plugin v26.6 - https:\/\/yoast.com\/wordpress\/plugins\/seo\/ -->\n<title>Mamma og meningen med livet - Pax<\/title>\n<meta name=\"robots\" content=\"noindex, follow, max-snippet:-1, max-image-preview:large, max-video-preview:-1\" \/>\n<meta property=\"og:locale\" content=\"nb_NO\" \/>\n<meta property=\"og:type\" content=\"article\" \/>\n<meta property=\"og:title\" content=\"Mamma og meningen med livet - Pax\" \/>\n<meta property=\"og:description\" content=\"Irvin D. YalomMamma og meningen med livet Det er Yaloms overbevisning at psykoterapiens viktigste materiale alltid er en form for eksistensielle kvaler &#8211; og ikke, som det ofte hevdes, undertrykte driftsimpulser eller de sv\u00e6rt tildekkede &laquo;s\u00e5r&raquo; fra en tragisk personlig fortid. Mamma og meningen med livet er en direkte oppf\u00f8lger fra Kj\u00e6rlighetens b\u00f8ddel. Her unders\u00f8ker [&hellip;]\" \/>\n<meta property=\"og:url\" content=\"https:\/\/staging.forenteforlag.no\/pax\/produkt\/mamma-og-meningen-med-livet\/\" \/>\n<meta property=\"og:site_name\" content=\"Pax\" \/>\n<meta property=\"article:modified_time\" content=\"2026-03-04T19:07:38+00:00\" \/>\n<meta property=\"og:image\" content=\"https:\/\/staging.forenteforlag.no\/pax\/wp-content\/uploads\/sites\/5\/2026\/03\/9788253021867.jpg\" \/>\n\t<meta property=\"og:image:width\" content=\"720\" \/>\n\t<meta property=\"og:image:height\" content=\"1137\" \/>\n\t<meta property=\"og:image:type\" content=\"image\/jpeg\" \/>\n<meta name=\"twitter:card\" content=\"summary_large_image\" \/>\n<meta name=\"twitter:label1\" content=\"Ansl. lesetid\" \/>\n\t<meta name=\"twitter:data1\" content=\"1 minutt\" \/>\n<script type=\"application\/ld+json\" class=\"yoast-schema-graph\">{\"@context\":\"https:\/\/schema.org\",\"@graph\":[{\"@type\":\"WebPage\",\"@id\":\"https:\/\/staging.forenteforlag.no\/pax\/produkt\/mamma-og-meningen-med-livet\/\",\"url\":\"https:\/\/staging.forenteforlag.no\/pax\/produkt\/mamma-og-meningen-med-livet\/\",\"name\":\"Mamma og meningen med livet - Pax\",\"isPartOf\":{\"@id\":\"https:\/\/staging.forenteforlag.no\/pax\/#website\"},\"primaryImageOfPage\":{\"@id\":\"https:\/\/staging.forenteforlag.no\/pax\/produkt\/mamma-og-meningen-med-livet\/#primaryimage\"},\"image\":{\"@id\":\"https:\/\/staging.forenteforlag.no\/pax\/produkt\/mamma-og-meningen-med-livet\/#primaryimage\"},\"thumbnailUrl\":\"https:\/\/staging.forenteforlag.no\/pax\/wp-content\/uploads\/sites\/5\/2026\/03\/9788253021867.jpg\",\"datePublished\":\"2024-12-10T21:07:40+00:00\",\"dateModified\":\"2026-03-04T19:07:38+00:00\",\"breadcrumb\":{\"@id\":\"https:\/\/staging.forenteforlag.no\/pax\/produkt\/mamma-og-meningen-med-livet\/#breadcrumb\"},\"inLanguage\":\"nb-NO\",\"potentialAction\":[{\"@type\":\"ReadAction\",\"target\":[\"https:\/\/staging.forenteforlag.no\/pax\/produkt\/mamma-og-meningen-med-livet\/\"]}]},{\"@type\":\"ImageObject\",\"inLanguage\":\"nb-NO\",\"@id\":\"https:\/\/staging.forenteforlag.no\/pax\/produkt\/mamma-og-meningen-med-livet\/#primaryimage\",\"url\":\"https:\/\/staging.forenteforlag.no\/pax\/wp-content\/uploads\/sites\/5\/2026\/03\/9788253021867.jpg\",\"contentUrl\":\"https:\/\/staging.forenteforlag.no\/pax\/wp-content\/uploads\/sites\/5\/2026\/03\/9788253021867.jpg\",\"width\":720,\"height\":1137},{\"@type\":\"BreadcrumbList\",\"@id\":\"https:\/\/staging.forenteforlag.no\/pax\/produkt\/mamma-og-meningen-med-livet\/#breadcrumb\",\"itemListElement\":[{\"@type\":\"ListItem\",\"position\":1,\"name\":\"Hjem\",\"item\":\"https:\/\/staging.forenteforlag.no\/pax\/\"},{\"@type\":\"ListItem\",\"position\":2,\"name\":\"Alle b\u00f8ker\",\"item\":\"https:\/\/staging.forenteforlag.no\/pax\/butikk\/\"},{\"@type\":\"ListItem\",\"position\":3,\"name\":\"Mamma og meningen med livet\"}]},{\"@type\":\"WebSite\",\"@id\":\"https:\/\/staging.forenteforlag.no\/pax\/#website\",\"url\":\"https:\/\/staging.forenteforlag.no\/pax\/\",\"name\":\"Pax\",\"description\":\"\",\"potentialAction\":[{\"@type\":\"SearchAction\",\"target\":{\"@type\":\"EntryPoint\",\"urlTemplate\":\"https:\/\/staging.forenteforlag.no\/pax\/?s={search_term_string}\"},\"query-input\":{\"@type\":\"PropertyValueSpecification\",\"valueRequired\":true,\"valueName\":\"search_term_string\"}}],\"inLanguage\":\"nb-NO\"}]}<\/script>\n<!-- \/ Yoast SEO plugin. -->","yoast_head_json":{"title":"Mamma og meningen med livet - Pax","robots":{"index":"noindex","follow":"follow","max-snippet":"max-snippet:-1","max-image-preview":"max-image-preview:large","max-video-preview":"max-video-preview:-1"},"og_locale":"nb_NO","og_type":"article","og_title":"Mamma og meningen med livet - Pax","og_description":"Irvin D. YalomMamma og meningen med livet Det er Yaloms overbevisning at psykoterapiens viktigste materiale alltid er en form for eksistensielle kvaler &#8211; og ikke, som det ofte hevdes, undertrykte driftsimpulser eller de sv\u00e6rt tildekkede &laquo;s\u00e5r&raquo; fra en tragisk personlig fortid. Mamma og meningen med livet er en direkte oppf\u00f8lger fra Kj\u00e6rlighetens b\u00f8ddel. Her unders\u00f8ker [&hellip;]","og_url":"https:\/\/staging.forenteforlag.no\/pax\/produkt\/mamma-og-meningen-med-livet\/","og_site_name":"Pax","article_modified_time":"2026-03-04T19:07:38+00:00","og_image":[{"width":720,"height":1137,"url":"https:\/\/staging.forenteforlag.no\/pax\/wp-content\/uploads\/sites\/5\/2026\/03\/9788253021867.jpg","type":"image\/jpeg"}],"twitter_card":"summary_large_image","twitter_misc":{"Ansl. lesetid":"1 minutt"},"schema":{"@context":"https:\/\/schema.org","@graph":[{"@type":"WebPage","@id":"https:\/\/staging.forenteforlag.no\/pax\/produkt\/mamma-og-meningen-med-livet\/","url":"https:\/\/staging.forenteforlag.no\/pax\/produkt\/mamma-og-meningen-med-livet\/","name":"Mamma og meningen med livet - Pax","isPartOf":{"@id":"https:\/\/staging.forenteforlag.no\/pax\/#website"},"primaryImageOfPage":{"@id":"https:\/\/staging.forenteforlag.no\/pax\/produkt\/mamma-og-meningen-med-livet\/#primaryimage"},"image":{"@id":"https:\/\/staging.forenteforlag.no\/pax\/produkt\/mamma-og-meningen-med-livet\/#primaryimage"},"thumbnailUrl":"https:\/\/staging.forenteforlag.no\/pax\/wp-content\/uploads\/sites\/5\/2026\/03\/9788253021867.jpg","datePublished":"2024-12-10T21:07:40+00:00","dateModified":"2026-03-04T19:07:38+00:00","breadcrumb":{"@id":"https:\/\/staging.forenteforlag.no\/pax\/produkt\/mamma-og-meningen-med-livet\/#breadcrumb"},"inLanguage":"nb-NO","potentialAction":[{"@type":"ReadAction","target":["https:\/\/staging.forenteforlag.no\/pax\/produkt\/mamma-og-meningen-med-livet\/"]}]},{"@type":"ImageObject","inLanguage":"nb-NO","@id":"https:\/\/staging.forenteforlag.no\/pax\/produkt\/mamma-og-meningen-med-livet\/#primaryimage","url":"https:\/\/staging.forenteforlag.no\/pax\/wp-content\/uploads\/sites\/5\/2026\/03\/9788253021867.jpg","contentUrl":"https:\/\/staging.forenteforlag.no\/pax\/wp-content\/uploads\/sites\/5\/2026\/03\/9788253021867.jpg","width":720,"height":1137},{"@type":"BreadcrumbList","@id":"https:\/\/staging.forenteforlag.no\/pax\/produkt\/mamma-og-meningen-med-livet\/#breadcrumb","itemListElement":[{"@type":"ListItem","position":1,"name":"Hjem","item":"https:\/\/staging.forenteforlag.no\/pax\/"},{"@type":"ListItem","position":2,"name":"Alle b\u00f8ker","item":"https:\/\/staging.forenteforlag.no\/pax\/butikk\/"},{"@type":"ListItem","position":3,"name":"Mamma og meningen med livet"}]},{"@type":"WebSite","@id":"https:\/\/staging.forenteforlag.no\/pax\/#website","url":"https:\/\/staging.forenteforlag.no\/pax\/","name":"Pax","description":"","potentialAction":[{"@type":"SearchAction","target":{"@type":"EntryPoint","urlTemplate":"https:\/\/staging.forenteforlag.no\/pax\/?s={search_term_string}"},"query-input":{"@type":"PropertyValueSpecification","valueRequired":true,"valueName":"search_term_string"}}],"inLanguage":"nb-NO"}]}},"_links":{"self":[{"href":"https:\/\/staging.forenteforlag.no\/pax\/wp-json\/wp\/v2\/product\/22179","targetHints":{"allow":["GET"]}}],"collection":[{"href":"https:\/\/staging.forenteforlag.no\/pax\/wp-json\/wp\/v2\/product"}],"about":[{"href":"https:\/\/staging.forenteforlag.no\/pax\/wp-json\/wp\/v2\/types\/product"}],"wp:featuredmedia":[{"embeddable":true,"href":"https:\/\/staging.forenteforlag.no\/pax\/wp-json\/wp\/v2\/media\/30070"}],"wp:attachment":[{"href":"https:\/\/staging.forenteforlag.no\/pax\/wp-json\/wp\/v2\/media?parent=22179"}],"wp:term":[{"taxonomy":"product_brand","embeddable":true,"href":"https:\/\/staging.forenteforlag.no\/pax\/wp-json\/wp\/v2\/product_brand?post=22179"},{"taxonomy":"product_cat","embeddable":true,"href":"https:\/\/staging.forenteforlag.no\/pax\/wp-json\/wp\/v2\/product_cat?post=22179"},{"taxonomy":"product_tag","embeddable":true,"href":"https:\/\/staging.forenteforlag.no\/pax\/wp-json\/wp\/v2\/product_tag?post=22179"}],"curies":[{"name":"wp","href":"https:\/\/api.w.org\/{rel}","templated":true}]}}