{"id":22174,"date":"2024-12-10T22:07:31","date_gmt":"2024-12-10T21:07:31","guid":{"rendered":"https:\/\/pax.forenteforlag.no\/produkt\/den-hellige-kongen\/"},"modified":"2026-03-04T20:14:33","modified_gmt":"2026-03-04T19:14:33","slug":"den-hellige-kongen","status":"publish","type":"product","link":"https:\/\/staging.forenteforlag.no\/pax\/produkt\/den-hellige-kongen\/","title":{"rendered":"Den hellige kongen"},"content":{"rendered":"<p>P\u00e5 siste del av 900-tallet ble den tradisjonelle norr\u00f8ne religionen, hedendommen, utfordret av kristendommen her i Norge. Dette er en bok om det religionsskiftet som fulgte og om den rollen den sakrale, eller hellige, kongen spilte i dette skiftet.<br \/>\nReligionshistoriker Gro Steinsland utforsker hva som egentlig foregikk da folk i Norden la den gamle \u00e5satrua bak seg og ble kristne. Religionshistorisk er hedendom og kristendom grunnforskjellige som typer. Gjennom analyser av litter\u00e6re kilder og gjenstandsmateriale pr\u00f8ver forfatteren \u00e5 komme n\u00e6rmere en forklaring p\u00e5 hvordan skiftet fra hedensk tro og kultus til kristen religion egentlig kunne foreg\u00e5.<br \/>\nBoken viser at forestillingene om den hellige kongen utgj\u00f8r et tangeringspunkt, eller en form for &laquo;tankebro&raquo;, mellom hedendom og kristendom. Tradisjoner, ideer og kultus rundt den sakrale kongen var det som til syvende og sist f\u00f8rte nordboerne fra hedensk vikingtid til kristen middelalder.<br \/>\nP\u00e5 denne m\u00e5ten blir boken ogs\u00e5 en religionshistorisk mentalitetshistorie, der forfatteren n\u00e6rmer seg religion som ideologi og mentalitet, som kulturens verdens- og livsforklaring, uttrykt i fortellinger, myter, symboler og ritualer. Det er for \u00f8vrig lagt vekt p\u00e5 \u00e5 plassere religionsskiftet og herskermakten i Norge innenfor en bred kontekst og perspektivet er utpreget tverrfaglig. N\u00e6rlesning av tekster, for eksempel fra Snorres Heimskringla, har ogs\u00e5 f\u00e5tt bred plass i fremstillingen.<\/p>\n","protected":false},"excerpt":{"rendered":"<p>P\u00e5 siste del av 900-tallet ble den tradisjonelle norr\u00f8ne religionen, hedendommen, utfordret av kristendommen her i Norge. Dette er en bok om det religionsskiftet som fulgte og om den rollen den sakrale, eller hellige, kongen spilte i dette skiftet. Religionshistoriker Gro Steinsland utforsker hva som egentlig foregikk da folk i Norden la den gamle \u00e5satrua [&hellip;]<\/p>\n","protected":false},"featured_media":29136,"template":"","meta":{"_acf_changed":false,"inline_featured_image":false},"product_brand":[],"product_cat":[1782],"product_tag":[607,362,789,1026,1104],"class_list":{"0":"post-22174","1":"product","2":"type-product","3":"status-publish","4":"has-post-thumbnail","6":"product_cat-fripris","7":"product_tag-bedriftshistorie","8":"product_tag-faglitteratur","9":"product_tag-hoymiddelalderen","10":"product_tag-kristendom","11":"product_tag-religionsvitenskap","13":"first","14":"outofstock","15":"taxable","16":"shipping-taxable","17":"purchasable","18":"product-type-simple"},"acf":{"anmeldelse":null},"yoast_head":"<!-- This site is optimized with the Yoast SEO plugin v26.6 - https:\/\/yoast.com\/wordpress\/plugins\/seo\/ -->\n<title>Den hellige kongen - Pax<\/title>\n<meta name=\"robots\" content=\"noindex, follow, max-snippet:-1, max-image-preview:large, max-video-preview:-1\" \/>\n<meta property=\"og:locale\" content=\"nb_NO\" \/>\n<meta property=\"og:type\" content=\"article\" \/>\n<meta property=\"og:title\" content=\"Den hellige kongen - Pax\" \/>\n<meta property=\"og:description\" content=\"P\u00e5 siste del av 900-tallet ble den tradisjonelle norr\u00f8ne religionen, hedendommen, utfordret av kristendommen her i Norge. Dette er en bok om det religionsskiftet som fulgte og om den rollen den sakrale, eller hellige, kongen spilte i dette skiftet. Religionshistoriker Gro Steinsland utforsker hva som egentlig foregikk da folk i Norden la den gamle \u00e5satrua [&hellip;]\" \/>\n<meta property=\"og:url\" content=\"https:\/\/staging.forenteforlag.no\/pax\/produkt\/den-hellige-kongen\/\" \/>\n<meta property=\"og:site_name\" content=\"Pax\" \/>\n<meta property=\"article:modified_time\" content=\"2026-03-04T19:14:33+00:00\" \/>\n<meta property=\"og:image\" content=\"https:\/\/staging.forenteforlag.no\/pax\/wp-content\/uploads\/sites\/5\/2025\/08\/jpg-8999.jpg\" \/>\n\t<meta property=\"og:image:width\" content=\"320\" \/>\n\t<meta property=\"og:image:height\" content=\"449\" \/>\n\t<meta property=\"og:image:type\" content=\"image\/jpeg\" \/>\n<meta name=\"twitter:card\" content=\"summary_large_image\" \/>\n<meta name=\"twitter:label1\" content=\"Ansl. lesetid\" \/>\n\t<meta name=\"twitter:data1\" content=\"1 minutt\" \/>\n<script type=\"application\/ld+json\" class=\"yoast-schema-graph\">{\"@context\":\"https:\/\/schema.org\",\"@graph\":[{\"@type\":\"WebPage\",\"@id\":\"https:\/\/staging.forenteforlag.no\/pax\/produkt\/den-hellige-kongen\/\",\"url\":\"https:\/\/staging.forenteforlag.no\/pax\/produkt\/den-hellige-kongen\/\",\"name\":\"Den hellige kongen - Pax\",\"isPartOf\":{\"@id\":\"https:\/\/staging.forenteforlag.no\/pax\/#website\"},\"primaryImageOfPage\":{\"@id\":\"https:\/\/staging.forenteforlag.no\/pax\/produkt\/den-hellige-kongen\/#primaryimage\"},\"image\":{\"@id\":\"https:\/\/staging.forenteforlag.no\/pax\/produkt\/den-hellige-kongen\/#primaryimage\"},\"thumbnailUrl\":\"https:\/\/staging.forenteforlag.no\/pax\/wp-content\/uploads\/sites\/5\/2025\/08\/jpg-8999.jpg\",\"datePublished\":\"2024-12-10T21:07:31+00:00\",\"dateModified\":\"2026-03-04T19:14:33+00:00\",\"breadcrumb\":{\"@id\":\"https:\/\/staging.forenteforlag.no\/pax\/produkt\/den-hellige-kongen\/#breadcrumb\"},\"inLanguage\":\"nb-NO\",\"potentialAction\":[{\"@type\":\"ReadAction\",\"target\":[\"https:\/\/staging.forenteforlag.no\/pax\/produkt\/den-hellige-kongen\/\"]}]},{\"@type\":\"ImageObject\",\"inLanguage\":\"nb-NO\",\"@id\":\"https:\/\/staging.forenteforlag.no\/pax\/produkt\/den-hellige-kongen\/#primaryimage\",\"url\":\"https:\/\/staging.forenteforlag.no\/pax\/wp-content\/uploads\/sites\/5\/2025\/08\/jpg-8999.jpg\",\"contentUrl\":\"https:\/\/staging.forenteforlag.no\/pax\/wp-content\/uploads\/sites\/5\/2025\/08\/jpg-8999.jpg\",\"width\":320,\"height\":449},{\"@type\":\"BreadcrumbList\",\"@id\":\"https:\/\/staging.forenteforlag.no\/pax\/produkt\/den-hellige-kongen\/#breadcrumb\",\"itemListElement\":[{\"@type\":\"ListItem\",\"position\":1,\"name\":\"Hjem\",\"item\":\"https:\/\/staging.forenteforlag.no\/pax\/\"},{\"@type\":\"ListItem\",\"position\":2,\"name\":\"Alle b\u00f8ker\",\"item\":\"https:\/\/staging.forenteforlag.no\/pax\/butikk\/\"},{\"@type\":\"ListItem\",\"position\":3,\"name\":\"Den hellige kongen\"}]},{\"@type\":\"WebSite\",\"@id\":\"https:\/\/staging.forenteforlag.no\/pax\/#website\",\"url\":\"https:\/\/staging.forenteforlag.no\/pax\/\",\"name\":\"Pax\",\"description\":\"\",\"potentialAction\":[{\"@type\":\"SearchAction\",\"target\":{\"@type\":\"EntryPoint\",\"urlTemplate\":\"https:\/\/staging.forenteforlag.no\/pax\/?s={search_term_string}\"},\"query-input\":{\"@type\":\"PropertyValueSpecification\",\"valueRequired\":true,\"valueName\":\"search_term_string\"}}],\"inLanguage\":\"nb-NO\"}]}<\/script>\n<!-- \/ Yoast SEO plugin. -->","yoast_head_json":{"title":"Den hellige kongen - Pax","robots":{"index":"noindex","follow":"follow","max-snippet":"max-snippet:-1","max-image-preview":"max-image-preview:large","max-video-preview":"max-video-preview:-1"},"og_locale":"nb_NO","og_type":"article","og_title":"Den hellige kongen - Pax","og_description":"P\u00e5 siste del av 900-tallet ble den tradisjonelle norr\u00f8ne religionen, hedendommen, utfordret av kristendommen her i Norge. Dette er en bok om det religionsskiftet som fulgte og om den rollen den sakrale, eller hellige, kongen spilte i dette skiftet. Religionshistoriker Gro Steinsland utforsker hva som egentlig foregikk da folk i Norden la den gamle \u00e5satrua [&hellip;]","og_url":"https:\/\/staging.forenteforlag.no\/pax\/produkt\/den-hellige-kongen\/","og_site_name":"Pax","article_modified_time":"2026-03-04T19:14:33+00:00","og_image":[{"width":320,"height":449,"url":"https:\/\/staging.forenteforlag.no\/pax\/wp-content\/uploads\/sites\/5\/2025\/08\/jpg-8999.jpg","type":"image\/jpeg"}],"twitter_card":"summary_large_image","twitter_misc":{"Ansl. lesetid":"1 minutt"},"schema":{"@context":"https:\/\/schema.org","@graph":[{"@type":"WebPage","@id":"https:\/\/staging.forenteforlag.no\/pax\/produkt\/den-hellige-kongen\/","url":"https:\/\/staging.forenteforlag.no\/pax\/produkt\/den-hellige-kongen\/","name":"Den hellige kongen - Pax","isPartOf":{"@id":"https:\/\/staging.forenteforlag.no\/pax\/#website"},"primaryImageOfPage":{"@id":"https:\/\/staging.forenteforlag.no\/pax\/produkt\/den-hellige-kongen\/#primaryimage"},"image":{"@id":"https:\/\/staging.forenteforlag.no\/pax\/produkt\/den-hellige-kongen\/#primaryimage"},"thumbnailUrl":"https:\/\/staging.forenteforlag.no\/pax\/wp-content\/uploads\/sites\/5\/2025\/08\/jpg-8999.jpg","datePublished":"2024-12-10T21:07:31+00:00","dateModified":"2026-03-04T19:14:33+00:00","breadcrumb":{"@id":"https:\/\/staging.forenteforlag.no\/pax\/produkt\/den-hellige-kongen\/#breadcrumb"},"inLanguage":"nb-NO","potentialAction":[{"@type":"ReadAction","target":["https:\/\/staging.forenteforlag.no\/pax\/produkt\/den-hellige-kongen\/"]}]},{"@type":"ImageObject","inLanguage":"nb-NO","@id":"https:\/\/staging.forenteforlag.no\/pax\/produkt\/den-hellige-kongen\/#primaryimage","url":"https:\/\/staging.forenteforlag.no\/pax\/wp-content\/uploads\/sites\/5\/2025\/08\/jpg-8999.jpg","contentUrl":"https:\/\/staging.forenteforlag.no\/pax\/wp-content\/uploads\/sites\/5\/2025\/08\/jpg-8999.jpg","width":320,"height":449},{"@type":"BreadcrumbList","@id":"https:\/\/staging.forenteforlag.no\/pax\/produkt\/den-hellige-kongen\/#breadcrumb","itemListElement":[{"@type":"ListItem","position":1,"name":"Hjem","item":"https:\/\/staging.forenteforlag.no\/pax\/"},{"@type":"ListItem","position":2,"name":"Alle b\u00f8ker","item":"https:\/\/staging.forenteforlag.no\/pax\/butikk\/"},{"@type":"ListItem","position":3,"name":"Den hellige kongen"}]},{"@type":"WebSite","@id":"https:\/\/staging.forenteforlag.no\/pax\/#website","url":"https:\/\/staging.forenteforlag.no\/pax\/","name":"Pax","description":"","potentialAction":[{"@type":"SearchAction","target":{"@type":"EntryPoint","urlTemplate":"https:\/\/staging.forenteforlag.no\/pax\/?s={search_term_string}"},"query-input":{"@type":"PropertyValueSpecification","valueRequired":true,"valueName":"search_term_string"}}],"inLanguage":"nb-NO"}]}},"_links":{"self":[{"href":"https:\/\/staging.forenteforlag.no\/pax\/wp-json\/wp\/v2\/product\/22174","targetHints":{"allow":["GET"]}}],"collection":[{"href":"https:\/\/staging.forenteforlag.no\/pax\/wp-json\/wp\/v2\/product"}],"about":[{"href":"https:\/\/staging.forenteforlag.no\/pax\/wp-json\/wp\/v2\/types\/product"}],"wp:featuredmedia":[{"embeddable":true,"href":"https:\/\/staging.forenteforlag.no\/pax\/wp-json\/wp\/v2\/media\/29136"}],"wp:attachment":[{"href":"https:\/\/staging.forenteforlag.no\/pax\/wp-json\/wp\/v2\/media?parent=22174"}],"wp:term":[{"taxonomy":"product_brand","embeddable":true,"href":"https:\/\/staging.forenteforlag.no\/pax\/wp-json\/wp\/v2\/product_brand?post=22174"},{"taxonomy":"product_cat","embeddable":true,"href":"https:\/\/staging.forenteforlag.no\/pax\/wp-json\/wp\/v2\/product_cat?post=22174"},{"taxonomy":"product_tag","embeddable":true,"href":"https:\/\/staging.forenteforlag.no\/pax\/wp-json\/wp\/v2\/product_tag?post=22174"}],"curies":[{"name":"wp","href":"https:\/\/api.w.org\/{rel}","templated":true}]}}