{"id":22165,"date":"2024-12-10T22:07:15","date_gmt":"2024-12-10T21:07:15","guid":{"rendered":"https:\/\/pax.forenteforlag.no\/produkt\/egyptiske-drommer\/"},"modified":"2026-03-04T18:33:20","modified_gmt":"2026-03-04T17:33:20","slug":"egyptiske-drommer","status":"publish","type":"product","link":"https:\/\/staging.forenteforlag.no\/pax\/produkt\/egyptiske-drommer\/","title":{"rendered":"Egyptiske dr\u00f8mmer"},"content":{"rendered":"<p>Fattigjenta Thu vil bort fra foreldrenes enkle k\u00e5r. Inspirert av visdommen til guden Thot l\u00e6rer hun seg \u00e5 lese og skrive, noe som er uvanlig for en kvinne. Den vansirede Hui blir Thus veileder og velgj\u00f8rer. Hun f\u00e5r kunnskap om legekunsten og mystisk viten om aromatiske oljer, helbredende medisin og d\u00f8delige urter. Ramses III regjerer i Egypt og Thu streber mot adelens mektige gods ved Nilens bredd. Hun beseirer faraoens hjerte og blir hans hans livlege og yndlingskonkubine. Men listige Thu f\u00e5r ogs\u00e5 makt gjennom hoffintriger og grusomme renkespill.<\/p>\n","protected":false},"excerpt":{"rendered":"<p>Fattigjenta Thu vil bort fra foreldrenes enkle k\u00e5r. Inspirert av visdommen til guden Thot l\u00e6rer hun seg \u00e5 lese og skrive, noe som er uvanlig for en kvinne. Den vansirede Hui blir Thus veileder og velgj\u00f8rer. Hun f\u00e5r kunnskap om legekunsten og mystisk viten om aromatiske oljer, helbredende medisin og d\u00f8delige urter. Ramses III regjerer [&hellip;]<\/p>\n","protected":false},"featured_media":0,"template":"","meta":{"_acf_changed":false,"inline_featured_image":false},"product_brand":[],"product_cat":[1782],"product_tag":[1169,1095,400,1113,370],"class_list":{"0":"post-22165","1":"product","2":"type-product","3":"status-publish","5":"product_cat-fripris","6":"product_tag-egypt","7":"product_tag-grafiske-romaner","8":"product_tag-historisk-litteratur","9":"product_tag-oldtiden","10":"product_tag-skjonnlitteratur","12":"first","13":"outofstock","14":"taxable","15":"shipping-taxable","16":"purchasable","17":"product-type-simple"},"acf":{"anmeldelse":null},"yoast_head":"<!-- This site is optimized with the Yoast SEO plugin v26.6 - https:\/\/yoast.com\/wordpress\/plugins\/seo\/ -->\n<title>Egyptiske dr\u00f8mmer - Pax<\/title>\n<meta name=\"robots\" content=\"noindex, follow, max-snippet:-1, max-image-preview:large, max-video-preview:-1\" \/>\n<meta property=\"og:locale\" content=\"nb_NO\" \/>\n<meta property=\"og:type\" content=\"article\" \/>\n<meta property=\"og:title\" content=\"Egyptiske dr\u00f8mmer - Pax\" \/>\n<meta property=\"og:description\" content=\"Fattigjenta Thu vil bort fra foreldrenes enkle k\u00e5r. Inspirert av visdommen til guden Thot l\u00e6rer hun seg \u00e5 lese og skrive, noe som er uvanlig for en kvinne. Den vansirede Hui blir Thus veileder og velgj\u00f8rer. Hun f\u00e5r kunnskap om legekunsten og mystisk viten om aromatiske oljer, helbredende medisin og d\u00f8delige urter. Ramses III regjerer [&hellip;]\" \/>\n<meta property=\"og:url\" content=\"https:\/\/staging.forenteforlag.no\/pax\/produkt\/egyptiske-drommer\/\" \/>\n<meta property=\"og:site_name\" content=\"Pax\" \/>\n<meta property=\"article:modified_time\" content=\"2026-03-04T17:33:20+00:00\" \/>\n<meta property=\"og:image\" content=\"https:\/\/staging.forenteforlag.no\/pax\/wp-content\/uploads\/sites\/5\/2025\/02\/pax-hvit.jpg\" \/>\n\t<meta property=\"og:image:width\" content=\"1200\" \/>\n\t<meta property=\"og:image:height\" content=\"800\" \/>\n\t<meta property=\"og:image:type\" content=\"image\/jpeg\" \/>\n<meta name=\"twitter:card\" content=\"summary_large_image\" \/>\n<script type=\"application\/ld+json\" class=\"yoast-schema-graph\">{\"@context\":\"https:\/\/schema.org\",\"@graph\":[{\"@type\":\"WebPage\",\"@id\":\"https:\/\/staging.forenteforlag.no\/pax\/produkt\/egyptiske-drommer\/\",\"url\":\"https:\/\/staging.forenteforlag.no\/pax\/produkt\/egyptiske-drommer\/\",\"name\":\"Egyptiske dr\u00f8mmer - Pax\",\"isPartOf\":{\"@id\":\"https:\/\/staging.forenteforlag.no\/pax\/#website\"},\"datePublished\":\"2024-12-10T21:07:15+00:00\",\"dateModified\":\"2026-03-04T17:33:20+00:00\",\"breadcrumb\":{\"@id\":\"https:\/\/staging.forenteforlag.no\/pax\/produkt\/egyptiske-drommer\/#breadcrumb\"},\"inLanguage\":\"nb-NO\",\"potentialAction\":[{\"@type\":\"ReadAction\",\"target\":[\"https:\/\/staging.forenteforlag.no\/pax\/produkt\/egyptiske-drommer\/\"]}]},{\"@type\":\"BreadcrumbList\",\"@id\":\"https:\/\/staging.forenteforlag.no\/pax\/produkt\/egyptiske-drommer\/#breadcrumb\",\"itemListElement\":[{\"@type\":\"ListItem\",\"position\":1,\"name\":\"Hjem\",\"item\":\"https:\/\/staging.forenteforlag.no\/pax\/\"},{\"@type\":\"ListItem\",\"position\":2,\"name\":\"Alle b\u00f8ker\",\"item\":\"https:\/\/staging.forenteforlag.no\/pax\/butikk\/\"},{\"@type\":\"ListItem\",\"position\":3,\"name\":\"Egyptiske dr\u00f8mmer\"}]},{\"@type\":\"WebSite\",\"@id\":\"https:\/\/staging.forenteforlag.no\/pax\/#website\",\"url\":\"https:\/\/staging.forenteforlag.no\/pax\/\",\"name\":\"Pax\",\"description\":\"\",\"potentialAction\":[{\"@type\":\"SearchAction\",\"target\":{\"@type\":\"EntryPoint\",\"urlTemplate\":\"https:\/\/staging.forenteforlag.no\/pax\/?s={search_term_string}\"},\"query-input\":{\"@type\":\"PropertyValueSpecification\",\"valueRequired\":true,\"valueName\":\"search_term_string\"}}],\"inLanguage\":\"nb-NO\"}]}<\/script>\n<!-- \/ Yoast SEO plugin. -->","yoast_head_json":{"title":"Egyptiske dr\u00f8mmer - Pax","robots":{"index":"noindex","follow":"follow","max-snippet":"max-snippet:-1","max-image-preview":"max-image-preview:large","max-video-preview":"max-video-preview:-1"},"og_locale":"nb_NO","og_type":"article","og_title":"Egyptiske dr\u00f8mmer - Pax","og_description":"Fattigjenta Thu vil bort fra foreldrenes enkle k\u00e5r. Inspirert av visdommen til guden Thot l\u00e6rer hun seg \u00e5 lese og skrive, noe som er uvanlig for en kvinne. Den vansirede Hui blir Thus veileder og velgj\u00f8rer. Hun f\u00e5r kunnskap om legekunsten og mystisk viten om aromatiske oljer, helbredende medisin og d\u00f8delige urter. Ramses III regjerer [&hellip;]","og_url":"https:\/\/staging.forenteforlag.no\/pax\/produkt\/egyptiske-drommer\/","og_site_name":"Pax","article_modified_time":"2026-03-04T17:33:20+00:00","og_image":[{"width":1200,"height":800,"url":"https:\/\/staging.forenteforlag.no\/pax\/wp-content\/uploads\/sites\/5\/2025\/02\/pax-hvit.jpg","type":"image\/jpeg"}],"twitter_card":"summary_large_image","schema":{"@context":"https:\/\/schema.org","@graph":[{"@type":"WebPage","@id":"https:\/\/staging.forenteforlag.no\/pax\/produkt\/egyptiske-drommer\/","url":"https:\/\/staging.forenteforlag.no\/pax\/produkt\/egyptiske-drommer\/","name":"Egyptiske dr\u00f8mmer - Pax","isPartOf":{"@id":"https:\/\/staging.forenteforlag.no\/pax\/#website"},"datePublished":"2024-12-10T21:07:15+00:00","dateModified":"2026-03-04T17:33:20+00:00","breadcrumb":{"@id":"https:\/\/staging.forenteforlag.no\/pax\/produkt\/egyptiske-drommer\/#breadcrumb"},"inLanguage":"nb-NO","potentialAction":[{"@type":"ReadAction","target":["https:\/\/staging.forenteforlag.no\/pax\/produkt\/egyptiske-drommer\/"]}]},{"@type":"BreadcrumbList","@id":"https:\/\/staging.forenteforlag.no\/pax\/produkt\/egyptiske-drommer\/#breadcrumb","itemListElement":[{"@type":"ListItem","position":1,"name":"Hjem","item":"https:\/\/staging.forenteforlag.no\/pax\/"},{"@type":"ListItem","position":2,"name":"Alle b\u00f8ker","item":"https:\/\/staging.forenteforlag.no\/pax\/butikk\/"},{"@type":"ListItem","position":3,"name":"Egyptiske dr\u00f8mmer"}]},{"@type":"WebSite","@id":"https:\/\/staging.forenteforlag.no\/pax\/#website","url":"https:\/\/staging.forenteforlag.no\/pax\/","name":"Pax","description":"","potentialAction":[{"@type":"SearchAction","target":{"@type":"EntryPoint","urlTemplate":"https:\/\/staging.forenteforlag.no\/pax\/?s={search_term_string}"},"query-input":{"@type":"PropertyValueSpecification","valueRequired":true,"valueName":"search_term_string"}}],"inLanguage":"nb-NO"}]}},"_links":{"self":[{"href":"https:\/\/staging.forenteforlag.no\/pax\/wp-json\/wp\/v2\/product\/22165","targetHints":{"allow":["GET"]}}],"collection":[{"href":"https:\/\/staging.forenteforlag.no\/pax\/wp-json\/wp\/v2\/product"}],"about":[{"href":"https:\/\/staging.forenteforlag.no\/pax\/wp-json\/wp\/v2\/types\/product"}],"wp:attachment":[{"href":"https:\/\/staging.forenteforlag.no\/pax\/wp-json\/wp\/v2\/media?parent=22165"}],"wp:term":[{"taxonomy":"product_brand","embeddable":true,"href":"https:\/\/staging.forenteforlag.no\/pax\/wp-json\/wp\/v2\/product_brand?post=22165"},{"taxonomy":"product_cat","embeddable":true,"href":"https:\/\/staging.forenteforlag.no\/pax\/wp-json\/wp\/v2\/product_cat?post=22165"},{"taxonomy":"product_tag","embeddable":true,"href":"https:\/\/staging.forenteforlag.no\/pax\/wp-json\/wp\/v2\/product_tag?post=22165"}],"curies":[{"name":"wp","href":"https:\/\/api.w.org\/{rel}","templated":true}]}}