{"id":22163,"date":"2024-12-10T22:07:17","date_gmt":"2024-12-10T21:07:17","guid":{"rendered":"https:\/\/pax.forenteforlag.no\/produkt\/kaptein-corellis-mandolin\/"},"modified":"2026-03-04T18:32:58","modified_gmt":"2026-03-04T17:32:58","slug":"kaptein-corellis-mandolin","status":"publish","type":"product","link":"https:\/\/staging.forenteforlag.no\/pax\/produkt\/kaptein-corellis-mandolin\/","title":{"rendered":"Kaptein Corellis mandolin"},"content":{"rendered":"<p>Handlingen foreg\u00e5r p\u00e5 den greske \u00f8ya Kefallinia fra starten av den andre verdenskrig. Ungjenta Pelagia, datter av den selvl\u00e6rte legen og historiekr\u00f8nikeren Iannis, har nettopp forlovet seg med fiskeren Mandras. Men da den italienske invasjonen kommer, slutter han seg til de kommunistiske partisanstyrkene, og doktor Iannis blir p\u00e5lagt \u00e5 innkvartere den banjospillende kaptein Corelli fra invasjonsstyrkene. For Pelagia, som for alle andre p\u00e5 \u00f8ya, blir det snart klart at krigen f\u00f8rer mange forandringer med seg.<\/p>\n","protected":false},"excerpt":{"rendered":"<p>Handlingen foreg\u00e5r p\u00e5 den greske \u00f8ya Kefallinia fra starten av den andre verdenskrig. Ungjenta Pelagia, datter av den selvl\u00e6rte legen og historiekr\u00f8nikeren Iannis, har nettopp forlovet seg med fiskeren Mandras. Men da den italienske invasjonen kommer, slutter han seg til de kommunistiske partisanstyrkene, og doktor Iannis blir p\u00e5lagt \u00e5 innkvartere den banjospillende kaptein Corelli fra [&hellip;]<\/p>\n","protected":false},"featured_media":0,"template":"","meta":{"_acf_changed":false,"inline_featured_image":false},"product_brand":[],"product_cat":[1782],"product_tag":[407,405,1095,559,510,370],"class_list":{"0":"post-22163","1":"product","2":"type-product","3":"status-publish","5":"product_cat-fripris","6":"product_tag-1939-1945","7":"product_tag-andre-verdenskrig","8":"product_tag-grafiske-romaner","9":"product_tag-hellas","10":"product_tag-kjaerlighet","11":"product_tag-skjonnlitteratur","13":"first","14":"outofstock","15":"taxable","16":"shipping-taxable","17":"purchasable","18":"product-type-simple"},"acf":{"anmeldelse":null},"yoast_head":"<!-- This site is optimized with the Yoast SEO plugin v26.6 - https:\/\/yoast.com\/wordpress\/plugins\/seo\/ -->\n<title>Kaptein Corellis mandolin - Pax<\/title>\n<meta name=\"robots\" content=\"noindex, follow, max-snippet:-1, max-image-preview:large, max-video-preview:-1\" \/>\n<meta property=\"og:locale\" content=\"nb_NO\" \/>\n<meta property=\"og:type\" content=\"article\" \/>\n<meta property=\"og:title\" content=\"Kaptein Corellis mandolin - Pax\" \/>\n<meta property=\"og:description\" content=\"Handlingen foreg\u00e5r p\u00e5 den greske \u00f8ya Kefallinia fra starten av den andre verdenskrig. Ungjenta Pelagia, datter av den selvl\u00e6rte legen og historiekr\u00f8nikeren Iannis, har nettopp forlovet seg med fiskeren Mandras. Men da den italienske invasjonen kommer, slutter han seg til de kommunistiske partisanstyrkene, og doktor Iannis blir p\u00e5lagt \u00e5 innkvartere den banjospillende kaptein Corelli fra [&hellip;]\" \/>\n<meta property=\"og:url\" content=\"https:\/\/staging.forenteforlag.no\/pax\/produkt\/kaptein-corellis-mandolin\/\" \/>\n<meta property=\"og:site_name\" content=\"Pax\" \/>\n<meta property=\"article:modified_time\" content=\"2026-03-04T17:32:58+00:00\" \/>\n<meta property=\"og:image\" content=\"https:\/\/staging.forenteforlag.no\/pax\/wp-content\/uploads\/sites\/5\/2025\/02\/pax-hvit.jpg\" \/>\n\t<meta property=\"og:image:width\" content=\"1200\" \/>\n\t<meta property=\"og:image:height\" content=\"800\" \/>\n\t<meta property=\"og:image:type\" content=\"image\/jpeg\" \/>\n<meta name=\"twitter:card\" content=\"summary_large_image\" \/>\n<script type=\"application\/ld+json\" class=\"yoast-schema-graph\">{\"@context\":\"https:\/\/schema.org\",\"@graph\":[{\"@type\":\"WebPage\",\"@id\":\"https:\/\/staging.forenteforlag.no\/pax\/produkt\/kaptein-corellis-mandolin\/\",\"url\":\"https:\/\/staging.forenteforlag.no\/pax\/produkt\/kaptein-corellis-mandolin\/\",\"name\":\"Kaptein Corellis mandolin - Pax\",\"isPartOf\":{\"@id\":\"https:\/\/staging.forenteforlag.no\/pax\/#website\"},\"datePublished\":\"2024-12-10T21:07:17+00:00\",\"dateModified\":\"2026-03-04T17:32:58+00:00\",\"breadcrumb\":{\"@id\":\"https:\/\/staging.forenteforlag.no\/pax\/produkt\/kaptein-corellis-mandolin\/#breadcrumb\"},\"inLanguage\":\"nb-NO\",\"potentialAction\":[{\"@type\":\"ReadAction\",\"target\":[\"https:\/\/staging.forenteforlag.no\/pax\/produkt\/kaptein-corellis-mandolin\/\"]}]},{\"@type\":\"BreadcrumbList\",\"@id\":\"https:\/\/staging.forenteforlag.no\/pax\/produkt\/kaptein-corellis-mandolin\/#breadcrumb\",\"itemListElement\":[{\"@type\":\"ListItem\",\"position\":1,\"name\":\"Hjem\",\"item\":\"https:\/\/staging.forenteforlag.no\/pax\/\"},{\"@type\":\"ListItem\",\"position\":2,\"name\":\"Alle b\u00f8ker\",\"item\":\"https:\/\/staging.forenteforlag.no\/pax\/butikk\/\"},{\"@type\":\"ListItem\",\"position\":3,\"name\":\"Kaptein Corellis mandolin\"}]},{\"@type\":\"WebSite\",\"@id\":\"https:\/\/staging.forenteforlag.no\/pax\/#website\",\"url\":\"https:\/\/staging.forenteforlag.no\/pax\/\",\"name\":\"Pax\",\"description\":\"\",\"potentialAction\":[{\"@type\":\"SearchAction\",\"target\":{\"@type\":\"EntryPoint\",\"urlTemplate\":\"https:\/\/staging.forenteforlag.no\/pax\/?s={search_term_string}\"},\"query-input\":{\"@type\":\"PropertyValueSpecification\",\"valueRequired\":true,\"valueName\":\"search_term_string\"}}],\"inLanguage\":\"nb-NO\"}]}<\/script>\n<!-- \/ Yoast SEO plugin. -->","yoast_head_json":{"title":"Kaptein Corellis mandolin - Pax","robots":{"index":"noindex","follow":"follow","max-snippet":"max-snippet:-1","max-image-preview":"max-image-preview:large","max-video-preview":"max-video-preview:-1"},"og_locale":"nb_NO","og_type":"article","og_title":"Kaptein Corellis mandolin - Pax","og_description":"Handlingen foreg\u00e5r p\u00e5 den greske \u00f8ya Kefallinia fra starten av den andre verdenskrig. Ungjenta Pelagia, datter av den selvl\u00e6rte legen og historiekr\u00f8nikeren Iannis, har nettopp forlovet seg med fiskeren Mandras. Men da den italienske invasjonen kommer, slutter han seg til de kommunistiske partisanstyrkene, og doktor Iannis blir p\u00e5lagt \u00e5 innkvartere den banjospillende kaptein Corelli fra [&hellip;]","og_url":"https:\/\/staging.forenteforlag.no\/pax\/produkt\/kaptein-corellis-mandolin\/","og_site_name":"Pax","article_modified_time":"2026-03-04T17:32:58+00:00","og_image":[{"width":1200,"height":800,"url":"https:\/\/staging.forenteforlag.no\/pax\/wp-content\/uploads\/sites\/5\/2025\/02\/pax-hvit.jpg","type":"image\/jpeg"}],"twitter_card":"summary_large_image","schema":{"@context":"https:\/\/schema.org","@graph":[{"@type":"WebPage","@id":"https:\/\/staging.forenteforlag.no\/pax\/produkt\/kaptein-corellis-mandolin\/","url":"https:\/\/staging.forenteforlag.no\/pax\/produkt\/kaptein-corellis-mandolin\/","name":"Kaptein Corellis mandolin - Pax","isPartOf":{"@id":"https:\/\/staging.forenteforlag.no\/pax\/#website"},"datePublished":"2024-12-10T21:07:17+00:00","dateModified":"2026-03-04T17:32:58+00:00","breadcrumb":{"@id":"https:\/\/staging.forenteforlag.no\/pax\/produkt\/kaptein-corellis-mandolin\/#breadcrumb"},"inLanguage":"nb-NO","potentialAction":[{"@type":"ReadAction","target":["https:\/\/staging.forenteforlag.no\/pax\/produkt\/kaptein-corellis-mandolin\/"]}]},{"@type":"BreadcrumbList","@id":"https:\/\/staging.forenteforlag.no\/pax\/produkt\/kaptein-corellis-mandolin\/#breadcrumb","itemListElement":[{"@type":"ListItem","position":1,"name":"Hjem","item":"https:\/\/staging.forenteforlag.no\/pax\/"},{"@type":"ListItem","position":2,"name":"Alle b\u00f8ker","item":"https:\/\/staging.forenteforlag.no\/pax\/butikk\/"},{"@type":"ListItem","position":3,"name":"Kaptein Corellis mandolin"}]},{"@type":"WebSite","@id":"https:\/\/staging.forenteforlag.no\/pax\/#website","url":"https:\/\/staging.forenteforlag.no\/pax\/","name":"Pax","description":"","potentialAction":[{"@type":"SearchAction","target":{"@type":"EntryPoint","urlTemplate":"https:\/\/staging.forenteforlag.no\/pax\/?s={search_term_string}"},"query-input":{"@type":"PropertyValueSpecification","valueRequired":true,"valueName":"search_term_string"}}],"inLanguage":"nb-NO"}]}},"_links":{"self":[{"href":"https:\/\/staging.forenteforlag.no\/pax\/wp-json\/wp\/v2\/product\/22163","targetHints":{"allow":["GET"]}}],"collection":[{"href":"https:\/\/staging.forenteforlag.no\/pax\/wp-json\/wp\/v2\/product"}],"about":[{"href":"https:\/\/staging.forenteforlag.no\/pax\/wp-json\/wp\/v2\/types\/product"}],"wp:attachment":[{"href":"https:\/\/staging.forenteforlag.no\/pax\/wp-json\/wp\/v2\/media?parent=22163"}],"wp:term":[{"taxonomy":"product_brand","embeddable":true,"href":"https:\/\/staging.forenteforlag.no\/pax\/wp-json\/wp\/v2\/product_brand?post=22163"},{"taxonomy":"product_cat","embeddable":true,"href":"https:\/\/staging.forenteforlag.no\/pax\/wp-json\/wp\/v2\/product_cat?post=22163"},{"taxonomy":"product_tag","embeddable":true,"href":"https:\/\/staging.forenteforlag.no\/pax\/wp-json\/wp\/v2\/product_tag?post=22163"}],"curies":[{"name":"wp","href":"https:\/\/api.w.org\/{rel}","templated":true}]}}