{"id":22140,"date":"2018-10-16T02:00:00","date_gmt":"2018-10-16T00:00:00","guid":{"rendered":"https:\/\/pax.forenteforlag.no\/produkt\/pa-ski-fordi\/"},"modified":"2026-01-05T05:18:19","modified_gmt":"2026-01-05T04:18:19","slug":"pa-ski-fordi","status":"publish","type":"product","link":"https:\/\/staging.forenteforlag.no\/pax\/produkt\/pa-ski-fordi\/","title":{"rendered":"P\u00e5 ski fordi"},"content":{"rendered":"<p>Ski under f\u00f8ttene gir en grenseoverskridende frihet &#8211; frihet til \u00e5 flyte gjennom vinterlandskap, til \u00e5 slite seg opp og suse nedover bakkene, til \u00e5 g\u00e5 lenge og overskue mer. <\/p>\n<p>Kari J. Spjeldn\u00e6s har alltid g\u00e5tt p\u00e5 ski, p\u00e5 s\u00f8ndagsturer, i vinter- og p\u00e5skeferier gjennom oppvekst og voksenliv. Inntil hun for en del \u00e5r siden begynte \u00e5 g\u00e5 oftere og lengre. Turene tok stadig st\u00f8rre plass, og det \u00e5 g\u00e5 p\u00e5 ski ble viktigere enn mye annet. Da hennes mann ble alvorlig syk, ble det med ett presserende \u00e5 f\u00e5 forklart ham &#8211; som ikke er spesielt glad i \u00e5 g\u00e5 p\u00e5 ski &#8211; hvorfor hun forsvinner ut i Marka s\u00e5 snart det er mulig. Hun begynte \u00e5 unders\u00f8ke egne erfaringer og \u00e5 lese hva andre har skrevet om temaet. <\/p>\n<p>Hva er det med skig\u00e5ing som trekker s\u00e5 sterkt? Hvorfor ble den s\u00e5 viktig da livets alvor skrudde seg til? Sp\u00f8rsm\u00e5lene ble raskt flere da Spjeldn\u00e6s begynte \u00e5 ta seg fram i litteraturen og oppdaget at sv\u00e6rt f\u00e5 kvinner har tatt eierskap til skikultur og -historie. <\/p>\n<p>Med sveip gjennom litteratur og landskap, skihistorie og egne opplevelser inviteres leseren med p\u00e5 en vinterferd med ettertenksomt alvor og smittsom skiglede. <\/p>\n","protected":false},"excerpt":{"rendered":"<p>Ski under f\u00f8ttene gir en grenseoverskridende frihet &#8211; frihet til \u00e5 flyte gjennom vinterlandskap, til \u00e5 slite seg opp og suse nedover bakkene, til \u00e5 g\u00e5 lenge og overskue mer. Kari J. Spjeldn\u00e6s har alltid g\u00e5tt p\u00e5 ski, p\u00e5 s\u00f8ndagsturer, i vinter- og p\u00e5skeferier gjennom oppvekst og voksenliv. Inntil hun for en del \u00e5r siden [&hellip;]<\/p>\n","protected":false},"featured_media":28700,"template":"","meta":{"_acf_changed":false,"inline_featured_image":false},"product_brand":[],"product_cat":[29],"product_tag":[362],"class_list":{"0":"post-22140","1":"product","2":"type-product","3":"status-publish","4":"has-post-thumbnail","6":"product_cat-natur-friluftsliv-og-sport","7":"product_tag-faglitteratur","8":"pa_format-innbundet","10":"first","11":"outofstock","12":"shipping-taxable","13":"purchasable","14":"product-type-simple"},"acf":{"anmeldelse":null},"yoast_head":"<!-- This site is optimized with the Yoast SEO plugin v26.6 - https:\/\/yoast.com\/wordpress\/plugins\/seo\/ -->\n<title>P\u00e5 ski fordi - Pax<\/title>\n<meta name=\"robots\" content=\"noindex, follow, max-snippet:-1, max-image-preview:large, max-video-preview:-1\" \/>\n<meta property=\"og:locale\" content=\"nb_NO\" \/>\n<meta property=\"og:type\" content=\"article\" \/>\n<meta property=\"og:title\" content=\"P\u00e5 ski fordi - Pax\" \/>\n<meta property=\"og:description\" content=\"Ski under f\u00f8ttene gir en grenseoverskridende frihet &#8211; frihet til \u00e5 flyte gjennom vinterlandskap, til \u00e5 slite seg opp og suse nedover bakkene, til \u00e5 g\u00e5 lenge og overskue mer. Kari J. Spjeldn\u00e6s har alltid g\u00e5tt p\u00e5 ski, p\u00e5 s\u00f8ndagsturer, i vinter- og p\u00e5skeferier gjennom oppvekst og voksenliv. Inntil hun for en del \u00e5r siden [&hellip;]\" \/>\n<meta property=\"og:url\" content=\"https:\/\/staging.forenteforlag.no\/pax\/produkt\/pa-ski-fordi\/\" \/>\n<meta property=\"og:site_name\" content=\"Pax\" \/>\n<meta property=\"article:modified_time\" content=\"2026-01-05T04:18:19+00:00\" \/>\n<meta property=\"og:image\" content=\"https:\/\/staging.forenteforlag.no\/pax\/wp-content\/uploads\/sites\/5\/2025\/08\/jpg-7712.jpg\" \/>\n\t<meta property=\"og:image:width\" content=\"647\" \/>\n\t<meta property=\"og:image:height\" content=\"1024\" \/>\n\t<meta property=\"og:image:type\" content=\"image\/jpeg\" \/>\n<meta name=\"twitter:card\" content=\"summary_large_image\" \/>\n<meta name=\"twitter:label1\" content=\"Ansl. lesetid\" \/>\n\t<meta name=\"twitter:data1\" content=\"1 minutt\" \/>\n<script type=\"application\/ld+json\" class=\"yoast-schema-graph\">{\"@context\":\"https:\/\/schema.org\",\"@graph\":[{\"@type\":\"WebPage\",\"@id\":\"https:\/\/staging.forenteforlag.no\/pax\/produkt\/pa-ski-fordi\/\",\"url\":\"https:\/\/staging.forenteforlag.no\/pax\/produkt\/pa-ski-fordi\/\",\"name\":\"P\u00e5 ski fordi - Pax\",\"isPartOf\":{\"@id\":\"https:\/\/staging.forenteforlag.no\/pax\/#website\"},\"primaryImageOfPage\":{\"@id\":\"https:\/\/staging.forenteforlag.no\/pax\/produkt\/pa-ski-fordi\/#primaryimage\"},\"image\":{\"@id\":\"https:\/\/staging.forenteforlag.no\/pax\/produkt\/pa-ski-fordi\/#primaryimage\"},\"thumbnailUrl\":\"https:\/\/staging.forenteforlag.no\/pax\/wp-content\/uploads\/sites\/5\/2025\/08\/jpg-7712.jpg\",\"datePublished\":\"2018-10-16T00:00:00+00:00\",\"dateModified\":\"2026-01-05T04:18:19+00:00\",\"breadcrumb\":{\"@id\":\"https:\/\/staging.forenteforlag.no\/pax\/produkt\/pa-ski-fordi\/#breadcrumb\"},\"inLanguage\":\"nb-NO\",\"potentialAction\":[{\"@type\":\"ReadAction\",\"target\":[\"https:\/\/staging.forenteforlag.no\/pax\/produkt\/pa-ski-fordi\/\"]}]},{\"@type\":\"ImageObject\",\"inLanguage\":\"nb-NO\",\"@id\":\"https:\/\/staging.forenteforlag.no\/pax\/produkt\/pa-ski-fordi\/#primaryimage\",\"url\":\"https:\/\/staging.forenteforlag.no\/pax\/wp-content\/uploads\/sites\/5\/2025\/08\/jpg-7712.jpg\",\"contentUrl\":\"https:\/\/staging.forenteforlag.no\/pax\/wp-content\/uploads\/sites\/5\/2025\/08\/jpg-7712.jpg\",\"width\":647,\"height\":1024},{\"@type\":\"BreadcrumbList\",\"@id\":\"https:\/\/staging.forenteforlag.no\/pax\/produkt\/pa-ski-fordi\/#breadcrumb\",\"itemListElement\":[{\"@type\":\"ListItem\",\"position\":1,\"name\":\"Hjem\",\"item\":\"https:\/\/staging.forenteforlag.no\/pax\/\"},{\"@type\":\"ListItem\",\"position\":2,\"name\":\"Alle b\u00f8ker\",\"item\":\"https:\/\/staging.forenteforlag.no\/pax\/butikk\/\"},{\"@type\":\"ListItem\",\"position\":3,\"name\":\"P\u00e5 ski fordi\"}]},{\"@type\":\"WebSite\",\"@id\":\"https:\/\/staging.forenteforlag.no\/pax\/#website\",\"url\":\"https:\/\/staging.forenteforlag.no\/pax\/\",\"name\":\"Pax\",\"description\":\"\",\"potentialAction\":[{\"@type\":\"SearchAction\",\"target\":{\"@type\":\"EntryPoint\",\"urlTemplate\":\"https:\/\/staging.forenteforlag.no\/pax\/?s={search_term_string}\"},\"query-input\":{\"@type\":\"PropertyValueSpecification\",\"valueRequired\":true,\"valueName\":\"search_term_string\"}}],\"inLanguage\":\"nb-NO\"}]}<\/script>\n<!-- \/ Yoast SEO plugin. -->","yoast_head_json":{"title":"P\u00e5 ski fordi - Pax","robots":{"index":"noindex","follow":"follow","max-snippet":"max-snippet:-1","max-image-preview":"max-image-preview:large","max-video-preview":"max-video-preview:-1"},"og_locale":"nb_NO","og_type":"article","og_title":"P\u00e5 ski fordi - Pax","og_description":"Ski under f\u00f8ttene gir en grenseoverskridende frihet &#8211; frihet til \u00e5 flyte gjennom vinterlandskap, til \u00e5 slite seg opp og suse nedover bakkene, til \u00e5 g\u00e5 lenge og overskue mer. Kari J. Spjeldn\u00e6s har alltid g\u00e5tt p\u00e5 ski, p\u00e5 s\u00f8ndagsturer, i vinter- og p\u00e5skeferier gjennom oppvekst og voksenliv. Inntil hun for en del \u00e5r siden [&hellip;]","og_url":"https:\/\/staging.forenteforlag.no\/pax\/produkt\/pa-ski-fordi\/","og_site_name":"Pax","article_modified_time":"2026-01-05T04:18:19+00:00","og_image":[{"width":647,"height":1024,"url":"https:\/\/staging.forenteforlag.no\/pax\/wp-content\/uploads\/sites\/5\/2025\/08\/jpg-7712.jpg","type":"image\/jpeg"}],"twitter_card":"summary_large_image","twitter_misc":{"Ansl. lesetid":"1 minutt"},"schema":{"@context":"https:\/\/schema.org","@graph":[{"@type":"WebPage","@id":"https:\/\/staging.forenteforlag.no\/pax\/produkt\/pa-ski-fordi\/","url":"https:\/\/staging.forenteforlag.no\/pax\/produkt\/pa-ski-fordi\/","name":"P\u00e5 ski fordi - Pax","isPartOf":{"@id":"https:\/\/staging.forenteforlag.no\/pax\/#website"},"primaryImageOfPage":{"@id":"https:\/\/staging.forenteforlag.no\/pax\/produkt\/pa-ski-fordi\/#primaryimage"},"image":{"@id":"https:\/\/staging.forenteforlag.no\/pax\/produkt\/pa-ski-fordi\/#primaryimage"},"thumbnailUrl":"https:\/\/staging.forenteforlag.no\/pax\/wp-content\/uploads\/sites\/5\/2025\/08\/jpg-7712.jpg","datePublished":"2018-10-16T00:00:00+00:00","dateModified":"2026-01-05T04:18:19+00:00","breadcrumb":{"@id":"https:\/\/staging.forenteforlag.no\/pax\/produkt\/pa-ski-fordi\/#breadcrumb"},"inLanguage":"nb-NO","potentialAction":[{"@type":"ReadAction","target":["https:\/\/staging.forenteforlag.no\/pax\/produkt\/pa-ski-fordi\/"]}]},{"@type":"ImageObject","inLanguage":"nb-NO","@id":"https:\/\/staging.forenteforlag.no\/pax\/produkt\/pa-ski-fordi\/#primaryimage","url":"https:\/\/staging.forenteforlag.no\/pax\/wp-content\/uploads\/sites\/5\/2025\/08\/jpg-7712.jpg","contentUrl":"https:\/\/staging.forenteforlag.no\/pax\/wp-content\/uploads\/sites\/5\/2025\/08\/jpg-7712.jpg","width":647,"height":1024},{"@type":"BreadcrumbList","@id":"https:\/\/staging.forenteforlag.no\/pax\/produkt\/pa-ski-fordi\/#breadcrumb","itemListElement":[{"@type":"ListItem","position":1,"name":"Hjem","item":"https:\/\/staging.forenteforlag.no\/pax\/"},{"@type":"ListItem","position":2,"name":"Alle b\u00f8ker","item":"https:\/\/staging.forenteforlag.no\/pax\/butikk\/"},{"@type":"ListItem","position":3,"name":"P\u00e5 ski fordi"}]},{"@type":"WebSite","@id":"https:\/\/staging.forenteforlag.no\/pax\/#website","url":"https:\/\/staging.forenteforlag.no\/pax\/","name":"Pax","description":"","potentialAction":[{"@type":"SearchAction","target":{"@type":"EntryPoint","urlTemplate":"https:\/\/staging.forenteforlag.no\/pax\/?s={search_term_string}"},"query-input":{"@type":"PropertyValueSpecification","valueRequired":true,"valueName":"search_term_string"}}],"inLanguage":"nb-NO"}]}},"_links":{"self":[{"href":"https:\/\/staging.forenteforlag.no\/pax\/wp-json\/wp\/v2\/product\/22140","targetHints":{"allow":["GET"]}}],"collection":[{"href":"https:\/\/staging.forenteforlag.no\/pax\/wp-json\/wp\/v2\/product"}],"about":[{"href":"https:\/\/staging.forenteforlag.no\/pax\/wp-json\/wp\/v2\/types\/product"}],"wp:featuredmedia":[{"embeddable":true,"href":"https:\/\/staging.forenteforlag.no\/pax\/wp-json\/wp\/v2\/media\/28700"}],"wp:attachment":[{"href":"https:\/\/staging.forenteforlag.no\/pax\/wp-json\/wp\/v2\/media?parent=22140"}],"wp:term":[{"taxonomy":"product_brand","embeddable":true,"href":"https:\/\/staging.forenteforlag.no\/pax\/wp-json\/wp\/v2\/product_brand?post=22140"},{"taxonomy":"product_cat","embeddable":true,"href":"https:\/\/staging.forenteforlag.no\/pax\/wp-json\/wp\/v2\/product_cat?post=22140"},{"taxonomy":"product_tag","embeddable":true,"href":"https:\/\/staging.forenteforlag.no\/pax\/wp-json\/wp\/v2\/product_tag?post=22140"}],"curies":[{"name":"wp","href":"https:\/\/api.w.org\/{rel}","templated":true}]}}