{"id":22137,"date":"2016-09-08T02:00:00","date_gmt":"2016-09-08T00:00:00","guid":{"rendered":"https:\/\/pax.forenteforlag.no\/produkt\/skjonnhet-er-et-sar\/"},"modified":"2025-08-27T09:50:14","modified_gmt":"2025-08-27T07:50:14","slug":"skjonnhet-er-et-sar","status":"publish","type":"product","link":"https:\/\/staging.forenteforlag.no\/pax\/produkt\/skjonnhet-er-et-sar\/","title":{"rendered":"Skj\u00f8nnhet er et s\u00e5r"},"content":{"rendered":"<p>Gnistrende original indonesisk roman med internasjonal suksess<br \/>\n.<br \/>\nMed et usedvanlig lesedriv og stor originalitet har Eka Kurniawans episke roman Beauty Is A Wound blitt m\u00f8tt med stor internasjonal begeistring fra kritikere og lesere siden utgivelsen p\u00e5 engelsk i 2015.<br \/>\n.<br \/>\nI en sl\u00e5ende, flerstemmig blanding av historie, komedie, familietragedie, eventyr, romantikk og satire f\u00f8lger vi den vakre indonesiske prostituerte Ayu Dewi og hennes fire d\u00f8tre, i en fortelling som ligger tett opp mot det moderne Indonesias historie, fra tiden som nederlandsk koloni, via Japans invasjon under andre verdenskrig, den blodige kampen for frigj\u00f8ring, massedrapene p\u00e5 kommunister i 1965 og de f\u00f8lgende \u00e5rtiene under Suhartos diktatur. Ayu Dewi og familien blir utsatt for alt fra mord, brutalitet, voldtekt, galskap og hevnt\u00f8rste gjenferd til kj\u00e6rlighet og forelskelse under vanskelige k\u00e5r, men lar seg p\u00e5 ingen m\u00e5te stoppe av dette. Kurniawans eksplosivt medrivende, lekende og t\u00f8ylesl\u00f8se roman er en leseopplevelse helt utenom det vanlige, full av uhyrlige detaljer, saftige anekdoter og vilter humor, og viser til fulle hvorfor Kurniawan regnes som en av de mest markante nye stemmene i den internasjonale samtidslitteraturen.  <\/p>\n","protected":false},"excerpt":{"rendered":"<p>Gnistrende original indonesisk roman med internasjonal suksess . Med et usedvanlig lesedriv og stor originalitet har Eka Kurniawans episke roman Beauty Is A Wound blitt m\u00f8tt med stor internasjonal begeistring fra kritikere og lesere siden utgivelsen p\u00e5 engelsk i 2015. . I en sl\u00e5ende, flerstemmig blanding av historie, komedie, familietragedie, eventyr, romantikk og satire f\u00f8lger [&hellip;]<\/p>\n","protected":false},"featured_media":28559,"template":"","meta":{"_acf_changed":false,"inline_featured_image":false},"product_brand":[],"product_cat":[40],"product_tag":[568,836,1095,922,1190,370],"class_list":{"0":"post-22137","1":"product","2":"type-product","3":"status-publish","4":"has-post-thumbnail","6":"product_cat-romaner","7":"product_tag-bonusfamilie","8":"product_tag-diktatur","9":"product_tag-grafiske-romaner","10":"product_tag-indonesia","11":"product_tag-prostitusjon","12":"product_tag-skjonnlitteratur","13":"pa_format-innbundet","15":"first","16":"outofstock","17":"shipping-taxable","18":"purchasable","19":"product-type-simple"},"acf":{"anmeldelse":null},"yoast_head":"<!-- This site is optimized with the Yoast SEO plugin v26.6 - https:\/\/yoast.com\/wordpress\/plugins\/seo\/ -->\n<title>Skj\u00f8nnhet er et s\u00e5r - Pax<\/title>\n<meta name=\"robots\" content=\"noindex, follow, max-snippet:-1, max-image-preview:large, max-video-preview:-1\" \/>\n<meta property=\"og:locale\" content=\"nb_NO\" \/>\n<meta property=\"og:type\" content=\"article\" \/>\n<meta property=\"og:title\" content=\"Skj\u00f8nnhet er et s\u00e5r - Pax\" \/>\n<meta property=\"og:description\" content=\"Gnistrende original indonesisk roman med internasjonal suksess . Med et usedvanlig lesedriv og stor originalitet har Eka Kurniawans episke roman Beauty Is A Wound blitt m\u00f8tt med stor internasjonal begeistring fra kritikere og lesere siden utgivelsen p\u00e5 engelsk i 2015. . I en sl\u00e5ende, flerstemmig blanding av historie, komedie, familietragedie, eventyr, romantikk og satire f\u00f8lger [&hellip;]\" \/>\n<meta property=\"og:url\" content=\"https:\/\/staging.forenteforlag.no\/pax\/produkt\/skjonnhet-er-et-sar\/\" \/>\n<meta property=\"og:site_name\" content=\"Pax\" \/>\n<meta property=\"article:modified_time\" content=\"2025-08-27T07:50:14+00:00\" \/>\n<meta property=\"og:image\" content=\"https:\/\/staging.forenteforlag.no\/pax\/wp-content\/uploads\/sites\/5\/2025\/08\/jpg-7309-scaled.jpg\" \/>\n\t<meta property=\"og:image:width\" content=\"1221\" \/>\n\t<meta property=\"og:image:height\" content=\"1920\" \/>\n\t<meta property=\"og:image:type\" content=\"image\/jpeg\" \/>\n<meta name=\"twitter:card\" content=\"summary_large_image\" \/>\n<meta name=\"twitter:label1\" content=\"Ansl. lesetid\" \/>\n\t<meta name=\"twitter:data1\" content=\"1 minutt\" \/>\n<script type=\"application\/ld+json\" class=\"yoast-schema-graph\">{\"@context\":\"https:\/\/schema.org\",\"@graph\":[{\"@type\":\"WebPage\",\"@id\":\"https:\/\/staging.forenteforlag.no\/pax\/produkt\/skjonnhet-er-et-sar\/\",\"url\":\"https:\/\/staging.forenteforlag.no\/pax\/produkt\/skjonnhet-er-et-sar\/\",\"name\":\"Skj\u00f8nnhet er et s\u00e5r - Pax\",\"isPartOf\":{\"@id\":\"https:\/\/staging.forenteforlag.no\/pax\/#website\"},\"primaryImageOfPage\":{\"@id\":\"https:\/\/staging.forenteforlag.no\/pax\/produkt\/skjonnhet-er-et-sar\/#primaryimage\"},\"image\":{\"@id\":\"https:\/\/staging.forenteforlag.no\/pax\/produkt\/skjonnhet-er-et-sar\/#primaryimage\"},\"thumbnailUrl\":\"https:\/\/staging.forenteforlag.no\/pax\/wp-content\/uploads\/sites\/5\/2025\/08\/jpg-7309-scaled.jpg\",\"datePublished\":\"2016-09-08T00:00:00+00:00\",\"dateModified\":\"2025-08-27T07:50:14+00:00\",\"breadcrumb\":{\"@id\":\"https:\/\/staging.forenteforlag.no\/pax\/produkt\/skjonnhet-er-et-sar\/#breadcrumb\"},\"inLanguage\":\"nb-NO\",\"potentialAction\":[{\"@type\":\"ReadAction\",\"target\":[\"https:\/\/staging.forenteforlag.no\/pax\/produkt\/skjonnhet-er-et-sar\/\"]}]},{\"@type\":\"ImageObject\",\"inLanguage\":\"nb-NO\",\"@id\":\"https:\/\/staging.forenteforlag.no\/pax\/produkt\/skjonnhet-er-et-sar\/#primaryimage\",\"url\":\"https:\/\/staging.forenteforlag.no\/pax\/wp-content\/uploads\/sites\/5\/2025\/08\/jpg-7309-scaled.jpg\",\"contentUrl\":\"https:\/\/staging.forenteforlag.no\/pax\/wp-content\/uploads\/sites\/5\/2025\/08\/jpg-7309-scaled.jpg\",\"width\":1221,\"height\":1920},{\"@type\":\"BreadcrumbList\",\"@id\":\"https:\/\/staging.forenteforlag.no\/pax\/produkt\/skjonnhet-er-et-sar\/#breadcrumb\",\"itemListElement\":[{\"@type\":\"ListItem\",\"position\":1,\"name\":\"Hjem\",\"item\":\"https:\/\/staging.forenteforlag.no\/pax\/\"},{\"@type\":\"ListItem\",\"position\":2,\"name\":\"Alle b\u00f8ker\",\"item\":\"https:\/\/staging.forenteforlag.no\/pax\/butikk\/\"},{\"@type\":\"ListItem\",\"position\":3,\"name\":\"Skj\u00f8nnhet er et s\u00e5r\"}]},{\"@type\":\"WebSite\",\"@id\":\"https:\/\/staging.forenteforlag.no\/pax\/#website\",\"url\":\"https:\/\/staging.forenteforlag.no\/pax\/\",\"name\":\"Pax\",\"description\":\"\",\"potentialAction\":[{\"@type\":\"SearchAction\",\"target\":{\"@type\":\"EntryPoint\",\"urlTemplate\":\"https:\/\/staging.forenteforlag.no\/pax\/?s={search_term_string}\"},\"query-input\":{\"@type\":\"PropertyValueSpecification\",\"valueRequired\":true,\"valueName\":\"search_term_string\"}}],\"inLanguage\":\"nb-NO\"}]}<\/script>\n<!-- \/ Yoast SEO plugin. -->","yoast_head_json":{"title":"Skj\u00f8nnhet er et s\u00e5r - Pax","robots":{"index":"noindex","follow":"follow","max-snippet":"max-snippet:-1","max-image-preview":"max-image-preview:large","max-video-preview":"max-video-preview:-1"},"og_locale":"nb_NO","og_type":"article","og_title":"Skj\u00f8nnhet er et s\u00e5r - Pax","og_description":"Gnistrende original indonesisk roman med internasjonal suksess . Med et usedvanlig lesedriv og stor originalitet har Eka Kurniawans episke roman Beauty Is A Wound blitt m\u00f8tt med stor internasjonal begeistring fra kritikere og lesere siden utgivelsen p\u00e5 engelsk i 2015. . I en sl\u00e5ende, flerstemmig blanding av historie, komedie, familietragedie, eventyr, romantikk og satire f\u00f8lger [&hellip;]","og_url":"https:\/\/staging.forenteforlag.no\/pax\/produkt\/skjonnhet-er-et-sar\/","og_site_name":"Pax","article_modified_time":"2025-08-27T07:50:14+00:00","og_image":[{"width":1221,"height":1920,"url":"https:\/\/staging.forenteforlag.no\/pax\/wp-content\/uploads\/sites\/5\/2025\/08\/jpg-7309-scaled.jpg","type":"image\/jpeg"}],"twitter_card":"summary_large_image","twitter_misc":{"Ansl. lesetid":"1 minutt"},"schema":{"@context":"https:\/\/schema.org","@graph":[{"@type":"WebPage","@id":"https:\/\/staging.forenteforlag.no\/pax\/produkt\/skjonnhet-er-et-sar\/","url":"https:\/\/staging.forenteforlag.no\/pax\/produkt\/skjonnhet-er-et-sar\/","name":"Skj\u00f8nnhet er et s\u00e5r - Pax","isPartOf":{"@id":"https:\/\/staging.forenteforlag.no\/pax\/#website"},"primaryImageOfPage":{"@id":"https:\/\/staging.forenteforlag.no\/pax\/produkt\/skjonnhet-er-et-sar\/#primaryimage"},"image":{"@id":"https:\/\/staging.forenteforlag.no\/pax\/produkt\/skjonnhet-er-et-sar\/#primaryimage"},"thumbnailUrl":"https:\/\/staging.forenteforlag.no\/pax\/wp-content\/uploads\/sites\/5\/2025\/08\/jpg-7309-scaled.jpg","datePublished":"2016-09-08T00:00:00+00:00","dateModified":"2025-08-27T07:50:14+00:00","breadcrumb":{"@id":"https:\/\/staging.forenteforlag.no\/pax\/produkt\/skjonnhet-er-et-sar\/#breadcrumb"},"inLanguage":"nb-NO","potentialAction":[{"@type":"ReadAction","target":["https:\/\/staging.forenteforlag.no\/pax\/produkt\/skjonnhet-er-et-sar\/"]}]},{"@type":"ImageObject","inLanguage":"nb-NO","@id":"https:\/\/staging.forenteforlag.no\/pax\/produkt\/skjonnhet-er-et-sar\/#primaryimage","url":"https:\/\/staging.forenteforlag.no\/pax\/wp-content\/uploads\/sites\/5\/2025\/08\/jpg-7309-scaled.jpg","contentUrl":"https:\/\/staging.forenteforlag.no\/pax\/wp-content\/uploads\/sites\/5\/2025\/08\/jpg-7309-scaled.jpg","width":1221,"height":1920},{"@type":"BreadcrumbList","@id":"https:\/\/staging.forenteforlag.no\/pax\/produkt\/skjonnhet-er-et-sar\/#breadcrumb","itemListElement":[{"@type":"ListItem","position":1,"name":"Hjem","item":"https:\/\/staging.forenteforlag.no\/pax\/"},{"@type":"ListItem","position":2,"name":"Alle b\u00f8ker","item":"https:\/\/staging.forenteforlag.no\/pax\/butikk\/"},{"@type":"ListItem","position":3,"name":"Skj\u00f8nnhet er et s\u00e5r"}]},{"@type":"WebSite","@id":"https:\/\/staging.forenteforlag.no\/pax\/#website","url":"https:\/\/staging.forenteforlag.no\/pax\/","name":"Pax","description":"","potentialAction":[{"@type":"SearchAction","target":{"@type":"EntryPoint","urlTemplate":"https:\/\/staging.forenteforlag.no\/pax\/?s={search_term_string}"},"query-input":{"@type":"PropertyValueSpecification","valueRequired":true,"valueName":"search_term_string"}}],"inLanguage":"nb-NO"}]}},"_links":{"self":[{"href":"https:\/\/staging.forenteforlag.no\/pax\/wp-json\/wp\/v2\/product\/22137","targetHints":{"allow":["GET"]}}],"collection":[{"href":"https:\/\/staging.forenteforlag.no\/pax\/wp-json\/wp\/v2\/product"}],"about":[{"href":"https:\/\/staging.forenteforlag.no\/pax\/wp-json\/wp\/v2\/types\/product"}],"wp:featuredmedia":[{"embeddable":true,"href":"https:\/\/staging.forenteforlag.no\/pax\/wp-json\/wp\/v2\/media\/28559"}],"wp:attachment":[{"href":"https:\/\/staging.forenteforlag.no\/pax\/wp-json\/wp\/v2\/media?parent=22137"}],"wp:term":[{"taxonomy":"product_brand","embeddable":true,"href":"https:\/\/staging.forenteforlag.no\/pax\/wp-json\/wp\/v2\/product_brand?post=22137"},{"taxonomy":"product_cat","embeddable":true,"href":"https:\/\/staging.forenteforlag.no\/pax\/wp-json\/wp\/v2\/product_cat?post=22137"},{"taxonomy":"product_tag","embeddable":true,"href":"https:\/\/staging.forenteforlag.no\/pax\/wp-json\/wp\/v2\/product_tag?post=22137"}],"curies":[{"name":"wp","href":"https:\/\/api.w.org\/{rel}","templated":true}]}}